{"id":10187,"date":"2019-09-26T12:39:28","date_gmt":"2019-09-26T12:39:28","guid":{"rendered":"https:\/\/www.insisoc.uva.es\/?page_id=10187"},"modified":"2019-11-06T08:55:56","modified_gmt":"2019-11-06T08:55:56","slug":"politica-de-privacidad","status":"publish","type":"page","link":"https:\/\/www.insisoc.uva.es\/index.php\/politica-de-privacidad\/","title":{"rendered":"Pol\u00edtica de Privacidad"},"content":{"rendered":"<p>[et_pb_section bb_built=\u00bb1&#8243; fullwidth=\u00bbon\u00bb _builder_version=\u00bb3.22&#8243; _i=\u00bb0&#8243; _address=\u00bb0&#8243; next_background_color=\u00bb#000000&#8243;][et_pb_fullwidth_header admin_label=\u00bbT\u00edtulo Pol\u00edtica de Privacidad\u00bb title=\u00bbPol\u00edtica de Privacidad\u00bb _builder_version=\u00bb3.27.4&#8243; subhead_font_size=\u00bb19px\u00bb z_index_tablet=\u00bb500&#8243; title_text_shadow_horizontal_length_tablet=\u00bb0px\u00bb title_text_shadow_vertical_length_tablet=\u00bb0px\u00bb title_text_shadow_blur_strength_tablet=\u00bb1px\u00bb content_text_shadow_horizontal_length_tablet=\u00bb0px\u00bb content_text_shadow_vertical_length_tablet=\u00bb0px\u00bb content_text_shadow_blur_strength_tablet=\u00bb1px\u00bb subhead_text_shadow_horizontal_length_tablet=\u00bb0px\u00bb subhead_text_shadow_vertical_length_tablet=\u00bb0px\u00bb subhead_text_shadow_blur_strength_tablet=\u00bb1px\u00bb content_link_text_shadow_horizontal_length_tablet=\u00bb0px\u00bb content_link_text_shadow_vertical_length_tablet=\u00bb0px\u00bb content_link_text_shadow_blur_strength_tablet=\u00bb1px\u00bb content_ul_text_shadow_horizontal_length_tablet=\u00bb0px\u00bb content_ul_text_shadow_vertical_length_tablet=\u00bb0px\u00bb content_ul_text_shadow_blur_strength_tablet=\u00bb1px\u00bb content_ol_text_shadow_horizontal_length_tablet=\u00bb0px\u00bb content_ol_text_shadow_vertical_length_tablet=\u00bb0px\u00bb content_ol_text_shadow_blur_strength_tablet=\u00bb1px\u00bb content_quote_text_shadow_horizontal_length_tablet=\u00bb0px\u00bb content_quote_text_shadow_vertical_length_tablet=\u00bb0px\u00bb content_quote_text_shadow_blur_strength_tablet=\u00bb1px\u00bb button_one_text_shadow_horizontal_length_tablet=\u00bb0px\u00bb button_one_text_shadow_vertical_length_tablet=\u00bb0px\u00bb button_one_text_shadow_blur_strength_tablet=\u00bb1px\u00bb button_two_text_shadow_horizontal_length_tablet=\u00bb0px\u00bb button_two_text_shadow_vertical_length_tablet=\u00bb0px\u00bb button_two_text_shadow_blur_strength_tablet=\u00bb1px\u00bb box_shadow_horizontal_tablet=\u00bb0px\u00bb box_shadow_vertical_tablet=\u00bb0px\u00bb box_shadow_blur_tablet=\u00bb40px\u00bb box_shadow_spread_tablet=\u00bb0px\u00bb box_shadow_horizontal_image_tablet=\u00bb0px\u00bb box_shadow_vertical_image_tablet=\u00bb0px\u00bb box_shadow_blur_image_tablet=\u00bb40px\u00bb box_shadow_spread_image_tablet=\u00bb0px\u00bb box_shadow_horizontal_button_one_tablet=\u00bb0px\u00bb box_shadow_vertical_button_one_tablet=\u00bb0px\u00bb box_shadow_blur_button_one_tablet=\u00bb40px\u00bb box_shadow_spread_button_one_tablet=\u00bb0px\u00bb box_shadow_horizontal_button_two_tablet=\u00bb0px\u00bb box_shadow_vertical_button_two_tablet=\u00bb0px\u00bb box_shadow_blur_button_two_tablet=\u00bb40px\u00bb box_shadow_spread_button_two_tablet=\u00bb0px\u00bb text_shadow_horizontal_length_tablet=\u00bb0px\u00bb text_shadow_vertical_length_tablet=\u00bb0px\u00bb text_shadow_blur_strength_tablet=\u00bb1px\u00bb button_one_text_size__hover_enabled=\u00bboff\u00bb button_one_text_size__hover=\u00bbnull\u00bb button_two_text_size__hover_enabled=\u00bboff\u00bb button_two_text_size__hover=\u00bbnull\u00bb button_one_text_color__hover_enabled=\u00bboff\u00bb button_one_text_color__hover=\u00bbnull\u00bb button_two_text_color__hover_enabled=\u00bboff\u00bb button_two_text_color__hover=\u00bbnull\u00bb button_one_border_width__hover_enabled=\u00bboff\u00bb button_one_border_width__hover=\u00bbnull\u00bb button_two_border_width__hover_enabled=\u00bboff\u00bb button_two_border_width__hover=\u00bbnull\u00bb button_one_border_color__hover_enabled=\u00bboff\u00bb button_one_border_color__hover=\u00bbnull\u00bb button_two_border_color__hover_enabled=\u00bboff\u00bb button_two_border_color__hover=\u00bbnull\u00bb button_one_border_radius__hover_enabled=\u00bboff\u00bb button_one_border_radius__hover=\u00bbnull\u00bb button_two_border_radius__hover_enabled=\u00bboff\u00bb button_two_border_radius__hover=\u00bbnull\u00bb button_one_letter_spacing__hover_enabled=\u00bboff\u00bb button_one_letter_spacing__hover=\u00bbnull\u00bb button_two_letter_spacing__hover_enabled=\u00bboff\u00bb button_two_letter_spacing__hover=\u00bbnull\u00bb button_one_bg_color__hover_enabled=\u00bboff\u00bb button_one_bg_color__hover=\u00bbnull\u00bb button_two_bg_color__hover_enabled=\u00bboff\u00bb button_two_bg_color__hover=\u00bbnull\u00bb _i=\u00bb0&#8243; _address=\u00bb0.0&#8243;]<\/p>\n<p>[\/et_pb_fullwidth_header][\/et_pb_section][et_pb_section bb_built=\u00bb1&#8243; _builder_version=\u00bb3.22&#8243; _i=\u00bb1&#8243; _address=\u00bb1&#8243; prev_background_color=\u00bb#000000&#8243;][et_pb_row _builder_version=\u00bb3.25&#8243; background_size=\u00bbinitial\u00bb background_position=\u00bbtop_left\u00bb background_repeat=\u00bbrepeat\u00bb _i=\u00bb0&#8243; _address=\u00bb1.0&#8243;][et_pb_column type=\u00bb4_4&#8243; _builder_version=\u00bb3.0.47&#8243; custom_padding=\u00bb|||\u00bb custom_padding__hover=\u00bb|||\u00bb _i=\u00bb0&#8243; _address=\u00bb1.0.0&#8243;][et_pb_text _builder_version=\u00bb4.0.1&#8243; z_index_tablet=\u00bb500&#8243; text_text_shadow_horizontal_length_tablet=\u00bb0px\u00bb text_text_shadow_vertical_length_tablet=\u00bb0px\u00bb text_text_shadow_blur_strength_tablet=\u00bb1px\u00bb link_text_shadow_horizontal_length_tablet=\u00bb0px\u00bb link_text_shadow_vertical_length_tablet=\u00bb0px\u00bb link_text_shadow_blur_strength_tablet=\u00bb1px\u00bb ul_text_shadow_horizontal_length_tablet=\u00bb0px\u00bb ul_text_shadow_vertical_length_tablet=\u00bb0px\u00bb ul_text_shadow_blur_strength_tablet=\u00bb1px\u00bb ol_text_shadow_horizontal_length_tablet=\u00bb0px\u00bb ol_text_shadow_vertical_length_tablet=\u00bb0px\u00bb ol_text_shadow_blur_strength_tablet=\u00bb1px\u00bb quote_text_shadow_horizontal_length_tablet=\u00bb0px\u00bb quote_text_shadow_vertical_length_tablet=\u00bb0px\u00bb quote_text_shadow_blur_strength_tablet=\u00bb1px\u00bb header_text_shadow_horizontal_length_tablet=\u00bb0px\u00bb header_text_shadow_vertical_length_tablet=\u00bb0px\u00bb header_text_shadow_blur_strength_tablet=\u00bb1px\u00bb header_2_text_shadow_horizontal_length_tablet=\u00bb0px\u00bb header_2_text_shadow_vertical_length_tablet=\u00bb0px\u00bb header_2_text_shadow_blur_strength_tablet=\u00bb1px\u00bb header_3_text_shadow_horizontal_length_tablet=\u00bb0px\u00bb header_3_text_shadow_vertical_length_tablet=\u00bb0px\u00bb header_3_text_shadow_blur_strength_tablet=\u00bb1px\u00bb header_4_text_shadow_horizontal_length_tablet=\u00bb0px\u00bb header_4_text_shadow_vertical_length_tablet=\u00bb0px\u00bb header_4_text_shadow_blur_strength_tablet=\u00bb1px\u00bb header_5_text_shadow_horizontal_length_tablet=\u00bb0px\u00bb header_5_text_shadow_vertical_length_tablet=\u00bb0px\u00bb header_5_text_shadow_blur_strength_tablet=\u00bb1px\u00bb header_6_text_shadow_horizontal_length_tablet=\u00bb0px\u00bb header_6_text_shadow_vertical_length_tablet=\u00bb0px\u00bb header_6_text_shadow_blur_strength_tablet=\u00bb1px\u00bb box_shadow_horizontal_tablet=\u00bb0px\u00bb box_shadow_vertical_tablet=\u00bb0px\u00bb box_shadow_blur_tablet=\u00bb40px\u00bb box_shadow_spread_tablet=\u00bb0px\u00bb _i=\u00bb0&#8243; _address=\u00bb1.0.0.0&#8243; text_text_shadow_horizontal_length=\u00bbtext_text_shadow_style,%91object Object%93&#8243; text_text_shadow_vertical_length=\u00bbtext_text_shadow_style,%91object Object%93&#8243; text_text_shadow_blur_strength=\u00bbtext_text_shadow_style,%91object Object%93&#8243; link_text_shadow_horizontal_length=\u00bblink_text_shadow_style,%91object Object%93&#8243; link_text_shadow_vertical_length=\u00bblink_text_shadow_style,%91object Object%93&#8243; link_text_shadow_blur_strength=\u00bblink_text_shadow_style,%91object Object%93&#8243; ul_text_shadow_horizontal_length=\u00bbul_text_shadow_style,%91object Object%93&#8243; ul_text_shadow_vertical_length=\u00bbul_text_shadow_style,%91object Object%93&#8243; ul_text_shadow_blur_strength=\u00bbul_text_shadow_style,%91object Object%93&#8243; ol_text_shadow_horizontal_length=\u00bbol_text_shadow_style,%91object Object%93&#8243; ol_text_shadow_vertical_length=\u00bbol_text_shadow_style,%91object Object%93&#8243; ol_text_shadow_blur_strength=\u00bbol_text_shadow_style,%91object Object%93&#8243; quote_text_shadow_horizontal_length=\u00bbquote_text_shadow_style,%91object Object%93&#8243; quote_text_shadow_vertical_length=\u00bbquote_text_shadow_style,%91object Object%93&#8243; quote_text_shadow_blur_strength=\u00bbquote_text_shadow_style,%91object Object%93&#8243; header_text_shadow_horizontal_length=\u00bbheader_text_shadow_style,%91object Object%93&#8243; header_text_shadow_vertical_length=\u00bbheader_text_shadow_style,%91object Object%93&#8243; header_text_shadow_blur_strength=\u00bbheader_text_shadow_style,%91object Object%93&#8243; header_2_text_shadow_horizontal_length=\u00bbheader_2_text_shadow_style,%91object Object%93&#8243; header_2_text_shadow_vertical_length=\u00bbheader_2_text_shadow_style,%91object Object%93&#8243; header_2_text_shadow_blur_strength=\u00bbheader_2_text_shadow_style,%91object Object%93&#8243; header_3_text_shadow_horizontal_length=\u00bbheader_3_text_shadow_style,%91object Object%93&#8243; header_3_text_shadow_vertical_length=\u00bbheader_3_text_shadow_style,%91object Object%93&#8243; header_3_text_shadow_blur_strength=\u00bbheader_3_text_shadow_style,%91object Object%93&#8243; header_4_text_shadow_horizontal_length=\u00bbheader_4_text_shadow_style,%91object Object%93&#8243; header_4_text_shadow_vertical_length=\u00bbheader_4_text_shadow_style,%91object Object%93&#8243; header_4_text_shadow_blur_strength=\u00bbheader_4_text_shadow_style,%91object Object%93&#8243; header_5_text_shadow_horizontal_length=\u00bbheader_5_text_shadow_style,%91object Object%93&#8243; header_5_text_shadow_vertical_length=\u00bbheader_5_text_shadow_style,%91object Object%93&#8243; header_5_text_shadow_blur_strength=\u00bbheader_5_text_shadow_style,%91object Object%93&#8243; header_6_text_shadow_horizontal_length=\u00bbheader_6_text_shadow_style,%91object Object%93&#8243; header_6_text_shadow_vertical_length=\u00bbheader_6_text_shadow_style,%91object Object%93&#8243; header_6_text_shadow_blur_strength=\u00bbheader_6_text_shadow_style,%91object Object%93&#8243;]<\/p>\n<p style=\"text-align: justify;\">INSISOC, Grupo de Investigaci\u00f3n Reconocido de la Universidad de Valladolid, es el Responsable del tratamiento de los datos personales del usuario y le informa que estos datos sera\u0301n tratados de conformidad con lo dispuesto en el Reglamento (UE) 2016\/679 de 27 de abril de 2016 (GDPR), por lo que se le facilita la siguiente informacio\u0301n del tratamiento.<\/p>\n<p>\u00a0<\/p>\n<h5 style=\"text-align: justify;\"><strong>1. Responsable del tratamiento<\/strong><\/h5>\n<p style=\"text-align: justify;\">INSISOC &#8211; Ingenier\u00eda de los Sistemas Sociales &#8211; Grupo de Investigaci\u00f3n Reconocido de la Universidad de Valladolid<br \/>Direcci\u00f3n: Edificio UVainnova (I+D) &#8211; Campus Miguel Delibes &#8211; Paseo de Bel\u00e9n, 11 &#8211; 47011 Valladolid<br \/>Tel\u00e9fono: 983 18 47 03<br \/><span style=\"font-size: 14px;\">Correo electr\u00f3nico: innovacion@<\/span><span style=\"font-size: 14px;\">insisoc.uva.es<br \/>Contacto Delegado de Protecci\u00f3n de Datos de la UVa:\u00a0<\/span>delegado.proteccion.datos@uva.es<\/p>\n<p>\u00a0<\/p>\n<h5 style=\"text-align: justify;\"><strong>2. Finalidades para las que se recaba informaci\u00f3n personal<\/strong><\/h5>\n<p style=\"text-align: justify;\">Los datos facilitados ser\u00e1n utilizados con el fin de mantener las comunicaciones seg\u00fan la informaci\u00f3n solicitada. As\u00ed mismo le informamos de que sus datos podr\u00edan ser recabados en un fichero para el posible env\u00edo publicitario posterior de nuestros productos y servicios, pudiendo ejercer su derecho inmediato de cancelaci\u00f3n de env\u00edos.<\/p>\n<p>\u00a0<\/p>\n<h5 style=\"text-align: justify;\"><strong>3. Base legal del tratamiento<\/strong><\/h5>\n<p style=\"text-align: justify;\">INSISOC es un Grupo de Investigaci\u00f3n Reconocido de la Universidad de Valladolid, dedicado a la Ingenier\u00eda de los Sistemas Sociales. Realizamos proyectos con empresas a trav\u00e9s del art\u00edculo 83 de la Ley Org\u00e1nica de Universidades, para prestar servicio relativo a tres campos de actuaci\u00f3n, que son la Transformaci\u00f3n Digital, la Direcci\u00f3n de Proyectos y la Organizaci\u00f3n Industrial. Tambi\u00e9n trabajamos desde 2004 en proyectos de investigaci\u00f3n financiados p\u00fablicamente por concurrencia competitiva, adem\u00e1s de colaborar en actividades formativas y dar difusi\u00f3n de nuestros avances en investigaci\u00f3n y de proyectos en congresos nacionales e internacionales.<\/p>\n<p style=\"text-align: justify;\">Toda esta actividad es la base de las comunicaciones que nos puedan dirigir, y por las que podr\u00edamos recopilar los datos de los interesados, para seguir ofreciendo servicios de inter\u00e9s social y de desarrollo tecnol\u00f3gico.<\/p>\n<p style=\"text-align: justify;\">Los interesados disponen de una casilla de aceptaci\u00f3n de esta Pol\u00edtica de Privacidad antes de poder ponerse en contacto con nosotros a trav\u00e9s de nuestros formularios web, con lo que, al igual que quienes nos contacten directamente mediante correo electr\u00f3nico, otorgan su consentimiento frente al tratamiento de datos indicado.<\/p>\n<p style=\"text-align: justify;\">Insisoc se reserva el derecho a modificar o adaptar la presente Pol\u00edtica de Privacidad en todo momento, por lo que recomendamos que el interesado la consulte cada vez que acceda a la p\u00e1gina web.<\/p>\n<p>\u00a0<\/p>\n<h5 style=\"text-align: justify;\"><strong>4. Datos recopilados<\/strong><\/h5>\n<p style=\"text-align: justify;\">Datos de identificaci\u00f3n y contacto: Nombre, correo electr\u00f3nico, tel\u00e9fono (opcional).<br \/>Otros datos otorgados por el interesado como Nombre de la empresa.<\/p>\n<p>\u00a0<\/p>\n<h5 style=\"text-align: justify;\"><strong>5. Cesi\u00f3n de datos<\/strong><\/h5>\n<p style=\"text-align: justify;\">Los datos no ser\u00e1n cedidos a terceros, salvo obligaci\u00f3n legal. No se prev\u00e9n cesiones de datos internacionales.<\/p>\n<p>\u00a0<\/p>\n<h5 style=\"text-align: justify;\"><strong>6. Periodo de conservaci\u00f3n de los datos<\/strong><\/h5>\n<p style=\"text-align: justify;\">Los datos personales proporcionados se conservar\u00e1n por el tiempo indispensable para responder a la solicitud del interesado, o en caso de que queden almacenados en un archivo para el posible env\u00edo publicitario posterior de nuestros productos y servicios, se conservar\u00e1n hasta que el interesado exprese su deseo de oposici\u00f3n o cancelaci\u00f3n de los mismos.<\/p>\n<p>\u00a0<\/p>\n<h5 style=\"text-align: justify;\"><strong>7. Medidas de seguridad<br \/><\/strong><\/h5>\n<p style=\"text-align: justify;\"><span style=\"font-size: 14px; text-align: justify;\">Se aplicar\u00e1n las medidas de seguridad de \u00edndole organizativa, operacional y de protecci\u00f3n de datos, mediante contrase\u00f1as en los dispositivos y cerraduras de acceso a las oficinas. El edificio tambi\u00e9n dispone de c\u00e1mara de videovigilancia en el acceso al edificio.<\/span><\/p>\n<p>\u00a0<\/p>\n<h5 style=\"text-align: justify;\"><strong>8. Derechos de las personas interesadas<\/strong><\/h5>\n<p style=\"text-align: justify;\">Tiene derecho al acceso, rectificacio\u0301n, oposici\u00f3n y cancelaci\u00f3n de sus datos (Derechos ARCO), en caso de que estos sean recopilados, contactando con innovacion@insisoc.uva.es, tel\u00e9fono 983 18 47 03, Edificio UVainnova (I+D), Campus Miguel Delibes,\u00a0Paseo de Bel\u00e9n, 11,\u00a0 47011 Valladolid (Espa\u00f1a).<\/p>\n<p>\u00a0<\/p>\n<p style=\"text-align: justify;\"><em>\u00daltima modificaci\u00f3n: 11 de octubre de 2019<\/em><\/p>\n<p style=\"text-align: justify;\">\u00a0<\/p>\n<p>[\/et_pb_text][et_pb_text admin_label=\u00bbTexto sencillo muy resumido\u00bb disabled_on=\u00bbon|on|on\u00bb _builder_version=\u00bb3.29.3&#8243; z_index_tablet=\u00bb500&#8243; text_text_shadow_horizontal_length_tablet=\u00bb0px\u00bb text_text_shadow_vertical_length_tablet=\u00bb0px\u00bb text_text_shadow_blur_strength_tablet=\u00bb1px\u00bb link_text_shadow_horizontal_length_tablet=\u00bb0px\u00bb link_text_shadow_vertical_length_tablet=\u00bb0px\u00bb link_text_shadow_blur_strength_tablet=\u00bb1px\u00bb ul_text_shadow_horizontal_length_tablet=\u00bb0px\u00bb ul_text_shadow_vertical_length_tablet=\u00bb0px\u00bb ul_text_shadow_blur_strength_tablet=\u00bb1px\u00bb ol_text_shadow_horizontal_length_tablet=\u00bb0px\u00bb ol_text_shadow_vertical_length_tablet=\u00bb0px\u00bb ol_text_shadow_blur_strength_tablet=\u00bb1px\u00bb quote_text_shadow_horizontal_length_tablet=\u00bb0px\u00bb quote_text_shadow_vertical_length_tablet=\u00bb0px\u00bb quote_text_shadow_blur_strength_tablet=\u00bb1px\u00bb header_text_shadow_horizontal_length_tablet=\u00bb0px\u00bb header_text_shadow_vertical_length_tablet=\u00bb0px\u00bb header_text_shadow_blur_strength_tablet=\u00bb1px\u00bb header_2_text_shadow_horizontal_length_tablet=\u00bb0px\u00bb header_2_text_shadow_vertical_length_tablet=\u00bb0px\u00bb header_2_text_shadow_blur_strength_tablet=\u00bb1px\u00bb header_3_text_shadow_horizontal_length_tablet=\u00bb0px\u00bb header_3_text_shadow_vertical_length_tablet=\u00bb0px\u00bb header_3_text_shadow_blur_strength_tablet=\u00bb1px\u00bb header_4_text_shadow_horizontal_length_tablet=\u00bb0px\u00bb header_4_text_shadow_vertical_length_tablet=\u00bb0px\u00bb header_4_text_shadow_blur_strength_tablet=\u00bb1px\u00bb header_5_text_shadow_horizontal_length_tablet=\u00bb0px\u00bb header_5_text_shadow_vertical_length_tablet=\u00bb0px\u00bb header_5_text_shadow_blur_strength_tablet=\u00bb1px\u00bb header_6_text_shadow_horizontal_length_tablet=\u00bb0px\u00bb header_6_text_shadow_vertical_length_tablet=\u00bb0px\u00bb header_6_text_shadow_blur_strength_tablet=\u00bb1px\u00bb box_shadow_horizontal_tablet=\u00bb0px\u00bb box_shadow_vertical_tablet=\u00bb0px\u00bb box_shadow_blur_tablet=\u00bb40px\u00bb box_shadow_spread_tablet=\u00bb0px\u00bb disabled=\u00bbon\u00bb _i=\u00bb1&#8243; _address=\u00bb1.0.0.1&#8243;]<\/p>\n<p style=\"text-align: justify;\">INSISOC, Grupo de Investigaci\u00f3n Reconocido de la Universidad de Valladolid, es el Responsable del tratamiento de los datos personales del usuario y le informa que estos datos sera\u0301n tratados de conformidad con lo dispuesto en el Reglamento (UE) 2016\/679 de 27 de abril de 2016 (GDPR), por lo que se le facilita la siguiente informacio\u0301n del tratamiento.<\/p>\n<p style=\"text-align: justify;\">Los datos facilitados ser\u00e1n utilizados con el fin de mantener las comunicaciones seg\u00fan la informaci\u00f3n solicitada. As\u00ed mismo le informamos de que sus datos podr\u00edan ser recabados en un fichero para el posible env\u00edo publicitario posterior de nuestros productos y servicios, pudiendo ejercer su derecho inmediato de cancelaci\u00f3n de env\u00edos.<\/p>\n<p style=\"text-align: justify;\">Tiene derecho al acceso, rectificacio\u0301n, oposici\u00f3n y cancelaci\u00f3n de sus datos, en caso de que estos sean recopilados, contactando con innovacion@insisoc.uva.es, tel\u00e9fono 983 18 47 03, edificio UVainnova, Paseo de Bel\u00e9n, 11, Campus Miguel Delibes, 47011 Valladolid (Espa\u00f1a).<\/p>\n<p>[\/et_pb_text][\/et_pb_column][\/et_pb_row][\/et_pb_section]<\/p>\n","protected":false},"excerpt":{"rendered":"<p>INSISOC, Grupo de Investigaci\u00f3n Reconocido de la Universidad de Valladolid, es el Responsable del tratamiento de los datos personales del usuario y le informa que estos datos sera\u0301n tratados de conformidad con lo dispuesto en el Reglamento (UE) 2016\/679 de 27 de abril de 2016 (GDPR), por lo que se le facilita la siguiente informacio\u0301n [&hellip;]<\/p>\n","protected":false},"author":11,"featured_media":0,"parent":0,"menu_order":0,"comment_status":"closed","ping_status":"closed","template":"","meta":{"_et_pb_use_builder":"on","_et_pb_old_content":"","_et_gb_content_width":"","footnotes":""},"class_list":["post-10187","page","type-page","status-publish","hentry"],"_links":{"self":[{"href":"https:\/\/www.insisoc.uva.es\/index.php\/wp-json\/wp\/v2\/pages\/10187","targetHints":{"allow":["GET"]}}],"collection":[{"href":"https:\/\/www.insisoc.uva.es\/index.php\/wp-json\/wp\/v2\/pages"}],"about":[{"href":"https:\/\/www.insisoc.uva.es\/index.php\/wp-json\/wp\/v2\/types\/page"}],"author":[{"embeddable":true,"href":"https:\/\/www.insisoc.uva.es\/index.php\/wp-json\/wp\/v2\/users\/11"}],"replies":[{"embeddable":true,"href":"https:\/\/www.insisoc.uva.es\/index.php\/wp-json\/wp\/v2\/comments?post=10187"}],"version-history":[{"count":0,"href":"https:\/\/www.insisoc.uva.es\/index.php\/wp-json\/wp\/v2\/pages\/10187\/revisions"}],"wp:attachment":[{"href":"https:\/\/www.insisoc.uva.es\/index.php\/wp-json\/wp\/v2\/media?parent=10187"}],"curies":[{"name":"wp","href":"https:\/\/api.w.org\/{rel}","templated":true}]}}