{"id":10729,"date":"2019-12-19T16:48:11","date_gmt":"2019-12-19T16:48:11","guid":{"rendered":"https:\/\/www.insisoc.uva.es\/?page_id=10729"},"modified":"2020-02-20T10:00:36","modified_gmt":"2020-02-20T10:00:36","slug":"ins-galeria-multimedia-workshop-social-systems-engineering-winter2019","status":"publish","type":"page","link":"https:\/\/www.insisoc.uva.es\/index.php\/ins-galeria-multimedia-workshop-social-systems-engineering-winter2019\/","title":{"rendered":"Ins-Galer\u00eda multimedia Workshop Social Systems Engineering Winter2019"},"content":{"rendered":"<p>[et_pb_section bb_built=\u00bb1&#8243; _builder_version=\u00bb3.12&#8243; inner_width=\u00bb90%\u00bb inner_max_width=\u00bb1200px\u00bb][et_pb_row][et_pb_column type=\u00bb4_4&#8243; custom_padding__hover=\u00bb|||\u00bb custom_padding=\u00bb|||\u00bb][et_pb_text admin_label=\u00bbT\u00edtulo Workshop\u00bb _builder_version=\u00bb4.0.9&#8243; text_text_shadow_horizontal_length=\u00bbtext_text_shadow_style,%91object Object%93&#8243; text_text_shadow_horizontal_length_tablet=\u00bb0px\u00bb text_text_shadow_vertical_length=\u00bbtext_text_shadow_style,%91object Object%93&#8243; text_text_shadow_vertical_length_tablet=\u00bb0px\u00bb text_text_shadow_blur_strength=\u00bbtext_text_shadow_style,%91object Object%93&#8243; text_text_shadow_blur_strength_tablet=\u00bb1px\u00bb link_text_shadow_horizontal_length=\u00bblink_text_shadow_style,%91object Object%93&#8243; link_text_shadow_horizontal_length_tablet=\u00bb0px\u00bb link_text_shadow_vertical_length=\u00bblink_text_shadow_style,%91object Object%93&#8243; link_text_shadow_vertical_length_tablet=\u00bb0px\u00bb link_text_shadow_blur_strength=\u00bblink_text_shadow_style,%91object Object%93&#8243; link_text_shadow_blur_strength_tablet=\u00bb1px\u00bb ul_text_shadow_horizontal_length=\u00bbul_text_shadow_style,%91object Object%93&#8243; ul_text_shadow_horizontal_length_tablet=\u00bb0px\u00bb ul_text_shadow_vertical_length=\u00bbul_text_shadow_style,%91object Object%93&#8243; ul_text_shadow_vertical_length_tablet=\u00bb0px\u00bb ul_text_shadow_blur_strength=\u00bbul_text_shadow_style,%91object Object%93&#8243; ul_text_shadow_blur_strength_tablet=\u00bb1px\u00bb ol_text_shadow_horizontal_length=\u00bbol_text_shadow_style,%91object Object%93&#8243; ol_text_shadow_horizontal_length_tablet=\u00bb0px\u00bb ol_text_shadow_vertical_length=\u00bbol_text_shadow_style,%91object Object%93&#8243; ol_text_shadow_vertical_length_tablet=\u00bb0px\u00bb ol_text_shadow_blur_strength=\u00bbol_text_shadow_style,%91object Object%93&#8243; ol_text_shadow_blur_strength_tablet=\u00bb1px\u00bb quote_text_shadow_horizontal_length=\u00bbquote_text_shadow_style,%91object Object%93&#8243; quote_text_shadow_horizontal_length_tablet=\u00bb0px\u00bb quote_text_shadow_vertical_length=\u00bbquote_text_shadow_style,%91object Object%93&#8243; quote_text_shadow_vertical_length_tablet=\u00bb0px\u00bb quote_text_shadow_blur_strength=\u00bbquote_text_shadow_style,%91object Object%93&#8243; quote_text_shadow_blur_strength_tablet=\u00bb1px\u00bb header_text_shadow_horizontal_length=\u00bbheader_text_shadow_style,%91object Object%93&#8243; header_text_shadow_horizontal_length_tablet=\u00bb0px\u00bb header_text_shadow_vertical_length=\u00bbheader_text_shadow_style,%91object Object%93&#8243; header_text_shadow_vertical_length_tablet=\u00bb0px\u00bb header_text_shadow_blur_strength=\u00bbheader_text_shadow_style,%91object Object%93&#8243; header_text_shadow_blur_strength_tablet=\u00bb1px\u00bb header_2_text_shadow_horizontal_length=\u00bbheader_2_text_shadow_style,%91object Object%93&#8243; header_2_text_shadow_horizontal_length_tablet=\u00bb0px\u00bb header_2_text_shadow_vertical_length=\u00bbheader_2_text_shadow_style,%91object Object%93&#8243; header_2_text_shadow_vertical_length_tablet=\u00bb0px\u00bb header_2_text_shadow_blur_strength=\u00bbheader_2_text_shadow_style,%91object Object%93&#8243; header_2_text_shadow_blur_strength_tablet=\u00bb1px\u00bb header_3_text_shadow_horizontal_length=\u00bbheader_3_text_shadow_style,%91object Object%93&#8243; header_3_text_shadow_horizontal_length_tablet=\u00bb0px\u00bb header_3_text_shadow_vertical_length=\u00bbheader_3_text_shadow_style,%91object Object%93&#8243; header_3_text_shadow_vertical_length_tablet=\u00bb0px\u00bb header_3_text_shadow_blur_strength=\u00bbheader_3_text_shadow_style,%91object Object%93&#8243; header_3_text_shadow_blur_strength_tablet=\u00bb1px\u00bb header_4_text_shadow_horizontal_length=\u00bbheader_4_text_shadow_style,%91object Object%93&#8243; header_4_text_shadow_horizontal_length_tablet=\u00bb0px\u00bb header_4_text_shadow_vertical_length=\u00bbheader_4_text_shadow_style,%91object Object%93&#8243; header_4_text_shadow_vertical_length_tablet=\u00bb0px\u00bb header_4_text_shadow_blur_strength=\u00bbheader_4_text_shadow_style,%91object Object%93&#8243; header_4_text_shadow_blur_strength_tablet=\u00bb1px\u00bb header_5_text_shadow_horizontal_length=\u00bbheader_5_text_shadow_style,%91object Object%93&#8243; header_5_text_shadow_horizontal_length_tablet=\u00bb0px\u00bb header_5_text_shadow_vertical_length=\u00bbheader_5_text_shadow_style,%91object Object%93&#8243; header_5_text_shadow_vertical_length_tablet=\u00bb0px\u00bb header_5_text_shadow_blur_strength=\u00bbheader_5_text_shadow_style,%91object Object%93&#8243; header_5_text_shadow_blur_strength_tablet=\u00bb1px\u00bb header_6_text_shadow_horizontal_length=\u00bbheader_6_text_shadow_style,%91object Object%93&#8243; header_6_text_shadow_horizontal_length_tablet=\u00bb0px\u00bb header_6_text_shadow_vertical_length=\u00bbheader_6_text_shadow_style,%91object Object%93&#8243; header_6_text_shadow_vertical_length_tablet=\u00bb0px\u00bb header_6_text_shadow_blur_strength=\u00bbheader_6_text_shadow_style,%91object Object%93&#8243; header_6_text_shadow_blur_strength_tablet=\u00bb1px\u00bb box_shadow_horizontal_tablet=\u00bb0px\u00bb box_shadow_vertical_tablet=\u00bb0px\u00bb box_shadow_blur_tablet=\u00bb40px\u00bb box_shadow_spread_tablet=\u00bb0px\u00bb z_index_tablet=\u00bb500&#8243;]<\/p>\n<h1 style=\"text-align: center;\"><span style=\"color: #000080;\"><strong>Workshop Social Systems Engineering Winter2019<\/strong><\/span><\/h1>\n<h1 style=\"text-align: center;\"><span style=\"color: #000080;\"><strong> Universidad de Valladolid<\/strong><\/span><\/h1>\n<h3 style=\"text-align: center;\"><span style=\"color: #993366;\"><strong>18 de diciembre de 2019<\/strong><\/span><\/h3>\n<p>&nbsp;<\/p>\n<p>[\/et_pb_text][et_pb_divider _builder_version=\u00bb3.12&#8243; show_divider=\u00bboff\u00bb height=\u00bb50px\u00bb \/][et_pb_text admin_label=\u00bbT\u00edtulo GALER\u00cdA DE FOTOS\u00bb _builder_version=\u00bb4.0.9&#8243; text_orientation=\u00bbleft\u00bb]<\/p>\n<h3 style=\"text-align: center;\"><span style=\"color: #b26200;\"><strong>GALER\u00cdA DE FOTOS<\/strong><\/span><\/h3>\n<p>[\/et_pb_text][et_pb_gallery admin_label=\u00bbGaler\u00eda de fotos Workshop 2019&#8243; _builder_version=\u00bb4.0.9&#8243; gallery_ids=\u00bb10923,10925,10926,10927,10928,10929,10930,10931,10932,10933,10934,10935,10936,10937,10938,10939,10940,10941,10942,10943,10948,10947,10946,10945,10944,10950,10951,10952,10953,10954,10955,10956,10957,10958,10959&#8243; posts_number=\u00bb1&#8243; fullwidth=\u00bbon\u00bb zoom_icon_color=\u00bb#1f4e79&#8243; hover_overlay_color=\u00bbrgba(255,255,255,0.9)\u00bb auto=\u00bbon\u00bb border_radii=\u00bbon|10px|10px|10px|10px\u00bb auto_speed=\u00bb3000&#8243; module_alignment=\u00bbcenter\u00bb max_width=\u00bb70%\u00bb box_shadow_horizontal_image_tablet=\u00bb0px\u00bb box_shadow_vertical_image_tablet=\u00bb0px\u00bb box_shadow_blur_image_tablet=\u00bb40px\u00bb box_shadow_spread_image_tablet=\u00bb0px\u00bb text_shadow_horizontal_length=\u00bbtext_shadow_style,%91object Object%93&#8243; text_shadow_horizontal_length_tablet=\u00bb0px\u00bb text_shadow_vertical_length=\u00bbtext_shadow_style,%91object Object%93&#8243; text_shadow_vertical_length_tablet=\u00bb0px\u00bb text_shadow_blur_strength=\u00bbtext_shadow_style,%91object Object%93&#8243; text_shadow_blur_strength_tablet=\u00bb1px\u00bb title_text_shadow_horizontal_length=\u00bbtitle_text_shadow_style,%91object Object%93&#8243; title_text_shadow_horizontal_length_tablet=\u00bb0px\u00bb title_text_shadow_vertical_length=\u00bbtitle_text_shadow_style,%91object Object%93&#8243; title_text_shadow_vertical_length_tablet=\u00bb0px\u00bb title_text_shadow_blur_strength=\u00bbtitle_text_shadow_style,%91object Object%93&#8243; title_text_shadow_blur_strength_tablet=\u00bb1px\u00bb caption_text_shadow_horizontal_length=\u00bbcaption_text_shadow_style,%91object Object%93&#8243; caption_text_shadow_horizontal_length_tablet=\u00bb0px\u00bb caption_text_shadow_vertical_length=\u00bbcaption_text_shadow_style,%91object Object%93&#8243; caption_text_shadow_vertical_length_tablet=\u00bb0px\u00bb caption_text_shadow_blur_strength=\u00bbcaption_text_shadow_style,%91object Object%93&#8243; caption_text_shadow_blur_strength_tablet=\u00bb1px\u00bb pagination_text_shadow_horizontal_length=\u00bbpagination_text_shadow_style,%91object Object%93&#8243; pagination_text_shadow_horizontal_length_tablet=\u00bb0px\u00bb pagination_text_shadow_vertical_length=\u00bbpagination_text_shadow_style,%91object Object%93&#8243; pagination_text_shadow_vertical_length_tablet=\u00bb0px\u00bb pagination_text_shadow_blur_strength=\u00bbpagination_text_shadow_style,%91object Object%93&#8243; pagination_text_shadow_blur_strength_tablet=\u00bb1px\u00bb box_shadow_horizontal_tablet=\u00bb0px\u00bb box_shadow_vertical_tablet=\u00bb0px\u00bb box_shadow_blur_tablet=\u00bb40px\u00bb box_shadow_spread_tablet=\u00bb0px\u00bb z_index_tablet=\u00bb500&#8243; \/][et_pb_divider _builder_version=\u00bb3.12&#8243; show_divider=\u00bboff\u00bb height=\u00bb50px\u00bb disabled_on=\u00bbon|on|on\u00bb disabled=\u00bbon\u00bb \/][et_pb_text admin_label=\u00bbT\u00edtulo GALER\u00cdA DE V\u00cdDEOS\u00bb _builder_version=\u00bb3.12&#8243; disabled_on=\u00bbon|on|on\u00bb disabled=\u00bbon\u00bb text_orientation=\u00bbleft\u00bb]<\/p>\n<h3 style=\"text-align: center;\"><span style=\"color: #b26200;\"><strong>GALER\u00cdA DE V\u00cdDEOS<\/strong><\/span><\/h3>\n<p>[\/et_pb_text][et_pb_video_slider _builder_version=\u00bb3.12&#8243; controls_color=\u00bblight\u00bb max_width=\u00bb70%\u00bb module_alignment=\u00bbcenter\u00bb disabled_on=\u00bbon|on|on\u00bb disabled=\u00bbon\u00bb][et_pb_video_slider_item _builder_version=\u00bb3.12&#8243; src=\u00bbhttps:\/\/www.youtube.com\/watch?v=MtfyGeIwfqA\u00bb admin_title=\u00bbV\u00eddeo Eduardo\u00bb background_layout=\u00bbdark\u00bb \/][et_pb_video_slider_item _builder_version=\u00bb3.12&#8243; src=\u00bbhttps:\/\/www.youtube.com\/watch?v=2YF7-uOBov8&#8243; admin_title=\u00bbV\u00eddeo Adolfo LONJA3D\u00bb background_layout=\u00bbdark\u00bb \/][et_pb_video_slider_item _builder_version=\u00bb3.12&#8243; src=\u00bbhttps:\/\/www.youtube.com\/watch?v=jlARWEslN8I\u00bb admin_title=\u00bbV\u00eddeo Salva\u00bb background_layout=\u00bbdark\u00bb \/][et_pb_video_slider_item _builder_version=\u00bb3.12&#8243; src=\u00bbhttps:\/\/www.youtube.com\/watch?v=k8hOLrbIw-s\u00bb admin_title=\u00bbV\u00eddeo Adolfo EDI2ECI\u00bb background_layout=\u00bbdark\u00bb \/][et_pb_video_slider_item _builder_version=\u00bb3.12&#8243; src=\u00bbhttps:\/\/www.youtube.com\/watch?v=RJmGwfndQQ8&#8243; admin_title=\u00bbV\u00eddeo Dani\u00bb background_layout=\u00bbdark\u00bb \/][et_pb_video_slider_item _builder_version=\u00bb3.12&#8243; src=\u00bbhttps:\/\/www.youtube.com\/watch?v=lHPVU1rJqJU\u00bb admin_title=\u00bbV\u00eddeo Josema\u00bb background_layout=\u00bbdark\u00bb \/][et_pb_video_slider_item _builder_version=\u00bb3.12&#8243; src=\u00bbhttps:\/\/www.youtube.com\/watch?v=wdqZTQ_PG1M\u00bb admin_title=\u00bbV\u00eddeo Pajares\u00bb background_layout=\u00bbdark\u00bb \/][et_pb_video_slider_item _builder_version=\u00bb3.12&#8243; src=\u00bbhttps:\/\/www.youtube.com\/watch?v=pjUbKSpGTWE\u00bb admin_title=\u00bbV\u00eddeo Seminario completo\u00bb background_layout=\u00bbdark\u00bb \/][\/et_pb_video_slider][\/et_pb_column][\/et_pb_row][\/et_pb_section]<\/p>\n","protected":false},"excerpt":{"rendered":"<p><div class=\"et_pb_row et_pb_row_0 et_pb_row_empty\">\n\t\t\t\t\n\t\t\t\t\n\t\t\t\t\n\t\t\t\t\n\t\t\t\t\n\t\t\t<\/div> Workshop Social Systems Engineering Winter2019 Universidad de Valladolid 18 de diciembre de 2019 &nbsp; GALER\u00cdA DE FOTOS GALER\u00cdA DE V\u00cdDEOS<\/p>\n","protected":false},"author":11,"featured_media":0,"parent":0,"menu_order":0,"comment_status":"closed","ping_status":"closed","template":"","meta":{"_et_pb_use_builder":"on","_et_pb_old_content":"","_et_gb_content_width":"","footnotes":""},"class_list":["post-10729","page","type-page","status-publish","hentry"],"_links":{"self":[{"href":"https:\/\/www.insisoc.uva.es\/index.php\/wp-json\/wp\/v2\/pages\/10729","targetHints":{"allow":["GET"]}}],"collection":[{"href":"https:\/\/www.insisoc.uva.es\/index.php\/wp-json\/wp\/v2\/pages"}],"about":[{"href":"https:\/\/www.insisoc.uva.es\/index.php\/wp-json\/wp\/v2\/types\/page"}],"author":[{"embeddable":true,"href":"https:\/\/www.insisoc.uva.es\/index.php\/wp-json\/wp\/v2\/users\/11"}],"replies":[{"embeddable":true,"href":"https:\/\/www.insisoc.uva.es\/index.php\/wp-json\/wp\/v2\/comments?post=10729"}],"version-history":[{"count":0,"href":"https:\/\/www.insisoc.uva.es\/index.php\/wp-json\/wp\/v2\/pages\/10729\/revisions"}],"wp:attachment":[{"href":"https:\/\/www.insisoc.uva.es\/index.php\/wp-json\/wp\/v2\/media?parent=10729"}],"curies":[{"name":"wp","href":"https:\/\/api.w.org\/{rel}","templated":true}]}}