{"id":12727,"date":"2025-06-23T10:54:13","date_gmt":"2025-06-23T10:54:13","guid":{"rendered":"https:\/\/www.insisoc.uva.es\/?page_id=12727"},"modified":"2025-09-02T10:53:08","modified_gmt":"2025-09-02T10:53:08","slug":"rs-joaquin-adiego","status":"publish","type":"page","link":"https:\/\/www.insisoc.uva.es\/index.php\/rs-joaquin-adiego\/","title":{"rendered":"Rs-Joaqu\u00edn Adiego"},"content":{"rendered":"<p>[et_pb_section fb_built=\u00bb1&#8243; fullwidth=\u00bbon\u00bb _builder_version=\u00bb4.27.4&#8243; global_colors_info=\u00bb{}\u00bb][et_pb_fullwidth_header title=\u00bbJoaqu\u00edn Nicol\u00e1s Adiego Rodr\u00edguez\u00bb subhead=\u00bbAssistant Professor\u00bb title_font_color=\u00bb#ffffff\u00bb subhead_font_color=\u00bb#ffffff\u00bb admin_label=\u00bbT\u00edtulo David Poza Garc\u00eda\u00bb _builder_version=\u00bb4.27.4&#8243; title_text_color=\u00bb#ffffff\u00bb title_font_size=\u00bb27px\u00bb subhead_text_color=\u00bb#ffffff\u00bb subhead_font_size=\u00bb19px\u00bb background_size=\u00bbinitial\u00bb background_position=\u00bbtop_left\u00bb background_repeat=\u00bbrepeat\u00bb global_colors_info=\u00bb{}\u00bb button_one_text_size__hover_enabled=\u00bboff\u00bb button_two_text_size__hover_enabled=\u00bboff\u00bb button_one_text_color__hover_enabled=\u00bboff\u00bb button_two_text_color__hover_enabled=\u00bboff\u00bb button_one_border_width__hover_enabled=\u00bboff\u00bb button_two_border_width__hover_enabled=\u00bboff\u00bb button_one_border_color__hover_enabled=\u00bboff\u00bb button_two_border_color__hover_enabled=\u00bboff\u00bb button_one_border_radius__hover_enabled=\u00bboff\u00bb button_two_border_radius__hover_enabled=\u00bboff\u00bb button_one_letter_spacing__hover_enabled=\u00bboff\u00bb button_two_letter_spacing__hover_enabled=\u00bboff\u00bb button_one_bg_color__hover_enabled=\u00bboff\u00bb button_two_bg_color__hover_enabled=\u00bboff\u00bb][\/et_pb_fullwidth_header][\/et_pb_section][et_pb_section fb_built=\u00bb1&#8243; _builder_version=\u00bb4.16&#8243; custom_padding=\u00bb0px|0px|2px|0px\u00bb z_index_tablet=\u00bb500&#8243; box_shadow_horizontal_tablet=\u00bb0px\u00bb box_shadow_vertical_tablet=\u00bb0px\u00bb box_shadow_blur_tablet=\u00bb40px\u00bb box_shadow_spread_tablet=\u00bb0px\u00bb global_colors_info=\u00bb{}\u00bb][et_pb_row column_structure=\u00bb1_3,2_3&#8243; _builder_version=\u00bb4.27.4&#8243; background_size=\u00bbinitial\u00bb background_position=\u00bbtop_left\u00bb background_repeat=\u00bbrepeat\u00bb custom_padding=\u00bb36px|0px|27px|0px\u00bb global_colors_info=\u00bb{}\u00bb][et_pb_column type=\u00bb1_3&#8243; _builder_version=\u00bb4.16&#8243; custom_padding=\u00bb|||\u00bb global_colors_info=\u00bb{}\u00bb custom_padding__hover=\u00bb|||\u00bb][et_pb_image src=\u00bbhttps:\/\/www.insisoc.uva.es\/wp-content\/uploads\/2025\/06\/JoaquinAdiegoInsisoc.jpg\u00bb alt=\u00bbJoaqu\u00edn Adiego\u00bb title_text=\u00bbJoaqu\u00edn Adiego\u00bb align=\u00bbcenter\u00bb align_tablet=\u00bbcenter\u00bb align_phone=\u00bb\u00bb align_last_edited=\u00bbon|desktop\u00bb admin_label=\u00bbFoto David\u00bb _builder_version=\u00bb4.27.4&#8243; border_radii=\u00bb|10px|10px|10px|10px\u00bb global_colors_info=\u00bb{}\u00bb]<br \/>\n[\/et_pb_image][et_pb_text disabled_on=\u00bbon|on|\u00bb admin_label=\u00bbAddress\u00bb _builder_version=\u00bb4.27.4&#8243; text_font=\u00bbVerdana||||\u00bb text_font_size=\u00bb11&#8243; text_line_height=\u00bb1.3em\u00bb background_size=\u00bbinitial\u00bb background_position=\u00bbtop_left\u00bb background_repeat=\u00bbrepeat\u00bb text_orientation=\u00bbcenter\u00bb module_alignment=\u00bbcenter\u00bb use_border_color=\u00bboff\u00bb global_colors_info=\u00bb{}\u00bb]<\/p>\n<p>Address:<\/p>\n<p><span>Departamento de Inform\u00e1tica (ATC, CCIA, LSI)<\/span><\/p>\n<p><strong>Universidad de Valladolid<\/strong><\/p>\n<p>Campus Miguel Delibes, Escuela de Ingenier\u00eda Inform\u00e1tica de Valladolid, Paseo de Bel\u00e9n, 15<\/p>\n<p>47011 &#8211; Valladolid, Spain<\/p>\n<p><strong>E-mail: jadiego@uva.es<\/strong><\/p>\n<p>[\/et_pb_text][et_pb_social_media_follow _builder_version=\u00bb4.27.4&#8243; _module_preset=\u00bbdefault\u00bb text_orientation=\u00bbcenter\u00bb global_colors_info=\u00bb{}\u00bb][et_pb_social_media_follow_network social_network=\u00bblinkedin\u00bb url=\u00bbhttps:\/\/www.linkedin.com\/in\/joaqu%C3%ADn-adiego-rodr%C3%ADguez-909864199\/\u00bb _builder_version=\u00bb4.27.4&#8243; _module_preset=\u00bbdefault\u00bb background_color=\u00bb#007bb6&#8243; global_colors_info=\u00bb{}\u00bb follow_button=\u00bboff\u00bb url_new_window=\u00bbon\u00bb]linkedin[\/et_pb_social_media_follow_network][\/et_pb_social_media_follow][\/et_pb_column][et_pb_column type=\u00bb2_3&#8243; _builder_version=\u00bb4.16&#8243; custom_padding=\u00bb|||\u00bb global_colors_info=\u00bb{}\u00bb custom_padding__hover=\u00bb|||\u00bb][et_pb_text admin_label=\u00bbExperiencia &#8211; CV &#8211; Trayectoria\u00bb _builder_version=\u00bb4.27.4&#8243; background_size=\u00bbinitial\u00bb background_position=\u00bbtop_left\u00bb background_repeat=\u00bbrepeat\u00bb vertical_offset_tablet=\u00bb0&#8243; horizontal_offset_tablet=\u00bb0&#8243; z_index_tablet=\u00bb500&#8243; text_text_shadow_horizontal_length_tablet=\u00bb0px\u00bb text_text_shadow_vertical_length_tablet=\u00bb0px\u00bb text_text_shadow_blur_strength_tablet=\u00bb1px\u00bb link_text_shadow_horizontal_length_tablet=\u00bb0px\u00bb link_text_shadow_vertical_length_tablet=\u00bb0px\u00bb link_text_shadow_blur_strength_tablet=\u00bb1px\u00bb ul_text_shadow_horizontal_length_tablet=\u00bb0px\u00bb ul_text_shadow_vertical_length_tablet=\u00bb0px\u00bb ul_text_shadow_blur_strength_tablet=\u00bb1px\u00bb ol_text_shadow_horizontal_length_tablet=\u00bb0px\u00bb ol_text_shadow_vertical_length_tablet=\u00bb0px\u00bb ol_text_shadow_blur_strength_tablet=\u00bb1px\u00bb quote_text_shadow_horizontal_length_tablet=\u00bb0px\u00bb quote_text_shadow_vertical_length_tablet=\u00bb0px\u00bb quote_text_shadow_blur_strength_tablet=\u00bb1px\u00bb header_text_shadow_horizontal_length_tablet=\u00bb0px\u00bb header_text_shadow_vertical_length_tablet=\u00bb0px\u00bb header_text_shadow_blur_strength_tablet=\u00bb1px\u00bb header_2_text_shadow_horizontal_length_tablet=\u00bb0px\u00bb header_2_text_shadow_vertical_length_tablet=\u00bb0px\u00bb header_2_text_shadow_blur_strength_tablet=\u00bb1px\u00bb header_3_text_shadow_horizontal_length_tablet=\u00bb0px\u00bb header_3_text_shadow_vertical_length_tablet=\u00bb0px\u00bb header_3_text_shadow_blur_strength_tablet=\u00bb1px\u00bb header_4_text_shadow_horizontal_length_tablet=\u00bb0px\u00bb header_4_text_shadow_vertical_length_tablet=\u00bb0px\u00bb header_4_text_shadow_blur_strength_tablet=\u00bb1px\u00bb header_5_text_shadow_horizontal_length_tablet=\u00bb0px\u00bb header_5_text_shadow_vertical_length_tablet=\u00bb0px\u00bb header_5_text_shadow_blur_strength_tablet=\u00bb1px\u00bb header_6_text_shadow_horizontal_length_tablet=\u00bb0px\u00bb header_6_text_shadow_vertical_length_tablet=\u00bb0px\u00bb header_6_text_shadow_blur_strength_tablet=\u00bb1px\u00bb box_shadow_horizontal_tablet=\u00bb0px\u00bb box_shadow_vertical_tablet=\u00bb0px\u00bb box_shadow_blur_tablet=\u00bb40px\u00bb box_shadow_spread_tablet=\u00bb0px\u00bb use_border_color=\u00bboff\u00bb global_colors_info=\u00bb{}\u00bb]<\/p>\n<p style=\"text-align: justify;\"><strong>Associate Professor at <a href=\"https:\/\/www.insisoc.uva.es\/\" target=\"_blank\" rel=\"noopener noreferrer\">INSISOC<\/a>, a Research Institute certified as: GIR UVa, GREX251, UIC086<\/strong><\/p>\n<p style=\"text-align: justify;\">Member of:<\/p>\n<p style=\"text-align: justify;\">Link to <a href=\"https:\/\/scholar.google.es\/citations?hl=es&amp;user=BuvLOVwAAAAJ\" target=\"_blank\" rel=\"noopener noreferrer\">Google Scholar Joaquin Adiego<\/a><\/p>\n<p style=\"text-align: justify;\">Research Gate: <a href=\"https:\/\/www.researchgate.net\/scientific-contributions\/Joaquin-Adiego-27147923\" target=\"_blank\" rel=\"noopener noreferrer\">Joaqu\u00edn Adiego<\/a><\/p>\n<p style=\"text-align: justify;\">Professional Accreditation:<\/p>\n<p style=\"text-align: justify;\">ORCID: <a _ngcontent-ng-c607375202=\"\" href=\"https:\/\/orcid.org\/0000-0002-1027-8984\" target=\"_blank\" rel=\"noopener\">0000-0002-1027-8984<\/a><a href=\"https:\/\/orcid.org\/0000-0002-9878-221X\" target=\"_blank\" rel=\"noopener noreferrer\"><\/a><\/p>\n<p style=\"text-align: justify;\">Scopus Author ID: <a href=\"https:\/\/www.scopus.com\/authid\/detail.uri?authorId=6508066185\" target=\"_blank\" rel=\"noopener\"><span>6508066185<\/span><\/a><\/p>\n<p style=\"text-align: justify;\">Researcher ID:<\/p>\n<hr \/>\n<p><strong>Short CV:<\/strong><\/p>\n<p align=\"justify\">Joaqu\u00edn Adiego, Ph.D., has a degree in Computer Science from the University of Valladolid since 1999. In 2004 he reached the degree of Doctor in Computer Science by the University of Valladolid, obtaining the Extraordinary Doctoral Prize. He carried out research stays for a total of one year at the Department of Computer Science of the University of Chile (Santiago, Chile), a reference centre in the field of Information Retrieval, under the supervision of Gonzalo Navarro, Ph.D.<\/p>\n<hr \/>\n<p><strong>Selected Publications:<\/strong><\/p>\n<p><strong>Adiego, Joaquin; Martin-Cruz, Natalia. 2021.<\/strong><a href=\"https:\/\/www.emerald.com\/insight\/content\/doi\/10.1108\/ijshe-08-2020-0307\/full\/html\" target=\"_blank\" rel=\"noopener\"> Training competences in smart cities: an online program for higher education students.<\/a> International Journal of Sustainability in Higher Education. Elsevier. 22-7, pp.1630-1645.<\/p>\n<p><strong>Felipe S\u00e1nchez-Mart\u00ednez; Rafael C. Carrasco; Miguel A. Mart\u00ednez-Prieto; Joaqu\u00edn Adiego. 2012.<\/strong> <a href=\"https:\/\/www.ijcai.org\/Proceedings\/13\/Papers\/482.pdf\" target=\"_blank\" rel=\"noopener\">Generalized biwords for bitext compression and translation spotting.<\/a> Journal of Artificial Intelligence Research. 43, pp.389-418. ISSN 1076-9757.<\/p>\n<p><strong>Miguel A. Mart\u00ednez-Prieto; Joaqu\u00edn Adiego; Pablo de la Fuente. 2011.<\/strong> <a href=\"https:\/\/www.sciencedirect.com\/science\/article\/pii\/S0020025511003781\" target=\"_blank\" rel=\"noopener\">Natural Language Compression on Edge-Guided Text Preprocessing.<\/a> Information Sciences. 181-24, pp.5387-5411. ISSN 0020-0255<\/p>\n<p><strong>Joaqu\u00edn Adiego; Gonzalo Navarro; Pablo de la Fuente. 2008.<\/strong> <a href=\"https:\/\/onlinelibrary.wiley.com\/doi\/full\/10.1002\/asi.20496\" target=\"_blank\" rel=\"noopener\">Lempel-Ziv Compression of Highly Structured Documents<\/a>. Journal of the American Society for Information Science and Technology. 43-3, pp.461-478. ISSN 1532-2882.<\/p>\n<p><strong>Joaqu\u00edn Adiego; Gonzalo Navarro; Pablo de la Fuente. 2008.<\/strong> <a href=\"https:\/\/www.sciencedirect.com\/science\/article\/pii\/S0306457306000975\" target=\"_blank\" rel=\"noopener\">Using Structural Contexts to Compress Semistructured Text Collections.<\/a> Information Processing &amp; Management. 43-3, pp.769-790. ISSN 0306-4573.<\/p>\n<p style=\"text-align: justify;\">\n<p>[\/et_pb_text][\/et_pb_column][\/et_pb_row][\/et_pb_section][et_pb_section fb_built=\u00bb1&#8243; custom_padding_last_edited=\u00bbon|desktop\u00bb disabled_on=\u00bbon|on|on\u00bb _builder_version=\u00bb4.16&#8243; custom_padding=\u00bb0px|0px|2px|0px\u00bb custom_padding_tablet=\u00bb50px|0|50px|0&#8243; custom_padding_phone=\u00bb\u00bb transparent_background=\u00bboff\u00bb padding_mobile=\u00bboff\u00bb disabled=\u00bbon\u00bb global_colors_info=\u00bb{}\u00bb][\/et_pb_section]<\/p>\n","protected":false},"excerpt":{"rendered":"<p>Address: Departamento de Inform\u00e1tica (ATC, CCIA, LSI) Universidad de Valladolid Campus Miguel Delibes, Escuela de Ingenier\u00eda Inform\u00e1tica de Valladolid, Paseo de Bel\u00e9n, 15 47011 &#8211; Valladolid, Spain E-mail: jadiego@uva.esAssociate Professor at INSISOC, a Research Institute certified as: GIR UVa, GREX251, UIC086 Member of: Link to Google Scholar Joaquin Adiego Research Gate: Joaqu\u00edn Adiego Professional Accreditation: [&hellip;]<\/p>\n","protected":false},"author":1,"featured_media":0,"parent":0,"menu_order":0,"comment_status":"closed","ping_status":"closed","template":"","meta":{"_et_pb_use_builder":"on","_et_pb_old_content":"","_et_gb_content_width":"","footnotes":""},"class_list":["post-12727","page","type-page","status-publish","hentry"],"_links":{"self":[{"href":"https:\/\/www.insisoc.uva.es\/index.php\/wp-json\/wp\/v2\/pages\/12727","targetHints":{"allow":["GET"]}}],"collection":[{"href":"https:\/\/www.insisoc.uva.es\/index.php\/wp-json\/wp\/v2\/pages"}],"about":[{"href":"https:\/\/www.insisoc.uva.es\/index.php\/wp-json\/wp\/v2\/types\/page"}],"author":[{"embeddable":true,"href":"https:\/\/www.insisoc.uva.es\/index.php\/wp-json\/wp\/v2\/users\/1"}],"replies":[{"embeddable":true,"href":"https:\/\/www.insisoc.uva.es\/index.php\/wp-json\/wp\/v2\/comments?post=12727"}],"version-history":[{"count":8,"href":"https:\/\/www.insisoc.uva.es\/index.php\/wp-json\/wp\/v2\/pages\/12727\/revisions"}],"predecessor-version":[{"id":12748,"href":"https:\/\/www.insisoc.uva.es\/index.php\/wp-json\/wp\/v2\/pages\/12727\/revisions\/12748"}],"wp:attachment":[{"href":"https:\/\/www.insisoc.uva.es\/index.php\/wp-json\/wp\/v2\/media?parent=12727"}],"curies":[{"name":"wp","href":"https:\/\/api.w.org\/{rel}","templated":true}]}}