{"id":6242,"date":"2018-10-29T08:10:55","date_gmt":"2018-10-29T08:10:55","guid":{"rendered":"https:\/\/www.insisoc.uva.es\/?page_id=6242"},"modified":"2020-07-18T12:25:17","modified_gmt":"2020-07-18T12:25:17","slug":"ins-book-chapters-2017","status":"publish","type":"page","link":"https:\/\/www.insisoc.uva.es\/index.php\/ins-book-chapters-2017\/","title":{"rendered":"Ins-Book Chapters 2017"},"content":{"rendered":"<p>[et_pb_section bb_built=\u00bb1&#8243; fullwidth=\u00bbon\u00bb _builder_version=\u00bb3.12&#8243; next_background_color=\u00bb#000000&#8243; inner_width=\u00bb90%\u00bb inner_max_width=\u00bb1200px\u00bb][et_pb_fullwidth_header admin_label=\u00bbT\u00edtulo Book Chapters 2017&#8243; title=\u00bbBook Chapters 2017&#8243; subhead=\u00bbInsisoc has a lot of papers, which have been published on books\u00bb title_font_color=\u00bb#ffffff\u00bb subhead_font_color=\u00bb#ffffff\u00bb _builder_version=\u00bb3.12&#8243; title_text_color=\u00bb#ffffff\u00bb subhead_text_color=\u00bb#ffffff\u00bb subhead_font_size=\u00bb19px\u00bb background_size=\u00bbinitial\u00bb background_position=\u00bbtop_left\u00bb background_repeat=\u00bbrepeat\u00bb text_shadow_style=\u00bbpreset5&#8243; button_one_text_size__hover_enabled=\u00bboff\u00bb button_one_text_size__hover=\u00bbnull\u00bb button_two_text_size__hover_enabled=\u00bboff\u00bb button_two_text_size__hover=\u00bbnull\u00bb button_one_text_color__hover_enabled=\u00bboff\u00bb button_one_text_color__hover=\u00bbnull\u00bb button_two_text_color__hover_enabled=\u00bboff\u00bb button_two_text_color__hover=\u00bbnull\u00bb button_one_border_width__hover_enabled=\u00bboff\u00bb button_one_border_width__hover=\u00bbnull\u00bb button_two_border_width__hover_enabled=\u00bboff\u00bb button_two_border_width__hover=\u00bbnull\u00bb button_one_border_color__hover_enabled=\u00bboff\u00bb button_one_border_color__hover=\u00bbnull\u00bb button_two_border_color__hover_enabled=\u00bboff\u00bb button_two_border_color__hover=\u00bbnull\u00bb button_one_border_radius__hover_enabled=\u00bboff\u00bb button_one_border_radius__hover=\u00bbnull\u00bb button_two_border_radius__hover_enabled=\u00bboff\u00bb button_two_border_radius__hover=\u00bbnull\u00bb button_one_letter_spacing__hover_enabled=\u00bboff\u00bb button_one_letter_spacing__hover=\u00bbnull\u00bb button_two_letter_spacing__hover_enabled=\u00bboff\u00bb button_two_letter_spacing__hover=\u00bbnull\u00bb button_one_bg_color__hover_enabled=\u00bboff\u00bb button_one_bg_color__hover=\u00bbnull\u00bb button_two_bg_color__hover_enabled=\u00bboff\u00bb button_two_bg_color__hover=\u00bbnull\u00bb]<\/p>\n<p>[\/et_pb_fullwidth_header][et_pb_fullwidth_menu menu_id=\u00bb48&#8243; submenu_direction=\u00bbdownwards\u00bb fullwidth_menu=\u00bboff\u00bb active_link_color=\u00bb#b26200&#8243; dropdown_menu_line_color=\u00bb#6c9fc1&#8243; dropdown_menu_text_color=\u00bb#000000&#8243; mobile_menu_text_color=\u00bb#000000&#8243; _builder_version=\u00bb4.0.9&#8243; menu_font=\u00bb|700|||||||\u00bb menu_text_color=\u00bb#000000&#8243; menu_font_size=\u00bb16px\u00bb background_color=\u00bb#d7eaf4&#8243; text_orientation=\u00bbcenter\u00bb animation_style=\u00bbfade\u00bb animation_duration=\u00bb500ms\u00bb saved_tabs=\u00bball\u00bb menu_text_shadow_horizontal_length=\u00bbmenu_text_shadow_style,%91object Object%93&#8243; menu_text_shadow_horizontal_length_tablet=\u00bb0px\u00bb menu_text_shadow_vertical_length=\u00bbmenu_text_shadow_style,%91object Object%93&#8243; menu_text_shadow_vertical_length_tablet=\u00bb0px\u00bb menu_text_shadow_blur_strength=\u00bbmenu_text_shadow_style,%91object Object%93&#8243; menu_text_shadow_blur_strength_tablet=\u00bb1px\u00bb mobile_menu_bg_color=\u00bb#d7eaf4&#8243; box_shadow_horizontal_image_tablet=\u00bb0px\u00bb box_shadow_vertical_image_tablet=\u00bb0px\u00bb box_shadow_blur_image_tablet=\u00bb40px\u00bb box_shadow_spread_image_tablet=\u00bb0px\u00bb box_shadow_horizontal_tablet=\u00bb0px\u00bb box_shadow_vertical_tablet=\u00bb0px\u00bb box_shadow_blur_tablet=\u00bb40px\u00bb box_shadow_spread_tablet=\u00bb0px\u00bb z_index_tablet=\u00bb500&#8243;]<\/p>\n<p>[\/et_pb_fullwidth_menu][\/et_pb_section][et_pb_section bb_built=\u00bb1&#8243; _builder_version=\u00bb3.0.47&#8243; prev_background_color=\u00bb#000000&#8243; inner_width=\u00bb90%\u00bb inner_max_width=\u00bb1200px\u00bb][et_pb_row _builder_version=\u00bb3.0.48&#8243; background_size=\u00bbinitial\u00bb background_position=\u00bbtop_left\u00bb background_repeat=\u00bbrepeat\u00bb width=\u00bb90%\u00bb max_width=\u00bb1200px\u00bb][et_pb_column type=\u00bb3_4&#8243; custom_padding__hover=\u00bb|||\u00bb custom_padding=\u00bb|||\u00bb][et_pb_text _builder_version=\u00bb4.0.9&#8243; text_text_shadow_horizontal_length=\u00bbtext_text_shadow_style,%91object Object%93&#8243; text_text_shadow_horizontal_length_tablet=\u00bb0px\u00bb text_text_shadow_vertical_length=\u00bbtext_text_shadow_style,%91object Object%93&#8243; text_text_shadow_vertical_length_tablet=\u00bb0px\u00bb text_text_shadow_blur_strength=\u00bbtext_text_shadow_style,%91object Object%93&#8243; text_text_shadow_blur_strength_tablet=\u00bb1px\u00bb link_text_shadow_horizontal_length=\u00bblink_text_shadow_style,%91object Object%93&#8243; link_text_shadow_horizontal_length_tablet=\u00bb0px\u00bb link_text_shadow_vertical_length=\u00bblink_text_shadow_style,%91object Object%93&#8243; link_text_shadow_vertical_length_tablet=\u00bb0px\u00bb link_text_shadow_blur_strength=\u00bblink_text_shadow_style,%91object Object%93&#8243; link_text_shadow_blur_strength_tablet=\u00bb1px\u00bb ul_text_shadow_horizontal_length=\u00bbul_text_shadow_style,%91object Object%93&#8243; ul_text_shadow_horizontal_length_tablet=\u00bb0px\u00bb ul_text_shadow_vertical_length=\u00bbul_text_shadow_style,%91object Object%93&#8243; ul_text_shadow_vertical_length_tablet=\u00bb0px\u00bb ul_text_shadow_blur_strength=\u00bbul_text_shadow_style,%91object Object%93&#8243; ul_text_shadow_blur_strength_tablet=\u00bb1px\u00bb ol_text_shadow_horizontal_length=\u00bbol_text_shadow_style,%91object Object%93&#8243; ol_text_shadow_horizontal_length_tablet=\u00bb0px\u00bb ol_text_shadow_vertical_length=\u00bbol_text_shadow_style,%91object Object%93&#8243; ol_text_shadow_vertical_length_tablet=\u00bb0px\u00bb ol_text_shadow_blur_strength=\u00bbol_text_shadow_style,%91object Object%93&#8243; ol_text_shadow_blur_strength_tablet=\u00bb1px\u00bb quote_text_shadow_horizontal_length=\u00bbquote_text_shadow_style,%91object Object%93&#8243; quote_text_shadow_horizontal_length_tablet=\u00bb0px\u00bb quote_text_shadow_vertical_length=\u00bbquote_text_shadow_style,%91object Object%93&#8243; quote_text_shadow_vertical_length_tablet=\u00bb0px\u00bb quote_text_shadow_blur_strength=\u00bbquote_text_shadow_style,%91object Object%93&#8243; quote_text_shadow_blur_strength_tablet=\u00bb1px\u00bb header_text_shadow_horizontal_length=\u00bbheader_text_shadow_style,%91object Object%93&#8243; header_text_shadow_horizontal_length_tablet=\u00bb0px\u00bb header_text_shadow_vertical_length=\u00bbheader_text_shadow_style,%91object Object%93&#8243; header_text_shadow_vertical_length_tablet=\u00bb0px\u00bb header_text_shadow_blur_strength=\u00bbheader_text_shadow_style,%91object Object%93&#8243; header_text_shadow_blur_strength_tablet=\u00bb1px\u00bb header_2_text_shadow_horizontal_length=\u00bbheader_2_text_shadow_style,%91object Object%93&#8243; header_2_text_shadow_horizontal_length_tablet=\u00bb0px\u00bb header_2_text_shadow_vertical_length=\u00bbheader_2_text_shadow_style,%91object Object%93&#8243; header_2_text_shadow_vertical_length_tablet=\u00bb0px\u00bb header_2_text_shadow_blur_strength=\u00bbheader_2_text_shadow_style,%91object Object%93&#8243; header_2_text_shadow_blur_strength_tablet=\u00bb1px\u00bb header_3_text_shadow_horizontal_length=\u00bbheader_3_text_shadow_style,%91object Object%93&#8243; header_3_text_shadow_horizontal_length_tablet=\u00bb0px\u00bb header_3_text_shadow_vertical_length=\u00bbheader_3_text_shadow_style,%91object Object%93&#8243; header_3_text_shadow_vertical_length_tablet=\u00bb0px\u00bb header_3_text_shadow_blur_strength=\u00bbheader_3_text_shadow_style,%91object Object%93&#8243; header_3_text_shadow_blur_strength_tablet=\u00bb1px\u00bb header_4_text_shadow_horizontal_length=\u00bbheader_4_text_shadow_style,%91object Object%93&#8243; header_4_text_shadow_horizontal_length_tablet=\u00bb0px\u00bb header_4_text_shadow_vertical_length=\u00bbheader_4_text_shadow_style,%91object Object%93&#8243; header_4_text_shadow_vertical_length_tablet=\u00bb0px\u00bb header_4_text_shadow_blur_strength=\u00bbheader_4_text_shadow_style,%91object Object%93&#8243; header_4_text_shadow_blur_strength_tablet=\u00bb1px\u00bb header_5_text_shadow_horizontal_length=\u00bbheader_5_text_shadow_style,%91object Object%93&#8243; header_5_text_shadow_horizontal_length_tablet=\u00bb0px\u00bb header_5_text_shadow_vertical_length=\u00bbheader_5_text_shadow_style,%91object Object%93&#8243; header_5_text_shadow_vertical_length_tablet=\u00bb0px\u00bb header_5_text_shadow_blur_strength=\u00bbheader_5_text_shadow_style,%91object Object%93&#8243; header_5_text_shadow_blur_strength_tablet=\u00bb1px\u00bb header_6_text_shadow_horizontal_length=\u00bbheader_6_text_shadow_style,%91object Object%93&#8243; header_6_text_shadow_horizontal_length_tablet=\u00bb0px\u00bb header_6_text_shadow_vertical_length=\u00bbheader_6_text_shadow_style,%91object Object%93&#8243; header_6_text_shadow_vertical_length_tablet=\u00bb0px\u00bb header_6_text_shadow_blur_strength=\u00bbheader_6_text_shadow_style,%91object Object%93&#8243; header_6_text_shadow_blur_strength_tablet=\u00bb1px\u00bb box_shadow_horizontal_tablet=\u00bb0px\u00bb box_shadow_vertical_tablet=\u00bb0px\u00bb box_shadow_blur_tablet=\u00bb40px\u00bb box_shadow_spread_tablet=\u00bb0px\u00bb z_index_tablet=\u00bb500&#8243;]<\/p>\n<p style=\"text-align: justify;\">Del Olmo, R.; L\u00f3pez-Paredes, A., (2017). <strong>The New Industrial Organization.<\/strong> Advances in Management Engineering. Colecci\u00f3n: Lecture Notes in Management and Industrial Engineering. pp.: 69-92. Springer. ISSN Colecci\u00f3n: 2198-0772. ISBN: 978-3-319-55888-2. https:\/\/doi.org\/10.1007\/978-3-319-55889-9_4<br \/>\n<em>Disponible en Internet en:<br \/>\n<\/em><em><a href=\"https:\/\/link.springer.com\/content\/pdf\/10.1007%2F978-3-319-55889-9_4.pdf\" target=\"_blank\" rel=\"noopener noreferrer\">https:\/\/link.springer.com\/content\/pdf\/10.1007%2F978-3-319-55889-9_4.pdf<\/a><\/em><\/p>\n<p>&nbsp;<\/p>\n<p style=\"text-align: justify;\">G\u00e1mez-Alcalde, C.; De Pablos-Heredero, C.; Mart\u00edn-Cruz, N., (2017).<strong>\u00a0Institutional Endowment and Innovation Strategies.<\/strong> Advances in Management Engineering. Colecci\u00f3n: Lecture Notes in Management and Industrial Engineering. pp.: 155-166. Springer. ISSN Colecci\u00f3n: 2198-0772. ISBN: 978-3-319-55888-2. http:\/\/dx.doi.org\/10.1007\/978-3-319-55889-9_9<\/p>\n<p>&nbsp;<\/p>\n<p style=\"text-align: justify;\">Hern\u00e1ndez, C. (Ed.), (2017). <strong>Advances in Management Engineering. <\/strong>Colecci\u00f3n: Lecture Notes in Management and Industrial Engineering. P\u00e1ginas: 232. Springer. ISSN Colecci\u00f3n: 2198-0772. ISBN: 978-3-319-55888-2. https:\/\/doi.org\/10.1007\/978-3-319-55889-9<br \/>\n<em>Disponible en Internet en:<br \/>\n<\/em><em><a href=\"https:\/\/link.springer.com\/content\/pdf\/10.1007%2F978-3-319-55889-9.pdf\" target=\"_blank\" rel=\"noopener noreferrer\">https:\/\/link.springer.com\/content\/pdf\/10.1007%2F978-3-319-55889-9.pdf<\/a><\/em><\/p>\n<p>&nbsp;<\/p>\n<p style=\"text-align: justify;\">Hern\u00e1ndez, C., (2017). <strong>Sixty Years of Economics: Some Lessons for the Future.<\/strong> Advances in Management Engineering. Colecci\u00f3n: Lecture Notes in Management and Industrial Engineering. pp.: 25-67. Springer. ISSN Colecci\u00f3n: 2198-0772. ISBN: 978-3-319-55888-2. https:\/\/doi.org\/10.1007\/978-3-319-55889-9_3<br \/>\n<em>Disponible en Internet en:<br \/>\n<\/em><em><a href=\"https:\/\/link.springer.com\/content\/pdf\/10.1007%2F978-3-319-55889-9_3.pdf\" target=\"_blank\" rel=\"noopener noreferrer\">https:\/\/link.springer.com\/content\/pdf\/10.1007%2F978-3-319-55889-9_3.pdf<\/a><\/em><\/p>\n<p>&nbsp;<\/p>\n<p style=\"text-align: justify;\">Pajares-Guti\u00e9rrez, J.; Poza-Garc\u00eda, D.; Villaf\u00e1\u00f1ez-Carde\u00f1oso, F.A.; L\u00f3pez-Paredes, A., (2017). <strong>Projec<\/strong><strong>t Management Methodologies in the Fourth Technological Revolution.<\/strong> Advances in Management Engineering. Colecci\u00f3n: Lecture Notes in Management and Industrial Engineering. pp.: 121-144. Springer. ISSN Colecci\u00f3n: 2198-0772. ISBN: 978-3-319-55888-2. https:\/\/doi.org\/10.1007\/978-3-319-55889-9_7<br \/>\n<em>Disponible en Internet en:<br \/>\n<\/em><em><a href=\"https:\/\/link.springer.com\/content\/pdf\/10.1007%2F978-3-319-55889-9_7.pdf19-55889-9_7\" target=\"_blank\" rel=\"noopener noreferrer\">https:\/\/link.springer.com\/content\/pdf\/10.1007%2F978-3-319-55889-9_7.pdf19-55889-9_7<\/a><\/em><\/p>\n<p>&nbsp;<\/p>\n<p style=\"text-align: justify;\">Pereda, M.; Santos, J.I.; Gal\u00e1n, J.M., (2017). <strong>A Brief Introduction to the Use of Machine Learning Techniques in the Analysis of Agent-Based Models.<\/strong> Advances in Management Engineering. Colecci\u00f3n: Lecture Notes in Management and Industrial Engineering. pp.: 179-186. Springer. ISSN Colecci\u00f3n: 2198-0772. ISBN: 978-3-319-55888-2. https:\/\/doi.org\/10.1007\/978-3-319-55889-9_11<br \/>\n<em>Disponible en Internet en:<br \/>\n<\/em><em><a href=\"https:\/\/link.springer.com\/content\/pdf\/10.1007%2F978-3-319-55889-9_11.pdf\" target=\"_blank\" rel=\"noopener noreferrer\">https:\/\/link.springer.com\/content\/pdf\/10.1007%2F978-3-319-55889-9_11.pdf<\/a><\/em><\/p>\n<p>&nbsp;<\/p>\n<p style=\"text-align: justify;\">Ruiz-Mart\u00edn, C.; P\u00e9rez-R\u00edos, J.; Wainer, G.; Pajares, J.; Hern\u00e1ndez, C.; L\u00f3pez-Paredes, A., (2017). <strong>The Application of the Viable System Model to Enhance Organizational Resilience.<\/strong> Advances in Management Engineering. Colecci\u00f3n: Lecture Notes in Management and Industrial Engineering. pp.: 95-107. Springer. ISSN Colecci\u00f3n: 2198-0772. ISBN: 978-3-319-55888-2. https:\/\/doi.org\/10.1007\/978-3-319-55889-9_5<br \/>\n<em>Disponible en Internet en:<br \/>\n<\/em><em><a href=\"https:\/\/link.springer.com\/content\/pdf\/10.1007%2F978-3-319-55889-9_5.pdf\" target=\"_blank\" rel=\"noopener noreferrer\">https:\/\/link.springer.com\/content\/pdf\/10.1007%2F978-3-319-55889-9_5.pdf<\/a><\/em><\/p>\n<p>&nbsp;<\/p>\n<p style=\"text-align: justify;\">S\u00e1iz-Barcena, L.; Manzanedo del Campo, M.\u00c1.; Del Olmo Mart\u00ednez, R., (2017). <strong>Knowledge and Innovation in the New Industrial Organization. <\/strong>Advances in Management Engineering. Colecci\u00f3n: Lecture Notes in Management and Industrial Engineering. pp.: 145-154. Springer. ISSN Colecci\u00f3n: 2198-0772. ISBN: 978-3-319-55888-2. https:\/\/doi.org\/10.1007\/978-3-319-55889-9_8<br \/>\n<em>Disponible en Internet en:<br \/>\n<\/em><em><a href=\"https:\/\/link.springer.com\/content\/pdf\/10.1007%2F978-3-319-55889-9_8.pdf\" target=\"_blank\" rel=\"noopener noreferrer\">https:\/\/link.springer.com\/content\/pdf\/10.1007%2F978-3-319-55889-9_8.pdf<\/a><\/em><\/p>\n<p>[\/et_pb_text][\/et_pb_column][et_pb_column type=\u00bb1_4&#8243; custom_padding__hover=\u00bb|||\u00bb custom_padding=\u00bb|||\u00bb][et_pb_image _builder_version=\u00bb3.12&#8243; text_orientation=\u00bbleft\u00bb align_last_edited=\u00bbon|desktop\u00bb align_tablet=\u00bbcenter\u00bb]<\/p>\n<p>[\/et_pb_image][\/et_pb_column][\/et_pb_row][\/et_pb_section]<\/p>\n","protected":false},"excerpt":{"rendered":"<p>Del Olmo, R.; L\u00f3pez-Paredes, A., (2017). The New Industrial Organization. Advances in Management Engineering. Colecci\u00f3n: Lecture Notes in Management and Industrial Engineering. pp.: 69-92. Springer. ISSN Colecci\u00f3n: 2198-0772. ISBN: 978-3-319-55888-2. https:\/\/doi.org\/10.1007\/978-3-319-55889-9_4 Disponible en Internet en: https:\/\/link.springer.com\/content\/pdf\/10.1007%2F978-3-319-55889-9_4.pdf &nbsp; G\u00e1mez-Alcalde, C.; De Pablos-Heredero, C.; Mart\u00edn-Cruz, N., (2017).\u00a0Institutional Endowment and Innovation Strategies. Advances in Management Engineering. Colecci\u00f3n: Lecture [&hellip;]<\/p>\n","protected":false},"author":11,"featured_media":0,"parent":0,"menu_order":0,"comment_status":"closed","ping_status":"closed","template":"","meta":{"_et_pb_use_builder":"on","_et_pb_old_content":"","_et_gb_content_width":"","footnotes":""},"class_list":["post-6242","page","type-page","status-publish","hentry"],"_links":{"self":[{"href":"https:\/\/www.insisoc.uva.es\/index.php\/wp-json\/wp\/v2\/pages\/6242","targetHints":{"allow":["GET"]}}],"collection":[{"href":"https:\/\/www.insisoc.uva.es\/index.php\/wp-json\/wp\/v2\/pages"}],"about":[{"href":"https:\/\/www.insisoc.uva.es\/index.php\/wp-json\/wp\/v2\/types\/page"}],"author":[{"embeddable":true,"href":"https:\/\/www.insisoc.uva.es\/index.php\/wp-json\/wp\/v2\/users\/11"}],"replies":[{"embeddable":true,"href":"https:\/\/www.insisoc.uva.es\/index.php\/wp-json\/wp\/v2\/comments?post=6242"}],"version-history":[{"count":0,"href":"https:\/\/www.insisoc.uva.es\/index.php\/wp-json\/wp\/v2\/pages\/6242\/revisions"}],"wp:attachment":[{"href":"https:\/\/www.insisoc.uva.es\/index.php\/wp-json\/wp\/v2\/media?parent=6242"}],"curies":[{"name":"wp","href":"https:\/\/api.w.org\/{rel}","templated":true}]}}