{"id":6248,"date":"2018-10-29T08:17:58","date_gmt":"2018-10-29T08:17:58","guid":{"rendered":"https:\/\/www.insisoc.uva.es\/?page_id=6248"},"modified":"2020-07-18T12:23:45","modified_gmt":"2020-07-18T12:23:45","slug":"ins-book-chapters-2014","status":"publish","type":"page","link":"https:\/\/www.insisoc.uva.es\/index.php\/ins-book-chapters-2014\/","title":{"rendered":"Ins-Book Chapters 2014"},"content":{"rendered":"<p>[et_pb_section bb_built=\u00bb1&#8243; fullwidth=\u00bbon\u00bb _builder_version=\u00bb3.22&#8243; _i=\u00bb0&#8243; _address=\u00bb0&#8243; next_background_color=\u00bb#000000&#8243;][et_pb_fullwidth_header admin_label=\u00bbT\u00edtulo Book Chapters 2014&#8243; title=\u00bbBook Chapters 2014&#8243; subhead=\u00bbInsisoc has a lot of papers, which have been published on books\u00bb title_font_color=\u00bb#ffffff\u00bb subhead_font_color=\u00bb#ffffff\u00bb _builder_version=\u00bb3.16&#8243; title_text_color=\u00bb#ffffff\u00bb subhead_text_color=\u00bb#ffffff\u00bb subhead_font_size=\u00bb19px\u00bb background_size=\u00bbinitial\u00bb background_position=\u00bbtop_left\u00bb background_repeat=\u00bbrepeat\u00bb text_shadow_style=\u00bbpreset5&#8243; _i=\u00bb0&#8243; _address=\u00bb0.0&#8243; button_one_text_size__hover_enabled=\u00bboff\u00bb button_two_text_size__hover_enabled=\u00bboff\u00bb button_one_text_color__hover_enabled=\u00bboff\u00bb button_two_text_color__hover_enabled=\u00bboff\u00bb button_one_border_width__hover_enabled=\u00bboff\u00bb button_two_border_width__hover_enabled=\u00bboff\u00bb button_one_border_color__hover_enabled=\u00bboff\u00bb button_two_border_color__hover_enabled=\u00bboff\u00bb button_one_border_radius__hover_enabled=\u00bboff\u00bb button_two_border_radius__hover_enabled=\u00bboff\u00bb button_one_letter_spacing__hover_enabled=\u00bboff\u00bb button_two_letter_spacing__hover_enabled=\u00bboff\u00bb button_one_bg_color__hover_enabled=\u00bboff\u00bb button_two_bg_color__hover_enabled=\u00bboff\u00bb]<\/p>\n<p>[\/et_pb_fullwidth_header][et_pb_fullwidth_menu menu_id=\u00bb48&#8243; submenu_direction=\u00bbdownwards\u00bb fullwidth_menu=\u00bboff\u00bb active_link_color=\u00bb#b26200&#8243; dropdown_menu_line_color=\u00bb#6c9fc1&#8243; dropdown_menu_text_color=\u00bb#000000&#8243; mobile_menu_text_color=\u00bb#000000&#8243; _builder_version=\u00bb4.0.9&#8243; menu_font=\u00bb|700|||||||\u00bb menu_text_color=\u00bb#000000&#8243; menu_font_size=\u00bb16px\u00bb background_color=\u00bb#d7eaf4&#8243; text_orientation=\u00bbcenter\u00bb animation_style=\u00bbfade\u00bb animation_duration=\u00bb500ms\u00bb saved_tabs=\u00bball\u00bb _i=\u00bb1&#8243; _address=\u00bb0.1&#8243; menu_text_shadow_horizontal_length=\u00bbmenu_text_shadow_style,%91object Object%93&#8243; menu_text_shadow_horizontal_length_tablet=\u00bb0px\u00bb menu_text_shadow_vertical_length=\u00bbmenu_text_shadow_style,%91object Object%93&#8243; menu_text_shadow_vertical_length_tablet=\u00bb0px\u00bb menu_text_shadow_blur_strength=\u00bbmenu_text_shadow_style,%91object Object%93&#8243; menu_text_shadow_blur_strength_tablet=\u00bb1px\u00bb mobile_menu_bg_color=\u00bb#d7eaf4&#8243; box_shadow_horizontal_image_tablet=\u00bb0px\u00bb box_shadow_vertical_image_tablet=\u00bb0px\u00bb box_shadow_blur_image_tablet=\u00bb40px\u00bb box_shadow_spread_image_tablet=\u00bb0px\u00bb box_shadow_horizontal_tablet=\u00bb0px\u00bb box_shadow_vertical_tablet=\u00bb0px\u00bb box_shadow_blur_tablet=\u00bb40px\u00bb box_shadow_spread_tablet=\u00bb0px\u00bb z_index_tablet=\u00bb500&#8243;]<\/p>\n<p>[\/et_pb_fullwidth_menu][\/et_pb_section][et_pb_section bb_built=\u00bb1&#8243; _builder_version=\u00bb3.22&#8243; _i=\u00bb1&#8243; _address=\u00bb1&#8243; prev_background_color=\u00bb#000000&#8243;][et_pb_row column_structure=\u00bb3_4,1_4&#8243; _builder_version=\u00bb3.25&#8243; background_size=\u00bbinitial\u00bb background_position=\u00bbtop_left\u00bb background_repeat=\u00bbrepeat\u00bb _i=\u00bb0&#8243; _address=\u00bb1.0&#8243;][et_pb_column type=\u00bb3_4&#8243; _builder_version=\u00bb3.25&#8243; custom_padding=\u00bb|||\u00bb _i=\u00bb0&#8243; _address=\u00bb1.0.0&#8243; custom_padding__hover=\u00bb|||\u00bb][et_pb_text _builder_version=\u00bb4.0.9&#8243; _i=\u00bb0&#8243; _address=\u00bb1.0.0.0&#8243; text_text_shadow_horizontal_length=\u00bbtext_text_shadow_style,%91object Object%93&#8243; text_text_shadow_horizontal_length_tablet=\u00bb0px\u00bb text_text_shadow_vertical_length=\u00bbtext_text_shadow_style,%91object Object%93&#8243; text_text_shadow_vertical_length_tablet=\u00bb0px\u00bb text_text_shadow_blur_strength=\u00bbtext_text_shadow_style,%91object Object%93&#8243; text_text_shadow_blur_strength_tablet=\u00bb1px\u00bb link_text_shadow_horizontal_length=\u00bblink_text_shadow_style,%91object Object%93&#8243; link_text_shadow_horizontal_length_tablet=\u00bb0px\u00bb link_text_shadow_vertical_length=\u00bblink_text_shadow_style,%91object Object%93&#8243; link_text_shadow_vertical_length_tablet=\u00bb0px\u00bb link_text_shadow_blur_strength=\u00bblink_text_shadow_style,%91object Object%93&#8243; link_text_shadow_blur_strength_tablet=\u00bb1px\u00bb ul_text_shadow_horizontal_length=\u00bbul_text_shadow_style,%91object Object%93&#8243; ul_text_shadow_horizontal_length_tablet=\u00bb0px\u00bb ul_text_shadow_vertical_length=\u00bbul_text_shadow_style,%91object Object%93&#8243; ul_text_shadow_vertical_length_tablet=\u00bb0px\u00bb ul_text_shadow_blur_strength=\u00bbul_text_shadow_style,%91object Object%93&#8243; ul_text_shadow_blur_strength_tablet=\u00bb1px\u00bb ol_text_shadow_horizontal_length=\u00bbol_text_shadow_style,%91object Object%93&#8243; ol_text_shadow_horizontal_length_tablet=\u00bb0px\u00bb ol_text_shadow_vertical_length=\u00bbol_text_shadow_style,%91object Object%93&#8243; ol_text_shadow_vertical_length_tablet=\u00bb0px\u00bb ol_text_shadow_blur_strength=\u00bbol_text_shadow_style,%91object Object%93&#8243; ol_text_shadow_blur_strength_tablet=\u00bb1px\u00bb quote_text_shadow_horizontal_length=\u00bbquote_text_shadow_style,%91object Object%93&#8243; quote_text_shadow_horizontal_length_tablet=\u00bb0px\u00bb quote_text_shadow_vertical_length=\u00bbquote_text_shadow_style,%91object Object%93&#8243; quote_text_shadow_vertical_length_tablet=\u00bb0px\u00bb quote_text_shadow_blur_strength=\u00bbquote_text_shadow_style,%91object Object%93&#8243; quote_text_shadow_blur_strength_tablet=\u00bb1px\u00bb header_text_shadow_horizontal_length=\u00bbheader_text_shadow_style,%91object Object%93&#8243; header_text_shadow_horizontal_length_tablet=\u00bb0px\u00bb header_text_shadow_vertical_length=\u00bbheader_text_shadow_style,%91object Object%93&#8243; header_text_shadow_vertical_length_tablet=\u00bb0px\u00bb header_text_shadow_blur_strength=\u00bbheader_text_shadow_style,%91object Object%93&#8243; header_text_shadow_blur_strength_tablet=\u00bb1px\u00bb header_2_text_shadow_horizontal_length=\u00bbheader_2_text_shadow_style,%91object Object%93&#8243; header_2_text_shadow_horizontal_length_tablet=\u00bb0px\u00bb header_2_text_shadow_vertical_length=\u00bbheader_2_text_shadow_style,%91object Object%93&#8243; header_2_text_shadow_vertical_length_tablet=\u00bb0px\u00bb header_2_text_shadow_blur_strength=\u00bbheader_2_text_shadow_style,%91object Object%93&#8243; header_2_text_shadow_blur_strength_tablet=\u00bb1px\u00bb header_3_text_shadow_horizontal_length=\u00bbheader_3_text_shadow_style,%91object Object%93&#8243; header_3_text_shadow_horizontal_length_tablet=\u00bb0px\u00bb header_3_text_shadow_vertical_length=\u00bbheader_3_text_shadow_style,%91object Object%93&#8243; header_3_text_shadow_vertical_length_tablet=\u00bb0px\u00bb header_3_text_shadow_blur_strength=\u00bbheader_3_text_shadow_style,%91object Object%93&#8243; header_3_text_shadow_blur_strength_tablet=\u00bb1px\u00bb header_4_text_shadow_horizontal_length=\u00bbheader_4_text_shadow_style,%91object Object%93&#8243; header_4_text_shadow_horizontal_length_tablet=\u00bb0px\u00bb header_4_text_shadow_vertical_length=\u00bbheader_4_text_shadow_style,%91object Object%93&#8243; header_4_text_shadow_vertical_length_tablet=\u00bb0px\u00bb header_4_text_shadow_blur_strength=\u00bbheader_4_text_shadow_style,%91object Object%93&#8243; header_4_text_shadow_blur_strength_tablet=\u00bb1px\u00bb header_5_text_shadow_horizontal_length=\u00bbheader_5_text_shadow_style,%91object Object%93&#8243; header_5_text_shadow_horizontal_length_tablet=\u00bb0px\u00bb header_5_text_shadow_vertical_length=\u00bbheader_5_text_shadow_style,%91object Object%93&#8243; header_5_text_shadow_vertical_length_tablet=\u00bb0px\u00bb header_5_text_shadow_blur_strength=\u00bbheader_5_text_shadow_style,%91object Object%93&#8243; header_5_text_shadow_blur_strength_tablet=\u00bb1px\u00bb header_6_text_shadow_horizontal_length=\u00bbheader_6_text_shadow_style,%91object Object%93&#8243; header_6_text_shadow_horizontal_length_tablet=\u00bb0px\u00bb header_6_text_shadow_vertical_length=\u00bbheader_6_text_shadow_style,%91object Object%93&#8243; header_6_text_shadow_vertical_length_tablet=\u00bb0px\u00bb header_6_text_shadow_blur_strength=\u00bbheader_6_text_shadow_style,%91object Object%93&#8243; header_6_text_shadow_blur_strength_tablet=\u00bb1px\u00bb box_shadow_horizontal_tablet=\u00bb0px\u00bb box_shadow_vertical_tablet=\u00bb0px\u00bb box_shadow_blur_tablet=\u00bb40px\u00bb box_shadow_spread_tablet=\u00bb0px\u00bb z_index_tablet=\u00bb500&#8243;]<\/p>\n<p style=\"text-align: justify;\">Estrada, I.; Mart\u00edn-Cruz, Natalia; Mart\u00edn-P\u00e9rez, V. M., (2014). <strong>To cooperate or not to cooperate?<\/strong>. Strategic Alliances for Innovation and R and D. pp.: 159-183. Information Age Publishing. ISBN-13:\u00a0978-1623966225.<\/p>\n<p>&nbsp;<\/p>\n<p style=\"text-align: justify;\">Hermano, V.; Mart\u00edn-Cruz, N., (2014). <strong>Towards Strategic Project Management.<\/strong> Managing Complexity. Challenges for Industrial Engineering and Operations Management. Colecci\u00f3n: Lecture Notes in Management and Industrial Engineering. pp.: 27-33. Springer. ISSN Colecci\u00f3n: 2198-0772. ISBN: 978\u20103\u2010319\u201004704\u20101. https:\/\/doi.org\/10.1007\/978-3-319-04705-8_3<br \/><em>Disponible en Internet en:<br \/><\/em><em><a href=\"https:\/\/link.springer.com\/content\/pdf\/10.1007%2F978-3-319-04705-8_3.pdf\" target=\"_blank\" rel=\"noopener noreferrer\">https:\/\/link.springer.com\/content\/pdf\/10.1007%2F978-3-319-04705-8_3.pdf<\/a><\/em><\/p>\n<p>&nbsp;<\/p>\n<p style=\"text-align: justify;\">Hern\u00e1ndez-Iglesias, C.; L\u00f3pez-Paredes, A.; P\u00e9rez-R\u00edos, J.; (Eds.), (2014). <strong>Managing Complexity.<\/strong> <strong>Challenges for Industrial Engineering and Operations Management.<\/strong> Colecci\u00f3n: Lecture Notes in Management and Industrial Engineering. P\u00e1ginas: 400. Springer. ISSN Colecci\u00f3n: 2198-0772. ISBN: 978-3-319-04704-1. https:\/\/doi.org\/10.1007\/978-3-319-04705-8<br \/><em>Disponible en Internet en:<br \/><\/em><em><a href=\"https:\/\/link.springer.com\/content\/pdf\/10.1007%2F978-3-319-04705-8.pdf\" target=\"_blank\" rel=\"noopener noreferrer\">https:\/\/link.springer.com\/content\/pdf\/10.1007%2F978-3-319-04705-8.pdf<\/a><\/em><\/p>\n<p>&nbsp;<\/p>\n<p style=\"text-align: justify;\">Lavios-Villahoz, J.J.; Ara\u00fazo, J.A.; Del Olmo-Mart\u00ednez, R.; Manzanedo-Del Campo, M.A., (2014). <strong>Applications of the Lagrangian Relaxation Method to Operations Scheduling. <\/strong>Managing Complexity. Challenges for Industrial Engineering and Operations Management. Colecci\u00f3n: Lecture Notes in Management and Industrial Engineering. pp.: 147-153. Springer. ISSN Colecci\u00f3n: 2198-0772. ISBN: 978\u20103\u2010319\u201004704\u20101. https:\/\/doi.org\/10.1007\/978-3-319-04705-8_17<br \/><em>Disponible en Internet en:<br \/><\/em><em><a href=\"https:\/\/link.springer.com\/content\/pdf\/10.1007%2F978-3-319-04705-8_17.pdf\" target=\"_blank\" rel=\"noopener noreferrer\">https:\/\/link.springer.com\/content\/pdf\/10.1007%2F978-3-319-04705-8_17.pdf<\/a><\/em><\/p>\n<p>&nbsp;<\/p>\n<p style=\"text-align: justify;\">Mart\u00edn-Cruz, N.; Rodr\u00edguez-Escudero, A.I., (2014). <strong>New Technologies and Entrepreneurial Intention. <\/strong>Managing Complexity. Challenges for Industrial Engineering and Operations Management. Colecci\u00f3n: Lecture Notes in Management and Industrial Engineering. pp.: 51-57. Springer. ISSN Colecci\u00f3n: 2198-0772. ISBN: 978\u20103\u2010319\u201004704\u20101. https:\/\/doi.org\/10.1007\/978-3-319-04705-8_6<br \/><em>Disponible en Internet en:<br \/><\/em><em><a href=\"https:\/\/link.springer.com\/content\/pdf\/10.1007%2F978-3-319-04705-8_6.pdf\" target=\"_blank\" rel=\"noopener noreferrer\">https:\/\/link.springer.com\/content\/pdf\/10.1007%2F978-3-319-04705-8_6.pdf<\/a><\/em><\/p>\n<p>&nbsp;<\/p>\n<p style=\"text-align: justify;\">Mart\u00ednez-Su\u00e1rez, X.L.; P\u00e9rez-R\u00edos, J., (2014) <strong>An Organizational Cybernetics approach to University Urban Planning: Four urban experiences. <\/strong>Understanding Complex Urban Systems: Multidisciplinary Approaches to Modeling. Colecci\u00f3n: Understanding Complex Systems. pp.: 103-119. Springer. ISSN Colecci\u00f3n: 1860-0840. ISBN: 978-3-319-02995-5. https:\/\/doi.org\/10.1007\/978-3-319-02996-2_7<br \/><em>Disponible en Internet en:<br \/><\/em><em><a href=\"https:\/\/link.springer.com\/content\/pdf\/10.1007%2F978-3-319-02996-2_7.pdf\" target=\"_blank\" rel=\"noopener noreferrer\">https:\/\/link.springer.com\/content\/pdf\/10.1007%2F978-3-319-02996-2_7.pdf<\/a><\/em><\/p>\n<p>&nbsp;<\/p>\n<p style=\"text-align: justify;\">P\u00e9rez-R\u00edos, J.; Velasco-Jim\u00e9nez, I.; S\u00e1nchez-Mayoral, P., (2014). <strong>How Organizational Cybernetics can help to Organize Debates on complex issues.<\/strong> Managing Complexity. Challenges for Industrial Engineering and Operations Management. Colecci\u00f3n: Lecture Notes in Management and Industrial Engineering. pp.: 289-297. Springer. ISSN Colecci\u00f3n: 2198-0772. ISBN: 978-3-319-04704-1. https:\/\/doi.org\/10.1007\/978-3-319-04705-8_35<br \/><em>Disponible en Internet en:<br \/><\/em><em><a href=\"https:\/\/link.springer.com\/content\/pdf\/10.1007%2F978-3-319-04705-8_35.pdf\" target=\"_blank\" rel=\"noopener noreferrer\">https:\/\/link.springer.com\/content\/pdf\/10.1007%2F978-3-319-04705-8_35.pdf<\/a><\/em><\/p>\n<p>&nbsp;<\/p>\n<p style=\"text-align: justify;\">Poza, D.; Del Olmo, R., (2014). <strong>Agent-Based Modelling and Archaeological Complexity.<\/strong> Managing Complexity. Challenges for Industrial Engineering and Operations Management. Colecci\u00f3n: Lecture Notes in Management and Industrial Engineering. pp.: 309-316. Springer. ISSN Colecci\u00f3n: 2198-0772. ISBN: 978-3-319-04704-1. https:\/\/doi.org\/10.1007\/978-3-319-04705-8_36<br \/><em>Disponible en Internet en:<br \/><\/em><em><a href=\"https:\/\/link.springer.com\/content\/pdf\/10.1007%2F978-3-319-04705-8_36.pdf\" target=\"_blank\" rel=\"noopener noreferrer\">https:\/\/link.springer.com\/content\/pdf\/10.1007%2F978-3-319-04705-8_36.pdf<\/a><\/em><\/p>\n<p>&nbsp;<\/p>\n<p style=\"text-align: justify;\">Ram\u00edrez, M.; Ara\u00fazo, A.; Villaf\u00e1\u00f1ez, F.A.; L\u00f3pez-Paredes, A., (2014). <strong>System of Systems Engineering for the Airport Slot Allocation Problem.<\/strong> 2014 9th International Conference on System of Systems Engineering (SoSE 2014), pp.: 201-206. IEEE. Electronic ISBN: 978-1-4799-5227-4. https:\/\/doi.org\/10.1109\/sysose.2014.6892488<br \/><em>Disponible en Internet en:<br \/><\/em><em><a href=\"https:\/\/ieeexplore.ieee.org\/stamp\/stamp.jsp?tp=&amp;arnumber=6892488\" target=\"_blank\" rel=\"noopener noreferrer\">https:\/\/ieeexplore.ieee.org\/stamp\/stamp.jsp?tp=&amp;arnumber=6892488<\/a><\/em><\/p>\n<p>&nbsp;<\/p>\n<p style=\"text-align: justify;\">Ruiz-Mart\u00edn, C.; Ram\u00edrez-Ferrero, M.; Gonz\u00e1lez-\u00c1lvarez, J.L.; Poza-Garc\u00eda, D.J., (2014). <strong>Complex N<\/strong><strong>etworks Applied to Communication Management in Emergency Crisis.<\/strong> Managing Complexity. Challenges for Industrial Engineering and Operations Management. Colecci\u00f3n: Lecture Notes in Management and Industrial Engineering. pp.: 317-324. Springer. ISSN Colecci\u00f3n: 2198-0772. ISBN: 978-3-319-04704-1. https:\/\/doi.org\/10.1007\/978-3-319-04705-8_37<br \/><em>Disponible en Internet en:<br \/><\/em><em><a href=\"https:\/\/link.springer.com\/content\/pdf\/10.1007%2F978-3-319-04705-8_37.pdf\" target=\"_blank\" rel=\"noopener noreferrer\">https:\/\/link.springer.com\/content\/pdf\/10.1007%2F978-3-319-04705-8_37.pdf<\/a><\/em><\/p>\n<p>&nbsp;<\/p>\n<p style=\"text-align: justify;\">S\u00e1iz, L.; D\u00edez, J.I.; Manzanedo, M.A.; Del Olmo, R., (2014). <strong>Predisposition of Workers to Share Knowledge: an Empirical Study.<\/strong> Managing Complexity. Challenges for Industrial Engineering and Operations Management. Colecci\u00f3n: Lecture Notes in Management and Industrial Engineering. pp.: 77-83. Springer. ISSN Colecci\u00f3n: 2198-0772. ISBN: 978-3-319-04704-1. https:\/\/doi.org\/10.1007\/978-3-319-04705-8_9<br \/><em>Disponible en Internet en:<br \/><\/em><em><a href=\"https:\/\/link.springer.com\/content\/pdf\/10.1007%2F978-3-319-04705-8_37.pdf\" target=\"_blank\" rel=\"noopener noreferrer\">https:\/\/link.springer.com\/content\/pdf\/10.1007%2F978-3-319-04705-8_37.pdf<\/a><\/em><\/p>\n<p>&nbsp;<\/p>\n<p style=\"text-align: justify;\">S\u00e1nchez-Saiz, R.M.; Gal\u00e1n, J.M.; Santos, J.I., (2014). <strong>Localization Based on Business Interactions through a Simulated Annealing Algorithm. <\/strong>Managing Complexity. Challenges for Industrial Engineering and Operations Management. Colecci\u00f3n: Lecture Notes in Management and Industrial Engineering. pp.: 325-331. Springer. ISSN Colecci\u00f3n: 2198-0772. ISBN: 978-3-319-04704-1. https:\/\/doi.org\/10.1007\/978-3-319-04705-8_38<br \/><em>Disponible en Internet en:<br \/><\/em><em><a href=\"https:\/\/link.springer.com\/content\/pdf\/10.1007%2F978-3-319-04705-8_38.pdf\" target=\"_blank\" rel=\"noopener noreferrer\">https:\/\/link.springer.com\/content\/pdf\/10.1007%2F978-3-319-04705-8_38.pdf<\/a><\/em><\/p>\n<p>&nbsp;<\/p>\n<p style=\"text-align: justify;\">Villaf\u00e1\u00f1ez, F.; L\u00f3pez-Paredes, A.; Pajares-Guti\u00e9rrez, J.; Alonso-de la Fuente-Garc\u00eda, D., (2014). <strong>From the RCPSP to the DRCMPSP: Methodological Foundations.<\/strong> The 2014 International Conference on Artificial Intelligence, 2, pp.: 599-604. CSREA Press. ISBN: 1-60132-276-3.<br \/><em>Disponible en Internet en:<br \/><\/em><em><a href=\"https:\/\/pdfs.semanticscholar.org\/c72b\/eaf0b65af044e172e757f494d35fa2587900.pdf?_ga=2.17028729.1135557031.1534934975-1082123025.1530099947\" target=\"_blank\" rel=\"noopener noreferrer\">https:\/\/pdfs.semanticscholar.org\/c72b\/eaf0b65af044e172e757f494d35fa2587900.pdf?_ga=2.17028729.1135557031.1534934975-1082123025.1530099947<\/a><\/em><\/p>\n<p>[\/et_pb_text][\/et_pb_column][et_pb_column type=\u00bb1_4&#8243; _builder_version=\u00bb3.25&#8243; custom_padding=\u00bb|||\u00bb _i=\u00bb1&#8243; _address=\u00bb1.0.1&#8243; custom_padding__hover=\u00bb|||\u00bb][et_pb_image align_tablet=\u00bbcenter\u00bb align_last_edited=\u00bbon|desktop\u00bb _builder_version=\u00bb3.23&#8243; _i=\u00bb0&#8243; _address=\u00bb1.0.1.0&#8243;]<\/p>\n<p>[\/et_pb_image][\/et_pb_column][\/et_pb_row][\/et_pb_section]<\/p>\n","protected":false},"excerpt":{"rendered":"<p>Estrada, I.; Mart\u00edn-Cruz, Natalia; Mart\u00edn-P\u00e9rez, V. M., (2014). To cooperate or not to cooperate?. Strategic Alliances for Innovation and R and D. pp.: 159-183. Information Age Publishing. ISBN-13:\u00a0978-1623966225. &nbsp; Hermano, V.; Mart\u00edn-Cruz, N., (2014). Towards Strategic Project Management. Managing Complexity. Challenges for Industrial Engineering and Operations Management. Colecci\u00f3n: Lecture Notes in Management and Industrial Engineering. [&hellip;]<\/p>\n","protected":false},"author":11,"featured_media":0,"parent":0,"menu_order":0,"comment_status":"closed","ping_status":"closed","template":"","meta":{"_et_pb_use_builder":"on","_et_pb_old_content":"","_et_gb_content_width":"","footnotes":""},"class_list":["post-6248","page","type-page","status-publish","hentry"],"_links":{"self":[{"href":"https:\/\/www.insisoc.uva.es\/index.php\/wp-json\/wp\/v2\/pages\/6248","targetHints":{"allow":["GET"]}}],"collection":[{"href":"https:\/\/www.insisoc.uva.es\/index.php\/wp-json\/wp\/v2\/pages"}],"about":[{"href":"https:\/\/www.insisoc.uva.es\/index.php\/wp-json\/wp\/v2\/types\/page"}],"author":[{"embeddable":true,"href":"https:\/\/www.insisoc.uva.es\/index.php\/wp-json\/wp\/v2\/users\/11"}],"replies":[{"embeddable":true,"href":"https:\/\/www.insisoc.uva.es\/index.php\/wp-json\/wp\/v2\/comments?post=6248"}],"version-history":[{"count":0,"href":"https:\/\/www.insisoc.uva.es\/index.php\/wp-json\/wp\/v2\/pages\/6248\/revisions"}],"wp:attachment":[{"href":"https:\/\/www.insisoc.uva.es\/index.php\/wp-json\/wp\/v2\/media?parent=6248"}],"curies":[{"name":"wp","href":"https:\/\/api.w.org\/{rel}","templated":true}]}}