{"id":6252,"date":"2018-10-29T08:23:17","date_gmt":"2018-10-29T08:23:17","guid":{"rendered":"https:\/\/www.insisoc.uva.es\/?page_id=6252"},"modified":"2020-07-18T12:22:38","modified_gmt":"2020-07-18T12:22:38","slug":"ins-book-chapters-2012","status":"publish","type":"page","link":"https:\/\/www.insisoc.uva.es\/index.php\/ins-book-chapters-2012\/","title":{"rendered":"Ins-Book Chapters 2012"},"content":{"rendered":"<p>[et_pb_section bb_built=\u00bb1&#8243; fullwidth=\u00bbon\u00bb _builder_version=\u00bb4.0.9&#8243; next_background_color=\u00bb#000000&#8243; box_shadow_horizontal_tablet=\u00bb0px\u00bb box_shadow_vertical_tablet=\u00bb0px\u00bb box_shadow_blur_tablet=\u00bb40px\u00bb box_shadow_spread_tablet=\u00bb0px\u00bb z_index_tablet=\u00bb500&#8243;][et_pb_fullwidth_header admin_label=\u00bbT\u00edtulo Book Chapters 2012&#8243; title=\u00bbBook Chapters 2012&#8243; subhead=\u00bbInsisoc has a lot of papers, which have been published on books\u00bb title_font_color=\u00bb#ffffff\u00bb subhead_font_color=\u00bb#ffffff\u00bb _builder_version=\u00bb3.12&#8243; title_text_color=\u00bb#ffffff\u00bb subhead_text_color=\u00bb#ffffff\u00bb subhead_font_size=\u00bb19px\u00bb background_size=\u00bbinitial\u00bb background_position=\u00bbtop_left\u00bb background_repeat=\u00bbrepeat\u00bb text_shadow_style=\u00bbpreset5&#8243; button_one_text_size__hover_enabled=\u00bboff\u00bb button_one_text_size__hover=\u00bbnull\u00bb button_two_text_size__hover_enabled=\u00bboff\u00bb button_two_text_size__hover=\u00bbnull\u00bb button_one_text_color__hover_enabled=\u00bboff\u00bb button_one_text_color__hover=\u00bbnull\u00bb button_two_text_color__hover_enabled=\u00bboff\u00bb button_two_text_color__hover=\u00bbnull\u00bb button_one_border_width__hover_enabled=\u00bboff\u00bb button_one_border_width__hover=\u00bbnull\u00bb button_two_border_width__hover_enabled=\u00bboff\u00bb button_two_border_width__hover=\u00bbnull\u00bb button_one_border_color__hover_enabled=\u00bboff\u00bb button_one_border_color__hover=\u00bbnull\u00bb button_two_border_color__hover_enabled=\u00bboff\u00bb button_two_border_color__hover=\u00bbnull\u00bb button_one_border_radius__hover_enabled=\u00bboff\u00bb button_one_border_radius__hover=\u00bbnull\u00bb button_two_border_radius__hover_enabled=\u00bboff\u00bb button_two_border_radius__hover=\u00bbnull\u00bb button_one_letter_spacing__hover_enabled=\u00bboff\u00bb button_one_letter_spacing__hover=\u00bbnull\u00bb button_two_letter_spacing__hover_enabled=\u00bboff\u00bb button_two_letter_spacing__hover=\u00bbnull\u00bb button_one_bg_color__hover_enabled=\u00bboff\u00bb button_one_bg_color__hover=\u00bbnull\u00bb button_two_bg_color__hover_enabled=\u00bboff\u00bb button_two_bg_color__hover=\u00bbnull\u00bb]<\/p>\n<p>[\/et_pb_fullwidth_header][et_pb_fullwidth_menu menu_id=\u00bb48&#8243; submenu_direction=\u00bbdownwards\u00bb fullwidth_menu=\u00bboff\u00bb active_link_color=\u00bb#b26200&#8243; dropdown_menu_line_color=\u00bb#6c9fc1&#8243; dropdown_menu_text_color=\u00bb#000000&#8243; mobile_menu_text_color=\u00bb#000000&#8243; _builder_version=\u00bb4.0.9&#8243; menu_font=\u00bb|700|||||||\u00bb menu_text_color=\u00bb#000000&#8243; menu_font_size=\u00bb16px\u00bb background_color=\u00bb#d7eaf4&#8243; text_orientation=\u00bbcenter\u00bb animation_style=\u00bbfade\u00bb animation_duration=\u00bb500ms\u00bb saved_tabs=\u00bball\u00bb menu_text_shadow_horizontal_length=\u00bbmenu_text_shadow_style,%91object Object%93&#8243; menu_text_shadow_horizontal_length_tablet=\u00bb0px\u00bb menu_text_shadow_vertical_length=\u00bbmenu_text_shadow_style,%91object Object%93&#8243; menu_text_shadow_vertical_length_tablet=\u00bb0px\u00bb menu_text_shadow_blur_strength=\u00bbmenu_text_shadow_style,%91object Object%93&#8243; menu_text_shadow_blur_strength_tablet=\u00bb1px\u00bb mobile_menu_bg_color=\u00bb#d7eaf4&#8243; box_shadow_horizontal_image_tablet=\u00bb0px\u00bb box_shadow_vertical_image_tablet=\u00bb0px\u00bb box_shadow_blur_image_tablet=\u00bb40px\u00bb box_shadow_spread_image_tablet=\u00bb0px\u00bb box_shadow_horizontal_tablet=\u00bb0px\u00bb box_shadow_vertical_tablet=\u00bb0px\u00bb box_shadow_blur_tablet=\u00bb40px\u00bb box_shadow_spread_tablet=\u00bb0px\u00bb z_index_tablet=\u00bb500&#8243;]<\/p>\n<p>[\/et_pb_fullwidth_menu][\/et_pb_section][et_pb_section bb_built=\u00bb1&#8243; _builder_version=\u00bb3.0.47&#8243; prev_background_color=\u00bb#000000&#8243; inner_width=\u00bb90%\u00bb inner_max_width=\u00bb1200px\u00bb][et_pb_row _builder_version=\u00bb3.0.48&#8243; background_size=\u00bbinitial\u00bb background_position=\u00bbtop_left\u00bb background_repeat=\u00bbrepeat\u00bb width=\u00bb90%\u00bb max_width=\u00bb1200px\u00bb][et_pb_column type=\u00bb3_4&#8243; custom_padding__hover=\u00bb|||\u00bb custom_padding=\u00bb|||\u00bb][et_pb_text _builder_version=\u00bb4.0.9&#8243; text_text_shadow_horizontal_length=\u00bbtext_text_shadow_style,%91object Object%93&#8243; text_text_shadow_horizontal_length_tablet=\u00bb0px\u00bb text_text_shadow_vertical_length=\u00bbtext_text_shadow_style,%91object Object%93&#8243; text_text_shadow_vertical_length_tablet=\u00bb0px\u00bb text_text_shadow_blur_strength=\u00bbtext_text_shadow_style,%91object Object%93&#8243; text_text_shadow_blur_strength_tablet=\u00bb1px\u00bb link_text_shadow_horizontal_length=\u00bblink_text_shadow_style,%91object Object%93&#8243; link_text_shadow_horizontal_length_tablet=\u00bb0px\u00bb link_text_shadow_vertical_length=\u00bblink_text_shadow_style,%91object Object%93&#8243; link_text_shadow_vertical_length_tablet=\u00bb0px\u00bb link_text_shadow_blur_strength=\u00bblink_text_shadow_style,%91object Object%93&#8243; link_text_shadow_blur_strength_tablet=\u00bb1px\u00bb ul_text_shadow_horizontal_length=\u00bbul_text_shadow_style,%91object Object%93&#8243; ul_text_shadow_horizontal_length_tablet=\u00bb0px\u00bb ul_text_shadow_vertical_length=\u00bbul_text_shadow_style,%91object Object%93&#8243; ul_text_shadow_vertical_length_tablet=\u00bb0px\u00bb ul_text_shadow_blur_strength=\u00bbul_text_shadow_style,%91object Object%93&#8243; ul_text_shadow_blur_strength_tablet=\u00bb1px\u00bb ol_text_shadow_horizontal_length=\u00bbol_text_shadow_style,%91object Object%93&#8243; ol_text_shadow_horizontal_length_tablet=\u00bb0px\u00bb ol_text_shadow_vertical_length=\u00bbol_text_shadow_style,%91object Object%93&#8243; ol_text_shadow_vertical_length_tablet=\u00bb0px\u00bb ol_text_shadow_blur_strength=\u00bbol_text_shadow_style,%91object Object%93&#8243; ol_text_shadow_blur_strength_tablet=\u00bb1px\u00bb quote_text_shadow_horizontal_length=\u00bbquote_text_shadow_style,%91object Object%93&#8243; quote_text_shadow_horizontal_length_tablet=\u00bb0px\u00bb quote_text_shadow_vertical_length=\u00bbquote_text_shadow_style,%91object Object%93&#8243; quote_text_shadow_vertical_length_tablet=\u00bb0px\u00bb quote_text_shadow_blur_strength=\u00bbquote_text_shadow_style,%91object Object%93&#8243; quote_text_shadow_blur_strength_tablet=\u00bb1px\u00bb header_text_shadow_horizontal_length=\u00bbheader_text_shadow_style,%91object Object%93&#8243; header_text_shadow_horizontal_length_tablet=\u00bb0px\u00bb header_text_shadow_vertical_length=\u00bbheader_text_shadow_style,%91object Object%93&#8243; header_text_shadow_vertical_length_tablet=\u00bb0px\u00bb header_text_shadow_blur_strength=\u00bbheader_text_shadow_style,%91object Object%93&#8243; header_text_shadow_blur_strength_tablet=\u00bb1px\u00bb header_2_text_shadow_horizontal_length=\u00bbheader_2_text_shadow_style,%91object Object%93&#8243; header_2_text_shadow_horizontal_length_tablet=\u00bb0px\u00bb header_2_text_shadow_vertical_length=\u00bbheader_2_text_shadow_style,%91object Object%93&#8243; header_2_text_shadow_vertical_length_tablet=\u00bb0px\u00bb header_2_text_shadow_blur_strength=\u00bbheader_2_text_shadow_style,%91object Object%93&#8243; header_2_text_shadow_blur_strength_tablet=\u00bb1px\u00bb header_3_text_shadow_horizontal_length=\u00bbheader_3_text_shadow_style,%91object Object%93&#8243; header_3_text_shadow_horizontal_length_tablet=\u00bb0px\u00bb header_3_text_shadow_vertical_length=\u00bbheader_3_text_shadow_style,%91object Object%93&#8243; header_3_text_shadow_vertical_length_tablet=\u00bb0px\u00bb header_3_text_shadow_blur_strength=\u00bbheader_3_text_shadow_style,%91object Object%93&#8243; header_3_text_shadow_blur_strength_tablet=\u00bb1px\u00bb header_4_text_shadow_horizontal_length=\u00bbheader_4_text_shadow_style,%91object Object%93&#8243; header_4_text_shadow_horizontal_length_tablet=\u00bb0px\u00bb header_4_text_shadow_vertical_length=\u00bbheader_4_text_shadow_style,%91object Object%93&#8243; header_4_text_shadow_vertical_length_tablet=\u00bb0px\u00bb header_4_text_shadow_blur_strength=\u00bbheader_4_text_shadow_style,%91object Object%93&#8243; header_4_text_shadow_blur_strength_tablet=\u00bb1px\u00bb header_5_text_shadow_horizontal_length=\u00bbheader_5_text_shadow_style,%91object Object%93&#8243; header_5_text_shadow_horizontal_length_tablet=\u00bb0px\u00bb header_5_text_shadow_vertical_length=\u00bbheader_5_text_shadow_style,%91object Object%93&#8243; header_5_text_shadow_vertical_length_tablet=\u00bb0px\u00bb header_5_text_shadow_blur_strength=\u00bbheader_5_text_shadow_style,%91object Object%93&#8243; header_5_text_shadow_blur_strength_tablet=\u00bb1px\u00bb header_6_text_shadow_horizontal_length=\u00bbheader_6_text_shadow_style,%91object Object%93&#8243; header_6_text_shadow_horizontal_length_tablet=\u00bb0px\u00bb header_6_text_shadow_vertical_length=\u00bbheader_6_text_shadow_style,%91object Object%93&#8243; header_6_text_shadow_vertical_length_tablet=\u00bb0px\u00bb header_6_text_shadow_blur_strength=\u00bbheader_6_text_shadow_style,%91object Object%93&#8243; header_6_text_shadow_blur_strength_tablet=\u00bb1px\u00bb box_shadow_horizontal_tablet=\u00bb0px\u00bb box_shadow_vertical_tablet=\u00bb0px\u00bb box_shadow_blur_tablet=\u00bb40px\u00bb box_shadow_spread_tablet=\u00bb0px\u00bb z_index_tablet=\u00bb500&#8243;]<\/p>\n<p style=\"text-align: justify;\">Acebes-Senovilla, F.; Paz-Calzada, M.; Pajares-Guti\u00e9rrez, J.; L\u00f3pez-Paredes, A., (2012). <strong>Duraci\u00f3n del Proyecto e Incertidumbre. <\/strong><strong>Project Durat<\/strong><strong>ion and Uncertainty<\/strong>. 6th International Conference on Industrial Engineering and Industrial Management. XVI Congreso de Ingenier\u00eda de Organizaci\u00f3n (CIO 2012). pp.: 832-839. ADINGOR.<br \/>\n<em>Disponible en Internet en:<br \/>\n<\/em><a href=\"http:\/\/adingor.es\/congresos\/web\/uploads\/cio\/cio2012\/SP_02_Gestion_de_Operaciones_y_Produccion\/832-839.pdf\" target=\"_blank\" rel=\"noopener noreferrer\"><em>http:\/\/adingor.es\/congresos\/web\/uploads\/cio\/cio2012\/SP_02_Gestion_de_Operaciones_y_Produccion\/832-839.pdf<\/em><\/a><\/p>\n<p style=\"text-align: center;\"><em>\u00a0<\/em><\/p>\n<p style=\"text-align: justify;\">Acebes, F.; Paz, M.; Pajares, J.; L\u00f3pez-Paredes, A., (2012).<strong> Sensibilidad de la duraci\u00f3n del proyecto respecto a la duraci\u00f3n de las actividades. <\/strong>Best Practices in Project Management. Project Based Organizations in a Project Based Economy. pp.: 111-118. INSISOC. ISBN: 978-84-616-0627-6.<\/p>\n<p style=\"text-align: center;\"><em>\u00a0<\/em><\/p>\n<p style=\"text-align: justify;\">Hermano, V.; Mart\u00edn-Cruz, N., (2012).<strong> Project management and dynamic capabilities: Establishing the foundations of an integrative theoretical framework. <\/strong>Best Practices in Project Management. Project Based Organizations in a Project Based Economy. pp.: 35-50. INSISOC. ISBN: 978-84-616-0627-6.<\/p>\n<p>&nbsp;<\/p>\n<p style=\"text-align: justify;\">Mart\u00edn-Cruz, N.; G\u00e1mez-Alcalde, C., (2012).\u00a0<strong>La discriminaci\u00f3n laboral de las personas con discapacidad. An\u00e1lisis de las medidas adoptadas para la igualdad de oportunidades.<\/strong> Al descubierto el poder democr\u00e1tico de los medios. pp.: 73-92. Editorial Fragua.<\/p>\n<p style=\"text-align: center;\"><em>\u00a0<\/em><\/p>\n<p style=\"text-align: justify;\">Pajares-Guti\u00e9rrez, J.; L\u00f3pez-Paredes, A.; (Eds.), (2012). <strong>Best Practices in Project Management. Project Based Organizations in a Project Based Economy.<\/strong> P\u00e1ginas: 139. INSISOC. ISBN: 978-84-616-0627-6.<\/p>\n<p>&nbsp;<\/p>\n<p style=\"text-align: justify;\">P\u00e9rez-R\u00edos, J.M., (2012). <strong>Design and Diagnosis for Sustainable Organizations: The Viable System Method.<\/strong> P\u00e1ginas: 267. Springer. ISBN: 978-3-642-22317-4. https:\/\/doi.org\/10.1007\/978-3-642-22318-1<\/p>\n<p>&nbsp;<\/p>\n<p style=\"text-align: justify;\">P\u00e9rez-R\u00edos, J.; Mart\u00ednez-Su\u00e1rez, X.L., (2012). <strong>Organizational Cybernetics and Urb<\/strong><strong>an Planning: The case of the University of A Coru\u00f1a. <\/strong>Systemic Management for Intelligent Organizations: Concepts, Model-Based Approaches, and Applications. pp.: 211-225. Springer. ISBN: 978-3-642-29243-9. https:\/\/doi.org\/10.1007\/978-3-642-29244-6_12<\/p>\n<p>&nbsp;<\/p>\n<p style=\"text-align: justify;\">P\u00e9rez-R\u00edos, J.; Mart\u00ednez-Su\u00e1rez, X.L., (2012). <strong>(Anex: Actions and Recursion levels). Organizational Cybernetics and Urban Planning: The Case of the University of A Coru\u00f1a. <\/strong>Systemic Management for Intelligent Organizations: Concepts, Model-Based Approaches, and Applications. pp.: 1-19. Springer. ISBN: 978-3-642-29243-9.<\/p>\n<p>&nbsp;<\/p>\n<p style=\"text-align: justify;\">S\u00e1nchez-Mayoral, P.; Velasco-Jim\u00e9nez, I.; P\u00e9rez-R\u00edos, J., (2012). <strong>Un entorno sist\u00e9mico de aprendizaje sobre complejidad<\/strong>. 6th International Conference on Industrial Engineering and Industrial Management. XVI Congreso de Ingenier\u00eda de Organizaci\u00f3n (CIO 2012). pp.: 1296-1303. ADINGOR.<br \/>\n<em>Disponible en Internet en:<br \/>\n<\/em><a href=\"http:\/\/adingor.es\/congresos\/web\/uploads\/cio\/cio2012\/SP_05_Innovacion_docente\/\/1296-1303.pdf\" target=\"_blank\" rel=\"noopener noreferrer\"><em>http:\/\/adingor.es\/congresos\/web\/uploads\/cio\/cio2012\/SP_05_Innovacion_docente\/\/1296-1303.pdf<\/em><\/a><\/p>\n<p>&nbsp;<\/p>\n<p style=\"text-align: justify;\">S\u00e1nchez-Saiz, R.M.; Gal\u00e1n-Ordax, J.M.; Santos-Mart\u00edn, J.I.; Izquierdo-Mill\u00e1n, L.R., (2012). <strong>Localizaci\u00f3n basada en interacciones entre negocios mediante un algoritmo gen\u00e9tico simple<\/strong>. 6th International Conference on Industrial Engineering and Industrial Management. XVI Congreso de Ingenier\u00eda de Organizaci\u00f3n (CIO 2012). pp.: 911-918. ADINGOR.<br \/>\n<em>Disponible en Internet en:<br \/>\n<\/em><a href=\"http:\/\/adingor.es\/congresos\/web\/uploads\/cio\/cio2012\/SP_02_Gestion_de_Operaciones_y_Produccion\/\/911-918.pdf\" target=\"_blank\" rel=\"noopener noreferrer\"><em>http:\/\/adingor.es\/congresos\/web\/uploads\/cio\/cio2012\/SP_02_Gestion_de_Operaciones_y_Produccion\/\/911-918.pdf<\/em><\/a><\/p>\n<p>&nbsp;<\/p>\n<p style=\"text-align: justify;\">Velasco-Jim\u00e9nez, I.; P\u00e9rez-R\u00edos, J.; S\u00e1nchez-Mayoral, P., (2012). <strong>La sintegraci\u00f3n de equipos como herramienta para la definici\u00f3n de requisitos de un proyecto. <\/strong>Best Practices in Project Management. Project Bases Organizations in a Project Based Economy. pp.: 119-126. INSISOC. ISBN: 978-84-616-0627-6.<\/p>\n<p>[\/et_pb_text][\/et_pb_column][et_pb_column type=\u00bb1_4&#8243; custom_padding__hover=\u00bb|||\u00bb custom_padding=\u00bb|||\u00bb][et_pb_image _builder_version=\u00bb3.12&#8243; text_orientation=\u00bbleft\u00bb align_last_edited=\u00bbon|desktop\u00bb align_tablet=\u00bbcenter\u00bb]<\/p>\n<p>[\/et_pb_image][\/et_pb_column][\/et_pb_row][\/et_pb_section]<\/p>\n","protected":false},"excerpt":{"rendered":"<p>Acebes-Senovilla, F.; Paz-Calzada, M.; Pajares-Guti\u00e9rrez, J.; L\u00f3pez-Paredes, A., (2012). Duraci\u00f3n del Proyecto e Incertidumbre. Project Duration and Uncertainty. 6th International Conference on Industrial Engineering and Industrial Management. XVI Congreso de Ingenier\u00eda de Organizaci\u00f3n (CIO 2012). pp.: 832-839. ADINGOR. Disponible en Internet en: http:\/\/adingor.es\/congresos\/web\/uploads\/cio\/cio2012\/SP_02_Gestion_de_Operaciones_y_Produccion\/832-839.pdf \u00a0 Acebes, F.; Paz, M.; Pajares, J.; L\u00f3pez-Paredes, A., (2012). Sensibilidad de [&hellip;]<\/p>\n","protected":false},"author":11,"featured_media":0,"parent":0,"menu_order":0,"comment_status":"closed","ping_status":"closed","template":"","meta":{"_et_pb_use_builder":"on","_et_pb_old_content":"","_et_gb_content_width":"","footnotes":""},"class_list":["post-6252","page","type-page","status-publish","hentry"],"_links":{"self":[{"href":"https:\/\/www.insisoc.uva.es\/index.php\/wp-json\/wp\/v2\/pages\/6252","targetHints":{"allow":["GET"]}}],"collection":[{"href":"https:\/\/www.insisoc.uva.es\/index.php\/wp-json\/wp\/v2\/pages"}],"about":[{"href":"https:\/\/www.insisoc.uva.es\/index.php\/wp-json\/wp\/v2\/types\/page"}],"author":[{"embeddable":true,"href":"https:\/\/www.insisoc.uva.es\/index.php\/wp-json\/wp\/v2\/users\/11"}],"replies":[{"embeddable":true,"href":"https:\/\/www.insisoc.uva.es\/index.php\/wp-json\/wp\/v2\/comments?post=6252"}],"version-history":[{"count":0,"href":"https:\/\/www.insisoc.uva.es\/index.php\/wp-json\/wp\/v2\/pages\/6252\/revisions"}],"wp:attachment":[{"href":"https:\/\/www.insisoc.uva.es\/index.php\/wp-json\/wp\/v2\/media?parent=6252"}],"curies":[{"name":"wp","href":"https:\/\/api.w.org\/{rel}","templated":true}]}}