{"id":6258,"date":"2018-10-29T08:35:44","date_gmt":"2018-10-29T08:35:44","guid":{"rendered":"https:\/\/www.insisoc.uva.es\/?page_id=6258"},"modified":"2020-07-18T12:21:12","modified_gmt":"2020-07-18T12:21:12","slug":"ins-book-chapters-2009","status":"publish","type":"page","link":"https:\/\/www.insisoc.uva.es\/index.php\/ins-book-chapters-2009\/","title":{"rendered":"Ins-Book Chapters 2009"},"content":{"rendered":"<p>[et_pb_section bb_built=\u00bb1&#8243; fullwidth=\u00bbon\u00bb _builder_version=\u00bb3.22&#8243; _i=\u00bb0&#8243; _address=\u00bb0&#8243; next_background_color=\u00bb#000000&#8243;][et_pb_fullwidth_header admin_label=\u00bbT\u00edtulo Book Chapters 2009&#8243; title=\u00bbBook Chapters 2009&#8243; subhead=\u00bbInsisoc has a lot of papers, which have been published on books\u00bb title_font_color=\u00bb#ffffff\u00bb subhead_font_color=\u00bb#ffffff\u00bb _builder_version=\u00bb3.16&#8243; title_text_color=\u00bb#ffffff\u00bb subhead_text_color=\u00bb#ffffff\u00bb subhead_font_size=\u00bb19px\u00bb background_size=\u00bbinitial\u00bb background_position=\u00bbtop_left\u00bb background_repeat=\u00bbrepeat\u00bb text_shadow_style=\u00bbpreset5&#8243; _i=\u00bb0&#8243; _address=\u00bb0.0&#8243; button_one_text_size__hover_enabled=\u00bboff\u00bb button_two_text_size__hover_enabled=\u00bboff\u00bb button_one_text_color__hover_enabled=\u00bboff\u00bb button_two_text_color__hover_enabled=\u00bboff\u00bb button_one_border_width__hover_enabled=\u00bboff\u00bb button_two_border_width__hover_enabled=\u00bboff\u00bb button_one_border_color__hover_enabled=\u00bboff\u00bb button_two_border_color__hover_enabled=\u00bboff\u00bb button_one_border_radius__hover_enabled=\u00bboff\u00bb button_two_border_radius__hover_enabled=\u00bboff\u00bb button_one_letter_spacing__hover_enabled=\u00bboff\u00bb button_two_letter_spacing__hover_enabled=\u00bboff\u00bb button_one_bg_color__hover_enabled=\u00bboff\u00bb button_two_bg_color__hover_enabled=\u00bboff\u00bb]<\/p>\n<p>[\/et_pb_fullwidth_header][et_pb_fullwidth_menu menu_id=\u00bb48&#8243; submenu_direction=\u00bbdownwards\u00bb fullwidth_menu=\u00bboff\u00bb active_link_color=\u00bb#b26200&#8243; dropdown_menu_line_color=\u00bb#6c9fc1&#8243; dropdown_menu_text_color=\u00bb#000000&#8243; mobile_menu_text_color=\u00bb#000000&#8243; _builder_version=\u00bb4.0.9&#8243; menu_font=\u00bb|700|||||||\u00bb menu_text_color=\u00bb#000000&#8243; menu_font_size=\u00bb16px\u00bb background_color=\u00bb#d7eaf4&#8243; text_orientation=\u00bbcenter\u00bb animation_style=\u00bbfade\u00bb animation_duration=\u00bb500ms\u00bb saved_tabs=\u00bball\u00bb _i=\u00bb1&#8243; _address=\u00bb0.1&#8243; menu_text_shadow_horizontal_length=\u00bbmenu_text_shadow_style,%91object Object%93&#8243; menu_text_shadow_horizontal_length_tablet=\u00bb0px\u00bb menu_text_shadow_vertical_length=\u00bbmenu_text_shadow_style,%91object Object%93&#8243; menu_text_shadow_vertical_length_tablet=\u00bb0px\u00bb menu_text_shadow_blur_strength=\u00bbmenu_text_shadow_style,%91object Object%93&#8243; menu_text_shadow_blur_strength_tablet=\u00bb1px\u00bb mobile_menu_bg_color=\u00bb#d7eaf4&#8243; box_shadow_horizontal_image_tablet=\u00bb0px\u00bb box_shadow_vertical_image_tablet=\u00bb0px\u00bb box_shadow_blur_image_tablet=\u00bb40px\u00bb box_shadow_spread_image_tablet=\u00bb0px\u00bb box_shadow_horizontal_tablet=\u00bb0px\u00bb box_shadow_vertical_tablet=\u00bb0px\u00bb box_shadow_blur_tablet=\u00bb40px\u00bb box_shadow_spread_tablet=\u00bb0px\u00bb z_index_tablet=\u00bb500&#8243;]<\/p>\n<p>[\/et_pb_fullwidth_menu][\/et_pb_section][et_pb_section bb_built=\u00bb1&#8243; _builder_version=\u00bb3.22&#8243; _i=\u00bb1&#8243; _address=\u00bb1&#8243; prev_background_color=\u00bb#000000&#8243;][et_pb_row _builder_version=\u00bb3.25&#8243; background_size=\u00bbinitial\u00bb background_position=\u00bbtop_left\u00bb background_repeat=\u00bbrepeat\u00bb _i=\u00bb0&#8243; _address=\u00bb1.0&#8243; column_structure=\u00bb3_4,1_4&#8243;][et_pb_column type=\u00bb3_4&#8243; _builder_version=\u00bb3.25&#8243; custom_padding=\u00bb|||\u00bb _i=\u00bb0&#8243; _address=\u00bb1.0.0&#8243; custom_padding__hover=\u00bb|||\u00bb][et_pb_text _builder_version=\u00bb4.0.9&#8243; _i=\u00bb0&#8243; _address=\u00bb1.0.0.0&#8243; text_text_shadow_horizontal_length=\u00bbtext_text_shadow_style,%91object Object%93&#8243; text_text_shadow_horizontal_length_tablet=\u00bb0px\u00bb text_text_shadow_vertical_length=\u00bbtext_text_shadow_style,%91object Object%93&#8243; text_text_shadow_vertical_length_tablet=\u00bb0px\u00bb text_text_shadow_blur_strength=\u00bbtext_text_shadow_style,%91object Object%93&#8243; text_text_shadow_blur_strength_tablet=\u00bb1px\u00bb link_text_shadow_horizontal_length=\u00bblink_text_shadow_style,%91object Object%93&#8243; link_text_shadow_horizontal_length_tablet=\u00bb0px\u00bb link_text_shadow_vertical_length=\u00bblink_text_shadow_style,%91object Object%93&#8243; link_text_shadow_vertical_length_tablet=\u00bb0px\u00bb link_text_shadow_blur_strength=\u00bblink_text_shadow_style,%91object Object%93&#8243; link_text_shadow_blur_strength_tablet=\u00bb1px\u00bb ul_text_shadow_horizontal_length=\u00bbul_text_shadow_style,%91object Object%93&#8243; ul_text_shadow_horizontal_length_tablet=\u00bb0px\u00bb ul_text_shadow_vertical_length=\u00bbul_text_shadow_style,%91object Object%93&#8243; ul_text_shadow_vertical_length_tablet=\u00bb0px\u00bb ul_text_shadow_blur_strength=\u00bbul_text_shadow_style,%91object Object%93&#8243; ul_text_shadow_blur_strength_tablet=\u00bb1px\u00bb ol_text_shadow_horizontal_length=\u00bbol_text_shadow_style,%91object Object%93&#8243; ol_text_shadow_horizontal_length_tablet=\u00bb0px\u00bb ol_text_shadow_vertical_length=\u00bbol_text_shadow_style,%91object Object%93&#8243; ol_text_shadow_vertical_length_tablet=\u00bb0px\u00bb ol_text_shadow_blur_strength=\u00bbol_text_shadow_style,%91object Object%93&#8243; ol_text_shadow_blur_strength_tablet=\u00bb1px\u00bb quote_text_shadow_horizontal_length=\u00bbquote_text_shadow_style,%91object Object%93&#8243; quote_text_shadow_horizontal_length_tablet=\u00bb0px\u00bb quote_text_shadow_vertical_length=\u00bbquote_text_shadow_style,%91object Object%93&#8243; quote_text_shadow_vertical_length_tablet=\u00bb0px\u00bb quote_text_shadow_blur_strength=\u00bbquote_text_shadow_style,%91object Object%93&#8243; quote_text_shadow_blur_strength_tablet=\u00bb1px\u00bb header_text_shadow_horizontal_length=\u00bbheader_text_shadow_style,%91object Object%93&#8243; header_text_shadow_horizontal_length_tablet=\u00bb0px\u00bb header_text_shadow_vertical_length=\u00bbheader_text_shadow_style,%91object Object%93&#8243; header_text_shadow_vertical_length_tablet=\u00bb0px\u00bb header_text_shadow_blur_strength=\u00bbheader_text_shadow_style,%91object Object%93&#8243; header_text_shadow_blur_strength_tablet=\u00bb1px\u00bb header_2_text_shadow_horizontal_length=\u00bbheader_2_text_shadow_style,%91object Object%93&#8243; header_2_text_shadow_horizontal_length_tablet=\u00bb0px\u00bb header_2_text_shadow_vertical_length=\u00bbheader_2_text_shadow_style,%91object Object%93&#8243; header_2_text_shadow_vertical_length_tablet=\u00bb0px\u00bb header_2_text_shadow_blur_strength=\u00bbheader_2_text_shadow_style,%91object Object%93&#8243; header_2_text_shadow_blur_strength_tablet=\u00bb1px\u00bb header_3_text_shadow_horizontal_length=\u00bbheader_3_text_shadow_style,%91object Object%93&#8243; header_3_text_shadow_horizontal_length_tablet=\u00bb0px\u00bb header_3_text_shadow_vertical_length=\u00bbheader_3_text_shadow_style,%91object Object%93&#8243; header_3_text_shadow_vertical_length_tablet=\u00bb0px\u00bb header_3_text_shadow_blur_strength=\u00bbheader_3_text_shadow_style,%91object Object%93&#8243; header_3_text_shadow_blur_strength_tablet=\u00bb1px\u00bb header_4_text_shadow_horizontal_length=\u00bbheader_4_text_shadow_style,%91object Object%93&#8243; header_4_text_shadow_horizontal_length_tablet=\u00bb0px\u00bb header_4_text_shadow_vertical_length=\u00bbheader_4_text_shadow_style,%91object Object%93&#8243; header_4_text_shadow_vertical_length_tablet=\u00bb0px\u00bb header_4_text_shadow_blur_strength=\u00bbheader_4_text_shadow_style,%91object Object%93&#8243; header_4_text_shadow_blur_strength_tablet=\u00bb1px\u00bb header_5_text_shadow_horizontal_length=\u00bbheader_5_text_shadow_style,%91object Object%93&#8243; header_5_text_shadow_horizontal_length_tablet=\u00bb0px\u00bb header_5_text_shadow_vertical_length=\u00bbheader_5_text_shadow_style,%91object Object%93&#8243; header_5_text_shadow_vertical_length_tablet=\u00bb0px\u00bb header_5_text_shadow_blur_strength=\u00bbheader_5_text_shadow_style,%91object Object%93&#8243; header_5_text_shadow_blur_strength_tablet=\u00bb1px\u00bb header_6_text_shadow_horizontal_length=\u00bbheader_6_text_shadow_style,%91object Object%93&#8243; header_6_text_shadow_horizontal_length_tablet=\u00bb0px\u00bb header_6_text_shadow_vertical_length=\u00bbheader_6_text_shadow_style,%91object Object%93&#8243; header_6_text_shadow_vertical_length_tablet=\u00bb0px\u00bb header_6_text_shadow_blur_strength=\u00bbheader_6_text_shadow_style,%91object Object%93&#8243; header_6_text_shadow_blur_strength_tablet=\u00bb1px\u00bb box_shadow_horizontal_tablet=\u00bb0px\u00bb box_shadow_vertical_tablet=\u00bb0px\u00bb box_shadow_blur_tablet=\u00bb40px\u00bb box_shadow_spread_tablet=\u00bb0px\u00bb z_index_tablet=\u00bb500&#8243;]<\/p>\n<p style=\"text-align: justify;\">Ara\u00fazo, J.A.; Gal\u00e1n, J.M.; Pajares, J.; L\u00f3pez-Paredes, A., (2009). <strong>Online Scheduling in Multi-project Environments: A Multi-agent Approach. <\/strong>7th International Conference on Practical Applications of Agents and Multi-Agent Systems (PAAMS 2009). Colecci\u00f3n: Advances in Intelligent and Soft Computing, 55, pp.: 293-301. Springer. ISSN Colecci\u00f3n: 1867-5662. ISBN: 978-3-642-00486-5. https:\/\/doi.org\/10.1007\/978-3-642-00487-2_31<br \/>\n<em>Disponible en Internet en:<br \/>\n<\/em><em><a href=\"https:\/\/link.springer.com\/content\/pdf\/10.1007%2F978-3-642-00487-2_31.pdf\" target=\"_blank\" rel=\"noopener noreferrer\">https:\/\/link.springer.com\/content\/pdf\/10.1007%2F978-3-642-00487-2_31.pdf<\/a><\/em><\/p>\n<p>&nbsp;<\/p>\n<p style=\"text-align: justify;\">Ara\u00fazo, J.; Pajares, J.; Paredes, A.; Pav\u00f3n, J., (2009). <strong>Agent-based modeling and simulation of multi-project Scheduling. <\/strong>Proceedings of the Second Multi-Agent Logics, Languages, and Organisations Federated Workshops (MALLOW\u2019009), 494-45, pp.: 347-353. CEUR Workshop Proceedings. ISSN:\u00a0 1613-0073. http:\/\/ceur-ws.org\/Vol-494\/<br \/>\n<em>Disponible en Internet:<br \/>\n<\/em><em><a href=\"http:\/\/ceur-ws.org\/Vol-494\/masspaper8.pdf\">http:\/\/ceur-ws.org\/Vol-494\/masspaper8.pdf<\/a><\/em><\/p>\n<p>&nbsp;<\/p>\n<p style=\"text-align: justify;\">Hassan, S.; Fuentes-Fern\u00e1ndez, R.; Gal\u00e1n, J.M.; L\u00f3pez-Paredes, A.; Pav\u00f3n, J., (2009). <strong>Reducing the Modeling Gap: On the use of metamodels in agent-based simulation. <\/strong>Conference Proceedings. The 6th Conference of the European Social Simulation Association. The European Social Simulation Association. ISBN: 1-84469-017-2.<\/p>\n<p>&nbsp;<\/p>\n<p style=\"text-align: justify;\">Hern\u00e1ndez, C.; Posada, M.; L\u00f3pez-Paredes, A.; (Eds.), (2009). <strong>Artificial Economics.<\/strong> <strong>The Generative Method in Economics.<\/strong> Colecci\u00f3n: Lecture Notes in Economics and Mathematical Systems, 631. P\u00e1ginas: 268. Springer. ISSN Colecci\u00f3n: 0075-8442. ISBN: 978-3-642-02955-4. https:\/\/doi.org\/10.1007\/978-3-642-02956-1<\/p>\n<p>&nbsp;<\/p>\n<p style=\"text-align: justify;\">L\u00f3pez-Paredes, A.; Pajares-Guti\u00e9rrez, J., (2009). <strong>Cuadernos T\u00e9cnicos de Direcci\u00f3n de Proyectos.<\/strong> P\u00e1ginas: 230. INSISOC. BPMSAT. ISBN: 978-84-613-0034-1.<\/p>\n<p>&nbsp;<\/p>\n<p style=\"text-align: justify;\">L\u00f3pez-Paredes, A.; Pav\u00f3n, J., (2009). <strong>Agent Based Simulation for the Study of Complex Social Systems.<\/strong> Education, Research and Business Technologies. Academy of Economic Studies. ASE Printing House. ISBN: 978-606-505-172-2.<br \/>\n<em>Disponible en Internet en:<br \/>\n<\/em><em><a href=\"https:\/\/pdfs.semanticscholar.org\/0d3a\/f81ecb4e3f92ac7599a23c31c41660feedb4.pdf?_ga=2.188501352.1584189234.1536221000-1082123025.1530099947\" target=\"_blank\" rel=\"noopener noreferrer\">https:\/\/pdfs.semanticscholar.org\/0d3a\/f81ecb4e3f92ac7599a23c31c41660feedb4.pdf?_ga=2.188501352.1584189234.1536221000-1082123025.1530099947<\/a><\/em><\/p>\n<p>&nbsp;<\/p>\n<p style=\"text-align: justify;\">Pajares, J.; L\u00f3pez, A.; Ara\u00fazo, A.; Hern\u00e1ndez, C., (2009). <strong>Project Portfolio Management, selection and scheduling. Bridging the gap between strategy and operations.<\/strong> 3rd International Conference on Industrial Engineering and Industrial Management &#8211; XIII Congreso de Ingenier\u00eda de Organizaci\u00f3n (CIO 2009). pp.: 1421-1429. ADINGOR.<br \/>\n<em>Disponible en Internet en:<br \/>\n<\/em><a href=\"http:\/\/adingor.es\/congresos\/web\/uploads\/cio\/cio2009\/1421-1429.pdf\" target=\"_blank\" rel=\"noopener noreferrer\"><em>http:\/\/adingor.es\/congresos\/web\/uploads\/cio\/cio2009\/1421-1429.pdf<\/em><\/a><\/p>\n<p>&nbsp;<\/p>\n<p style=\"text-align: justify;\">Pascual, J.A.; Pajares, J., (2009). <strong>A Generative Approach on the Relationship between Trading Volume, Prices, Returns and Volatility of Financial Assets. <\/strong>Artificial Economics. The Generative Method in Economics. Colecci\u00f3n: Lecture Notes in Economics and Mathematical Systems, 631, pp.: 185-196. Springer. ISSN Colecci\u00f3n: 0075-8442. ISBN: 978-3-642-02955-4. https:\/\/doi.org\/10.1007\/978-3-642-02956-1_15<\/p>\n<p>&nbsp;<\/p>\n<p style=\"text-align: justify;\">Poza-Garc\u00eda, D.J.; Villaf\u00e1\u00f1ez-Carde\u00f1oso, F.A.; Pajares-Guti\u00e9rrez, J.; L\u00f3pez-Paredes, A.; Hern\u00e1ndez-Iglesias, C., (2009). <strong>New insights on the Emergence of Classes Model. <\/strong>Conference Proceedings. The 6th Conference of the European Social Simulation Association. The European Social Simulation Association. ISBN: 1-84469-017-2.<\/p>\n<p>&nbsp;<\/p>\n<p style=\"text-align: justify;\">Poza-Garc\u00eda, D.J.; Villaf\u00e1\u00f1ez-Carde\u00f1oso, F.A.; Pajares-Guti\u00e9rrez, J., (2009). <strong>Impact of tag recognition in economic decisions.<\/strong> Artificial Economics. The Generative Method in Economics. Colecci\u00f3n: Lecture Notes in Economics and Mathematical Systems, 631, pp.: 245-256. Springer. ISSN Colecci\u00f3n: 0075-8442. ISBN: 978-3-642-02955-4. https:\/\/doi.org\/10.1007\/978-3-642-02956-1_20<\/p>\n<p>&nbsp;<\/p>\n<p style=\"text-align: justify;\">Santos-Mart\u00edn, J.I.; Gal\u00e1n-Ordax, J.M.; Izquierdo-Mill\u00e1n, L.R.; Del Olmo-Mart\u00ednez, R., (2009). <strong>Red de coautor\u00edas del 2sd International Conference on Industrial Engineering and Industrial Management \u2013 CIO2008. <\/strong>3rd International Conference on Industrial Engineering and Industrial Management &#8211; XIII Congreso de Ingenier\u00eda de Organizaci\u00f3n (CIO 2009). pp.: 1799-1808. ADINGOR.<br \/>\n<em>Disponible en Internet en:<br \/>\n<\/em><a href=\"http:\/\/adingor.es\/congresos\/web\/uploads\/cio\/cio2009\/1799-1808.pdf\" target=\"_blank\" rel=\"noopener noreferrer\"><em>http:\/\/adingor.es\/congresos\/web\/uploads\/cio\/cio2009\/1799-1808.pdf<\/em><\/a><\/p>\n<p style=\"text-align: center;\"><strong>\u00a0<\/strong><\/p>\n<p style=\"text-align: justify;\">Santos, J.I.; Del Olmo, R.; Pajares, J., (2009). <strong>Selection Processes in a Monopolistic Competition Market<\/strong><strong>.<\/strong> Artificial Economics. The Generative Method in Economics. Colecci\u00f3n: Lecture Notes in Economics and Mathematical Systems, 631, pp.: 67-77. Springer. ISSN Colecci\u00f3n: 0075-8442. ISBN: 978-3-642-02955-4. https:\/\/doi.org\/10.1007\/978-3-642-02956-1_6<\/p>\n<p>[\/et_pb_text][\/et_pb_column][et_pb_column type=\u00bb1_4&#8243; _builder_version=\u00bb3.25&#8243; custom_padding=\u00bb|||\u00bb _i=\u00bb1&#8243; _address=\u00bb1.0.1&#8243; custom_padding__hover=\u00bb|||\u00bb][et_pb_image align_tablet=\u00bbcenter\u00bb align_last_edited=\u00bbon|desktop\u00bb _builder_version=\u00bb3.23&#8243; _i=\u00bb0&#8243; _address=\u00bb1.0.1.0&#8243;]<\/p>\n<p>[\/et_pb_image][\/et_pb_column][\/et_pb_row][\/et_pb_section]<\/p>\n","protected":false},"excerpt":{"rendered":"<p>Ara\u00fazo, J.A.; Gal\u00e1n, J.M.; Pajares, J.; L\u00f3pez-Paredes, A., (2009). Online Scheduling in Multi-project Environments: A Multi-agent Approach. 7th International Conference on Practical Applications of Agents and Multi-Agent Systems (PAAMS 2009). Colecci\u00f3n: Advances in Intelligent and Soft Computing, 55, pp.: 293-301. Springer. ISSN Colecci\u00f3n: 1867-5662. ISBN: 978-3-642-00486-5. https:\/\/doi.org\/10.1007\/978-3-642-00487-2_31 Disponible en Internet en: https:\/\/link.springer.com\/content\/pdf\/10.1007%2F978-3-642-00487-2_31.pdf &nbsp; Ara\u00fazo, J.; [&hellip;]<\/p>\n","protected":false},"author":11,"featured_media":0,"parent":0,"menu_order":0,"comment_status":"closed","ping_status":"closed","template":"","meta":{"_et_pb_use_builder":"on","_et_pb_old_content":"","_et_gb_content_width":"","footnotes":""},"class_list":["post-6258","page","type-page","status-publish","hentry"],"_links":{"self":[{"href":"https:\/\/www.insisoc.uva.es\/index.php\/wp-json\/wp\/v2\/pages\/6258","targetHints":{"allow":["GET"]}}],"collection":[{"href":"https:\/\/www.insisoc.uva.es\/index.php\/wp-json\/wp\/v2\/pages"}],"about":[{"href":"https:\/\/www.insisoc.uva.es\/index.php\/wp-json\/wp\/v2\/types\/page"}],"author":[{"embeddable":true,"href":"https:\/\/www.insisoc.uva.es\/index.php\/wp-json\/wp\/v2\/users\/11"}],"replies":[{"embeddable":true,"href":"https:\/\/www.insisoc.uva.es\/index.php\/wp-json\/wp\/v2\/comments?post=6258"}],"version-history":[{"count":0,"href":"https:\/\/www.insisoc.uva.es\/index.php\/wp-json\/wp\/v2\/pages\/6258\/revisions"}],"wp:attachment":[{"href":"https:\/\/www.insisoc.uva.es\/index.php\/wp-json\/wp\/v2\/media?parent=6258"}],"curies":[{"name":"wp","href":"https:\/\/api.w.org\/{rel}","templated":true}]}}