{"id":6262,"date":"2018-10-29T09:06:28","date_gmt":"2018-10-29T09:06:28","guid":{"rendered":"https:\/\/www.insisoc.uva.es\/?page_id=6262"},"modified":"2020-07-18T12:20:29","modified_gmt":"2020-07-18T12:20:29","slug":"ins-book-chapters-2007","status":"publish","type":"page","link":"https:\/\/www.insisoc.uva.es\/index.php\/ins-book-chapters-2007\/","title":{"rendered":"Ins-Book Chapters 2007"},"content":{"rendered":"<p>[et_pb_section bb_built=\u00bb1&#8243; fullwidth=\u00bbon\u00bb _builder_version=\u00bb3.0.47&#8243; next_background_color=\u00bb#000000&#8243; inner_width=\u00bb90%\u00bb inner_max_width=\u00bb1200px\u00bb][et_pb_fullwidth_header admin_label=\u00bbT\u00edtulo Book Chapters 2007&#8243; title=\u00bbBook Chapters 2007&#8243; subhead=\u00bbInsisoc has a lot of papers, which have been published on books\u00bb title_font_color=\u00bb#ffffff\u00bb subhead_font_color=\u00bb#ffffff\u00bb _builder_version=\u00bb3.12&#8243; title_text_color=\u00bb#ffffff\u00bb subhead_text_color=\u00bb#ffffff\u00bb subhead_font_size=\u00bb19px\u00bb background_size=\u00bbinitial\u00bb background_position=\u00bbtop_left\u00bb background_repeat=\u00bbrepeat\u00bb text_shadow_style=\u00bbpreset5&#8243; button_one_text_size__hover_enabled=\u00bboff\u00bb button_one_text_size__hover=\u00bbnull\u00bb button_two_text_size__hover_enabled=\u00bboff\u00bb button_two_text_size__hover=\u00bbnull\u00bb button_one_text_color__hover_enabled=\u00bboff\u00bb button_one_text_color__hover=\u00bbnull\u00bb button_two_text_color__hover_enabled=\u00bboff\u00bb button_two_text_color__hover=\u00bbnull\u00bb button_one_border_width__hover_enabled=\u00bboff\u00bb button_one_border_width__hover=\u00bbnull\u00bb button_two_border_width__hover_enabled=\u00bboff\u00bb button_two_border_width__hover=\u00bbnull\u00bb button_one_border_color__hover_enabled=\u00bboff\u00bb button_one_border_color__hover=\u00bbnull\u00bb button_two_border_color__hover_enabled=\u00bboff\u00bb button_two_border_color__hover=\u00bbnull\u00bb button_one_border_radius__hover_enabled=\u00bboff\u00bb button_one_border_radius__hover=\u00bbnull\u00bb button_two_border_radius__hover_enabled=\u00bboff\u00bb button_two_border_radius__hover=\u00bbnull\u00bb button_one_letter_spacing__hover_enabled=\u00bboff\u00bb button_one_letter_spacing__hover=\u00bbnull\u00bb button_two_letter_spacing__hover_enabled=\u00bboff\u00bb button_two_letter_spacing__hover=\u00bbnull\u00bb button_one_bg_color__hover_enabled=\u00bboff\u00bb button_one_bg_color__hover=\u00bbnull\u00bb button_two_bg_color__hover_enabled=\u00bboff\u00bb button_two_bg_color__hover=\u00bbnull\u00bb]<\/p>\n<p>\n&nbsp;<\/p>\n<p>[\/et_pb_fullwidth_header][et_pb_fullwidth_menu menu_id=\u00bb48&#8243; submenu_direction=\u00bbdownwards\u00bb fullwidth_menu=\u00bboff\u00bb active_link_color=\u00bb#b26200&#8243; dropdown_menu_line_color=\u00bb#6c9fc1&#8243; dropdown_menu_text_color=\u00bb#000000&#8243; mobile_menu_text_color=\u00bb#000000&#8243; _builder_version=\u00bb4.0.9&#8243; menu_font=\u00bb|700|||||||\u00bb menu_text_color=\u00bb#000000&#8243; menu_font_size=\u00bb16px\u00bb background_color=\u00bb#d7eaf4&#8243; text_orientation=\u00bbcenter\u00bb animation_style=\u00bbfade\u00bb animation_duration=\u00bb500ms\u00bb saved_tabs=\u00bball\u00bb menu_text_shadow_horizontal_length=\u00bbmenu_text_shadow_style,%91object Object%93&#8243; menu_text_shadow_horizontal_length_tablet=\u00bb0px\u00bb menu_text_shadow_vertical_length=\u00bbmenu_text_shadow_style,%91object Object%93&#8243; menu_text_shadow_vertical_length_tablet=\u00bb0px\u00bb menu_text_shadow_blur_strength=\u00bbmenu_text_shadow_style,%91object Object%93&#8243; menu_text_shadow_blur_strength_tablet=\u00bb1px\u00bb mobile_menu_bg_color=\u00bb#d7eaf4&#8243; box_shadow_horizontal_image_tablet=\u00bb0px\u00bb box_shadow_vertical_image_tablet=\u00bb0px\u00bb box_shadow_blur_image_tablet=\u00bb40px\u00bb box_shadow_spread_image_tablet=\u00bb0px\u00bb box_shadow_horizontal_tablet=\u00bb0px\u00bb box_shadow_vertical_tablet=\u00bb0px\u00bb box_shadow_blur_tablet=\u00bb40px\u00bb box_shadow_spread_tablet=\u00bb0px\u00bb z_index_tablet=\u00bb500&#8243;]<\/p>\n<p>\n&nbsp;<\/p>\n<p>[\/et_pb_fullwidth_menu][\/et_pb_section][et_pb_section bb_built=\u00bb1&#8243; _builder_version=\u00bb3.0.47&#8243; prev_background_color=\u00bb#000000&#8243; inner_width=\u00bb90%\u00bb inner_max_width=\u00bb1200px\u00bb][et_pb_row _builder_version=\u00bb3.0.48&#8243; background_size=\u00bbinitial\u00bb background_position=\u00bbtop_left\u00bb background_repeat=\u00bbrepeat\u00bb width=\u00bb90%\u00bb max_width=\u00bb1200px\u00bb][et_pb_column type=\u00bb3_4&#8243; custom_padding__hover=\u00bb|||\u00bb custom_padding=\u00bb|||\u00bb][et_pb_text _builder_version=\u00bb3.12&#8243; text_orientation=\u00bbleft\u00bb]<\/p>\n<p style=\"text-align: justify;\">Edmonds, B.; Hern\u00e1ndez, C.; Troitzsch, K.G., (2007). <strong>Social Simulation: Technologies, Advances and New Discoveries.<\/strong> P\u00e1ginas: 402. IGI Global. ISBN-13: 978-1599045221. https:\/\/doi.org\/10.4018\/978-1-59904-522-1<\/p>\n<p>&nbsp;<\/p>\n<p style=\"text-align: justify;\">Gal\u00e1n-Ordax, J.M.; L\u00f3pez-Paredes, A.; Del Olmo-Mart\u00ednez, R., (2007). <strong>Integraci\u00f3n en la demanda dom\u00e9stica de agua con modelado basado en agentes.<\/strong> International Conference on Industrial Engineering and Industrial Management &#8211; XI Congreso de Ingenier\u00eda de Organizaci\u00f3n (CIO 2007). pp.: 1375-1384. ADINGOR.<br \/>\n<em>Disponible en Internet en:<br \/>\n<\/em><a href=\"http:\/\/adingor.es\/congresos\/web\/uploads\/cio\/cio2007\/quantitative_methods\/\/1375_1384.pdf\" target=\"_blank\" rel=\"noopener noreferrer\"><em>http:\/\/adingor.es\/congresos\/web\/uploads\/cio\/cio2007\/quantitative_methods\/\/1375_1384.pdf<\/em><\/a><\/p>\n<p style=\"text-align: center;\"><em>\u00a0<\/em><\/p>\n<p style=\"text-align: justify;\">Izquierdo-Mill\u00e1n, L.R.; Gal\u00e1n-Ordax, J.M.; Santos-Mart\u00edn, J.I.; Izquierdo-Mill\u00e1n, S.S.; Del Olmo-Mart\u00ednez, R., (2007). <strong>Mathematica<sup>TM <\/sup>como herramienta docente en Econom\u00eda<\/strong>. International Conference on Industrial Engineering and Industrial Management &#8211; XI Congreso de Ingenier\u00eda de Organizaci\u00f3n (CIO 2007). pp.: 1019-1028. ADINGOR.<br \/>\n<em>Disponible en Internet en:<br \/>\n<\/em><a href=\"http:\/\/adingor.es\/congresos\/web\/uploads\/cio\/cio2007\/education_professional_skill\/\/1019_1028.pdf\" target=\"_blank\" rel=\"noopener noreferrer\"><em>http:\/\/adingor.es\/congresos\/web\/uploads\/cio\/cio2007\/education_professional_skill\/\/1019_1028.pdf<\/em><\/a><\/p>\n<p style=\"text-align: center;\"><em>\u00a0<\/em><\/p>\n<p style=\"text-align: justify;\">Izquierdo-Mill\u00e1n, S.S.; Izquierdo-Mill\u00e1n, L.R.; Gal\u00e1n-Ordax, J.M.; Hern\u00e1ndez-Iglesias, C., (2007). <strong>Fallo de Mercado causado por Incertidumbre en la Calidad. <\/strong>International Conference on Industrial Engineering and Industrial Management &#8211; XI Congreso de Ingenier\u00eda de Organizaci\u00f3n (CIO 2007). pp.: 461-467. ADINGOR.<br \/>\n<em>Disponible en Internet en:<br \/>\n<\/em><a href=\"http:\/\/adingor.es\/congresos\/web\/uploads\/cio\/cio2007\/economic_environment\/\/0461_0467.pdf\" target=\"_blank\" rel=\"noopener noreferrer\"><em>http:\/\/adingor.es\/congresos\/web\/uploads\/cio\/cio2007\/economic_environment\/\/0461_0467.pdf<\/em><\/a><\/p>\n<p style=\"text-align: center;\"><em>\u00a0<\/em><\/p>\n<p style=\"text-align: justify;\">Pajares, J.; L\u00f3pez-Paredes, A., (2007). <strong>Gesti\u00f3n Integrada del Coste y del Plazo de Proyectos. M\u00e1s all\u00e1 de la Metodolog\u00eda del Valor Ganado (EVM).<\/strong> International Conference on Industrial Engineering and Industrial Management &#8211; XI Congreso de Ingenier\u00eda de Organizaci\u00f3n (CIO 2007). pp.: 719-728. ADINGOR.<br \/>\n<em>Disponible en Internet en:<br \/>\n<\/em><a href=\"http:\/\/adingor.es\/congresos\/web\/uploads\/cio\/cio2007\/project_management\/\/0719_0728.pdf\" target=\"_blank\" rel=\"noopener noreferrer\"><em>http:\/\/adingor.es\/congresos\/web\/uploads\/cio\/cio2007\/project_management\/\/0719_0728.pdf<\/em><\/a><\/p>\n<p style=\"text-align: center;\"><strong>\u00a0<\/strong><\/p>\n<p style=\"text-align: justify;\">Pascual, J.A.; Pajares, J., (2007). <strong>The Role of Risk Aversion and Technical Trading in the Behaviour of Financial Markets<\/strong>. Social Simulation: Technologies, Advances and New Discoveries. pp.: 169-179. IGI Global. ISBN-13: 978-1599045221. https:\/\/doi.org\/10.4018\/978-1-59904-522-1.ch013<br \/>\n<em>Disponible en Internet en:<br \/>\n<\/em><em><a href=\"https:\/\/www.igi-global.com\/gateway\/chapter\/full-text-pdf\/29262\" target=\"_blank\" rel=\"noopener noreferrer\">https:\/\/www.igi-global.com\/gateway\/chapter\/full-text-pdf\/29262<\/a><\/em><\/p>\n<p>&nbsp;<\/p>\n<p style=\"text-align: justify;\">P\u00e9rez-R\u00edos, J., (2007). <strong>Pr\u00f3logo. Cambiar-Planificar-Aprender-Cambiar.<\/strong> El c\u00edrculo virtuoso. \u00a0Cambiar-Planificar-Aprender-Cambiar. pp.: 9-14. Ediciones Granica. ISBN: 978-950-641-504-4.<\/p>\n<p>&nbsp;<\/p>\n<p style=\"text-align: justify;\">P\u00e9rez-R\u00edos, J.; Mart\u00ednez-Su\u00e1rez X.L., (2007). <strong>Applying VSM in the Strategic Management of A Coru\u00f1a University in Galicia, Spain.<\/strong> Holistic Management. Managing What Matters for Company Success<em>. <\/em>pp.: 122-134. John Wiley &amp; Sons, Inc. ISBN: 978-0-471-74063-6.<\/p>\n<p>&nbsp;<\/p>\n<p style=\"text-align: justify;\">Posada, M.; Hern\u00e1ndez, C.; L\u00f3pez-Paredes, A., (2007). <strong>An Artificial Economics View of the Walrasian and Marshalian Stability.<\/strong> Artificial Markets Modeling: Methods and Applications. Colecci\u00f3n: Lectures Notes in Economics and Mathematical Systems, 599, pp.: 101-111. Springer. ISSN Colecci\u00f3n: 0075-8442. ISBN: 978-3-540-73134-4. https:\/\/doi.org\/10.1007\/978-3-540-73135-1_7<\/p>\n<p>&nbsp;<\/p>\n<p style=\"text-align: justify;\">Posada, M.; Hern\u00e1ndez, C.; L\u00f3pez-Paredes, A., (2007). <strong>Emissions Permits Auctions: An Agent Based Model Analysis.<\/strong> Social Simulation: Technologies, Advances and New Discoveries. pp.: 180-191. IGI Global. ISBN-13: 978-1599045221. https:\/\/doi.org\/10.4018\/978-1-59904-522-1.ch014<br \/>\n<em>Disponible en Internet en:<br \/>\n<\/em><em><a href=\"https:\/\/www.igi-global.com\/gateway\/chapter\/full-text-pdf\/29263\" target=\"_blank\" rel=\"noopener noreferrer\">https:\/\/www.igi-global.com\/gateway\/chapter\/full-text-pdf\/29263<\/a><\/em><\/p>\n<p>&nbsp;<\/p>\n<p style=\"text-align: justify;\">Puche-Regaliza, J.C.; P\u00e9rez-R\u00edos, J.; S\u00e1nchez-Mayoral, P., (2007). <strong>Identificaci\u00f3n de variables significativas para la validaci\u00f3n del Modelo de Sistemas Viables en un Proyecto Software.<\/strong> International Conference on Industrial Engineering and Industrial Management &#8211; XI Congreso de Ingenier\u00eda de Organizaci\u00f3n (CIO 2007). pp.: 729-739. ADINGOR.<br \/>\n<em>Disponible en Internet en:<br \/>\n<\/em><a href=\"http:\/\/adingor.es\/congresos\/web\/uploads\/cio\/cio2007\/project_management\/\/0729_0739.pdf\" target=\"_blank\" rel=\"noopener noreferrer\"><em>http:\/\/adingor.es\/congresos\/web\/uploads\/cio\/cio2007\/project_management\/\/0729_0739.pdf<\/em><\/a><\/p>\n<p style=\"text-align: center;\"><strong>\u00a0<\/strong><\/p>\n<p style=\"text-align: justify;\">Santos, J.I., Del Olmo, R., Pajares, J. (2007). <strong>Innovation and Knowledge Spillovers in a Networked Industry.<\/strong> Artificial Markets Modeling: Methods and Applications. Colecci\u00f3n: Lecture Notes in Economics and Mathematical Systems, 599. pp.: 171-180. Springer. ISSN Colecci\u00f3n: 0075-8442. ISBN: 978-3-540-73134-4. https:\/\/doi.org\/10.1007\/978-3-540-73135-1_12<\/p>\n<p>&nbsp;<\/p>\n<p style=\"text-align: justify;\">Santos, J.I.; Del Olmo, R.; Pajares, J., (2007). <strong>The Emergence of Social Networks from Interactive Learning.<\/strong> Advancing Social Simulation: The First World Congress. pp.: 237-248. Springer. ISBN: 978-4-431-73150-4. https:\/\/doi.org\/10.1007\/978-4-431-73167-2_22<br \/>\n<em>Disponible en Internet en:<br \/>\n<\/em><em><a href=\"https:\/\/link.springer.com\/content\/pdf\/10.1007%2F978-4-431-73167-2_22.pdf\" target=\"_blank\" rel=\"noopener noreferrer\">https:\/\/link.springer.com\/content\/pdf\/10.1007%2F978-4-431-73167-2_22.pdf<\/a><\/em><\/p>\n<p>[\/et_pb_text][\/et_pb_column][et_pb_column type=\u00bb1_4&#8243; custom_padding__hover=\u00bb|||\u00bb custom_padding=\u00bb|||\u00bb][et_pb_image _builder_version=\u00bb3.12&#8243; text_orientation=\u00bbleft\u00bb align_last_edited=\u00bbon|desktop\u00bb align_tablet=\u00bbcenter\u00bb]<\/p>\n<p>\n&nbsp;<\/p>\n<p>[\/et_pb_image][\/et_pb_column][\/et_pb_row][\/et_pb_section]<\/p>\n","protected":false},"excerpt":{"rendered":"<p>&nbsp; &nbsp; Edmonds, B.; Hern\u00e1ndez, C.; Troitzsch, K.G., (2007). Social Simulation: Technologies, Advances and New Discoveries. P\u00e1ginas: 402. IGI Global. ISBN-13: 978-1599045221. https:\/\/doi.org\/10.4018\/978-1-59904-522-1 &nbsp; Gal\u00e1n-Ordax, J.M.; L\u00f3pez-Paredes, A.; Del Olmo-Mart\u00ednez, R., (2007). Integraci\u00f3n en la demanda dom\u00e9stica de agua con modelado basado en agentes. International Conference on Industrial Engineering and Industrial Management &#8211; XI Congreso [&hellip;]<\/p>\n","protected":false},"author":11,"featured_media":0,"parent":0,"menu_order":0,"comment_status":"closed","ping_status":"closed","template":"","meta":{"_et_pb_use_builder":"on","_et_pb_old_content":"","_et_gb_content_width":"","footnotes":""},"class_list":["post-6262","page","type-page","status-publish","hentry"],"_links":{"self":[{"href":"https:\/\/www.insisoc.uva.es\/index.php\/wp-json\/wp\/v2\/pages\/6262","targetHints":{"allow":["GET"]}}],"collection":[{"href":"https:\/\/www.insisoc.uva.es\/index.php\/wp-json\/wp\/v2\/pages"}],"about":[{"href":"https:\/\/www.insisoc.uva.es\/index.php\/wp-json\/wp\/v2\/types\/page"}],"author":[{"embeddable":true,"href":"https:\/\/www.insisoc.uva.es\/index.php\/wp-json\/wp\/v2\/users\/11"}],"replies":[{"embeddable":true,"href":"https:\/\/www.insisoc.uva.es\/index.php\/wp-json\/wp\/v2\/comments?post=6262"}],"version-history":[{"count":0,"href":"https:\/\/www.insisoc.uva.es\/index.php\/wp-json\/wp\/v2\/pages\/6262\/revisions"}],"wp:attachment":[{"href":"https:\/\/www.insisoc.uva.es\/index.php\/wp-json\/wp\/v2\/media?parent=6262"}],"curies":[{"name":"wp","href":"https:\/\/api.w.org\/{rel}","templated":true}]}}