{"id":6264,"date":"2018-10-29T09:13:28","date_gmt":"2018-10-29T09:13:28","guid":{"rendered":"https:\/\/www.insisoc.uva.es\/?page_id=6264"},"modified":"2020-07-18T12:20:00","modified_gmt":"2020-07-18T12:20:00","slug":"ins-book-chapters-2006","status":"publish","type":"page","link":"https:\/\/www.insisoc.uva.es\/index.php\/ins-book-chapters-2006\/","title":{"rendered":"Ins-Book Chapters 2006"},"content":{"rendered":"<p>[et_pb_section bb_built=\u00bb1&#8243; fullwidth=\u00bbon\u00bb _builder_version=\u00bb3.22&#8243; _i=\u00bb0&#8243; _address=\u00bb0&#8243; next_background_color=\u00bb#000000&#8243;][et_pb_fullwidth_header admin_label=\u00bbT\u00edtulo Book Chapters 2006&#8243; title=\u00bbBook Chapters 2006&#8243; subhead=\u00bbInsisoc has a lot of papers, which have been published on books\u00bb title_font_color=\u00bb#ffffff\u00bb subhead_font_color=\u00bb#ffffff\u00bb _builder_version=\u00bb3.16&#8243; title_text_color=\u00bb#ffffff\u00bb subhead_text_color=\u00bb#ffffff\u00bb subhead_font_size=\u00bb19px\u00bb background_size=\u00bbinitial\u00bb background_position=\u00bbtop_left\u00bb background_repeat=\u00bbrepeat\u00bb text_shadow_style=\u00bbpreset5&#8243; _i=\u00bb0&#8243; _address=\u00bb0.0&#8243; button_one_text_size__hover_enabled=\u00bboff\u00bb button_two_text_size__hover_enabled=\u00bboff\u00bb button_one_text_color__hover_enabled=\u00bboff\u00bb button_two_text_color__hover_enabled=\u00bboff\u00bb button_one_border_width__hover_enabled=\u00bboff\u00bb button_two_border_width__hover_enabled=\u00bboff\u00bb button_one_border_color__hover_enabled=\u00bboff\u00bb button_two_border_color__hover_enabled=\u00bboff\u00bb button_one_border_radius__hover_enabled=\u00bboff\u00bb button_two_border_radius__hover_enabled=\u00bboff\u00bb button_one_letter_spacing__hover_enabled=\u00bboff\u00bb button_two_letter_spacing__hover_enabled=\u00bboff\u00bb button_one_bg_color__hover_enabled=\u00bboff\u00bb button_two_bg_color__hover_enabled=\u00bboff\u00bb]<\/p>\n<p>&nbsp;<\/p>\n<p>[\/et_pb_fullwidth_header][et_pb_fullwidth_menu menu_id=\u00bb48&#8243; submenu_direction=\u00bbdownwards\u00bb fullwidth_menu=\u00bboff\u00bb active_link_color=\u00bb#b26200&#8243; dropdown_menu_line_color=\u00bb#6c9fc1&#8243; dropdown_menu_text_color=\u00bb#000000&#8243; mobile_menu_text_color=\u00bb#000000&#8243; _builder_version=\u00bb4.0.9&#8243; menu_font=\u00bb|700|||||||\u00bb menu_text_color=\u00bb#000000&#8243; menu_font_size=\u00bb16px\u00bb background_color=\u00bb#d7eaf4&#8243; text_orientation=\u00bbcenter\u00bb animation_style=\u00bbfade\u00bb animation_duration=\u00bb500ms\u00bb saved_tabs=\u00bball\u00bb _i=\u00bb1&#8243; _address=\u00bb0.1&#8243; menu_text_shadow_horizontal_length=\u00bbmenu_text_shadow_style,%91object Object%93&#8243; menu_text_shadow_horizontal_length_tablet=\u00bb0px\u00bb menu_text_shadow_vertical_length=\u00bbmenu_text_shadow_style,%91object Object%93&#8243; menu_text_shadow_vertical_length_tablet=\u00bb0px\u00bb menu_text_shadow_blur_strength=\u00bbmenu_text_shadow_style,%91object Object%93&#8243; menu_text_shadow_blur_strength_tablet=\u00bb1px\u00bb mobile_menu_bg_color=\u00bb#d7eaf4&#8243; box_shadow_horizontal_image_tablet=\u00bb0px\u00bb box_shadow_vertical_image_tablet=\u00bb0px\u00bb box_shadow_blur_image_tablet=\u00bb40px\u00bb box_shadow_spread_image_tablet=\u00bb0px\u00bb box_shadow_horizontal_tablet=\u00bb0px\u00bb box_shadow_vertical_tablet=\u00bb0px\u00bb box_shadow_blur_tablet=\u00bb40px\u00bb box_shadow_spread_tablet=\u00bb0px\u00bb z_index_tablet=\u00bb500&#8243;]<\/p>\n<p>&nbsp;<\/p>\n<p>[\/et_pb_fullwidth_menu][\/et_pb_section][et_pb_section bb_built=\u00bb1&#8243; _builder_version=\u00bb3.22&#8243; _i=\u00bb1&#8243; _address=\u00bb1&#8243; prev_background_color=\u00bb#000000&#8243;][et_pb_row _builder_version=\u00bb3.25&#8243; background_size=\u00bbinitial\u00bb background_position=\u00bbtop_left\u00bb background_repeat=\u00bbrepeat\u00bb _i=\u00bb0&#8243; _address=\u00bb1.0&#8243; column_structure=\u00bb3_4,1_4&#8243;][et_pb_column type=\u00bb3_4&#8243; _builder_version=\u00bb3.25&#8243; custom_padding=\u00bb|||\u00bb _i=\u00bb0&#8243; _address=\u00bb1.0.0&#8243; custom_padding__hover=\u00bb|||\u00bb][et_pb_text _builder_version=\u00bb4.0.9&#8243; _i=\u00bb0&#8243; _address=\u00bb1.0.0.0&#8243; text_text_shadow_horizontal_length=\u00bbtext_text_shadow_style,%91object Object%93&#8243; text_text_shadow_horizontal_length_tablet=\u00bb0px\u00bb text_text_shadow_vertical_length=\u00bbtext_text_shadow_style,%91object Object%93&#8243; text_text_shadow_vertical_length_tablet=\u00bb0px\u00bb text_text_shadow_blur_strength=\u00bbtext_text_shadow_style,%91object Object%93&#8243; text_text_shadow_blur_strength_tablet=\u00bb1px\u00bb link_text_shadow_horizontal_length=\u00bblink_text_shadow_style,%91object Object%93&#8243; link_text_shadow_horizontal_length_tablet=\u00bb0px\u00bb link_text_shadow_vertical_length=\u00bblink_text_shadow_style,%91object Object%93&#8243; link_text_shadow_vertical_length_tablet=\u00bb0px\u00bb link_text_shadow_blur_strength=\u00bblink_text_shadow_style,%91object Object%93&#8243; link_text_shadow_blur_strength_tablet=\u00bb1px\u00bb ul_text_shadow_horizontal_length=\u00bbul_text_shadow_style,%91object Object%93&#8243; ul_text_shadow_horizontal_length_tablet=\u00bb0px\u00bb ul_text_shadow_vertical_length=\u00bbul_text_shadow_style,%91object Object%93&#8243; ul_text_shadow_vertical_length_tablet=\u00bb0px\u00bb ul_text_shadow_blur_strength=\u00bbul_text_shadow_style,%91object Object%93&#8243; ul_text_shadow_blur_strength_tablet=\u00bb1px\u00bb ol_text_shadow_horizontal_length=\u00bbol_text_shadow_style,%91object Object%93&#8243; ol_text_shadow_horizontal_length_tablet=\u00bb0px\u00bb ol_text_shadow_vertical_length=\u00bbol_text_shadow_style,%91object Object%93&#8243; ol_text_shadow_vertical_length_tablet=\u00bb0px\u00bb ol_text_shadow_blur_strength=\u00bbol_text_shadow_style,%91object Object%93&#8243; ol_text_shadow_blur_strength_tablet=\u00bb1px\u00bb quote_text_shadow_horizontal_length=\u00bbquote_text_shadow_style,%91object Object%93&#8243; quote_text_shadow_horizontal_length_tablet=\u00bb0px\u00bb quote_text_shadow_vertical_length=\u00bbquote_text_shadow_style,%91object Object%93&#8243; quote_text_shadow_vertical_length_tablet=\u00bb0px\u00bb quote_text_shadow_blur_strength=\u00bbquote_text_shadow_style,%91object Object%93&#8243; quote_text_shadow_blur_strength_tablet=\u00bb1px\u00bb header_text_shadow_horizontal_length=\u00bbheader_text_shadow_style,%91object Object%93&#8243; header_text_shadow_horizontal_length_tablet=\u00bb0px\u00bb header_text_shadow_vertical_length=\u00bbheader_text_shadow_style,%91object Object%93&#8243; header_text_shadow_vertical_length_tablet=\u00bb0px\u00bb header_text_shadow_blur_strength=\u00bbheader_text_shadow_style,%91object Object%93&#8243; header_text_shadow_blur_strength_tablet=\u00bb1px\u00bb header_2_text_shadow_horizontal_length=\u00bbheader_2_text_shadow_style,%91object Object%93&#8243; header_2_text_shadow_horizontal_length_tablet=\u00bb0px\u00bb header_2_text_shadow_vertical_length=\u00bbheader_2_text_shadow_style,%91object Object%93&#8243; header_2_text_shadow_vertical_length_tablet=\u00bb0px\u00bb header_2_text_shadow_blur_strength=\u00bbheader_2_text_shadow_style,%91object Object%93&#8243; header_2_text_shadow_blur_strength_tablet=\u00bb1px\u00bb header_3_text_shadow_horizontal_length=\u00bbheader_3_text_shadow_style,%91object Object%93&#8243; header_3_text_shadow_horizontal_length_tablet=\u00bb0px\u00bb header_3_text_shadow_vertical_length=\u00bbheader_3_text_shadow_style,%91object Object%93&#8243; header_3_text_shadow_vertical_length_tablet=\u00bb0px\u00bb header_3_text_shadow_blur_strength=\u00bbheader_3_text_shadow_style,%91object Object%93&#8243; header_3_text_shadow_blur_strength_tablet=\u00bb1px\u00bb header_4_text_shadow_horizontal_length=\u00bbheader_4_text_shadow_style,%91object Object%93&#8243; header_4_text_shadow_horizontal_length_tablet=\u00bb0px\u00bb header_4_text_shadow_vertical_length=\u00bbheader_4_text_shadow_style,%91object Object%93&#8243; header_4_text_shadow_vertical_length_tablet=\u00bb0px\u00bb header_4_text_shadow_blur_strength=\u00bbheader_4_text_shadow_style,%91object Object%93&#8243; header_4_text_shadow_blur_strength_tablet=\u00bb1px\u00bb header_5_text_shadow_horizontal_length=\u00bbheader_5_text_shadow_style,%91object Object%93&#8243; header_5_text_shadow_horizontal_length_tablet=\u00bb0px\u00bb header_5_text_shadow_vertical_length=\u00bbheader_5_text_shadow_style,%91object Object%93&#8243; header_5_text_shadow_vertical_length_tablet=\u00bb0px\u00bb header_5_text_shadow_blur_strength=\u00bbheader_5_text_shadow_style,%91object Object%93&#8243; header_5_text_shadow_blur_strength_tablet=\u00bb1px\u00bb header_6_text_shadow_horizontal_length=\u00bbheader_6_text_shadow_style,%91object Object%93&#8243; header_6_text_shadow_horizontal_length_tablet=\u00bb0px\u00bb header_6_text_shadow_vertical_length=\u00bbheader_6_text_shadow_style,%91object Object%93&#8243; header_6_text_shadow_vertical_length_tablet=\u00bb0px\u00bb header_6_text_shadow_blur_strength=\u00bbheader_6_text_shadow_style,%91object Object%93&#8243; header_6_text_shadow_blur_strength_tablet=\u00bb1px\u00bb box_shadow_horizontal_tablet=\u00bb0px\u00bb box_shadow_vertical_tablet=\u00bb0px\u00bb box_shadow_blur_tablet=\u00bb40px\u00bb box_shadow_spread_tablet=\u00bb0px\u00bb z_index_tablet=\u00bb500&#8243;]<\/p>\n<p style=\"text-align: justify;\">Ara\u00fazo-Ara\u00fazo, J.A.; De Benito-Mart\u00edn, J.J.; Sanz-Angulo, P.; Del Olmo-Mart\u00ednez, R., (2006). <strong>Dise\u00f1o de subastas para la programaci\u00f3n Job Shop<\/strong>. X Congreso de Ingenier\u00eda de Organizaci\u00f3n (CIO 2006). ADINGOR.<br \/><em>Disponible en Internet en:<br \/><\/em><a href=\"http:\/\/adingor.es\/congresos\/web\/uploads\/cio\/cio2006\/gestion_produccion\/\/000165_final.pdf\" target=\"_blank\" rel=\"noopener noreferrer\"><em>http:\/\/adingor.es\/congresos\/web\/uploads\/cio\/cio2006\/gestion_produccion\/\/000165_final.pdf<\/em><\/a><\/p>\n<p style=\"text-align: center;\"><strong>\u00a0<\/strong><\/p>\n<p style=\"text-align: justify;\">Gal\u00e1n-Ordax, J.M.; L\u00f3pez-Paredes, A.; Del Olmo-Mart\u00ednez, R., (2006). <strong>Modelado y simulaci\u00f3n basada en agentes con SIG para la gesti\u00f3n de agua en espacios metropolitanos<\/strong>. X Congreso de Ingenier\u00eda de Organizaci\u00f3n (CIO 2006). ADINGOR.<br \/><em>Disponible en Internet en:<br \/><\/em><a href=\"http:\/\/adingor.es\/congresos\/web\/uploads\/cio\/cio2006\/metodos_cuantitativos\/\/000022_final.pdf\" target=\"_blank\" rel=\"noopener noreferrer\"><em>http:\/\/adingor.es\/congresos\/web\/uploads\/cio\/cio2006\/metodos_cuantitativos\/\/000022_final.pdf<\/em><\/a><\/p>\n<p>&nbsp;<\/p>\n<p style=\"text-align: justify;\">Izquierdo, S.S.; Izquierdo, L.R.; Gal\u00e1n, J.M.; Hern\u00e1ndez, C., (2006). <strong>Market Failure Caused by Quality Uncertainty. <\/strong>Artificial Economics. Agent-Based Methods in Finance, Game Theory and their Applications. Colecci\u00f3n: Lecture notes in Economics and Mathematical Systems, 564, pp.: 203-213. Springer. ISSN Colecci\u00f3n: 0075-8442. ISBN: 978-3-540-28578-6. https:\/\/doi.org\/10.1007\/3-540-28547-4_17<br \/><em>Disponible en Internet en:<br \/><\/em><em><a href=\"https:\/\/www.researchgate.net\/profile\/Luis_Izquierdo2\/publication\/226853435_Market_Failure_Caused_by_Quality_Uncertainty\/links\/02e7e519ecf2354318000000\/Market-Failure-Caused-by-Quality-Uncertainty.pdf?origin=publication_detail\" target=\"_blank\" rel=\"noopener noreferrer\">https:\/\/www.researchgate.net\/profile\/Luis_Izquierdo2\/publication\/226853435_Market_Failure_Caused_by_Quality_Uncertainty\/links\/02e7e519ecf2354318000000\/Market-Failure-Caused-by-Quality-Uncertainty.pdf?origin=publication_detail<\/a><\/em><\/p>\n<p>&nbsp;<\/p>\n<p style=\"text-align: justify;\">Izquierdo, S.; Pajares, J.; Hern\u00e1ndez, C., (2006). <strong>Predicci\u00f3n de procesos ARMA mediante modelos autorregresivos y en el espacio de estados<\/strong>. X Congreso de Ingenier\u00eda de Organizaci\u00f3n (CIO 2006). ADINGOR.<br \/><em>Disponible en Internet en:<br \/><\/em><a href=\"http:\/\/adingor.es\/congresos\/web\/uploads\/cio\/cio2006\/metodos_cuantitativos\/\/000075_final.pdf\" target=\"_blank\" rel=\"noopener noreferrer\"><em>http:\/\/adingor.es\/congresos\/web\/uploads\/cio\/cio2006\/metodos_cuantitativos\/\/000075_final.pdf<\/em><\/a><\/p>\n<p>&nbsp;<\/p>\n<p style=\"text-align: justify;\">Pascual, J.A.; Pajares, J.; L\u00f3pez-Paredes, A., (2006). <strong>Explaining the Statistical Features of the Spanish Stock Market from the bottom-up.<\/strong> Advances in Artificial Economics. The Economy as a Complex Dynamic System. Colecci\u00f3n: Lecture Notes in Economics and Mathematical Systems, 584, pp.: 283-294. Springer. ISSN Colecci\u00f3n: 0075-8442. ISBN: 978-3-540-37247-9. https:\/\/doi.org\/10.1007\/3-540-37249-0_20<br \/><em>Disponible en Internet en:<br \/><\/em><em><a href=\"https:\/\/link.springer.com\/content\/pdf\/10.1007%2F3-540-37249-0_20.pdf\" target=\"_blank\" rel=\"noopener noreferrer\">https:\/\/link.springer.com\/content\/pdf\/10.1007%2F3-540-37249-0_20.pdf<\/a><\/em><\/p>\n<p>&nbsp;<\/p>\n<p style=\"text-align: justify;\">Pascual-Ruano, J.A.; Pajares, J.; L\u00f3pez-Paredes, A., (2006). <strong>El Modelado Basado en Agentes como Herramienta para la Explicaci\u00f3n del Comportamiento de los Mercados Financieros.\u00a0<\/strong>X Congreso de Ingenier\u00eda de Organizaci\u00f3n (CIO 2006). ADINGOR.<br \/><em>Disponible en Internet en:<br \/><\/em><a href=\"http:\/\/adingor.es\/congresos\/web\/uploads\/cio\/cio2006\/econo_competitividad\/\/000076_final.pdf\" target=\"_blank\" rel=\"noopener noreferrer\"><em>http:\/\/adingor.es\/congresos\/web\/uploads\/cio\/cio2006\/econo_competitividad\/\/000076_final.pdf<\/em><\/a><\/p>\n<p>&nbsp;<\/p>\n<p style=\"text-align: justify;\">P\u00e9rez-R\u00edos, J., (2006). <strong>Eurofora 2000: una plataforma para la comunicaci\u00f3n e intercambio de informaci\u00f3n en el \u00e1mbito del espacio universitario europeo. <\/strong>El Espacio Europeo de Educaci\u00f3n Superior. pp.: 149-160. Universidad de Valladolid. ISBN: 84-689-8527-9.<\/p>\n<p>&nbsp;<\/p>\n<p style=\"text-align: justify;\">P\u00e9rez-R\u00edos, J., (2006). <strong>Information and Communication Technologies for Viable Organizations.<\/strong> WOSC &#8211; World Organisation of Systems and Cybernetics. 13th International Congress of Cybernetics and Systems and ISA-International Sociological Association, Research Committee 51 on Sociocybernetics 6th International Conference of Sociocybernetics, 10, pp.: 45-56. University of Maribor, Faculty of Economics and Business. ISBN: 961-6354-58-2.<\/p>\n<p>&nbsp;<\/p>\n<p style=\"text-align: justify;\">Posada, M.; Hern\u00e1ndez, C.; L\u00f3pez-Paredes, A., (2006). <strong>Learning in Continuous Double Auction Markets.<\/strong> Artificial Economics. Agent-Based Methods in Finance, Game Theory and their Applications. Colecci\u00f3n: Lecture notes in Economics and Mathematical Systems, 564, pp.: 41-51. Springer. ISSN Colecci\u00f3n: 0075-8442. ISBN: 978-3-540-28578-6. https:\/\/doi.org\/10.1007\/3-540-28547-4_4<\/p>\n<p>&nbsp;<\/p>\n<p style=\"text-align: justify;\">Posada, M.; Hern\u00e1ndez, C.; L\u00f3pez-Paredes, A., (2006). <strong>Strategic Behaviour in Continuous Double Auction.<\/strong> Advances in Artificial Economics. The Economy as a Complex Dynamic System. Colecci\u00f3n: Lecture Notes in Economics and Mathematical Systems, 584, pp.: 31-43. Springer. ISSN Colecci\u00f3n: 0075-8442. ISBN: 978-3-540-37247-9. https:\/\/doi.org\/10.1007\/3-540-37249-0_3<br \/><em>Disponible en Internet en:<br \/><\/em><em><a href=\"https:\/\/link.springer.com\/content\/pdf\/10.1007%2F3-540-37249-0_3.pdf\" target=\"_blank\" rel=\"noopener noreferrer\">https:\/\/link.springer.com\/content\/pdf\/10.1007%2F3-540-37249-0_3.pdf<\/a><\/em><\/p>\n<p>&nbsp;<\/p>\n<p style=\"text-align: justify;\">Puche-Regaliza, J.C.; P\u00e9rez-R\u00edos, J.; S\u00e1nchez-Mayoral, P., (2006). <strong>Aplicaci\u00f3n de la Cibern\u00e9tica Organizacional mediante VSMod al estudio de un proyecto software.<\/strong> X Congreso de Ingenier\u00eda de Organizaci\u00f3n (CIO 2006). ADINGOR.<br \/><em>Disponible en Internet en:<br \/><\/em><a href=\"http:\/\/adingor.es\/congresos\/web\/uploads\/cio\/cio2006\/modelado_proceso_negocio\/\/000116_final.pdf\" target=\"_blank\" rel=\"noopener noreferrer\"><em>http:\/\/adingor.es\/congresos\/web\/uploads\/cio\/cio2006\/modelado_proceso_negocio\/\/000116_final.pdf<\/em><\/a><\/p>\n<p>&nbsp;<\/p>\n<p style=\"text-align: justify;\">Santos, J.I.; Gal\u00e1n, J.M.; Del Olmo, R., (2006). <strong>An Agent-Based Model of Personal Web Communities.<\/strong> Intelligent Data Engineering and Automated Learning \u2013 IDEAL 2006. 7th International Conference. Proceedings. Colecci\u00f3n: Lecture Notes in Computer Science, 4224, pp.: 1242-1249. Springer. ISSN Colecci\u00f3n: 0302-9743. ISBN: 978-3-540-45485-4. https:\/\/doi.org\/10.1007\/11875581_147<br \/><em>Disponible en Internet en:<br \/><\/em><em><a href=\"https:\/\/link.springer.com\/content\/pdf\/10.1007%2F11875581_147.pdf\" target=\"_blank\" rel=\"noopener noreferrer\">https:\/\/link.springer.com\/content\/pdf\/10.1007%2F11875581_147.pdf<\/a><\/em><\/p>\n<p>&nbsp;<\/p>\n<p style=\"text-align: justify;\">Santos-Mart\u00edn, J.I.; Posada, M.; Pascual, J.A.; Izquierdo, S.S.; L\u00f3pez-Paredes, A.; Gal\u00e1n-Ordax, J.M., (2006). <strong>Un Laboratorio de Econom\u00eda Experimental en Internet.<\/strong> X Congreso de Ingenier\u00eda de Organizaci\u00f3n (CIO 2006). ADINGOR.<br \/><em>Disponible en Internet en:<br \/><\/em><a href=\"http:\/\/adingor.es\/congresos\/web\/uploads\/cio\/cio2006\/econo_competitividad\/\/000169_final.pdf\" target=\"_blank\" rel=\"noopener noreferrer\"><em>http:\/\/adingor.es\/congresos\/web\/uploads\/cio\/cio2006\/econo_competitividad\/\/000169_final.pdf<\/em><\/a><\/p>\n<p>[\/et_pb_text][\/et_pb_column][et_pb_column type=\u00bb1_4&#8243; _builder_version=\u00bb3.25&#8243; custom_padding=\u00bb|||\u00bb _i=\u00bb1&#8243; _address=\u00bb1.0.1&#8243; custom_padding__hover=\u00bb|||\u00bb][et_pb_image align_tablet=\u00bbcenter\u00bb align_last_edited=\u00bbon|desktop\u00bb _builder_version=\u00bb3.23&#8243; _i=\u00bb0&#8243; _address=\u00bb1.0.1.0&#8243;]<\/p>\n<p>&nbsp;<\/p>\n<p>[\/et_pb_image][\/et_pb_column][\/et_pb_row][\/et_pb_section]<\/p>\n","protected":false},"excerpt":{"rendered":"<p>&nbsp; &nbsp; Ara\u00fazo-Ara\u00fazo, J.A.; De Benito-Mart\u00edn, J.J.; Sanz-Angulo, P.; Del Olmo-Mart\u00ednez, R., (2006). Dise\u00f1o de subastas para la programaci\u00f3n Job Shop. X Congreso de Ingenier\u00eda de Organizaci\u00f3n (CIO 2006). ADINGOR.Disponible en Internet en:http:\/\/adingor.es\/congresos\/web\/uploads\/cio\/cio2006\/gestion_produccion\/\/000165_final.pdf \u00a0 Gal\u00e1n-Ordax, J.M.; L\u00f3pez-Paredes, A.; Del Olmo-Mart\u00ednez, R., (2006). Modelado y simulaci\u00f3n basada en agentes con SIG para la gesti\u00f3n de agua [&hellip;]<\/p>\n","protected":false},"author":11,"featured_media":0,"parent":0,"menu_order":0,"comment_status":"closed","ping_status":"closed","template":"","meta":{"_et_pb_use_builder":"on","_et_pb_old_content":"","_et_gb_content_width":"","footnotes":""},"class_list":["post-6264","page","type-page","status-publish","hentry"],"_links":{"self":[{"href":"https:\/\/www.insisoc.uva.es\/index.php\/wp-json\/wp\/v2\/pages\/6264","targetHints":{"allow":["GET"]}}],"collection":[{"href":"https:\/\/www.insisoc.uva.es\/index.php\/wp-json\/wp\/v2\/pages"}],"about":[{"href":"https:\/\/www.insisoc.uva.es\/index.php\/wp-json\/wp\/v2\/types\/page"}],"author":[{"embeddable":true,"href":"https:\/\/www.insisoc.uva.es\/index.php\/wp-json\/wp\/v2\/users\/11"}],"replies":[{"embeddable":true,"href":"https:\/\/www.insisoc.uva.es\/index.php\/wp-json\/wp\/v2\/comments?post=6264"}],"version-history":[{"count":0,"href":"https:\/\/www.insisoc.uva.es\/index.php\/wp-json\/wp\/v2\/pages\/6264\/revisions"}],"wp:attachment":[{"href":"https:\/\/www.insisoc.uva.es\/index.php\/wp-json\/wp\/v2\/media?parent=6264"}],"curies":[{"name":"wp","href":"https:\/\/api.w.org\/{rel}","templated":true}]}}