{"id":6266,"date":"2018-10-29T09:17:52","date_gmt":"2018-10-29T09:17:52","guid":{"rendered":"https:\/\/www.insisoc.uva.es\/?page_id=6266"},"modified":"2020-07-18T12:19:36","modified_gmt":"2020-07-18T12:19:36","slug":"ins-book-chapters-2005","status":"publish","type":"page","link":"https:\/\/www.insisoc.uva.es\/index.php\/ins-book-chapters-2005\/","title":{"rendered":"Ins-Book Chapters 2005"},"content":{"rendered":"<p>[et_pb_section bb_built=\u00bb1&#8243; fullwidth=\u00bbon\u00bb _builder_version=\u00bb3.22&#8243; _i=\u00bb0&#8243; _address=\u00bb0&#8243; next_background_color=\u00bb#000000&#8243;][et_pb_fullwidth_header admin_label=\u00bbT\u00edtulo Book Chapters 2005&#8243; title=\u00bbBook Chapters 2005&#8243; subhead=\u00bbInsisoc has a lot of papers, which have been published on books\u00bb title_font_color=\u00bb#ffffff\u00bb subhead_font_color=\u00bb#ffffff\u00bb _builder_version=\u00bb3.16&#8243; title_text_color=\u00bb#ffffff\u00bb subhead_text_color=\u00bb#ffffff\u00bb subhead_font_size=\u00bb19px\u00bb background_size=\u00bbinitial\u00bb background_position=\u00bbtop_left\u00bb background_repeat=\u00bbrepeat\u00bb text_shadow_style=\u00bbpreset5&#8243; _i=\u00bb0&#8243; _address=\u00bb0.0&#8243; button_one_text_size__hover_enabled=\u00bboff\u00bb button_two_text_size__hover_enabled=\u00bboff\u00bb button_one_text_color__hover_enabled=\u00bboff\u00bb button_two_text_color__hover_enabled=\u00bboff\u00bb button_one_border_width__hover_enabled=\u00bboff\u00bb button_two_border_width__hover_enabled=\u00bboff\u00bb button_one_border_color__hover_enabled=\u00bboff\u00bb button_two_border_color__hover_enabled=\u00bboff\u00bb button_one_border_radius__hover_enabled=\u00bboff\u00bb button_two_border_radius__hover_enabled=\u00bboff\u00bb button_one_letter_spacing__hover_enabled=\u00bboff\u00bb button_two_letter_spacing__hover_enabled=\u00bboff\u00bb button_one_bg_color__hover_enabled=\u00bboff\u00bb button_two_bg_color__hover_enabled=\u00bboff\u00bb]<\/p>\n<p>\n&nbsp;<\/p>\n<p>[\/et_pb_fullwidth_header][et_pb_fullwidth_menu menu_id=\u00bb48&#8243; submenu_direction=\u00bbdownwards\u00bb fullwidth_menu=\u00bboff\u00bb active_link_color=\u00bb#b26200&#8243; dropdown_menu_line_color=\u00bb#6c9fc1&#8243; dropdown_menu_text_color=\u00bb#000000&#8243; mobile_menu_text_color=\u00bb#000000&#8243; _builder_version=\u00bb4.0.9&#8243; menu_font=\u00bb|700|||||||\u00bb menu_text_color=\u00bb#000000&#8243; menu_font_size=\u00bb16px\u00bb background_color=\u00bb#d7eaf4&#8243; border_radii=\u00bbon|0px|0px|0px|0px\u00bb text_orientation=\u00bbcenter\u00bb animation_style=\u00bbfade\u00bb animation_duration=\u00bb500ms\u00bb saved_tabs=\u00bball\u00bb _i=\u00bb1&#8243; _address=\u00bb0.1&#8243; menu_text_shadow_horizontal_length=\u00bbmenu_text_shadow_style,%91object Object%93&#8243; menu_text_shadow_horizontal_length_tablet=\u00bb0px\u00bb menu_text_shadow_vertical_length=\u00bbmenu_text_shadow_style,%91object Object%93&#8243; menu_text_shadow_vertical_length_tablet=\u00bb0px\u00bb menu_text_shadow_blur_strength=\u00bbmenu_text_shadow_style,%91object Object%93&#8243; menu_text_shadow_blur_strength_tablet=\u00bb1px\u00bb mobile_menu_bg_color=\u00bb#d7eaf4&#8243; box_shadow_horizontal_image_tablet=\u00bb0px\u00bb box_shadow_vertical_image_tablet=\u00bb0px\u00bb box_shadow_blur_image_tablet=\u00bb40px\u00bb box_shadow_spread_image_tablet=\u00bb0px\u00bb box_shadow_horizontal_tablet=\u00bb0px\u00bb box_shadow_vertical_tablet=\u00bb0px\u00bb box_shadow_blur_tablet=\u00bb40px\u00bb box_shadow_spread_tablet=\u00bb0px\u00bb z_index_tablet=\u00bb500&#8243;]<\/p>\n<p>\n&nbsp;<\/p>\n<p>[\/et_pb_fullwidth_menu][\/et_pb_section][et_pb_section bb_built=\u00bb1&#8243; _builder_version=\u00bb3.22&#8243; _i=\u00bb1&#8243; _address=\u00bb1&#8243; prev_background_color=\u00bb#000000&#8243;][et_pb_row _builder_version=\u00bb3.25&#8243; background_size=\u00bbinitial\u00bb background_position=\u00bbtop_left\u00bb background_repeat=\u00bbrepeat\u00bb _i=\u00bb0&#8243; _address=\u00bb1.0&#8243; column_structure=\u00bb3_4,1_4&#8243;][et_pb_column type=\u00bb3_4&#8243; _builder_version=\u00bb3.25&#8243; custom_padding=\u00bb|||\u00bb _i=\u00bb0&#8243; _address=\u00bb1.0.0&#8243; custom_padding__hover=\u00bb|||\u00bb][et_pb_text _builder_version=\u00bb4.0.9&#8243; _i=\u00bb0&#8243; _address=\u00bb1.0.0.0&#8243; text_text_shadow_horizontal_length=\u00bbtext_text_shadow_style,%91object Object%93&#8243; text_text_shadow_horizontal_length_tablet=\u00bb0px\u00bb text_text_shadow_vertical_length=\u00bbtext_text_shadow_style,%91object Object%93&#8243; text_text_shadow_vertical_length_tablet=\u00bb0px\u00bb text_text_shadow_blur_strength=\u00bbtext_text_shadow_style,%91object Object%93&#8243; text_text_shadow_blur_strength_tablet=\u00bb1px\u00bb link_text_shadow_horizontal_length=\u00bblink_text_shadow_style,%91object Object%93&#8243; link_text_shadow_horizontal_length_tablet=\u00bb0px\u00bb link_text_shadow_vertical_length=\u00bblink_text_shadow_style,%91object Object%93&#8243; link_text_shadow_vertical_length_tablet=\u00bb0px\u00bb link_text_shadow_blur_strength=\u00bblink_text_shadow_style,%91object Object%93&#8243; link_text_shadow_blur_strength_tablet=\u00bb1px\u00bb ul_text_shadow_horizontal_length=\u00bbul_text_shadow_style,%91object Object%93&#8243; ul_text_shadow_horizontal_length_tablet=\u00bb0px\u00bb ul_text_shadow_vertical_length=\u00bbul_text_shadow_style,%91object Object%93&#8243; ul_text_shadow_vertical_length_tablet=\u00bb0px\u00bb ul_text_shadow_blur_strength=\u00bbul_text_shadow_style,%91object Object%93&#8243; ul_text_shadow_blur_strength_tablet=\u00bb1px\u00bb ol_text_shadow_horizontal_length=\u00bbol_text_shadow_style,%91object Object%93&#8243; ol_text_shadow_horizontal_length_tablet=\u00bb0px\u00bb ol_text_shadow_vertical_length=\u00bbol_text_shadow_style,%91object Object%93&#8243; ol_text_shadow_vertical_length_tablet=\u00bb0px\u00bb ol_text_shadow_blur_strength=\u00bbol_text_shadow_style,%91object Object%93&#8243; ol_text_shadow_blur_strength_tablet=\u00bb1px\u00bb quote_text_shadow_horizontal_length=\u00bbquote_text_shadow_style,%91object Object%93&#8243; quote_text_shadow_horizontal_length_tablet=\u00bb0px\u00bb quote_text_shadow_vertical_length=\u00bbquote_text_shadow_style,%91object Object%93&#8243; quote_text_shadow_vertical_length_tablet=\u00bb0px\u00bb quote_text_shadow_blur_strength=\u00bbquote_text_shadow_style,%91object Object%93&#8243; quote_text_shadow_blur_strength_tablet=\u00bb1px\u00bb header_text_shadow_horizontal_length=\u00bbheader_text_shadow_style,%91object Object%93&#8243; header_text_shadow_horizontal_length_tablet=\u00bb0px\u00bb header_text_shadow_vertical_length=\u00bbheader_text_shadow_style,%91object Object%93&#8243; header_text_shadow_vertical_length_tablet=\u00bb0px\u00bb header_text_shadow_blur_strength=\u00bbheader_text_shadow_style,%91object Object%93&#8243; header_text_shadow_blur_strength_tablet=\u00bb1px\u00bb header_2_text_shadow_horizontal_length=\u00bbheader_2_text_shadow_style,%91object Object%93&#8243; header_2_text_shadow_horizontal_length_tablet=\u00bb0px\u00bb header_2_text_shadow_vertical_length=\u00bbheader_2_text_shadow_style,%91object Object%93&#8243; header_2_text_shadow_vertical_length_tablet=\u00bb0px\u00bb header_2_text_shadow_blur_strength=\u00bbheader_2_text_shadow_style,%91object Object%93&#8243; header_2_text_shadow_blur_strength_tablet=\u00bb1px\u00bb header_3_text_shadow_horizontal_length=\u00bbheader_3_text_shadow_style,%91object Object%93&#8243; header_3_text_shadow_horizontal_length_tablet=\u00bb0px\u00bb header_3_text_shadow_vertical_length=\u00bbheader_3_text_shadow_style,%91object Object%93&#8243; header_3_text_shadow_vertical_length_tablet=\u00bb0px\u00bb header_3_text_shadow_blur_strength=\u00bbheader_3_text_shadow_style,%91object Object%93&#8243; header_3_text_shadow_blur_strength_tablet=\u00bb1px\u00bb header_4_text_shadow_horizontal_length=\u00bbheader_4_text_shadow_style,%91object Object%93&#8243; header_4_text_shadow_horizontal_length_tablet=\u00bb0px\u00bb header_4_text_shadow_vertical_length=\u00bbheader_4_text_shadow_style,%91object Object%93&#8243; header_4_text_shadow_vertical_length_tablet=\u00bb0px\u00bb header_4_text_shadow_blur_strength=\u00bbheader_4_text_shadow_style,%91object Object%93&#8243; header_4_text_shadow_blur_strength_tablet=\u00bb1px\u00bb header_5_text_shadow_horizontal_length=\u00bbheader_5_text_shadow_style,%91object Object%93&#8243; header_5_text_shadow_horizontal_length_tablet=\u00bb0px\u00bb header_5_text_shadow_vertical_length=\u00bbheader_5_text_shadow_style,%91object Object%93&#8243; header_5_text_shadow_vertical_length_tablet=\u00bb0px\u00bb header_5_text_shadow_blur_strength=\u00bbheader_5_text_shadow_style,%91object Object%93&#8243; header_5_text_shadow_blur_strength_tablet=\u00bb1px\u00bb header_6_text_shadow_horizontal_length=\u00bbheader_6_text_shadow_style,%91object Object%93&#8243; header_6_text_shadow_horizontal_length_tablet=\u00bb0px\u00bb header_6_text_shadow_vertical_length=\u00bbheader_6_text_shadow_style,%91object Object%93&#8243; header_6_text_shadow_vertical_length_tablet=\u00bb0px\u00bb header_6_text_shadow_blur_strength=\u00bbheader_6_text_shadow_style,%91object Object%93&#8243; header_6_text_shadow_blur_strength_tablet=\u00bb1px\u00bb box_shadow_horizontal_tablet=\u00bb0px\u00bb box_shadow_vertical_tablet=\u00bb0px\u00bb box_shadow_blur_tablet=\u00bb40px\u00bb box_shadow_spread_tablet=\u00bb0px\u00bb z_index_tablet=\u00bb500&#8243;]<\/p>\n<p style=\"text-align: justify;\">Ara\u00fazo-Ara\u00fazo, J.A.; De Benito-Mart\u00edn, J.J.; Sanz-Angulo, P.; Del Olmo-Mart\u00ednez, R., (2005). <strong>Propuesta de un sistema de programaci\u00f3n y control distribuido para sistemas de fabricaci\u00f3n tipo Job Shop. <\/strong>IX Congreso de Ingenier\u00eda de Organizaci\u00f3n (CIO 2005). pp.: 174. ADINGOR. ISBN: 84-96476-40-5.<br \/><em>Disponible en Internet en:<br \/><\/em><a href=\"http:\/\/www.adingor.es\/congresos\/web\/uploads\/cio\/cio2005\/prod_gest_operaciones\/\/174.pdf\" target=\"_blank\" rel=\"noopener noreferrer\"><em>http:\/\/www.adingor.es\/congresos\/web\/uploads\/cio\/cio2005\/prod_gest_operaciones\/\/174.pdf<\/em><\/a><\/p>\n<p>&nbsp;<\/p>\n<p style=\"text-align: justify;\">Gal\u00e1n-Ordax, J.M.; L\u00f3pez-Paredes, A.; Del Olmo-Mart\u00ednez, R., (2005). <strong>Simulaci\u00f3n basada en agentes en Teor\u00eda de Juegos Evolutiva: \u00bfpueden las metanormas evitar el colapso de una norma social?. <\/strong>IX Congreso de Ingenier\u00eda de Organizaci\u00f3n (CIO 2005). pp.: 94. ADINGOR. ISBN: 84-96476-40-5.<br \/><em>Disponible en Internet en:<br \/><\/em><a href=\"http:\/\/www.adingor.es\/congresos\/web\/uploads\/cio\/cio2005\/economia\/\/94.pdf\" target=\"_blank\" rel=\"noopener noreferrer\"><em>http:\/\/www.adingor.es\/congresos\/web\/uploads\/cio\/cio2005\/economia\/\/94.pdf<\/em><\/a><\/p>\n<p>&nbsp;<\/p>\n<p style=\"text-align: justify;\">Izquierdo, S.S.; Hern\u00e1ndez, C.; Pajares, J., (2005). <strong>State Space Modelling of Cointegrated Systems Using Subspace Algorithms.<\/strong> Advancements of Modelling and Simulation Techniques in Enterprise: The Best of 2004. AMSE.<br \/><em>Disponible en Internet en:<br \/><\/em><em><a href=\"https:\/\/www.researchgate.net\/profile\/Javier_Pajares\/publication\/23743098_State_Space_Modelling_of_Cointegrated_Systems_using_Subspace_Algorithms\/links\/0912f505777d395ed5000000\/State-Space-Modelling-of-Cointegrated-Systems-using-Subspace-Algorithms.pdf?origin=publication_detail\" target=\"_blank\" rel=\"noopener noreferrer\">https:\/\/www.researchgate.net\/profile\/Javier_Pajares\/publication\/23743098_State_Space_Modelling_of_Cointegrated_Systems_using_Subspace_Algorithms\/links\/0912f505777d395ed5000000\/State-Space-Modelling-of-Cointegrated-Systems-using-Subspace-Algorithms.pdf?origin=publication_detail<\/a><\/em><\/p>\n<p>&nbsp;<\/p>\n<p style=\"text-align: justify;\">Izquierdo, S.; Pajares, J.; Hern\u00e1ndez, C., (2005). <strong>M\u00e9todos de subespacios: una aproximaci\u00f3n intuitiva.<\/strong> IX Congreso de Ingenier\u00eda de Organizaci\u00f3n (CIO 2005). pp.: 21-26. ADINGOR. ISBN: 84-96476-40-5.<br \/><em>Disponible en Internet en:<br \/><\/em><a href=\"http:\/\/www.adingor.es\/congresos\/web\/uploads\/cio\/cio2005\/metodos_cuantitativos\/\/21.pdf\" target=\"_blank\" rel=\"noopener noreferrer\"><em>http:\/\/www.adingor.es\/congresos\/web\/uploads\/cio\/cio2005\/metodos_cuantitativos\/\/21.pdf<\/em><\/a><\/p>\n<p>&nbsp;<\/p>\n<p style=\"text-align: justify;\">Pajares, J.; Pascual, J.A.; L\u00f3pez-Paredes, A.; Hern\u00e1ndez, C., (2005). <strong>Agent Based Simulation for Modelling Financial Markets: A Behavioral and Evolutionary Approach.<\/strong> Advancements of Modelling and Simulation Techniques in Enterprise: The Best of 2004. AMSE.<\/p>\n<p>&nbsp;<\/p>\n<p style=\"text-align: justify;\">Pascual, J.A.; Pajares-Guti\u00e9rrez, J.; L\u00f3pez-Paredes, A., (2005). <strong>El Papel de la aversi\u00f3n al riesgo y del an\u00e1lisis t\u00e9cnico en el comportamiento de los mercados financieros. <\/strong>IX Congreso de Ingenier\u00eda de Organizaci\u00f3n (CIO 2005). pp.: 79. ADINGOR. ISBN: 84-96476-40-5.<br \/><em>Disponible en Internet en:<br \/><\/em><a href=\"http:\/\/www.adingor.es\/congresos\/web\/uploads\/cio\/cio2005\/cont_finanzas\/\/79.pdf\" target=\"_blank\" rel=\"noopener noreferrer\"><em>http:\/\/www.adingor.es\/congresos\/web\/uploads\/cio\/cio2005\/cont_finanzas\/\/79.pdf<\/em><\/a><\/p>\n<p>&nbsp;<\/p>\n<p style=\"text-align: justify;\">Posada-Calvo, M.; Hern\u00e1ndez-Iglesias, C.; Sarmiento-Calle, R.; L\u00f3pez-Paredes, A., (2005).\u00a0<strong>Las empresas el\u00e9ctricas espa\u00f1olas ante el reto de Kyoto: un modelo basado en agentes.<\/strong> IX Congreso de Ingenier\u00eda de Organizaci\u00f3n (CIO 2005). pp.: 77. ADINGOR. ISBN: 84-96476-40-5.<br \/><em>Disponible en Internet:<br \/><\/em><em><a href=\"http:\/\/www.adingor.es\/congresos\/web\/uploads\/cio\/cio2005\/medio_ambiente\/77.pdf\" target=\"_blank\" rel=\"noopener noreferrer\">http:\/\/www.adingor.es\/congresos\/web\/uploads\/cio\/cio2005\/medio_ambiente\/\/77.pdf<\/a><\/em><\/p>\n<p>&nbsp;<\/p>\n<p style=\"text-align: justify;\">Puche-Regaliza, J.C.; P\u00e9rez-R\u00edos, J.; S\u00e1nchez-Mayoral, P., (2005). <strong>Proyectos software desde una perspectiva cibern\u00e9tica. <\/strong>IX Congreso de Ingenier\u00eda de Organizaci\u00f3n (CIO 2005). pp.: 128. ADINGOR. ISBN: 84-96476-40-5.<br \/><em>Disponible en Internet en:<br \/><\/em><a href=\"http:\/\/www.adingor.es\/congresos\/web\/uploads\/cio\/cio2005\/prod_gest_operaciones\/\/128.pdf\" target=\"_blank\" rel=\"noopener noreferrer\"><em>http:\/\/www.adingor.es\/congresos\/web\/uploads\/cio\/cio2005\/prod_gest_operaciones\/\/128.pdf<\/em><\/a><\/p>\n<p>&nbsp;<\/p>\n<p style=\"text-align: justify;\">Santos, J.I.; Del Olmo, R.; Pajares, J., (2005). <strong>Fen\u00f3menos de difusi\u00f3n de conocimiento y dimensi\u00f3n geogr\u00e1fica de la innovaci\u00f3n, una aproximaci\u00f3n multi-agente.<\/strong> IX Congreso de Ingenier\u00eda de Organizaci\u00f3n (CIO 2005). pp.: 121. ADINGOR. ISBN: 84-96476-40-5.<br \/><em>Disponible en Internet en:<br \/><\/em><a href=\"http:\/\/www.adingor.es\/congresos\/web\/uploads\/cio\/cio2005\/economia\/\/121.pdf\" target=\"_blank\" rel=\"noopener noreferrer\"><em>http:\/\/www.adingor.es\/congresos\/web\/uploads\/cio\/cio2005\/economia\/\/121.pdf<\/em><\/a><\/p>\n<p style=\"text-align: center;\"><em>\u00a0<\/em><\/p>\n<p style=\"text-align: justify;\">Santos-Mart\u00edn, J.I.; Gal\u00e1n-Ordax, J.M.; Del Olmo-Mart\u00ednez, R., (2005). <strong>Nuevas estrategias de ense\u00f1anza: experiencia con Weblogs.<\/strong> IX Congreso de Ingenier\u00eda de Organizaci\u00f3n (CIO 2005). pp.: 120. ADINGOR. ISBN: 84-96476-40-5.<br \/><em>Disponible en Internet en:<br \/><\/em><a href=\"http:\/\/www.adingor.es\/congresos\/web\/uploads\/cio\/cio2005\/inno_docente\/\/120.pdf\" target=\"_blank\" rel=\"noopener noreferrer\"><em>http:\/\/www.adingor.es\/congresos\/web\/uploads\/cio\/cio2005\/inno_docente\/\/120.pdf<\/em><\/a><\/p>\n<p>[\/et_pb_text][\/et_pb_column][et_pb_column type=\u00bb1_4&#8243; _builder_version=\u00bb3.25&#8243; custom_padding=\u00bb|||\u00bb _i=\u00bb1&#8243; _address=\u00bb1.0.1&#8243; custom_padding__hover=\u00bb|||\u00bb][et_pb_image align_tablet=\u00bbcenter\u00bb align_last_edited=\u00bbon|desktop\u00bb _builder_version=\u00bb3.23&#8243; _i=\u00bb0&#8243; _address=\u00bb1.0.1.0&#8243;]<\/p>\n<p>\n&nbsp;<\/p>\n<p>[\/et_pb_image][\/et_pb_column][\/et_pb_row][\/et_pb_section]<\/p>\n","protected":false},"excerpt":{"rendered":"<p>&nbsp; &nbsp; Ara\u00fazo-Ara\u00fazo, J.A.; De Benito-Mart\u00edn, J.J.; Sanz-Angulo, P.; Del Olmo-Mart\u00ednez, R., (2005). Propuesta de un sistema de programaci\u00f3n y control distribuido para sistemas de fabricaci\u00f3n tipo Job Shop. IX Congreso de Ingenier\u00eda de Organizaci\u00f3n (CIO 2005). pp.: 174. ADINGOR. ISBN: 84-96476-40-5.Disponible en Internet en:http:\/\/www.adingor.es\/congresos\/web\/uploads\/cio\/cio2005\/prod_gest_operaciones\/\/174.pdf &nbsp; Gal\u00e1n-Ordax, J.M.; L\u00f3pez-Paredes, A.; Del Olmo-Mart\u00ednez, R., (2005). Simulaci\u00f3n [&hellip;]<\/p>\n","protected":false},"author":11,"featured_media":0,"parent":0,"menu_order":0,"comment_status":"closed","ping_status":"closed","template":"","meta":{"_et_pb_use_builder":"on","_et_pb_old_content":"","_et_gb_content_width":"","footnotes":""},"class_list":["post-6266","page","type-page","status-publish","hentry"],"_links":{"self":[{"href":"https:\/\/www.insisoc.uva.es\/index.php\/wp-json\/wp\/v2\/pages\/6266","targetHints":{"allow":["GET"]}}],"collection":[{"href":"https:\/\/www.insisoc.uva.es\/index.php\/wp-json\/wp\/v2\/pages"}],"about":[{"href":"https:\/\/www.insisoc.uva.es\/index.php\/wp-json\/wp\/v2\/types\/page"}],"author":[{"embeddable":true,"href":"https:\/\/www.insisoc.uva.es\/index.php\/wp-json\/wp\/v2\/users\/11"}],"replies":[{"embeddable":true,"href":"https:\/\/www.insisoc.uva.es\/index.php\/wp-json\/wp\/v2\/comments?post=6266"}],"version-history":[{"count":0,"href":"https:\/\/www.insisoc.uva.es\/index.php\/wp-json\/wp\/v2\/pages\/6266\/revisions"}],"wp:attachment":[{"href":"https:\/\/www.insisoc.uva.es\/index.php\/wp-json\/wp\/v2\/media?parent=6266"}],"curies":[{"name":"wp","href":"https:\/\/api.w.org\/{rel}","templated":true}]}}