{"id":6268,"date":"2018-10-29T09:21:22","date_gmt":"2018-10-29T09:21:22","guid":{"rendered":"https:\/\/www.insisoc.uva.es\/?page_id=6268"},"modified":"2020-07-18T12:19:01","modified_gmt":"2020-07-18T12:19:01","slug":"ins-book-chapters-2004","status":"publish","type":"page","link":"https:\/\/www.insisoc.uva.es\/index.php\/ins-book-chapters-2004\/","title":{"rendered":"Ins-Book Chapters 2004"},"content":{"rendered":"<p>[et_pb_section bb_built=\u00bb1&#8243; fullwidth=\u00bbon\u00bb _builder_version=\u00bb3.0.47&#8243; next_background_color=\u00bb#000000&#8243; inner_width=\u00bb90%\u00bb inner_max_width=\u00bb1200px\u00bb][et_pb_fullwidth_header admin_label=\u00bbT\u00edtulo Book Chapters 2004&#8243; title=\u00bbBook Chapters 2004&#8243; subhead=\u00bbInsisoc has a lot of papers, which have been published on books\u00bb title_font_color=\u00bb#ffffff\u00bb subhead_font_color=\u00bb#ffffff\u00bb _builder_version=\u00bb3.12&#8243; title_text_color=\u00bb#ffffff\u00bb subhead_text_color=\u00bb#ffffff\u00bb subhead_font_size=\u00bb19px\u00bb background_size=\u00bbinitial\u00bb background_position=\u00bbtop_left\u00bb background_repeat=\u00bbrepeat\u00bb text_shadow_style=\u00bbpreset5&#8243; button_one_text_size__hover_enabled=\u00bboff\u00bb button_one_text_size__hover=\u00bbnull\u00bb button_two_text_size__hover_enabled=\u00bboff\u00bb button_two_text_size__hover=\u00bbnull\u00bb button_one_text_color__hover_enabled=\u00bboff\u00bb button_one_text_color__hover=\u00bbnull\u00bb button_two_text_color__hover_enabled=\u00bboff\u00bb button_two_text_color__hover=\u00bbnull\u00bb button_one_border_width__hover_enabled=\u00bboff\u00bb button_one_border_width__hover=\u00bbnull\u00bb button_two_border_width__hover_enabled=\u00bboff\u00bb button_two_border_width__hover=\u00bbnull\u00bb button_one_border_color__hover_enabled=\u00bboff\u00bb button_one_border_color__hover=\u00bbnull\u00bb button_two_border_color__hover_enabled=\u00bboff\u00bb button_two_border_color__hover=\u00bbnull\u00bb button_one_border_radius__hover_enabled=\u00bboff\u00bb button_one_border_radius__hover=\u00bbnull\u00bb button_two_border_radius__hover_enabled=\u00bboff\u00bb button_two_border_radius__hover=\u00bbnull\u00bb button_one_letter_spacing__hover_enabled=\u00bboff\u00bb button_one_letter_spacing__hover=\u00bbnull\u00bb button_two_letter_spacing__hover_enabled=\u00bboff\u00bb button_two_letter_spacing__hover=\u00bbnull\u00bb button_one_bg_color__hover_enabled=\u00bboff\u00bb button_one_bg_color__hover=\u00bbnull\u00bb button_two_bg_color__hover_enabled=\u00bboff\u00bb button_two_bg_color__hover=\u00bbnull\u00bb \/][et_pb_fullwidth_menu menu_id=\u00bb48&#8243; submenu_direction=\u00bbdownwards\u00bb fullwidth_menu=\u00bboff\u00bb active_link_color=\u00bb#b26200&#8243; dropdown_menu_line_color=\u00bb#6c9fc1&#8243; dropdown_menu_text_color=\u00bb#000000&#8243; mobile_menu_text_color=\u00bb#000000&#8243; _builder_version=\u00bb4.0.9&#8243; menu_font=\u00bb|700|||||||\u00bb menu_text_color=\u00bb#000000&#8243; menu_font_size=\u00bb16px\u00bb background_color=\u00bb#d7eaf4&#8243; text_orientation=\u00bbcenter\u00bb animation_style=\u00bbfade\u00bb animation_duration=\u00bb500ms\u00bb menu_text_shadow_horizontal_length=\u00bbmenu_text_shadow_style,%91object Object%93&#8243; menu_text_shadow_horizontal_length_tablet=\u00bb0px\u00bb menu_text_shadow_vertical_length=\u00bbmenu_text_shadow_style,%91object Object%93&#8243; menu_text_shadow_vertical_length_tablet=\u00bb0px\u00bb menu_text_shadow_blur_strength=\u00bbmenu_text_shadow_style,%91object Object%93&#8243; menu_text_shadow_blur_strength_tablet=\u00bb1px\u00bb mobile_menu_bg_color=\u00bb#d7eaf4&#8243; box_shadow_horizontal_image_tablet=\u00bb0px\u00bb box_shadow_vertical_image_tablet=\u00bb0px\u00bb box_shadow_blur_image_tablet=\u00bb40px\u00bb box_shadow_spread_image_tablet=\u00bb0px\u00bb box_shadow_horizontal_tablet=\u00bb0px\u00bb box_shadow_vertical_tablet=\u00bb0px\u00bb box_shadow_blur_tablet=\u00bb40px\u00bb box_shadow_spread_tablet=\u00bb0px\u00bb z_index_tablet=\u00bb500&#8243; \/][\/et_pb_section][et_pb_section bb_built=\u00bb1&#8243; _builder_version=\u00bb3.0.47&#8243; prev_background_color=\u00bb#000000&#8243; inner_width=\u00bb90%\u00bb inner_max_width=\u00bb1200px\u00bb][et_pb_row _builder_version=\u00bb3.0.48&#8243; background_size=\u00bbinitial\u00bb background_position=\u00bbtop_left\u00bb background_repeat=\u00bbrepeat\u00bb width=\u00bb90%\u00bb max_width=\u00bb1200px\u00bb][et_pb_column type=\u00bb3_4&#8243; custom_padding__hover=\u00bb|||\u00bb custom_padding=\u00bb|||\u00bb][et_pb_text _builder_version=\u00bb4.0.9&#8243; text_text_shadow_horizontal_length=\u00bbtext_text_shadow_style,%91object Object%93&#8243; text_text_shadow_horizontal_length_tablet=\u00bb0px\u00bb text_text_shadow_vertical_length=\u00bbtext_text_shadow_style,%91object Object%93&#8243; text_text_shadow_vertical_length_tablet=\u00bb0px\u00bb text_text_shadow_blur_strength=\u00bbtext_text_shadow_style,%91object Object%93&#8243; text_text_shadow_blur_strength_tablet=\u00bb1px\u00bb link_text_shadow_horizontal_length=\u00bblink_text_shadow_style,%91object Object%93&#8243; link_text_shadow_horizontal_length_tablet=\u00bb0px\u00bb link_text_shadow_vertical_length=\u00bblink_text_shadow_style,%91object Object%93&#8243; link_text_shadow_vertical_length_tablet=\u00bb0px\u00bb link_text_shadow_blur_strength=\u00bblink_text_shadow_style,%91object Object%93&#8243; link_text_shadow_blur_strength_tablet=\u00bb1px\u00bb ul_text_shadow_horizontal_length=\u00bbul_text_shadow_style,%91object Object%93&#8243; ul_text_shadow_horizontal_length_tablet=\u00bb0px\u00bb ul_text_shadow_vertical_length=\u00bbul_text_shadow_style,%91object Object%93&#8243; ul_text_shadow_vertical_length_tablet=\u00bb0px\u00bb ul_text_shadow_blur_strength=\u00bbul_text_shadow_style,%91object Object%93&#8243; ul_text_shadow_blur_strength_tablet=\u00bb1px\u00bb ol_text_shadow_horizontal_length=\u00bbol_text_shadow_style,%91object Object%93&#8243; ol_text_shadow_horizontal_length_tablet=\u00bb0px\u00bb ol_text_shadow_vertical_length=\u00bbol_text_shadow_style,%91object Object%93&#8243; ol_text_shadow_vertical_length_tablet=\u00bb0px\u00bb ol_text_shadow_blur_strength=\u00bbol_text_shadow_style,%91object Object%93&#8243; ol_text_shadow_blur_strength_tablet=\u00bb1px\u00bb quote_text_shadow_horizontal_length=\u00bbquote_text_shadow_style,%91object Object%93&#8243; quote_text_shadow_horizontal_length_tablet=\u00bb0px\u00bb quote_text_shadow_vertical_length=\u00bbquote_text_shadow_style,%91object Object%93&#8243; quote_text_shadow_vertical_length_tablet=\u00bb0px\u00bb quote_text_shadow_blur_strength=\u00bbquote_text_shadow_style,%91object Object%93&#8243; quote_text_shadow_blur_strength_tablet=\u00bb1px\u00bb header_text_shadow_horizontal_length=\u00bbheader_text_shadow_style,%91object Object%93&#8243; header_text_shadow_horizontal_length_tablet=\u00bb0px\u00bb header_text_shadow_vertical_length=\u00bbheader_text_shadow_style,%91object Object%93&#8243; header_text_shadow_vertical_length_tablet=\u00bb0px\u00bb header_text_shadow_blur_strength=\u00bbheader_text_shadow_style,%91object Object%93&#8243; header_text_shadow_blur_strength_tablet=\u00bb1px\u00bb header_2_text_shadow_horizontal_length=\u00bbheader_2_text_shadow_style,%91object Object%93&#8243; header_2_text_shadow_horizontal_length_tablet=\u00bb0px\u00bb header_2_text_shadow_vertical_length=\u00bbheader_2_text_shadow_style,%91object Object%93&#8243; header_2_text_shadow_vertical_length_tablet=\u00bb0px\u00bb header_2_text_shadow_blur_strength=\u00bbheader_2_text_shadow_style,%91object Object%93&#8243; header_2_text_shadow_blur_strength_tablet=\u00bb1px\u00bb header_3_text_shadow_horizontal_length=\u00bbheader_3_text_shadow_style,%91object Object%93&#8243; header_3_text_shadow_horizontal_length_tablet=\u00bb0px\u00bb header_3_text_shadow_vertical_length=\u00bbheader_3_text_shadow_style,%91object Object%93&#8243; header_3_text_shadow_vertical_length_tablet=\u00bb0px\u00bb header_3_text_shadow_blur_strength=\u00bbheader_3_text_shadow_style,%91object Object%93&#8243; header_3_text_shadow_blur_strength_tablet=\u00bb1px\u00bb header_4_text_shadow_horizontal_length=\u00bbheader_4_text_shadow_style,%91object Object%93&#8243; header_4_text_shadow_horizontal_length_tablet=\u00bb0px\u00bb header_4_text_shadow_vertical_length=\u00bbheader_4_text_shadow_style,%91object Object%93&#8243; header_4_text_shadow_vertical_length_tablet=\u00bb0px\u00bb header_4_text_shadow_blur_strength=\u00bbheader_4_text_shadow_style,%91object Object%93&#8243; header_4_text_shadow_blur_strength_tablet=\u00bb1px\u00bb header_5_text_shadow_horizontal_length=\u00bbheader_5_text_shadow_style,%91object Object%93&#8243; header_5_text_shadow_horizontal_length_tablet=\u00bb0px\u00bb header_5_text_shadow_vertical_length=\u00bbheader_5_text_shadow_style,%91object Object%93&#8243; header_5_text_shadow_vertical_length_tablet=\u00bb0px\u00bb header_5_text_shadow_blur_strength=\u00bbheader_5_text_shadow_style,%91object Object%93&#8243; header_5_text_shadow_blur_strength_tablet=\u00bb1px\u00bb header_6_text_shadow_horizontal_length=\u00bbheader_6_text_shadow_style,%91object Object%93&#8243; header_6_text_shadow_horizontal_length_tablet=\u00bb0px\u00bb header_6_text_shadow_vertical_length=\u00bbheader_6_text_shadow_style,%91object Object%93&#8243; header_6_text_shadow_vertical_length_tablet=\u00bb0px\u00bb header_6_text_shadow_blur_strength=\u00bbheader_6_text_shadow_style,%91object Object%93&#8243; header_6_text_shadow_blur_strength_tablet=\u00bb1px\u00bb box_shadow_horizontal_tablet=\u00bb0px\u00bb box_shadow_vertical_tablet=\u00bb0px\u00bb box_shadow_blur_tablet=\u00bb40px\u00bb box_shadow_spread_tablet=\u00bb0px\u00bb z_index_tablet=\u00bb500&#8243;]<\/p>\n<p style=\"text-align: justify;\">Aguilera, A.; L\u00f3pez, A.; Mart\u00ednez, J.R.; (Eds.), (2004). <strong>Sociedades Artificiales: Aplicaci\u00f3n de la simulaci\u00f3n en la teor\u00eda social.<\/strong> P\u00e1ginas: 178. El Colegio de San Luis. ISBN: 970-93886-3-0.<\/p>\n<p>&nbsp;<\/p>\n<p style=\"text-align: justify;\">Gal\u00e1n-Ordax, J.M.; L\u00f3pez-Paredes, A.; Del Olmo-Mart\u00ednez, R., (2004). <strong>Simulaci\u00f3n de sociedades artificiales de agentes y aut\u00f3matas celulares en Ingenier\u00eda de Organizaci\u00f3n: aplicaci\u00f3n a la gesti\u00f3n del agua.<\/strong> VIII Congreso de Ingenier\u00eda de Organizaci\u00f3n (CIO 2004). pp.: 1033-1042. ADINGOR. ISBN: 84-688-7879-0.<br \/><em>Disponible en Internet en:<br \/><\/em><a href=\"http:\/\/www.adingor.es\/congresos\/web\/uploads\/cio\/cio2004\/1033-1042.pdf\" target=\"_blank\" rel=\"noopener noreferrer\"><em>http:\/\/www.adingor.es\/congresos\/web\/uploads\/cio\/cio2004\/1033-1042.pdf<\/em><\/a><\/p>\n<p>&nbsp;<\/p>\n<p style=\"text-align: justify;\">Hern\u00e1ndez-Iglesias, C.; L\u00f3pez-Paredes, A.; Del Olmo-Mart\u00ednez, R.; Pajares-Guti\u00e9rrez, J., (2004). <strong>H. SIMON, y la Organizaci\u00f3n Industrial<\/strong>. VIII Congreso de Ingenier\u00eda de Organizaci\u00f3n (CIO 2004). pp.: 493-502. ADINGOR. ISBN: 84-688-7879-0.<br \/><em>Disponible en Internet en:<br \/><\/em><a href=\"http:\/\/www.adingor.es\/congresos\/web\/uploads\/cio\/cio2004\/493-502.pdf\" target=\"_blank\" rel=\"noopener noreferrer\"><em>http:\/\/www.adingor.es\/congresos\/web\/uploads\/cio\/cio2004\/493-502.pdf<\/em><\/a><\/p>\n<p>&nbsp;<\/p>\n<p style=\"text-align: justify;\">Hern\u00e1ndez, C.; L\u00f3pez-Paredes, A.; Pajares, J.; Gal\u00e1n, J.M.; (Eds.), (2004). <strong>Proceedings of the Second European Social Simulation Association Conference.<\/strong> INSISOC. ISBN: 84-688-7964-9.<\/p>\n<p>&nbsp;<\/p>\n<p style=\"text-align: justify;\">Izquierdo-Mill\u00e1n, S.S.; Hern\u00e1ndez-Iglesias, C.; Pajares-Guti\u00e9rrez, J., (2004).\u00a0<strong>El espacio de estados en<\/strong><strong> econometr\u00eda.<\/strong> VIII Congreso de Ingenier\u00eda de Organizaci\u00f3n (CIO 2004). pp.: 307-314. ADINGOR. ISBN: 84-688-7879-0.<br \/><em>Disponible en Internet:<br \/><\/em><em><a href=\"http:\/\/www.adingor.es\/congresos\/web\/uploads\/cio\/cio2004\/307-314.pdf\" target=\"_blank\" rel=\"noopener noreferrer\">http:\/\/www.adingor.es\/congresos\/web\/uploads\/cio\/cio2004\/307-314.pdf<\/a><\/em><\/p>\n<p>&nbsp;<\/p>\n<p style=\"text-align: justify;\">L\u00f3pez-Paredes, A., (2004). <strong>Ingenier\u00eda de Sistemas Sociales. Dise\u00f1o, Modelado y Programaci\u00f3n de Modelos Basados en Agentes.<\/strong> P\u00e1ginas: 205. Ediciones Universidad de Valladolid. ISBN: 978-84-8448-276-5.<\/p>\n<p>&nbsp;<\/p>\n<p style=\"text-align: justify;\">Pajares-Guti\u00e9rrez, J.; Hern\u00e1ndez-Iglesias, C.; L\u00f3pez-Paredes, A., (2004).<strong> Factores Secundarios (o no!) en el nacimiento y \u00e9xito de distritos industriales. El caso de Castilla y Le\u00f3n.<\/strong> VIII Congreso de Ingenier\u00eda de Organizaci\u00f3n (CIO 2004). pp.: 475-484. ADINGOR. ISBN: 84-688-7879-0.<br \/><em>Disponible en Internet en:<br \/><\/em><a href=\"http:\/\/www.adingor.es\/congresos\/web\/uploads\/cio\/cio2004\/475-484.pdf\" target=\"_blank\" rel=\"noopener noreferrer\"><em>http:\/\/www.adingor.es\/congresos\/web\/uploads\/cio\/cio2004\/475-484.pdf<\/em><\/a><\/p>\n<p>&nbsp;<\/p>\n<p style=\"text-align: justify;\">Pascual-Ruano, J.A.; Pajares-Guti\u00e9rrez, J.; Hern\u00e1ndez-Iglesias, C.; L\u00f3pez-Paredes, A., (2004). <strong>El Exceso de Volatilidad en los Mercados Financieros: Una Aproximaci\u00f3n Generativa-Behavioral.<\/strong> VIII Congreso de Ingenier\u00eda de Organizaci\u00f3n (CIO 2004). pp.: 315-324. ADINGOR. ISBN: 84-688-7879-0.<br \/><em>Disponible en Internet en:<br \/><\/em><a href=\"http:\/\/www.adingor.es\/congresos\/web\/uploads\/cio\/cio2004\/315-324.pdf\" target=\"_blank\" rel=\"noopener noreferrer\"><em>http:\/\/www.adingor.es\/congresos\/web\/uploads\/cio\/cio2004\/315-324.pdf<\/em><\/a><\/p>\n<p>&nbsp;<\/p>\n<p style=\"text-align: justify;\">Posada-Calvo, M.; Hern\u00e1ndez-Iglesias, C.; L\u00f3pez-Paredes, A., (2004).\u00a0<strong>Aprendizaje evolutivo en la subasta doble continua: un enfoque multiagente.<\/strong> VIII Congreso de Ingenier\u00eda de Organizaci\u00f3n (CIO 2004). pp.: 111-120. ADINGOR. ISBN: 84-688-7879-0.<br \/><em>Disponible en Internet:<br \/><a href=\"http:\/\/www.adingor.es\/congresos\/web\/uploads\/cio\/cio2004\/315-324.pdf\" target=\"_blank\" rel=\"noopener noreferrer\">http:\/\/www.adingor.es\/congresos\/web\/uploads\/cio\/cio2004\/111-120.pdf<\/a><\/em><\/p>\n<p>[\/et_pb_text][\/et_pb_column][et_pb_column type=\u00bb1_4&#8243; custom_padding__hover=\u00bb|||\u00bb custom_padding=\u00bb|||\u00bb][et_pb_image _builder_version=\u00bb3.12&#8243; align_last_edited=\u00bbon|desktop\u00bb align_tablet=\u00bbcenter\u00bb \/][\/et_pb_column][\/et_pb_row][\/et_pb_section]<\/p>\n","protected":false},"excerpt":{"rendered":"<p>Aguilera, A.; L\u00f3pez, A.; Mart\u00ednez, J.R.; (Eds.), (2004). Sociedades Artificiales: Aplicaci\u00f3n de la simulaci\u00f3n en la teor\u00eda social. P\u00e1ginas: 178. El Colegio de San Luis. ISBN: 970-93886-3-0. &nbsp; Gal\u00e1n-Ordax, J.M.; L\u00f3pez-Paredes, A.; Del Olmo-Mart\u00ednez, R., (2004). Simulaci\u00f3n de sociedades artificiales de agentes y aut\u00f3matas celulares en Ingenier\u00eda de Organizaci\u00f3n: aplicaci\u00f3n a la gesti\u00f3n del agua. [&hellip;]<\/p>\n","protected":false},"author":11,"featured_media":0,"parent":0,"menu_order":0,"comment_status":"closed","ping_status":"closed","template":"","meta":{"_et_pb_use_builder":"on","_et_pb_old_content":"","_et_gb_content_width":"","footnotes":""},"class_list":["post-6268","page","type-page","status-publish","hentry"],"_links":{"self":[{"href":"https:\/\/www.insisoc.uva.es\/index.php\/wp-json\/wp\/v2\/pages\/6268","targetHints":{"allow":["GET"]}}],"collection":[{"href":"https:\/\/www.insisoc.uva.es\/index.php\/wp-json\/wp\/v2\/pages"}],"about":[{"href":"https:\/\/www.insisoc.uva.es\/index.php\/wp-json\/wp\/v2\/types\/page"}],"author":[{"embeddable":true,"href":"https:\/\/www.insisoc.uva.es\/index.php\/wp-json\/wp\/v2\/users\/11"}],"replies":[{"embeddable":true,"href":"https:\/\/www.insisoc.uva.es\/index.php\/wp-json\/wp\/v2\/comments?post=6268"}],"version-history":[{"count":0,"href":"https:\/\/www.insisoc.uva.es\/index.php\/wp-json\/wp\/v2\/pages\/6268\/revisions"}],"wp:attachment":[{"href":"https:\/\/www.insisoc.uva.es\/index.php\/wp-json\/wp\/v2\/media?parent=6268"}],"curies":[{"name":"wp","href":"https:\/\/api.w.org\/{rel}","templated":true}]}}