{"id":6442,"date":"2018-10-30T12:20:41","date_gmt":"2018-10-30T12:20:41","guid":{"rendered":"https:\/\/www.insisoc.uva.es\/?page_id=6442"},"modified":"2019-12-12T10:39:59","modified_gmt":"2019-12-12T10:39:59","slug":"ins-conferences-2017","status":"publish","type":"page","link":"https:\/\/www.insisoc.uva.es\/index.php\/ins-conferences-2017\/","title":{"rendered":"Ins-Conferences 2017"},"content":{"rendered":"<p>[et_pb_section bb_built=\u00bb1&#8243; fullwidth=\u00bbon\u00bb _builder_version=\u00bb3.0.47&#8243; inner_width=\u00bb90%\u00bb inner_max_width=\u00bb1200px\u00bb next_background_color=\u00bb#000000&#8243;][et_pb_fullwidth_header admin_label=\u00bbT\u00edtulo Conferences 2017&#8243; title=\u00bbConferences 2017&#8243; subhead=\u00bbInsisoc has attended the following conferences\u00bb title_font_color=\u00bb#ffffff\u00bb subhead_font_color=\u00bb#ffffff\u00bb _builder_version=\u00bb3.12&#8243; title_text_color=\u00bb#ffffff\u00bb subhead_text_color=\u00bb#ffffff\u00bb subhead_font_size=\u00bb19px\u00bb background_size=\u00bbinitial\u00bb background_position=\u00bbtop_left\u00bb background_repeat=\u00bbrepeat\u00bb text_shadow_style=\u00bbpreset5&#8243; button_one_text_size__hover_enabled=\u00bboff\u00bb button_one_text_size__hover=\u00bbnull\u00bb button_two_text_size__hover_enabled=\u00bboff\u00bb button_two_text_size__hover=\u00bbnull\u00bb button_one_text_color__hover_enabled=\u00bboff\u00bb button_one_text_color__hover=\u00bbnull\u00bb button_two_text_color__hover_enabled=\u00bboff\u00bb button_two_text_color__hover=\u00bbnull\u00bb button_one_border_width__hover_enabled=\u00bboff\u00bb button_one_border_width__hover=\u00bbnull\u00bb button_two_border_width__hover_enabled=\u00bboff\u00bb button_two_border_width__hover=\u00bbnull\u00bb button_one_border_color__hover_enabled=\u00bboff\u00bb button_one_border_color__hover=\u00bbnull\u00bb button_two_border_color__hover_enabled=\u00bboff\u00bb button_two_border_color__hover=\u00bbnull\u00bb button_one_border_radius__hover_enabled=\u00bboff\u00bb button_one_border_radius__hover=\u00bbnull\u00bb button_two_border_radius__hover_enabled=\u00bboff\u00bb button_two_border_radius__hover=\u00bbnull\u00bb button_one_letter_spacing__hover_enabled=\u00bboff\u00bb button_one_letter_spacing__hover=\u00bbnull\u00bb button_two_letter_spacing__hover_enabled=\u00bboff\u00bb button_two_letter_spacing__hover=\u00bbnull\u00bb button_one_bg_color__hover_enabled=\u00bboff\u00bb button_one_bg_color__hover=\u00bbnull\u00bb button_two_bg_color__hover_enabled=\u00bboff\u00bb button_two_bg_color__hover=\u00bbnull\u00bb]<\/p>\n<p>[\/et_pb_fullwidth_header][et_pb_fullwidth_menu menu_id=\u00bb51&#8243; submenu_direction=\u00bbdownwards\u00bb fullwidth_menu=\u00bboff\u00bb active_link_color=\u00bb#b26200&#8243; dropdown_menu_line_color=\u00bb#6c9fc1&#8243; dropdown_menu_text_color=\u00bb#000000&#8243; mobile_menu_text_color=\u00bb#000000&#8243; _builder_version=\u00bb3.12&#8243; menu_font=\u00bb|700|||||||\u00bb menu_text_color=\u00bb#000000&#8243; menu_font_size=\u00bb15px\u00bb background_color=\u00bb#d7eaf4&#8243; text_orientation=\u00bbcenter\u00bb animation_style=\u00bbfade\u00bb animation_duration=\u00bb500ms\u00bb saved_tabs=\u00bball\u00bb]<\/p>\n<p>[\/et_pb_fullwidth_menu][\/et_pb_section][et_pb_section bb_built=\u00bb1&#8243; _builder_version=\u00bb3.0.47&#8243; inner_width=\u00bb90%\u00bb inner_max_width=\u00bb1200px\u00bb prev_background_color=\u00bb#000000&#8243;][et_pb_row _builder_version=\u00bb3.0.48&#8243; background_size=\u00bbinitial\u00bb background_position=\u00bbtop_left\u00bb background_repeat=\u00bbrepeat\u00bb width=\u00bb90%\u00bb max_width=\u00bb1200px\u00bb][et_pb_column type=\u00bb2_3&#8243; _builder_version=\u00bb3.0.47&#8243; parallax=\u00bboff\u00bb parallax_method=\u00bbon\u00bb custom_padding__hover=\u00bb|||\u00bb custom_padding=\u00bb|||\u00bb][et_pb_text _builder_version=\u00bb4.0.1&#8243; text_text_shadow_horizontal_length=\u00bbtext_text_shadow_style,%91object Object%93&#8243; text_text_shadow_horizontal_length_tablet=\u00bb0px\u00bb text_text_shadow_vertical_length=\u00bbtext_text_shadow_style,%91object Object%93&#8243; text_text_shadow_vertical_length_tablet=\u00bb0px\u00bb text_text_shadow_blur_strength=\u00bbtext_text_shadow_style,%91object Object%93&#8243; text_text_shadow_blur_strength_tablet=\u00bb1px\u00bb link_text_shadow_horizontal_length=\u00bblink_text_shadow_style,%91object Object%93&#8243; link_text_shadow_horizontal_length_tablet=\u00bb0px\u00bb link_text_shadow_vertical_length=\u00bblink_text_shadow_style,%91object Object%93&#8243; link_text_shadow_vertical_length_tablet=\u00bb0px\u00bb link_text_shadow_blur_strength=\u00bblink_text_shadow_style,%91object Object%93&#8243; link_text_shadow_blur_strength_tablet=\u00bb1px\u00bb ul_text_shadow_horizontal_length=\u00bbul_text_shadow_style,%91object Object%93&#8243; ul_text_shadow_horizontal_length_tablet=\u00bb0px\u00bb ul_text_shadow_vertical_length=\u00bbul_text_shadow_style,%91object Object%93&#8243; ul_text_shadow_vertical_length_tablet=\u00bb0px\u00bb ul_text_shadow_blur_strength=\u00bbul_text_shadow_style,%91object Object%93&#8243; ul_text_shadow_blur_strength_tablet=\u00bb1px\u00bb ol_text_shadow_horizontal_length=\u00bbol_text_shadow_style,%91object Object%93&#8243; ol_text_shadow_horizontal_length_tablet=\u00bb0px\u00bb ol_text_shadow_vertical_length=\u00bbol_text_shadow_style,%91object Object%93&#8243; ol_text_shadow_vertical_length_tablet=\u00bb0px\u00bb ol_text_shadow_blur_strength=\u00bbol_text_shadow_style,%91object Object%93&#8243; ol_text_shadow_blur_strength_tablet=\u00bb1px\u00bb quote_text_shadow_horizontal_length=\u00bbquote_text_shadow_style,%91object Object%93&#8243; quote_text_shadow_horizontal_length_tablet=\u00bb0px\u00bb quote_text_shadow_vertical_length=\u00bbquote_text_shadow_style,%91object Object%93&#8243; quote_text_shadow_vertical_length_tablet=\u00bb0px\u00bb quote_text_shadow_blur_strength=\u00bbquote_text_shadow_style,%91object Object%93&#8243; quote_text_shadow_blur_strength_tablet=\u00bb1px\u00bb header_text_shadow_horizontal_length=\u00bbheader_text_shadow_style,%91object Object%93&#8243; header_text_shadow_horizontal_length_tablet=\u00bb0px\u00bb header_text_shadow_vertical_length=\u00bbheader_text_shadow_style,%91object Object%93&#8243; header_text_shadow_vertical_length_tablet=\u00bb0px\u00bb header_text_shadow_blur_strength=\u00bbheader_text_shadow_style,%91object Object%93&#8243; header_text_shadow_blur_strength_tablet=\u00bb1px\u00bb header_2_text_shadow_horizontal_length=\u00bbheader_2_text_shadow_style,%91object Object%93&#8243; header_2_text_shadow_horizontal_length_tablet=\u00bb0px\u00bb header_2_text_shadow_vertical_length=\u00bbheader_2_text_shadow_style,%91object Object%93&#8243; header_2_text_shadow_vertical_length_tablet=\u00bb0px\u00bb header_2_text_shadow_blur_strength=\u00bbheader_2_text_shadow_style,%91object Object%93&#8243; header_2_text_shadow_blur_strength_tablet=\u00bb1px\u00bb header_3_text_shadow_horizontal_length=\u00bbheader_3_text_shadow_style,%91object Object%93&#8243; header_3_text_shadow_horizontal_length_tablet=\u00bb0px\u00bb header_3_text_shadow_vertical_length=\u00bbheader_3_text_shadow_style,%91object Object%93&#8243; header_3_text_shadow_vertical_length_tablet=\u00bb0px\u00bb header_3_text_shadow_blur_strength=\u00bbheader_3_text_shadow_style,%91object Object%93&#8243; header_3_text_shadow_blur_strength_tablet=\u00bb1px\u00bb header_4_text_shadow_horizontal_length=\u00bbheader_4_text_shadow_style,%91object Object%93&#8243; header_4_text_shadow_horizontal_length_tablet=\u00bb0px\u00bb header_4_text_shadow_vertical_length=\u00bbheader_4_text_shadow_style,%91object Object%93&#8243; header_4_text_shadow_vertical_length_tablet=\u00bb0px\u00bb header_4_text_shadow_blur_strength=\u00bbheader_4_text_shadow_style,%91object Object%93&#8243; header_4_text_shadow_blur_strength_tablet=\u00bb1px\u00bb header_5_text_shadow_horizontal_length=\u00bbheader_5_text_shadow_style,%91object Object%93&#8243; header_5_text_shadow_horizontal_length_tablet=\u00bb0px\u00bb header_5_text_shadow_vertical_length=\u00bbheader_5_text_shadow_style,%91object Object%93&#8243; header_5_text_shadow_vertical_length_tablet=\u00bb0px\u00bb header_5_text_shadow_blur_strength=\u00bbheader_5_text_shadow_style,%91object Object%93&#8243; header_5_text_shadow_blur_strength_tablet=\u00bb1px\u00bb header_6_text_shadow_horizontal_length=\u00bbheader_6_text_shadow_style,%91object Object%93&#8243; header_6_text_shadow_horizontal_length_tablet=\u00bb0px\u00bb header_6_text_shadow_vertical_length=\u00bbheader_6_text_shadow_style,%91object Object%93&#8243; header_6_text_shadow_vertical_length_tablet=\u00bb0px\u00bb header_6_text_shadow_blur_strength=\u00bbheader_6_text_shadow_style,%91object Object%93&#8243; header_6_text_shadow_blur_strength_tablet=\u00bb1px\u00bb box_shadow_horizontal_tablet=\u00bb0px\u00bb box_shadow_vertical_tablet=\u00bb0px\u00bb box_shadow_blur_tablet=\u00bb40px\u00bb box_shadow_spread_tablet=\u00bb0px\u00bb z_index_tablet=\u00bb500&#8243;]<\/p>\n<p><strong>T\u00edtulo del trabajo:<\/strong> Research on new Techniques for Multi-project Scheduling.<\/p>\n<p><strong>Nombre del CONGRESO:<\/strong> INFORMS Annual Meeting 2017<\/p>\n<p><strong>Ciudad de celebraci\u00f3n:<\/strong> Houston, EE.UU.<\/p>\n<p><strong>Fecha de celebraci\u00f3n:<\/strong> 22\/10\/2017<\/p>\n<p><strong>Fecha de finalizaci\u00f3n:<\/strong> 25\/10\/2017<\/p>\n<p><strong>Entidad organizadora:<\/strong>\u00a0INFORMS &#8211; The Institute for Operations Research and the Management Sciences<\/p>\n<p><strong>Autores: <\/strong>Poza-Garc\u00eda, D.J.; Villaf\u00e1\u00f1ez-Carde\u00f1oso, F.A.; Pajares-Guti\u00e9rrez, J.; L\u00f3pez-Paredes, A.<\/p>\n<hr \/>\n<p><strong>\u00a0<\/strong><\/p>\n<p><strong>T\u00edtulo del trabajo:<\/strong> Impact of Business Intelligence in Organizational Resilience.<\/p>\n<p><strong>Nombre del CONGRESO:<\/strong> INFORMS Annual Meeting 2017<\/p>\n<p><strong>Ciudad de celebraci\u00f3n:<\/strong> Houston, EE.UU.<\/p>\n<p><strong>Fecha de celebraci\u00f3n:<\/strong> 22\/10\/2017<\/p>\n<p><strong>Fecha de finalizaci\u00f3n:<\/strong> 25\/10\/2017<\/p>\n<p><strong>Entidad organizadora:<\/strong> INFORMS &#8211; The Institute for Operations Research and the Management Sciences<\/p>\n<p><strong>Autores: <\/strong>Ruiz-Mart\u00edn, C.; Villaf\u00e1\u00f1ez-Carde\u00f1oso, F.A.; L\u00f3pez-Paredes, A.; Wainer-Garc\u00eda, G.A.<\/p>\n<hr \/>\n<p>\u00a0<\/p>\n<p><strong>T\u00edtulo del trabajo:<\/strong> Modelos de madurez en direcci\u00f3n de proyectos para PYMES: un camino gradual hacia la excelencia.<\/p>\n<p><strong>Nombre del CONGRESO:<\/strong>\u00a021st International Congress on Project Management and Engineering\u00a0&#8211; XXI Congreso Internacional de Direcci\u00f3n e Ingenier\u00eda de Proyectos (CIDIP2017)<\/p>\n<p><strong>Ciudad de celebraci\u00f3n:<\/strong> C\u00e1diz, Espa\u00f1a<\/p>\n<p><strong>Fecha de celebraci\u00f3n:<\/strong> 12\/07\/2017<\/p>\n<p><strong>Fecha de finalizaci\u00f3n:<\/strong> 14\/07\/2017<\/p>\n<p><strong>Entidad organizadora:<\/strong> AEIPRO &#8211; Asociaci\u00f3n Espa\u00f1ola de Direcci\u00f3n e Ingenier\u00eda de Proyectos<\/p>\n<p><strong>Autores: <\/strong>Acebes-Senovilla, F.; Pajares-Guti\u00e9rrez, J.; L\u00f3pez-Paredes, A.; Poza-Garc\u00eda, D.J.<\/p>\n<hr \/>\n<p><strong>\u00a0<\/strong><\/p>\n<p><strong>T\u00edtulo del trabajo:<\/strong> Hunter-gatherer research in southernmost South America: A complex systems approach.<\/p>\n<p><strong>Nombre del CONGRESO:<\/strong> SimulPast Workshop \u00abCo-evolutionary patterns and transition: Analysing processes of cultural change in cross-cultural and diachronic contexts\u00bb<\/p>\n<p><strong>Ciudad de celebraci\u00f3n:<\/strong> Barcelona, Espa\u00f1a<\/p>\n<p><strong>Fecha de celebraci\u00f3n:<\/strong> 08\/06\/2017<\/p>\n<p><strong>Fecha de finalizaci\u00f3n:<\/strong> 09\/06\/2017<\/p>\n<p><strong>Entidad organizadora:<\/strong> SimulPast<\/p>\n<p><strong>Autores: <\/strong>Gal\u00e1n-Ordax, J.M.<\/p>\n<hr \/>\n<p>\u00a0<\/p>\n<p><strong>T\u00edtulo del trabajo:<\/strong> Complexity, Systems Thinking and ICTs.<\/p>\n<p><strong>Nombre del CONGRESO:<\/strong> 13th HSSS National &amp; International Conference \u201cSystemic Organizational Excellence\u201d<\/p>\n<p><strong>Ciudad de celebraci\u00f3n:<\/strong> Sparta, Grecia<\/p>\n<p><strong>Fecha de celebraci\u00f3n:<\/strong> 02\/06\/2017<\/p>\n<p><strong>Fecha de finalizaci\u00f3n: <\/strong>03\/06\/2017<\/p>\n<p><strong>Entidad organizadora: <\/strong>HSSS &#8211; Hellenic Society for Systemic Studies<\/p>\n<p><strong>Autores: <\/strong>P\u00e9rez-R\u00edos, J.<\/p>\n<hr \/>\n<p>\u00a0<\/p>\n<p><strong>T\u00edtulo del trabajo:<\/strong> GSC: una aplicaci\u00f3n para la creaci\u00f3n personalizada y resoluci\u00f3n autom\u00e1tica de supuestos contables.<\/p>\n<p><strong>Nombre del CONGRESO:<\/strong> IX Jornadas de Docencia en Econom\u00eda<\/p>\n<p><strong>Ciudad de celebraci\u00f3n:<\/strong> M\u00e1laga, Espa\u00f1a<\/p>\n<p><strong>Fecha de celebraci\u00f3n:<\/strong> 01\/06\/2017<\/p>\n<p><strong>Fecha de finalizaci\u00f3n:<\/strong> 02\/06\/2017<\/p>\n<p><strong>Entidad organizadora: <\/strong>Facultad de Ciencias Econ\u00f3micas y Empresariales de la Universidad de M\u00e1laga<\/p>\n<p><strong>Autores: <\/strong>Izquierdo-Mill\u00e1n, L.R.; Manso-Garc\u00eda, N.; Izquierdo-Mill\u00e1n, S.S.; Gal\u00e1n-Ordax, J.M.; Santos-Mart\u00edn, J.I.<\/p>\n<p><strong>Disponible en Internet en:<\/strong><\/p>\n<p><a href=\"https:\/\/www.researchgate.net\/profile\/Luis_Izquierdo2\/publication\/317313251_GSC_una_aplicacion_para_la_creacion_personalizada_y_resolucion_automatica_de_supuestos_contables\/links\/59317f84a6fdcc89e79d15e0\/GSC-una-aplicacion-para-la-creacion-personalizada-y-resolucion-automatica-de-supuestos-contables.pdf?origin=publication_detail\" target=\"_blank\" rel=\"noopener noreferrer\">https:\/\/www.researchgate.net\/profile\/Luis_Izquierdo2\/publication\/317313251_GSC_una_aplicacion_para_la_creacion_personalizada_y_resolucion_automatica_de_supuestos_contables\/links\/59317f84a6fdcc89e79d15e0\/GSC-una-aplicacion-para-la-creacion-personalizada-y-resolucion-automatica-de-supuestos-contables.pdf?origin=publication_detail<\/a><\/p>\n<hr \/>\n<p><strong>\u00a0<\/strong><\/p>\n<p><strong>T\u00edtulo del trabajo:<\/strong> Tree-based and network analysis for the characterization of marine and terrestrial hunter-gatherer societies interactions in Fuego-Patagonia.<\/p>\n<p><strong>Nombre del CONGRESO:<\/strong> 3rd Annual Workshop on Complex Sociotechnical Systems (COMSOTEC 2017)<\/p>\n<p><strong>Ciudad de celebraci\u00f3n:<\/strong> Madrid, Espa\u00f1a<\/p>\n<p><strong>Fecha de celebraci\u00f3n:<\/strong> 26\/04\/2017<\/p>\n<p><strong>Fecha de finalizaci\u00f3n:<\/strong> 28\/04\/2017<\/p>\n<p><strong>Entidad organizadora:<\/strong>\u00a0COMSOTEC &#8211; Asociaci\u00f3n para el estudio de Sistemas Complejos Sociotecnol\u00f3gicos &amp; Red de Excelencia SocioComplex<\/p>\n<p><strong>Autores: <\/strong>Ahedo-Garc\u00eda, V.; Pal, N.; Turnes, L.; \u00c1lvarez, M.; Lasa, A.; Briz-i-Godino, I.; Santos, J.I.; Gal\u00e1n-Ordax, J.M.; Caro, J.; Zurro, D.<\/p>\n<hr \/>\n<p><strong>\u00a0<\/strong><\/p>\n<p><strong>T\u00edtulo del trabajo:<\/strong> The Brain of the future.<\/p>\n<p><strong>Nombre del CONGRESO: <\/strong>17th International Congress of Cybernetics and Systems of the World Organisation of Systems and Cybernetics (WOSC 2017)<\/p>\n<p><strong>Ciudad de celebraci\u00f3n: <\/strong>Sapienza Universit\u00e0 di Roma, Italia<\/p>\n<p><strong>Fecha de celebraci\u00f3n:<\/strong> 25\/01\/2017<\/p>\n<p><strong>Fecha de finalizaci\u00f3n: <\/strong>27\/01\/2017<\/p>\n<p><strong>Entidad organizadora: <\/strong>WOSC &#8211; World Organisation of Systems and Cybernetics<\/p>\n<p><strong>Autores: <\/strong>P\u00e9rez-R\u00edos, J.<\/p>\n<p>[\/et_pb_text][\/et_pb_column][et_pb_column type=\u00bb1_3&#8243; _builder_version=\u00bb3.0.47&#8243; parallax=\u00bboff\u00bb parallax_method=\u00bbon\u00bb custom_padding__hover=\u00bb|||\u00bb custom_padding=\u00bb|||\u00bb][et_pb_text admin_label=\u00bbLogos\u00bb _builder_version=\u00bb3.12&#8243; text_orientation=\u00bbleft\u00bb]<\/p>\n<p><a href=\"meetings2.informs.org\/wordpress\/houston2017\/\"><img loading=\"lazy\" decoding=\"async\" class=\"wp-image-7194 aligncenter\" src=\"https:\/\/www.insisoc.uva.es\/wp-content\/uploads\/2018\/11\/1.INFORMS-2017-291x300.png\" alt=\"\" width=\"193\" height=\"199\" srcset=\"https:\/\/www.insisoc.uva.es\/wp-content\/uploads\/2018\/11\/1.INFORMS-2017-291x300.png 291w, https:\/\/www.insisoc.uva.es\/wp-content\/uploads\/2018\/11\/1.INFORMS-2017.png 631w\" sizes=\"(max-width: 193px) 100vw, 193px\" \/><\/a><\/p>\n<p>&nbsp;<\/p>\n<p>&nbsp;<\/p>\n<p>&nbsp;<\/p>\n<p>&nbsp;<\/p>\n<p>&nbsp;<\/p>\n<p>&nbsp;<\/p>\n<p>&nbsp;<\/p>\n<p>&nbsp;<\/p>\n<p>&nbsp;<\/p>\n<p>&nbsp;<\/p>\n<p>&nbsp;<\/p>\n<p>&nbsp;<\/p>\n<p><img loading=\"lazy\" decoding=\"async\" class=\"size-medium wp-image-7195 aligncenter\" src=\"https:\/\/www.insisoc.uva.es\/wp-content\/uploads\/2018\/11\/2.AEIPRO-2017-XXI-CONGRESO-300x104.jpg\" alt=\"\" width=\"327\" height=\"113\" srcset=\"https:\/\/www.insisoc.uva.es\/wp-content\/uploads\/2018\/11\/2.AEIPRO-2017-XXI-CONGRESO-300x104.jpg 300w, https:\/\/www.insisoc.uva.es\/wp-content\/uploads\/2018\/11\/2.AEIPRO-2017-XXI-CONGRESO-768x266.jpg 768w, https:\/\/www.insisoc.uva.es\/wp-content\/uploads\/2018\/11\/2.AEIPRO-2017-XXI-CONGRESO-350x120.jpg 350w, https:\/\/www.insisoc.uva.es\/wp-content\/uploads\/2018\/11\/2.AEIPRO-2017-XXI-CONGRESO.jpg 800w\" sizes=\"(max-width: 327px) 100vw, 327px\" \/><\/p>\n<p>&nbsp;<\/p>\n<p>&nbsp;<\/p>\n<p>&nbsp;<\/p>\n<p>&nbsp;<\/p>\n<p>&nbsp;<\/p>\n<p>&nbsp;<\/p>\n<p><a href=\"http:\/\/www.imf.csic.es\/index.php\/actualidad\/actividades\/actividades-2017\/661-simulpast-workshop-co-evolutionary-patterns-and-transition-analysing-processes-of-cultural-change-in-cross-cultural-and-diachronic-contexts\"><img loading=\"lazy\" decoding=\"async\" class=\" wp-image-7196 aligncenter\" src=\"https:\/\/www.insisoc.uva.es\/wp-content\/uploads\/2018\/11\/3.SIMULPAST-300x300.jpg\" alt=\"\" width=\"180\" height=\"180\" srcset=\"https:\/\/www.insisoc.uva.es\/wp-content\/uploads\/2018\/11\/3.SIMULPAST-300x300.jpg 300w, https:\/\/www.insisoc.uva.es\/wp-content\/uploads\/2018\/11\/3.SIMULPAST-150x150.jpg 150w, https:\/\/www.insisoc.uva.es\/wp-content\/uploads\/2018\/11\/3.SIMULPAST-768x768.jpg 768w, https:\/\/www.insisoc.uva.es\/wp-content\/uploads\/2018\/11\/3.SIMULPAST.jpg 900w\" sizes=\"(max-width: 180px) 100vw, 180px\" \/><\/a><\/p>\n<p>&nbsp;<\/p>\n<p>&nbsp;<\/p>\n<p>&nbsp;<\/p>\n<p>&nbsp;<\/p>\n<p><img loading=\"lazy\" decoding=\"async\" class=\"size-medium wp-image-7197 aligncenter\" src=\"https:\/\/www.insisoc.uva.es\/wp-content\/uploads\/2018\/11\/4.13TH-HSSS-2017-300x227.jpg\" alt=\"\" width=\"290\" height=\"219\" srcset=\"https:\/\/www.insisoc.uva.es\/wp-content\/uploads\/2018\/11\/4.13TH-HSSS-2017-300x227.jpg 300w, https:\/\/www.insisoc.uva.es\/wp-content\/uploads\/2018\/11\/4.13TH-HSSS-2017.jpg 600w\" sizes=\"(max-width: 290px) 100vw, 290px\" \/><\/p>\n<p>&nbsp;<\/p>\n<p>&nbsp;<\/p>\n<p>&nbsp;<\/p>\n<p>&nbsp;<\/p>\n<p>&nbsp;<\/p>\n<p><a href=\"https:\/\/www.uma.es\/departamento-de-teoria-e-historia-economica\/noticias\/ix-jornadas-de-docencia-en-economia\/\" target=\"_blank\" rel=\"noopener noreferrer\"><img loading=\"lazy\" decoding=\"async\" class=\"size-medium wp-image-7198 aligncenter\" src=\"https:\/\/www.insisoc.uva.es\/wp-content\/uploads\/2018\/11\/5.IX-JORNADAS-DE-DOCENCIA-300x214.jpg\" alt=\"\" width=\"349\" height=\"250\" srcset=\"https:\/\/www.insisoc.uva.es\/wp-content\/uploads\/2018\/11\/5.IX-JORNADAS-DE-DOCENCIA-300x214.jpg 300w, https:\/\/www.insisoc.uva.es\/wp-content\/uploads\/2018\/11\/5.IX-JORNADAS-DE-DOCENCIA.jpg 700w\" sizes=\"(max-width: 349px) 100vw, 349px\" \/><\/a><\/p>\n<p>&nbsp;<\/p>\n<p>&nbsp;<\/p>\n<p>&nbsp;<\/p>\n<p>&nbsp;<\/p>\n<p>&nbsp;<\/p>\n<p>&nbsp;<\/p>\n<p>&nbsp;<\/p>\n<p>&nbsp;<\/p>\n<p>&nbsp;<\/p>\n<p>&nbsp;<\/p>\n<p>&nbsp;<\/p>\n<p>&nbsp;<\/p>\n<p>&nbsp;<\/p>\n<p>&nbsp;<\/p>\n<p>&nbsp;<\/p>\n<p>&nbsp;<\/p>\n<p>&nbsp;<\/p>\n<p><a href=\"wosc.co\/2016\/02\/25\/wosc-2017-congress-in-rome-italy\/\"><img loading=\"lazy\" decoding=\"async\" class=\"size-full wp-image-7199 aligncenter\" src=\"https:\/\/www.insisoc.uva.es\/wp-content\/uploads\/2018\/11\/6.WOSC-2017.jpg\" alt=\"\" width=\"259\" height=\"128\" \/><\/a><\/p>\n<p>[\/et_pb_text][\/et_pb_column][\/et_pb_row][\/et_pb_section]<\/p>\n","protected":false},"excerpt":{"rendered":"<p>T\u00edtulo del trabajo: Research on new Techniques for Multi-project Scheduling.Nombre del CONGRESO: INFORMS Annual Meeting 2017Ciudad de celebraci\u00f3n: Houston, EE.UU.Fecha de celebraci\u00f3n: 22\/10\/2017Fecha de finalizaci\u00f3n: 25\/10\/2017Entidad organizadora:\u00a0INFORMS &#8211; The Institute for Operations Research and the Management SciencesAutores: Poza-Garc\u00eda, D.J.; Villaf\u00e1\u00f1ez-Carde\u00f1oso, F.A.; Pajares-Guti\u00e9rrez, J.; L\u00f3pez-Paredes, A.\u00a0T\u00edtulo del trabajo: Impact of Business Intelligence in Organizational Resilience.Nombre del [&hellip;]<\/p>\n","protected":false},"author":11,"featured_media":0,"parent":0,"menu_order":0,"comment_status":"closed","ping_status":"closed","template":"","meta":{"_et_pb_use_builder":"on","_et_pb_old_content":"","_et_gb_content_width":"","footnotes":""},"class_list":["post-6442","page","type-page","status-publish","hentry"],"_links":{"self":[{"href":"https:\/\/www.insisoc.uva.es\/index.php\/wp-json\/wp\/v2\/pages\/6442","targetHints":{"allow":["GET"]}}],"collection":[{"href":"https:\/\/www.insisoc.uva.es\/index.php\/wp-json\/wp\/v2\/pages"}],"about":[{"href":"https:\/\/www.insisoc.uva.es\/index.php\/wp-json\/wp\/v2\/types\/page"}],"author":[{"embeddable":true,"href":"https:\/\/www.insisoc.uva.es\/index.php\/wp-json\/wp\/v2\/users\/11"}],"replies":[{"embeddable":true,"href":"https:\/\/www.insisoc.uva.es\/index.php\/wp-json\/wp\/v2\/comments?post=6442"}],"version-history":[{"count":0,"href":"https:\/\/www.insisoc.uva.es\/index.php\/wp-json\/wp\/v2\/pages\/6442\/revisions"}],"wp:attachment":[{"href":"https:\/\/www.insisoc.uva.es\/index.php\/wp-json\/wp\/v2\/media?parent=6442"}],"curies":[{"name":"wp","href":"https:\/\/api.w.org\/{rel}","templated":true}]}}