{"id":6445,"date":"2018-10-30T12:25:16","date_gmt":"2018-10-30T12:25:16","guid":{"rendered":"https:\/\/www.insisoc.uva.es\/?page_id=6445"},"modified":"2019-12-12T10:41:34","modified_gmt":"2019-12-12T10:41:34","slug":"ins-conferences-2016","status":"publish","type":"page","link":"https:\/\/www.insisoc.uva.es\/index.php\/ins-conferences-2016\/","title":{"rendered":"Ins-Conferences 2016"},"content":{"rendered":"<p>[et_pb_section bb_built=\u00bb1&#8243; fullwidth=\u00bbon\u00bb _builder_version=\u00bb3.0.47&#8243; inner_width=\u00bb90%\u00bb inner_max_width=\u00bb1200px\u00bb next_background_color=\u00bb#000000&#8243;][et_pb_fullwidth_header admin_label=\u00bbT\u00edtulo Conferences 2016&#8243; title=\u00bbConferences 2016&#8243; subhead=\u00bbInsisoc has attended the following conferences\u00bb title_font_color=\u00bb#ffffff\u00bb subhead_font_color=\u00bb#ffffff\u00bb _builder_version=\u00bb3.12&#8243; title_text_color=\u00bb#ffffff\u00bb subhead_text_color=\u00bb#ffffff\u00bb subhead_font_size=\u00bb19px\u00bb background_size=\u00bbinitial\u00bb background_position=\u00bbtop_left\u00bb background_repeat=\u00bbrepeat\u00bb text_shadow_style=\u00bbpreset5&#8243; button_one_text_size__hover_enabled=\u00bboff\u00bb button_one_text_size__hover=\u00bbnull\u00bb button_two_text_size__hover_enabled=\u00bboff\u00bb button_two_text_size__hover=\u00bbnull\u00bb button_one_text_color__hover_enabled=\u00bboff\u00bb button_one_text_color__hover=\u00bbnull\u00bb button_two_text_color__hover_enabled=\u00bboff\u00bb button_two_text_color__hover=\u00bbnull\u00bb button_one_border_width__hover_enabled=\u00bboff\u00bb button_one_border_width__hover=\u00bbnull\u00bb button_two_border_width__hover_enabled=\u00bboff\u00bb button_two_border_width__hover=\u00bbnull\u00bb button_one_border_color__hover_enabled=\u00bboff\u00bb button_one_border_color__hover=\u00bbnull\u00bb button_two_border_color__hover_enabled=\u00bboff\u00bb button_two_border_color__hover=\u00bbnull\u00bb button_one_border_radius__hover_enabled=\u00bboff\u00bb button_one_border_radius__hover=\u00bbnull\u00bb button_two_border_radius__hover_enabled=\u00bboff\u00bb button_two_border_radius__hover=\u00bbnull\u00bb button_one_letter_spacing__hover_enabled=\u00bboff\u00bb button_one_letter_spacing__hover=\u00bbnull\u00bb button_two_letter_spacing__hover_enabled=\u00bboff\u00bb button_two_letter_spacing__hover=\u00bbnull\u00bb button_one_bg_color__hover_enabled=\u00bboff\u00bb button_one_bg_color__hover=\u00bbnull\u00bb button_two_bg_color__hover_enabled=\u00bboff\u00bb button_two_bg_color__hover=\u00bbnull\u00bb]<\/p>\n<p>[\/et_pb_fullwidth_header][et_pb_fullwidth_menu menu_id=\u00bb51&#8243; submenu_direction=\u00bbdownwards\u00bb fullwidth_menu=\u00bboff\u00bb active_link_color=\u00bb#b26200&#8243; dropdown_menu_line_color=\u00bb#6c9fc1&#8243; dropdown_menu_text_color=\u00bb#000000&#8243; mobile_menu_text_color=\u00bb#000000&#8243; _builder_version=\u00bb3.12&#8243; menu_font=\u00bb|700|||||||\u00bb menu_text_color=\u00bb#000000&#8243; menu_font_size=\u00bb15px\u00bb background_color=\u00bb#d7eaf4&#8243; text_orientation=\u00bbcenter\u00bb animation_style=\u00bbfade\u00bb animation_duration=\u00bb500ms\u00bb saved_tabs=\u00bball\u00bb]<\/p>\n<p>&nbsp;<\/p>\n<p>[\/et_pb_fullwidth_menu][\/et_pb_section][et_pb_section bb_built=\u00bb1&#8243; _builder_version=\u00bb3.0.47&#8243; inner_width=\u00bb90%\u00bb inner_max_width=\u00bb1200px\u00bb prev_background_color=\u00bb#000000&#8243;][et_pb_row _builder_version=\u00bb3.0.48&#8243; background_size=\u00bbinitial\u00bb background_position=\u00bbtop_left\u00bb background_repeat=\u00bbrepeat\u00bb width=\u00bb90%\u00bb max_width=\u00bb1200px\u00bb][et_pb_column type=\u00bb2_3&#8243; _builder_version=\u00bb3.0.47&#8243; parallax=\u00bboff\u00bb parallax_method=\u00bbon\u00bb custom_padding__hover=\u00bb|||\u00bb custom_padding=\u00bb|||\u00bb][et_pb_text _builder_version=\u00bb4.0.1&#8243; text_text_shadow_horizontal_length=\u00bbtext_text_shadow_style,%91object Object%93&#8243; text_text_shadow_horizontal_length_tablet=\u00bb0px\u00bb text_text_shadow_vertical_length=\u00bbtext_text_shadow_style,%91object Object%93&#8243; text_text_shadow_vertical_length_tablet=\u00bb0px\u00bb text_text_shadow_blur_strength=\u00bbtext_text_shadow_style,%91object Object%93&#8243; text_text_shadow_blur_strength_tablet=\u00bb1px\u00bb link_text_shadow_horizontal_length=\u00bblink_text_shadow_style,%91object Object%93&#8243; link_text_shadow_horizontal_length_tablet=\u00bb0px\u00bb link_text_shadow_vertical_length=\u00bblink_text_shadow_style,%91object Object%93&#8243; link_text_shadow_vertical_length_tablet=\u00bb0px\u00bb link_text_shadow_blur_strength=\u00bblink_text_shadow_style,%91object Object%93&#8243; link_text_shadow_blur_strength_tablet=\u00bb1px\u00bb ul_text_shadow_horizontal_length=\u00bbul_text_shadow_style,%91object Object%93&#8243; ul_text_shadow_horizontal_length_tablet=\u00bb0px\u00bb ul_text_shadow_vertical_length=\u00bbul_text_shadow_style,%91object Object%93&#8243; ul_text_shadow_vertical_length_tablet=\u00bb0px\u00bb ul_text_shadow_blur_strength=\u00bbul_text_shadow_style,%91object Object%93&#8243; ul_text_shadow_blur_strength_tablet=\u00bb1px\u00bb ol_text_shadow_horizontal_length=\u00bbol_text_shadow_style,%91object Object%93&#8243; ol_text_shadow_horizontal_length_tablet=\u00bb0px\u00bb ol_text_shadow_vertical_length=\u00bbol_text_shadow_style,%91object Object%93&#8243; ol_text_shadow_vertical_length_tablet=\u00bb0px\u00bb ol_text_shadow_blur_strength=\u00bbol_text_shadow_style,%91object Object%93&#8243; ol_text_shadow_blur_strength_tablet=\u00bb1px\u00bb quote_text_shadow_horizontal_length=\u00bbquote_text_shadow_style,%91object Object%93&#8243; quote_text_shadow_horizontal_length_tablet=\u00bb0px\u00bb quote_text_shadow_vertical_length=\u00bbquote_text_shadow_style,%91object Object%93&#8243; quote_text_shadow_vertical_length_tablet=\u00bb0px\u00bb quote_text_shadow_blur_strength=\u00bbquote_text_shadow_style,%91object Object%93&#8243; quote_text_shadow_blur_strength_tablet=\u00bb1px\u00bb header_text_shadow_horizontal_length=\u00bbheader_text_shadow_style,%91object Object%93&#8243; header_text_shadow_horizontal_length_tablet=\u00bb0px\u00bb header_text_shadow_vertical_length=\u00bbheader_text_shadow_style,%91object Object%93&#8243; header_text_shadow_vertical_length_tablet=\u00bb0px\u00bb header_text_shadow_blur_strength=\u00bbheader_text_shadow_style,%91object Object%93&#8243; header_text_shadow_blur_strength_tablet=\u00bb1px\u00bb header_2_text_shadow_horizontal_length=\u00bbheader_2_text_shadow_style,%91object Object%93&#8243; header_2_text_shadow_horizontal_length_tablet=\u00bb0px\u00bb header_2_text_shadow_vertical_length=\u00bbheader_2_text_shadow_style,%91object Object%93&#8243; header_2_text_shadow_vertical_length_tablet=\u00bb0px\u00bb header_2_text_shadow_blur_strength=\u00bbheader_2_text_shadow_style,%91object Object%93&#8243; header_2_text_shadow_blur_strength_tablet=\u00bb1px\u00bb header_3_text_shadow_horizontal_length=\u00bbheader_3_text_shadow_style,%91object Object%93&#8243; header_3_text_shadow_horizontal_length_tablet=\u00bb0px\u00bb header_3_text_shadow_vertical_length=\u00bbheader_3_text_shadow_style,%91object Object%93&#8243; header_3_text_shadow_vertical_length_tablet=\u00bb0px\u00bb header_3_text_shadow_blur_strength=\u00bbheader_3_text_shadow_style,%91object Object%93&#8243; header_3_text_shadow_blur_strength_tablet=\u00bb1px\u00bb header_4_text_shadow_horizontal_length=\u00bbheader_4_text_shadow_style,%91object Object%93&#8243; header_4_text_shadow_horizontal_length_tablet=\u00bb0px\u00bb header_4_text_shadow_vertical_length=\u00bbheader_4_text_shadow_style,%91object Object%93&#8243; header_4_text_shadow_vertical_length_tablet=\u00bb0px\u00bb header_4_text_shadow_blur_strength=\u00bbheader_4_text_shadow_style,%91object Object%93&#8243; header_4_text_shadow_blur_strength_tablet=\u00bb1px\u00bb header_5_text_shadow_horizontal_length=\u00bbheader_5_text_shadow_style,%91object Object%93&#8243; header_5_text_shadow_horizontal_length_tablet=\u00bb0px\u00bb header_5_text_shadow_vertical_length=\u00bbheader_5_text_shadow_style,%91object Object%93&#8243; header_5_text_shadow_vertical_length_tablet=\u00bb0px\u00bb header_5_text_shadow_blur_strength=\u00bbheader_5_text_shadow_style,%91object Object%93&#8243; header_5_text_shadow_blur_strength_tablet=\u00bb1px\u00bb header_6_text_shadow_horizontal_length=\u00bbheader_6_text_shadow_style,%91object Object%93&#8243; header_6_text_shadow_horizontal_length_tablet=\u00bb0px\u00bb header_6_text_shadow_vertical_length=\u00bbheader_6_text_shadow_style,%91object Object%93&#8243; header_6_text_shadow_vertical_length_tablet=\u00bb0px\u00bb header_6_text_shadow_blur_strength=\u00bbheader_6_text_shadow_style,%91object Object%93&#8243; header_6_text_shadow_blur_strength_tablet=\u00bb1px\u00bb box_shadow_horizontal_tablet=\u00bb0px\u00bb box_shadow_vertical_tablet=\u00bb0px\u00bb box_shadow_blur_tablet=\u00bb40px\u00bb box_shadow_spread_tablet=\u00bb0px\u00bb z_index_tablet=\u00bb500&#8243;]<\/p>\n<p><strong>T\u00edtulo del trabajo:<\/strong> A Hybrid Approach to Study Communication in Emergency Plans.<\/p>\n<p><strong>Nombre del CONGRESO:<\/strong> Winter Simulation Conference 2016 (WSC2016)<\/p>\n<p><strong>Ciudad de celebraci\u00f3n:<\/strong> Arlington, EE.UU.<\/p>\n<p><strong>Fecha de celebraci\u00f3n:<\/strong> 11\/12\/2016<\/p>\n<p><strong>Fecha de finalizaci\u00f3n:<\/strong> 14\/12\/2016<\/p>\n<p><strong>Entidad organizadora:<\/strong> INFORMS, ACM SIGSIM<\/p>\n<p><strong>Autores: <\/strong>Ruiz-Mart\u00edn, C.; Bouana, Y.; Wainer, G.A.; Zacharewicz, G.; L\u00f3pez-Paredes, A.<\/p>\n<p><strong>Disponible en Internet en:<\/strong><\/p>\n<p><a href=\"https:\/\/ieeexplore.ieee.org\/stamp\/stamp.jsp?tp=&amp;arnumber=7822191\" target=\"_blank\" rel=\"noopener noreferrer\">https:\/\/ieeexplore.ieee.org\/stamp\/stamp.jsp?tp=&amp;arnumber=7822191<\/a><\/p>\n<hr \/>\n<p>\u00a0<\/p>\n<p><strong>\u00a0<\/strong><strong>T\u00edtulo del trabajo:<\/strong> Cellular Models for Emerging Trafic Behaviour.<\/p>\n<p><strong>Nombre del CONGRESO:<\/strong> Second International Symposium on Cellular Automata Modeling for Urban and Spatial Systems (CAMUSS 2016)<\/p>\n<p><strong>Ciudad de celebraci\u00f3n:<\/strong> Quebec City, Canad\u00e1<\/p>\n<p><strong>Fecha de celebraci\u00f3n:<\/strong> 21\/09\/2016<\/p>\n<p><strong>Fecha de finalizaci\u00f3n:<\/strong> 23\/09\/2016<\/p>\n<p><strong>Entidad organizadora:<\/strong> Convergence Network, Centre for Research in Geomatics at Universit\u00e9 Laval<\/p>\n<p><strong>Autores: <\/strong>Wainer, G.; Ruiz-Mart\u00edn, C.; L\u00f3pez-Paredes, A.<\/p>\n<hr \/>\n<p>\u00a0<\/p>\n<p><strong>T\u00edtulo del trabajo:<\/strong> Cooperation practices allow fighting resource stress episodes.<\/p>\n<p><strong>Nombre del CONGRESO:<\/strong> SHARING The Archaeology and Anthropology of Hunter-Gatherers<\/p>\n<p><strong>Ciudad de celebraci\u00f3n:<\/strong> Cambridge, Reino Unido<\/p>\n<p><strong>Fecha de celebraci\u00f3n:<\/strong> 20\/09\/2016<\/p>\n<p><strong>Fecha de finalizaci\u00f3n:<\/strong> 21\/09\/2016<\/p>\n<p><strong>Entidad organizadora:<\/strong> McDonald Institute for Archaeological Research, University of Cambridge<\/p>\n<p><strong>Autores: <\/strong>Zurro, D.; Pereda, M.; Briz-i-Godino, I.; \u00c1lvarez, M.; Caro, J.; Gal\u00e1n-Ordax, J.M.; Santos, J.I.; Ahedo-Garc\u00eda, V.<\/p>\n<hr \/>\n<p><strong>\u00a0<\/strong><\/p>\n<p><strong>T\u00edtulo del trabajo:<\/strong> Indicadores de Sensibilidad de Costes para las actividades del proyecto.<\/p>\n<p><strong>Nombre del CONGRESO:<\/strong>\u00a0 20th International Congress on Project Management and Engineering\u00a0&#8211; XX Congreso Internacional de Direcci\u00f3n e Ingenier\u00eda de Proyectos (CIDIP2016)<\/p>\n<p><strong>Ciudad de celebraci\u00f3n:<\/strong> Cartagena, Espa\u00f1a<\/p>\n<p><strong>Fecha de celebraci\u00f3n:<\/strong> 13\/07\/2016<\/p>\n<p><strong>Fecha de finalizaci\u00f3n:<\/strong> 15\/07\/2016<\/p>\n<p><strong>Entidad organizadora:<\/strong> AEIPRO &#8211; Asociaci\u00f3n Espa\u00f1ola de Direcci\u00f3n e Ingenier\u00eda de Proyectos<\/p>\n<p><strong>Autores: <\/strong>Acebes-Senovilla, F.; Pajares-Guti\u00e9rrez, J.; L\u00f3pez-Paredes, A.<\/p>\n<hr \/>\n<p>\u00a0<\/p>\n<p><strong>T\u00edtulo del trabajo:<\/strong> Organizational Resilience in Practice: the Viable System Model.<\/p>\n<p><strong>Nombre del CONGRESO:<\/strong> International Joint Conference-CIO-ICIEOM-IIE-AIM (IJC2016)<\/p>\n<p><strong>Ciudad de celebraci\u00f3n:<\/strong> San Sebasti\u00e1n, Espa\u00f1a<\/p>\n<p><strong>Fecha de celebraci\u00f3n:<\/strong> 13\/07\/2016<\/p>\n<p><strong>Fecha de finalizaci\u00f3n:<\/strong> 15\/07\/2016<\/p>\n<p><strong>Entidad organizadora:<\/strong> TECNUN, ADINGOR, ABEPRO, IISE, AIM<\/p>\n<p><strong>Autores: <\/strong>Ruiz-Mart\u00edn, C.; Wainer, G.; P\u00e9rez-R\u00edos, J.M.; Pajares-Guti\u00e9rrez, J.; Hern\u00e1ndez-Iglesias, C.; L\u00f3pez-Paredes, A.<\/p>\n<hr \/>\n<p><strong>\u00a0<\/strong><\/p>\n<p><strong>T\u00edtulo del trabajo:<\/strong> The evolution of cooperation under environmental pressure.<\/p>\n<p><strong>Nombre del CONGRESO:<\/strong> 2nd Annual Workshop on Complex Sociotechnical Systems (COMSOTEC 2016)<\/p>\n<p><strong>Ciudad de celebraci\u00f3n:<\/strong> Valencia, Espa\u00f1a<\/p>\n<p><strong>Fecha de celebraci\u00f3n:<\/strong> 08\/06\/2016<\/p>\n<p><strong>Fecha de finalizaci\u00f3n:<\/strong> 10\/06\/2016<\/p>\n<p><strong>Entidad organizadora:<\/strong>\u00a0COMSOTEC &#8211; Asociaci\u00f3n para el estudio de Sistemas Complejos Sociotecnol\u00f3gicos &amp; Red de Excelencia SocioComplex<\/p>\n<p><strong>Autores: <\/strong>Pereda, M.; Santos, J.I.; Gal\u00e1n-Ordax, J.M.; Zurro, D.; \u00c1lvarez, M.; Caro, J.; Ahedo-Garc\u00eda, V.; Briz-i-Godino, I.<\/p>\n<hr \/>\n<p>\u00a0<\/p>\n<p><strong>T\u00edtulo del trabajo:<\/strong> Cooperation in Hunter-Fisher-Gatherer Societies in Tierra del Fuego. Effect of Resource Spatial Correlation and Hunter-Fisher-Gatherer Mobility.<\/p>\n<p><strong>Nombre del CONGRESO:<\/strong>\u00a0SimulPast Workshop: How wrong is my model? &#8211; Empirical challenges in archaeology, history and anthropology<\/p>\n<p><strong>Ciudad de celebraci\u00f3n:<\/strong> Barcelona, Espa\u00f1a<\/p>\n<p><strong>Fecha de celebraci\u00f3n:<\/strong> 24\/05\/2016<\/p>\n<p><strong>Fecha de finalizaci\u00f3n:<\/strong> 26\/05\/2016<\/p>\n<p><strong>Entidad organizadora:<\/strong> SimulPast<\/p>\n<p><strong>Autores: <\/strong>Zurro, D.; Caro, J.; Ahedo-Garc\u00eda, V.; \u00c1lvarez, M.; Briz-i-Godino, I.; Pereda, M.; Santos, J.I.; Gal\u00e1n-Ordax, J.M.<\/p>\n<p><strong>Disponible en Internet en:<\/strong><\/p>\n<p><a href=\"http:\/\/digital.csic.es\/bitstream\/10261\/115832\/1\/Zurro-2015-Effect%20of%20Resource%20Spatial%20Correlation%20and....pdf\">http:\/\/digital.csic.es\/bitstream\/10261\/115832\/1\/Zurro-2015-Effect%20of%20Resource%20Spatial%20Correlation%20and&#8230;.pdf<\/a><\/p>\n<p>[\/et_pb_text][\/et_pb_column][et_pb_column type=\u00bb1_3&#8243; _builder_version=\u00bb3.0.47&#8243; parallax=\u00bboff\u00bb parallax_method=\u00bbon\u00bb custom_padding__hover=\u00bb|||\u00bb custom_padding=\u00bb|||\u00bb][et_pb_text admin_label=\u00bbLogos\u00bb _builder_version=\u00bb3.12&#8243; text_orientation=\u00bbleft\u00bb]<\/p>\n<p>&nbsp;<\/p>\n<p>&nbsp;<\/p>\n<p><a href=\"meetings2.informs.org\/wordpress\/wintersim2016\/\"><img loading=\"lazy\" decoding=\"async\" class=\"size-medium wp-image-7206 aligncenter\" src=\"https:\/\/www.insisoc.uva.es\/wp-content\/uploads\/2018\/11\/1.WSC16-300x101.png\" alt=\"\" width=\"397\" height=\"134\" srcset=\"https:\/\/www.insisoc.uva.es\/wp-content\/uploads\/2018\/11\/1.WSC16-300x101.png 300w, https:\/\/www.insisoc.uva.es\/wp-content\/uploads\/2018\/11\/1.WSC16.png 719w\" sizes=\"(max-width: 397px) 100vw, 397px\" \/><\/a><\/p>\n<p style=\"text-align: center;\">\n<p>&nbsp;<\/p>\n<p>&nbsp;<\/p>\n<p>&nbsp;<\/p>\n<p>&nbsp;<\/p>\n<p>&nbsp;<\/p>\n<p>&nbsp;<\/p>\n<p><a href=\"www.camuss.net\/?page_id=715\"><img loading=\"lazy\" decoding=\"async\" class=\"size-medium wp-image-7207 aligncenter\" src=\"https:\/\/www.insisoc.uva.es\/wp-content\/uploads\/2018\/11\/2.CAMUSS16-300x82.png\" alt=\"\" width=\"388\" height=\"106\" srcset=\"https:\/\/www.insisoc.uva.es\/wp-content\/uploads\/2018\/11\/2.CAMUSS16-300x82.png 300w, https:\/\/www.insisoc.uva.es\/wp-content\/uploads\/2018\/11\/2.CAMUSS16.png 600w\" sizes=\"(max-width: 388px) 100vw, 388px\" \/><\/a><\/p>\n<p style=\"text-align: center;\">\n<p>&nbsp;<\/p>\n<p>&nbsp;<\/p>\n<p>&nbsp;<\/p>\n<p>&nbsp;<\/p>\n<p>&nbsp;<\/p>\n<p>&nbsp;<\/p>\n<p>&nbsp;<\/p>\n<p>&nbsp;<\/p>\n<p>&nbsp;<\/p>\n<p>&nbsp;<\/p>\n<p>&nbsp;<\/p>\n<p>&nbsp;<\/p>\n<p>&nbsp;<\/p>\n<p><img loading=\"lazy\" decoding=\"async\" class=\"size-medium wp-image-7208 aligncenter\" src=\"https:\/\/www.insisoc.uva.es\/wp-content\/uploads\/2018\/11\/3.AEIPRO-2016-300x175.jpg\" alt=\"\" width=\"359\" height=\"209\" srcset=\"https:\/\/www.insisoc.uva.es\/wp-content\/uploads\/2018\/11\/3.AEIPRO-2016-300x175.jpg 300w, https:\/\/www.insisoc.uva.es\/wp-content\/uploads\/2018\/11\/3.AEIPRO-2016.jpg 600w\" sizes=\"(max-width: 359px) 100vw, 359px\" \/><\/p>\n<p>&nbsp;<\/p>\n<p>&nbsp;<\/p>\n<p>&nbsp;<\/p>\n<p>&nbsp;<\/p>\n<p>&nbsp;<\/p>\n<p>&nbsp;<\/p>\n<p><a href=\"http:\/\/www.icieom.org\/icieom2016\/index.asp\"><img loading=\"lazy\" decoding=\"async\" class=\"size-medium wp-image-7209 aligncenter\" src=\"https:\/\/www.insisoc.uva.es\/wp-content\/uploads\/2018\/11\/4.IJC2016-300x51.png\" alt=\"\" width=\"326\" height=\"55\" srcset=\"https:\/\/www.insisoc.uva.es\/wp-content\/uploads\/2018\/11\/4.IJC2016-300x51.png 300w, https:\/\/www.insisoc.uva.es\/wp-content\/uploads\/2018\/11\/4.IJC2016.png 546w\" sizes=\"(max-width: 326px) 100vw, 326px\" \/><\/a><\/p>\n<p style=\"text-align: center;\">\n<p>&nbsp;<\/p>\n<p>&nbsp;<\/p>\n<p>&nbsp;<\/p>\n<p>&nbsp;<\/p>\n<p>&nbsp;<\/p>\n<p>&nbsp;<\/p>\n<p>&nbsp;<\/p>\n<p><a href=\"https:\/\/www.uv.es\/congressosdi\/complexvlc16\/\" target=\"_blank\" rel=\"noopener noreferrer\"><img loading=\"lazy\" decoding=\"async\" class=\"size-medium wp-image-7210 aligncenter\" src=\"https:\/\/www.insisoc.uva.es\/wp-content\/uploads\/2018\/11\/5.COMSOTEC2016-300x58.jpg\" alt=\"\" width=\"428\" height=\"83\" srcset=\"https:\/\/www.insisoc.uva.es\/wp-content\/uploads\/2018\/11\/5.COMSOTEC2016-300x58.jpg 300w, https:\/\/www.insisoc.uva.es\/wp-content\/uploads\/2018\/11\/5.COMSOTEC2016.jpg 567w\" sizes=\"(max-width: 428px) 100vw, 428px\" \/><\/a><\/p>\n<p>[\/et_pb_text][\/et_pb_column][\/et_pb_row][\/et_pb_section]<\/p>\n","protected":false},"excerpt":{"rendered":"<p>&nbsp; T\u00edtulo del trabajo: A Hybrid Approach to Study Communication in Emergency Plans.Nombre del CONGRESO: Winter Simulation Conference 2016 (WSC2016)Ciudad de celebraci\u00f3n: Arlington, EE.UU.Fecha de celebraci\u00f3n: 11\/12\/2016Fecha de finalizaci\u00f3n: 14\/12\/2016Entidad organizadora: INFORMS, ACM SIGSIMAutores: Ruiz-Mart\u00edn, C.; Bouana, Y.; Wainer, G.A.; Zacharewicz, G.; L\u00f3pez-Paredes, A.Disponible en Internet en:https:\/\/ieeexplore.ieee.org\/stamp\/stamp.jsp?tp=&amp;arnumber=7822191\u00a0\u00a0T\u00edtulo del trabajo: Cellular Models for Emerging Trafic Behaviour.Nombre [&hellip;]<\/p>\n","protected":false},"author":11,"featured_media":0,"parent":0,"menu_order":0,"comment_status":"closed","ping_status":"closed","template":"","meta":{"_et_pb_use_builder":"on","_et_pb_old_content":"","_et_gb_content_width":"","footnotes":""},"class_list":["post-6445","page","type-page","status-publish","hentry"],"_links":{"self":[{"href":"https:\/\/www.insisoc.uva.es\/index.php\/wp-json\/wp\/v2\/pages\/6445","targetHints":{"allow":["GET"]}}],"collection":[{"href":"https:\/\/www.insisoc.uva.es\/index.php\/wp-json\/wp\/v2\/pages"}],"about":[{"href":"https:\/\/www.insisoc.uva.es\/index.php\/wp-json\/wp\/v2\/types\/page"}],"author":[{"embeddable":true,"href":"https:\/\/www.insisoc.uva.es\/index.php\/wp-json\/wp\/v2\/users\/11"}],"replies":[{"embeddable":true,"href":"https:\/\/www.insisoc.uva.es\/index.php\/wp-json\/wp\/v2\/comments?post=6445"}],"version-history":[{"count":0,"href":"https:\/\/www.insisoc.uva.es\/index.php\/wp-json\/wp\/v2\/pages\/6445\/revisions"}],"wp:attachment":[{"href":"https:\/\/www.insisoc.uva.es\/index.php\/wp-json\/wp\/v2\/media?parent=6445"}],"curies":[{"name":"wp","href":"https:\/\/api.w.org\/{rel}","templated":true}]}}