{"id":6447,"date":"2018-10-30T12:29:38","date_gmt":"2018-10-30T12:29:38","guid":{"rendered":"https:\/\/www.insisoc.uva.es\/?page_id=6447"},"modified":"2019-12-12T10:35:03","modified_gmt":"2019-12-12T10:35:03","slug":"ins-conferences-2015","status":"publish","type":"page","link":"https:\/\/www.insisoc.uva.es\/index.php\/ins-conferences-2015\/","title":{"rendered":"Ins-Conferences 2015"},"content":{"rendered":"<p>[et_pb_section bb_built=\u00bb1&#8243; fullwidth=\u00bbon\u00bb _builder_version=\u00bb3.22&#8243; _i=\u00bb0&#8243; _address=\u00bb0&#8243; next_background_color=\u00bb#000000&#8243;][et_pb_fullwidth_header admin_label=\u00bbT\u00edtulo Conferences 2015&#8243; title=\u00bbConferences 2015&#8243; subhead=\u00bbInsisoc has attended the following conferences\u00bb title_font_color=\u00bb#ffffff\u00bb subhead_font_color=\u00bb#ffffff\u00bb _builder_version=\u00bb3.16&#8243; title_text_color=\u00bb#ffffff\u00bb subhead_text_color=\u00bb#ffffff\u00bb subhead_font_size=\u00bb19px\u00bb background_size=\u00bbinitial\u00bb background_position=\u00bbtop_left\u00bb background_repeat=\u00bbrepeat\u00bb text_shadow_style=\u00bbpreset5&#8243; _i=\u00bb0&#8243; _address=\u00bb0.0&#8243; button_one_text_size__hover_enabled=\u00bboff\u00bb button_two_text_size__hover_enabled=\u00bboff\u00bb button_one_text_color__hover_enabled=\u00bboff\u00bb button_two_text_color__hover_enabled=\u00bboff\u00bb button_one_border_width__hover_enabled=\u00bboff\u00bb button_two_border_width__hover_enabled=\u00bboff\u00bb button_one_border_color__hover_enabled=\u00bboff\u00bb button_two_border_color__hover_enabled=\u00bboff\u00bb button_one_border_radius__hover_enabled=\u00bboff\u00bb button_two_border_radius__hover_enabled=\u00bboff\u00bb button_one_letter_spacing__hover_enabled=\u00bboff\u00bb button_two_letter_spacing__hover_enabled=\u00bboff\u00bb button_one_bg_color__hover_enabled=\u00bboff\u00bb button_two_bg_color__hover_enabled=\u00bboff\u00bb]<\/p>\n<p>[\/et_pb_fullwidth_header][et_pb_fullwidth_menu menu_id=\u00bb51&#8243; submenu_direction=\u00bbdownwards\u00bb fullwidth_menu=\u00bboff\u00bb active_link_color=\u00bb#b26200&#8243; dropdown_menu_line_color=\u00bb#6c9fc1&#8243; dropdown_menu_text_color=\u00bb#000000&#8243; mobile_menu_text_color=\u00bb#000000&#8243; _builder_version=\u00bb3.12&#8243; menu_font=\u00bb|700|||||||\u00bb menu_text_color=\u00bb#000000&#8243; menu_font_size=\u00bb15px\u00bb background_color=\u00bb#d7eaf4&#8243; text_orientation=\u00bbcenter\u00bb animation_style=\u00bbfade\u00bb animation_duration=\u00bb500ms\u00bb saved_tabs=\u00bball\u00bb _i=\u00bb1&#8243; _address=\u00bb0.1&#8243;]<\/p>\n<p>[\/et_pb_fullwidth_menu][\/et_pb_section][et_pb_section bb_built=\u00bb1&#8243; _builder_version=\u00bb3.22&#8243; _i=\u00bb1&#8243; _address=\u00bb1&#8243; prev_background_color=\u00bb#000000&#8243;][et_pb_row _builder_version=\u00bb3.25&#8243; background_size=\u00bbinitial\u00bb background_position=\u00bbtop_left\u00bb background_repeat=\u00bbrepeat\u00bb _i=\u00bb0&#8243; _address=\u00bb1.0&#8243; column_structure=\u00bb2_3,1_3&#8243;][et_pb_column type=\u00bb2_3&#8243; _builder_version=\u00bb3.25&#8243; custom_padding=\u00bb|||\u00bb _i=\u00bb0&#8243; _address=\u00bb1.0.0&#8243; custom_padding__hover=\u00bb|||\u00bb][et_pb_text _builder_version=\u00bb4.0.1&#8243; _i=\u00bb0&#8243; _address=\u00bb1.0.0.0&#8243; text_text_shadow_horizontal_length=\u00bbtext_text_shadow_style,%91object Object%93&#8243; text_text_shadow_horizontal_length_tablet=\u00bb0px\u00bb text_text_shadow_vertical_length=\u00bbtext_text_shadow_style,%91object Object%93&#8243; text_text_shadow_vertical_length_tablet=\u00bb0px\u00bb text_text_shadow_blur_strength=\u00bbtext_text_shadow_style,%91object Object%93&#8243; text_text_shadow_blur_strength_tablet=\u00bb1px\u00bb link_text_shadow_horizontal_length=\u00bblink_text_shadow_style,%91object Object%93&#8243; link_text_shadow_horizontal_length_tablet=\u00bb0px\u00bb link_text_shadow_vertical_length=\u00bblink_text_shadow_style,%91object Object%93&#8243; link_text_shadow_vertical_length_tablet=\u00bb0px\u00bb link_text_shadow_blur_strength=\u00bblink_text_shadow_style,%91object Object%93&#8243; link_text_shadow_blur_strength_tablet=\u00bb1px\u00bb ul_text_shadow_horizontal_length=\u00bbul_text_shadow_style,%91object Object%93&#8243; ul_text_shadow_horizontal_length_tablet=\u00bb0px\u00bb ul_text_shadow_vertical_length=\u00bbul_text_shadow_style,%91object Object%93&#8243; ul_text_shadow_vertical_length_tablet=\u00bb0px\u00bb ul_text_shadow_blur_strength=\u00bbul_text_shadow_style,%91object Object%93&#8243; ul_text_shadow_blur_strength_tablet=\u00bb1px\u00bb ol_text_shadow_horizontal_length=\u00bbol_text_shadow_style,%91object Object%93&#8243; ol_text_shadow_horizontal_length_tablet=\u00bb0px\u00bb ol_text_shadow_vertical_length=\u00bbol_text_shadow_style,%91object Object%93&#8243; ol_text_shadow_vertical_length_tablet=\u00bb0px\u00bb ol_text_shadow_blur_strength=\u00bbol_text_shadow_style,%91object Object%93&#8243; ol_text_shadow_blur_strength_tablet=\u00bb1px\u00bb quote_text_shadow_horizontal_length=\u00bbquote_text_shadow_style,%91object Object%93&#8243; quote_text_shadow_horizontal_length_tablet=\u00bb0px\u00bb quote_text_shadow_vertical_length=\u00bbquote_text_shadow_style,%91object Object%93&#8243; quote_text_shadow_vertical_length_tablet=\u00bb0px\u00bb quote_text_shadow_blur_strength=\u00bbquote_text_shadow_style,%91object Object%93&#8243; quote_text_shadow_blur_strength_tablet=\u00bb1px\u00bb header_text_shadow_horizontal_length=\u00bbheader_text_shadow_style,%91object Object%93&#8243; header_text_shadow_horizontal_length_tablet=\u00bb0px\u00bb header_text_shadow_vertical_length=\u00bbheader_text_shadow_style,%91object Object%93&#8243; header_text_shadow_vertical_length_tablet=\u00bb0px\u00bb header_text_shadow_blur_strength=\u00bbheader_text_shadow_style,%91object Object%93&#8243; header_text_shadow_blur_strength_tablet=\u00bb1px\u00bb header_2_text_shadow_horizontal_length=\u00bbheader_2_text_shadow_style,%91object Object%93&#8243; header_2_text_shadow_horizontal_length_tablet=\u00bb0px\u00bb header_2_text_shadow_vertical_length=\u00bbheader_2_text_shadow_style,%91object Object%93&#8243; header_2_text_shadow_vertical_length_tablet=\u00bb0px\u00bb header_2_text_shadow_blur_strength=\u00bbheader_2_text_shadow_style,%91object Object%93&#8243; header_2_text_shadow_blur_strength_tablet=\u00bb1px\u00bb header_3_text_shadow_horizontal_length=\u00bbheader_3_text_shadow_style,%91object Object%93&#8243; header_3_text_shadow_horizontal_length_tablet=\u00bb0px\u00bb header_3_text_shadow_vertical_length=\u00bbheader_3_text_shadow_style,%91object Object%93&#8243; header_3_text_shadow_vertical_length_tablet=\u00bb0px\u00bb header_3_text_shadow_blur_strength=\u00bbheader_3_text_shadow_style,%91object Object%93&#8243; header_3_text_shadow_blur_strength_tablet=\u00bb1px\u00bb header_4_text_shadow_horizontal_length=\u00bbheader_4_text_shadow_style,%91object Object%93&#8243; header_4_text_shadow_horizontal_length_tablet=\u00bb0px\u00bb header_4_text_shadow_vertical_length=\u00bbheader_4_text_shadow_style,%91object Object%93&#8243; header_4_text_shadow_vertical_length_tablet=\u00bb0px\u00bb header_4_text_shadow_blur_strength=\u00bbheader_4_text_shadow_style,%91object Object%93&#8243; header_4_text_shadow_blur_strength_tablet=\u00bb1px\u00bb header_5_text_shadow_horizontal_length=\u00bbheader_5_text_shadow_style,%91object Object%93&#8243; header_5_text_shadow_horizontal_length_tablet=\u00bb0px\u00bb header_5_text_shadow_vertical_length=\u00bbheader_5_text_shadow_style,%91object Object%93&#8243; header_5_text_shadow_vertical_length_tablet=\u00bb0px\u00bb header_5_text_shadow_blur_strength=\u00bbheader_5_text_shadow_style,%91object Object%93&#8243; header_5_text_shadow_blur_strength_tablet=\u00bb1px\u00bb header_6_text_shadow_horizontal_length=\u00bbheader_6_text_shadow_style,%91object Object%93&#8243; header_6_text_shadow_horizontal_length_tablet=\u00bb0px\u00bb header_6_text_shadow_vertical_length=\u00bbheader_6_text_shadow_style,%91object Object%93&#8243; header_6_text_shadow_vertical_length_tablet=\u00bb0px\u00bb header_6_text_shadow_blur_strength=\u00bbheader_6_text_shadow_style,%91object Object%93&#8243; header_6_text_shadow_blur_strength_tablet=\u00bb1px\u00bb box_shadow_horizontal_tablet=\u00bb0px\u00bb box_shadow_vertical_tablet=\u00bb0px\u00bb box_shadow_blur_tablet=\u00bb40px\u00bb box_shadow_spread_tablet=\u00bb0px\u00bb z_index_tablet=\u00bb500&#8243;]<\/p>\n<p><strong>T\u00edtulo del trabajo:<\/strong> Modeling the Communications in an Emergency Plan with P-DEVS.<\/p>\n<p><strong>Nombre del CONGRESO:<\/strong> Winter Simulation Conference 2015 (WSC2015)<\/p>\n<p><strong>Ciudad de celebraci\u00f3n:<\/strong> Huntington Beach, EE.UU.<\/p>\n<p><strong>Fecha de celebraci\u00f3n:<\/strong> 06\/12\/2015<\/p>\n<p><strong>Fecha de finalizaci\u00f3n:<\/strong> 09\/12\/2015<\/p>\n<p><strong>Entidad organizadora:<\/strong> INFORMS, ACM SIGSIM<\/p>\n<p><strong>Autores: <\/strong>Ruiz-Mart\u00edn, C.; Wainer, G.A.; L\u00f3pez-Paredes, A.<\/p>\n<p><strong>Disponible en Internet en:<\/strong><\/p>\n<p><a href=\"https:\/\/ieeexplore.ieee.org\/stamp\/stamp.jsp?tp=&amp;arnumber=7408412\" target=\"_blank\" rel=\"noopener noreferrer\">https:\/\/ieeexplore.ieee.org\/stamp\/stamp.jsp?tp=&amp;arnumber=7408412<\/a><\/p>\n<hr \/>\n<p>\u00a0<\/p>\n<p><strong>T\u00edtulo del trabajo:<\/strong> Price-Setting Auctions for Airport Slot Allocation: a Multi-Airport Case Study.<\/p>\n<p><strong>Nombre del CONGRESO:<\/strong> Fifth SESAR Innovation Days (SIDs 2015)<\/p>\n<p><strong>Ciudad de celebraci\u00f3n:<\/strong> Universit\u00e0 di Bologna, Emilia-Romagna, Italia<\/p>\n<p><strong>Fecha de celebraci\u00f3n:<\/strong> 01\/12\/2015<\/p>\n<p><strong>Fecha de finalizaci\u00f3n:<\/strong> 03\/12\/2015<\/p>\n<p><strong>Entidad organizadora:<\/strong>\u00a0SESAR &#8211; Single European Sky ATM Research<\/p>\n<p><strong>Autores: <\/strong>Herranz, R.; Toribio, D.; Ram\u00edrez-Ferrero, M.; Villaf\u00e1\u00f1ez-Carde\u00f1oso, F.A.; Ara\u00fazo-Ara\u00fazo, A.; Poza-Garc\u00eda, D.J.; Alsina, N.; Garrig\u00f3, L.; Castelli, L.; Bolic, T.<\/p>\n<p><strong>Disponible en Internet en:<\/strong><\/p>\n<p><a href=\"https:\/\/www.sesarju.eu\/sites\/default\/files\/documents\/sid\/2015\/SIDs_2015_paper_16.pdf\" target=\"_blank\" rel=\"noopener noreferrer\">https:\/\/www.sesarju.eu\/sites\/default\/files\/documents\/sid\/2015\/SIDs_2015_paper_16.pdf<\/a><\/p>\n<hr \/>\n<p>\u00a0<\/p>\n<p><strong>\u00a0<\/strong><strong>T\u00edtulo del trabajo:<\/strong> A brief introduction to the use of machine learning techniques in the analysis of agent based models.<\/p>\n<p><strong>Nombre del CONGRESO:<\/strong> The New Industrial Organization Workshop<\/p>\n<p><strong>Ciudad de celebraci\u00f3n:<\/strong> Valladolid, Espa\u00f1a<\/p>\n<p><strong>Fecha de celebraci\u00f3n:<\/strong> 23\/10\/2015<\/p>\n<p><strong>Entidad organizadora: <\/strong>FUNGE UVa &#8211; Fundaci\u00f3n General de la Universidad de Valladolid<\/p>\n<p><strong>Autores: <\/strong>Pereda, M.; Santos, J.I.; Gal\u00e1n-Ordax, J.M.<\/p>\n<p><strong>Disponible en Internet en:<\/strong><\/p>\n<p><a href=\"https:\/\/link.springer.com\/content\/pdf\/10.1007%2F978-3-319-55889-9_11.pdf\" target=\"_blank\" rel=\"noopener noreferrer\">https:\/\/link.springer.com\/content\/pdf\/10.1007%2F978-3-319-55889-9_11.pdf<\/a><\/p>\n<hr \/>\n<p>\u00a0<\/p>\n<p><strong>\u00a0<\/strong><strong>T\u00edtulo del trabajo:<\/strong> Influencia de la correlaci\u00f3n espacial de recursos y los patrones de movilidad de sociedades cazadoras-pescadoras-recolectoras en la cooperaci\u00f3n.<\/p>\n<p><strong>Nombre del CONGRESO:<\/strong>\u00a01st Annual Workshop on Complex Sociotechnical Systems (COMSOTEC 2015)<\/p>\n<p><strong>Ciudad de celebraci\u00f3n:<\/strong> Santander, Espa\u00f1a<\/p>\n<p><strong>Fecha de celebraci\u00f3n:<\/strong> 09\/09\/2015<\/p>\n<p><strong>Fecha de finalizaci\u00f3n:<\/strong> 11\/09\/2015<\/p>\n<p><strong>Entidad organizadora:<\/strong>\u00a0COMSOTEC &#8211; Asociaci\u00f3n para el estudio de Sistemas Complejos Sociotecnol\u00f3gicos<\/p>\n<p><strong>Autores: <\/strong>Pereda, M.; Santos, J.I.; Briz-i-Godino, I.; Caro, J.; \u00c1lvarez, M.; Zurro, D.; Gal\u00e1n-Ordax, J.M.<\/p>\n<hr \/>\n<p><strong>\u00a0<\/strong><\/p>\n<p><strong>T\u00edtulo del trabajo:<\/strong> Project Risk Management. Desde la Gesti\u00f3n del Riesgo a la Gesti\u00f3n de la Incertidumbre.<\/p>\n<p><strong>Nombre del CONGRESO:<\/strong>\u00a0 19th International Congress on Project Management and Engineering\u00a0\u00a0&#8211; XIX Congreso Internacional de Direcci\u00f3n e Ingenier\u00eda de Proyectos (CIDIP2015)<\/p>\n<p><strong>Ciudad de celebraci\u00f3n:<\/strong> Granada, Espa\u00f1a<\/p>\n<p><strong>Fecha de celebraci\u00f3n:<\/strong> 15\/07\/2015<\/p>\n<p><strong>Fecha de finalizaci\u00f3n:<\/strong> 17\/07\/2015<\/p>\n<p><strong>Entidad organizadora:<\/strong> AEIPRO &#8211; Asociaci\u00f3n Espa\u00f1ola de Direcci\u00f3n e Ingenier\u00eda de Proyectos<\/p>\n<p><strong>Autores: <\/strong>Acebes-Senovilla, F.; Pajares-Guti\u00e9rrez, J.; L\u00f3pez-Paredes, A.<\/p>\n<hr \/>\n<p><strong>\u00a0<\/strong><\/p>\n<p><strong>T\u00edtulo del trabajo:<\/strong> An Organizational Cybernetics and ICT based approach to facilitate collective discussion of complex issues.<\/p>\n<p><strong>Nombre del CONGRESO:<\/strong> 11th HSSS National &amp; International Conference \u201cSystemics and Health Care\u201d<\/p>\n<p><strong>Ciudad de celebraci\u00f3n: <\/strong>Athens, Grecia<\/p>\n<p><strong>Fecha de celebraci\u00f3n:<\/strong> 10\/07\/2015<\/p>\n<p><strong>Fecha de finalizaci\u00f3n: <\/strong>11\/07\/2015<\/p>\n<p><strong>Entidad organizadora: <\/strong>HSSS &#8211; Hellenic Society for Systemic Studies<\/p>\n<p><strong>Autores: <\/strong>P\u00e9rez-R\u00edos, J.<\/p>\n<hr \/>\n<p><strong>\u00a0<\/strong><\/p>\n<p><strong>T\u00edtulo del trabajo:<\/strong> Quality Uncertainty and Market Failure: An Interactive Model to Conduct Classroom Experiments.<\/p>\n<p><strong>Nombre del CONGRESO:<\/strong> 6th International Conference on European Transnational Education (ICEUTE 2015)<\/p>\n<p><strong>Ciudad de celebraci\u00f3n:<\/strong> Burgos, Espa\u00f1a<\/p>\n<p><strong>Fecha de celebraci\u00f3n:<\/strong> 15\/06\/2015<\/p>\n<p><strong>Fecha de finalizaci\u00f3n:<\/strong> 17\/06\/2015<\/p>\n<p><strong>Entidad organizadora:<\/strong> Universidad de Salamanca, Universidad de Burgos, Instituto Tecnol\u00f3gico de Castilla y Le\u00f3n<\/p>\n<p><strong>Autores: <\/strong>Pereda, M.; Poza, D.; Santos, J.I.; Gal\u00e1n-Ordax, J.M.<\/p>\n<p><strong>Disponible en Internet en:<\/strong><\/p>\n<p><a href=\"https:\/\/link.springer.com\/content\/pdf\/10.1007%2F978-3-319-19713-5_48.pdf\" target=\"_blank\" rel=\"noopener noreferrer\">https:\/\/link.springer.com\/content\/pdf\/10.1007%2F978-3-319-19713-5_48.pdf<\/a><\/p>\n<hr \/>\n<p>\u00a0<\/p>\n<p><strong>T\u00edtulo del trabajo:<\/strong> Applying Complex Network Theory to the Assessment of Organizational Resilience.<\/p>\n<p><strong>Nombre del CONGRESO:<\/strong> The 2015 IFAC Symposium on Information Control in Manufacturing (INCOM 2015)<\/p>\n<p><strong>Ciudad de celebraci\u00f3n:<\/strong> Ottawa, Canad\u00e1<\/p>\n<p><strong>Fecha de celebraci\u00f3n:<\/strong> 10\/05\/2015<\/p>\n<p><strong>Fecha de finalizaci\u00f3n:<\/strong> 13\/05\/2015<\/p>\n<p><strong>Entidad organizadora:<\/strong> IFAC &#8211; International Federation of Automatic Control<\/p>\n<p><strong>Autores: <\/strong>Ruiz-Mart\u00edn, C.; L\u00f3pez-Paredes, A.; Wainer, G.<\/p>\n<p><strong>Disponible en Internet en:<\/strong><\/p>\n<p><a href=\"https:\/\/www.sciencedirect.com\/science\/article\/pii\/S2405896315004905\/pdf?md5=c564122d1d9ce0feea239498941fdb99&amp;pid=1-s2.0-S2405896315004905-main.pdf\" target=\"_blank\" rel=\"noopener noreferrer\">https:\/\/www.sciencedirect.com\/science\/article\/pii\/S2405896315004905\/pdf?md5=c564122d1d9ce0feea239498941fdb99&amp;pid=1-s2.0-S2405896315004905-main.pdf<\/a><\/p>\n<hr \/>\n<p>\u00a0<\/p>\n<p><strong>T\u00edtulo del trabajo:<\/strong> Cooperative practices in hunter-fisher-gatherers from Tierra del Fuego: a study on resource visibility and social sharing.<\/p>\n<p><strong>Nombre del CONGRESO:<\/strong>\u00a0SAA 80th Annual Meeting<\/p>\n<p><strong>Ciudad de celebraci\u00f3n:<\/strong> San Francisco, EE.UU.<\/p>\n<p><strong>Fecha de celebraci\u00f3n:<\/strong> 15\/04\/2015<\/p>\n<p><strong>Fecha de finalizaci\u00f3n:<\/strong> 19\/04\/2015<\/p>\n<p><strong>Entidad organizadora:<\/strong>\u00a0SAA &#8211; Society for American Archaeology<\/p>\n<p><strong>Autores: <\/strong>Caro, J.; Zurro, D.; \u00c1lvarez, M.; Briz-i-Godino, I.; Pereda, M.; Santos, J.I.; Gal\u00e1n-Ordax, J.M.<\/p>\n<p>[\/et_pb_text][\/et_pb_column][et_pb_column type=\u00bb1_3&#8243; _builder_version=\u00bb3.25&#8243; custom_padding=\u00bb|||\u00bb _i=\u00bb1&#8243; _address=\u00bb1.0.1&#8243; custom_padding__hover=\u00bb|||\u00bb][et_pb_text admin_label=\u00bbLogos\u00bb _builder_version=\u00bb3.27.4&#8243; _i=\u00bb0&#8243; _address=\u00bb1.0.1.0&#8243;]<\/p>\n<p>&nbsp;<\/p>\n<p>&nbsp;<\/p>\n<p><a href=\"http:\/\/wintersim.org\/2015\/\"><img loading=\"lazy\" decoding=\"async\" class=\"alignnone size-medium wp-image-7215\" style=\"display: block; margin-left: auto; margin-right: auto;\" src=\"https:\/\/www.insisoc.uva.es\/wp-content\/uploads\/2018\/11\/1.WSC15-300x60.jpg\" alt=\"\" width=\"375\" height=\"75\" srcset=\"https:\/\/www.insisoc.uva.es\/wp-content\/uploads\/2018\/11\/1.WSC15-300x60.jpg 300w, https:\/\/www.insisoc.uva.es\/wp-content\/uploads\/2018\/11\/1.WSC15-768x154.jpg 768w, https:\/\/www.insisoc.uva.es\/wp-content\/uploads\/2018\/11\/1.WSC15.jpg 960w\" sizes=\"(max-width: 375px) 100vw, 375px\" \/><\/a><\/p>\n<p>&nbsp;<\/p>\n<p>&nbsp;<\/p>\n<p>&nbsp;<\/p>\n<p>&nbsp;<\/p>\n<p>&nbsp;<\/p>\n<p>&nbsp;<\/p>\n<p>&nbsp;<\/p>\n<p><a href=\"https:\/\/www.sesarju.eu\/newsroom\/all-news\/5th-sesar-innovation-days-call-contributions\" target=\"_blank\" rel=\"noopener noreferrer\"><img loading=\"lazy\" decoding=\"async\" class=\"alignnone size-medium wp-image-7216\" style=\"display: block; margin-left: auto; margin-right: auto;\" src=\"https:\/\/www.insisoc.uva.es\/wp-content\/uploads\/2018\/11\/2.SESAR2015-300x159.jpg\" alt=\"\" width=\"262\" height=\"139\" srcset=\"https:\/\/www.insisoc.uva.es\/wp-content\/uploads\/2018\/11\/2.SESAR2015-300x159.jpg 300w, https:\/\/www.insisoc.uva.es\/wp-content\/uploads\/2018\/11\/2.SESAR2015.jpg 308w\" sizes=\"(max-width: 262px) 100vw, 262px\" \/><\/a><\/p>\n<p>&nbsp;<\/p>\n<p>&nbsp;<\/p>\n<p>&nbsp;<\/p>\n<p>&nbsp;<\/p>\n<p>&nbsp;<\/p>\n<p>&nbsp;<\/p>\n<p><a href=\"https:\/\/formacion.funge.uva.es\/cursos\/new-industrial-organization-workshop\/\" target=\"_blank\" rel=\"noopener noreferrer\"><img loading=\"lazy\" decoding=\"async\" class=\"alignnone size-medium wp-image-7217\" style=\"display: block; margin-left: auto; margin-right: auto;\" src=\"https:\/\/www.insisoc.uva.es\/wp-content\/uploads\/2018\/11\/3.1UVA.png\" alt=\"\" width=\"128\" height=\"129\" srcset=\"https:\/\/www.insisoc.uva.es\/wp-content\/uploads\/2018\/11\/3.1UVA.png 224w, https:\/\/www.insisoc.uva.es\/wp-content\/uploads\/2018\/11\/3.1UVA-150x150.png 150w\" sizes=\"(max-width: 128px) 100vw, 128px\" \/><\/a><\/p>\n<p><a href=\"https:\/\/formacion.funge.uva.es\/cursos\/new-industrial-organization-workshop\/\" target=\"_blank\" rel=\"noopener noreferrer\"><img loading=\"lazy\" decoding=\"async\" class=\"alignnone size-medium wp-image-7218\" style=\"display: block; margin-left: auto; margin-right: auto;\" src=\"https:\/\/www.insisoc.uva.es\/wp-content\/uploads\/2018\/11\/3.2EII.jpg\" alt=\"\" width=\"127\" height=\"121\" \/><\/a><\/p>\n<p>&nbsp;<\/p>\n<p>&nbsp;<\/p>\n<p>&nbsp;<\/p>\n<p><a href=\"http:\/\/simulpast.imf.csic.es\/index.php\/news\/353-comsotec-2015\"><img loading=\"lazy\" decoding=\"async\" class=\"alignnone size-medium wp-image-7219\" style=\"display: block; margin-left: auto; margin-right: auto;\" src=\"https:\/\/www.insisoc.uva.es\/wp-content\/uploads\/2018\/11\/4.COMSOTEC2015-300x141.jpg\" alt=\"\" width=\"255\" height=\"120\" \/><\/a><\/p>\n<p>&nbsp;<\/p>\n<p>&nbsp;<\/p>\n<p>&nbsp;<\/p>\n<p>&nbsp;<\/p>\n<p>&nbsp;<\/p>\n<p>&nbsp;<\/p>\n<p><img loading=\"lazy\" decoding=\"async\" class=\"alignnone size-medium wp-image-7220\" style=\"display: block; margin-left: auto; margin-right: auto;\" src=\"https:\/\/www.insisoc.uva.es\/wp-content\/uploads\/2018\/11\/5.AEIPRO2015-300x199.jpg\" alt=\"\" width=\"300\" height=\"199\" srcset=\"https:\/\/www.insisoc.uva.es\/wp-content\/uploads\/2018\/11\/5.AEIPRO2015-300x199.jpg 300w, https:\/\/www.insisoc.uva.es\/wp-content\/uploads\/2018\/11\/5.AEIPRO2015-768x508.jpg 768w, https:\/\/www.insisoc.uva.es\/wp-content\/uploads\/2018\/11\/5.AEIPRO2015-1024x678.jpg 1024w, https:\/\/www.insisoc.uva.es\/wp-content\/uploads\/2018\/11\/5.AEIPRO2015-1080x715.jpg 1080w\" sizes=\"(max-width: 300px) 100vw, 300px\" \/><\/p>\n<p>&nbsp;<\/p>\n<p>&nbsp;<\/p>\n<p>&nbsp;<\/p>\n<p><a href=\"http:\/\/www.hsss.eu\/files\/2015%20HSSS%20Conference%20Program%20&amp;%20Abstracts%20-%20N.pdf\"><img loading=\"lazy\" decoding=\"async\" class=\"alignnone wp-image-7221\" style=\"display: block; margin-left: auto; margin-right: auto;\" src=\"https:\/\/www.insisoc.uva.es\/wp-content\/uploads\/2018\/11\/6.HSSS2015.jpg\" alt=\"\" width=\"174\" height=\"245\" \/><\/a><\/p>\n<p>&nbsp;<\/p>\n<p>&nbsp;<\/p>\n<p>&nbsp;<\/p>\n<p>&nbsp;<\/p>\n<p><img loading=\"lazy\" decoding=\"async\" class=\"alignnone size-medium wp-image-7222\" style=\"display: block; margin-left: auto; margin-right: auto;\" src=\"https:\/\/www.insisoc.uva.es\/wp-content\/uploads\/2018\/11\/7.ICEUTE2015-300x164.png\" alt=\"\" width=\"282\" height=\"154\" \/><\/p>\n<p>&nbsp;<\/p>\n<p>&nbsp;<\/p>\n<p>&nbsp;<\/p>\n<p>&nbsp;<\/p>\n<p>&nbsp;<\/p>\n<p>&nbsp;<\/p>\n<p>&nbsp;<\/p>\n<p><a href=\"http:\/\/incom2015.org\/\"><img loading=\"lazy\" decoding=\"async\" class=\"alignnone size-medium wp-image-7223\" style=\"display: block; margin-left: auto; margin-right: auto;\" src=\"https:\/\/www.insisoc.uva.es\/wp-content\/uploads\/2018\/11\/8.INCOM2015.jpg\" alt=\"\" width=\"296\" height=\"140\" \/><\/a><\/p>\n<p>&nbsp;<\/p>\n<p>&nbsp;<\/p>\n<p><span style=\"font-size: 14px;\">\u00a0<\/span><\/p>\n<p><span style=\"font-size: 14px;\"><\/span><\/p>\n<p><span style=\"font-size: 14px;\"><\/span><\/p>\n<p><span style=\"font-size: 14px;\"><\/span><\/p>\n<p>&nbsp;<\/p>\n<p><a href=\"http:\/\/www.saa.org\/AbouttheSociety\/AnnualMeeting\/2015Program\/tabid\/1519\/Default.aspx\"><img loading=\"lazy\" decoding=\"async\" class=\"alignnone wp-image-7224\" style=\"display: block; margin-left: auto; margin-right: auto;\" src=\"https:\/\/www.insisoc.uva.es\/wp-content\/uploads\/2018\/11\/9.SAA2015-176x300.jpg\" alt=\"\" width=\"139\" height=\"237\" srcset=\"https:\/\/www.insisoc.uva.es\/wp-content\/uploads\/2018\/11\/9.SAA2015-176x300.jpg 176w, https:\/\/www.insisoc.uva.es\/wp-content\/uploads\/2018\/11\/9.SAA2015.jpg 470w\" sizes=\"(max-width: 139px) 100vw, 139px\" \/><\/a><\/p>\n<p>[\/et_pb_text][\/et_pb_column][\/et_pb_row][\/et_pb_section]<\/p>\n","protected":false},"excerpt":{"rendered":"<p>T\u00edtulo del trabajo: Modeling the Communications in an Emergency Plan with P-DEVS.Nombre del CONGRESO: Winter Simulation Conference 2015 (WSC2015)Ciudad de celebraci\u00f3n: Huntington Beach, EE.UU.Fecha de celebraci\u00f3n: 06\/12\/2015Fecha de finalizaci\u00f3n: 09\/12\/2015Entidad organizadora: INFORMS, ACM SIGSIMAutores: Ruiz-Mart\u00edn, C.; Wainer, G.A.; L\u00f3pez-Paredes, A.Disponible en Internet en:https:\/\/ieeexplore.ieee.org\/stamp\/stamp.jsp?tp=&amp;arnumber=7408412\u00a0T\u00edtulo del trabajo: Price-Setting Auctions for Airport Slot Allocation: a Multi-Airport Case Study.Nombre [&hellip;]<\/p>\n","protected":false},"author":11,"featured_media":0,"parent":0,"menu_order":0,"comment_status":"closed","ping_status":"closed","template":"","meta":{"_et_pb_use_builder":"on","_et_pb_old_content":"","_et_gb_content_width":"","footnotes":""},"class_list":["post-6447","page","type-page","status-publish","hentry"],"_links":{"self":[{"href":"https:\/\/www.insisoc.uva.es\/index.php\/wp-json\/wp\/v2\/pages\/6447","targetHints":{"allow":["GET"]}}],"collection":[{"href":"https:\/\/www.insisoc.uva.es\/index.php\/wp-json\/wp\/v2\/pages"}],"about":[{"href":"https:\/\/www.insisoc.uva.es\/index.php\/wp-json\/wp\/v2\/types\/page"}],"author":[{"embeddable":true,"href":"https:\/\/www.insisoc.uva.es\/index.php\/wp-json\/wp\/v2\/users\/11"}],"replies":[{"embeddable":true,"href":"https:\/\/www.insisoc.uva.es\/index.php\/wp-json\/wp\/v2\/comments?post=6447"}],"version-history":[{"count":0,"href":"https:\/\/www.insisoc.uva.es\/index.php\/wp-json\/wp\/v2\/pages\/6447\/revisions"}],"wp:attachment":[{"href":"https:\/\/www.insisoc.uva.es\/index.php\/wp-json\/wp\/v2\/media?parent=6447"}],"curies":[{"name":"wp","href":"https:\/\/api.w.org\/{rel}","templated":true}]}}