{"id":6449,"date":"2018-10-30T12:33:12","date_gmt":"2018-10-30T12:33:12","guid":{"rendered":"https:\/\/www.insisoc.uva.es\/?page_id=6449"},"modified":"2019-12-12T11:08:39","modified_gmt":"2019-12-12T11:08:39","slug":"ins-conferences-2014","status":"publish","type":"page","link":"https:\/\/www.insisoc.uva.es\/index.php\/ins-conferences-2014\/","title":{"rendered":"Ins-Conferences 2014"},"content":{"rendered":"<p>[et_pb_section bb_built=\u00bb1&#8243; fullwidth=\u00bbon\u00bb _builder_version=\u00bb3.22&#8243; _i=\u00bb0&#8243; _address=\u00bb0&#8243; next_background_color=\u00bb#000000&#8243;][et_pb_fullwidth_header admin_label=\u00bbT\u00edtulo Conferences 2014&#8243; title=\u00bbConferences 2014&#8243; subhead=\u00bbInsisoc has attended the following conferences\u00bb title_font_color=\u00bb#ffffff\u00bb subhead_font_color=\u00bb#ffffff\u00bb _builder_version=\u00bb3.16&#8243; title_text_color=\u00bb#ffffff\u00bb subhead_text_color=\u00bb#ffffff\u00bb subhead_font_size=\u00bb19px\u00bb background_size=\u00bbinitial\u00bb background_position=\u00bbtop_left\u00bb background_repeat=\u00bbrepeat\u00bb text_shadow_style=\u00bbpreset5&#8243; _i=\u00bb0&#8243; _address=\u00bb0.0&#8243; button_one_text_size__hover_enabled=\u00bboff\u00bb button_two_text_size__hover_enabled=\u00bboff\u00bb button_one_text_color__hover_enabled=\u00bboff\u00bb button_two_text_color__hover_enabled=\u00bboff\u00bb button_one_border_width__hover_enabled=\u00bboff\u00bb button_two_border_width__hover_enabled=\u00bboff\u00bb button_one_border_color__hover_enabled=\u00bboff\u00bb button_two_border_color__hover_enabled=\u00bboff\u00bb button_one_border_radius__hover_enabled=\u00bboff\u00bb button_two_border_radius__hover_enabled=\u00bboff\u00bb button_one_letter_spacing__hover_enabled=\u00bboff\u00bb button_two_letter_spacing__hover_enabled=\u00bboff\u00bb button_one_bg_color__hover_enabled=\u00bboff\u00bb button_two_bg_color__hover_enabled=\u00bboff\u00bb]<\/p>\n<p><\/p>\n<p>[\/et_pb_fullwidth_header][et_pb_fullwidth_menu menu_id=\u00bb51&#8243; submenu_direction=\u00bbdownwards\u00bb fullwidth_menu=\u00bboff\u00bb active_link_color=\u00bb#b26200&#8243; dropdown_menu_line_color=\u00bb#6c9fc1&#8243; dropdown_menu_text_color=\u00bb#000000&#8243; mobile_menu_text_color=\u00bb#000000&#8243; _builder_version=\u00bb3.12&#8243; menu_font=\u00bb|700|||||||\u00bb menu_text_color=\u00bb#000000&#8243; menu_font_size=\u00bb15px\u00bb background_color=\u00bb#d7eaf4&#8243; text_orientation=\u00bbcenter\u00bb animation_style=\u00bbfade\u00bb animation_duration=\u00bb500ms\u00bb saved_tabs=\u00bball\u00bb _i=\u00bb1&#8243; _address=\u00bb0.1&#8243;]<\/p>\n<p><\/p>\n<p>[\/et_pb_fullwidth_menu][\/et_pb_section][et_pb_section bb_built=\u00bb1&#8243; _builder_version=\u00bb3.22&#8243; _i=\u00bb1&#8243; _address=\u00bb1&#8243; prev_background_color=\u00bb#000000&#8243;][et_pb_row _builder_version=\u00bb3.25&#8243; background_size=\u00bbinitial\u00bb background_position=\u00bbtop_left\u00bb background_repeat=\u00bbrepeat\u00bb _i=\u00bb0&#8243; _address=\u00bb1.0&#8243; column_structure=\u00bb2_3,1_3&#8243;][et_pb_column type=\u00bb2_3&#8243; _builder_version=\u00bb3.25&#8243; custom_padding=\u00bb|||\u00bb _i=\u00bb0&#8243; _address=\u00bb1.0.0&#8243; custom_padding__hover=\u00bb|||\u00bb][et_pb_text _builder_version=\u00bb4.0.1&#8243; _i=\u00bb0&#8243; _address=\u00bb1.0.0.0&#8243; text_text_shadow_horizontal_length=\u00bbtext_text_shadow_style,%91object Object%93&#8243; text_text_shadow_horizontal_length_tablet=\u00bb0px\u00bb text_text_shadow_vertical_length=\u00bbtext_text_shadow_style,%91object Object%93&#8243; text_text_shadow_vertical_length_tablet=\u00bb0px\u00bb text_text_shadow_blur_strength=\u00bbtext_text_shadow_style,%91object Object%93&#8243; text_text_shadow_blur_strength_tablet=\u00bb1px\u00bb link_text_shadow_horizontal_length=\u00bblink_text_shadow_style,%91object Object%93&#8243; link_text_shadow_horizontal_length_tablet=\u00bb0px\u00bb link_text_shadow_vertical_length=\u00bblink_text_shadow_style,%91object Object%93&#8243; link_text_shadow_vertical_length_tablet=\u00bb0px\u00bb link_text_shadow_blur_strength=\u00bblink_text_shadow_style,%91object Object%93&#8243; link_text_shadow_blur_strength_tablet=\u00bb1px\u00bb ul_text_shadow_horizontal_length=\u00bbul_text_shadow_style,%91object Object%93&#8243; ul_text_shadow_horizontal_length_tablet=\u00bb0px\u00bb ul_text_shadow_vertical_length=\u00bbul_text_shadow_style,%91object Object%93&#8243; ul_text_shadow_vertical_length_tablet=\u00bb0px\u00bb ul_text_shadow_blur_strength=\u00bbul_text_shadow_style,%91object Object%93&#8243; ul_text_shadow_blur_strength_tablet=\u00bb1px\u00bb ol_text_shadow_horizontal_length=\u00bbol_text_shadow_style,%91object Object%93&#8243; ol_text_shadow_horizontal_length_tablet=\u00bb0px\u00bb ol_text_shadow_vertical_length=\u00bbol_text_shadow_style,%91object Object%93&#8243; ol_text_shadow_vertical_length_tablet=\u00bb0px\u00bb ol_text_shadow_blur_strength=\u00bbol_text_shadow_style,%91object Object%93&#8243; ol_text_shadow_blur_strength_tablet=\u00bb1px\u00bb quote_text_shadow_horizontal_length=\u00bbquote_text_shadow_style,%91object Object%93&#8243; quote_text_shadow_horizontal_length_tablet=\u00bb0px\u00bb quote_text_shadow_vertical_length=\u00bbquote_text_shadow_style,%91object Object%93&#8243; quote_text_shadow_vertical_length_tablet=\u00bb0px\u00bb quote_text_shadow_blur_strength=\u00bbquote_text_shadow_style,%91object Object%93&#8243; quote_text_shadow_blur_strength_tablet=\u00bb1px\u00bb header_text_shadow_horizontal_length=\u00bbheader_text_shadow_style,%91object Object%93&#8243; header_text_shadow_horizontal_length_tablet=\u00bb0px\u00bb header_text_shadow_vertical_length=\u00bbheader_text_shadow_style,%91object Object%93&#8243; header_text_shadow_vertical_length_tablet=\u00bb0px\u00bb header_text_shadow_blur_strength=\u00bbheader_text_shadow_style,%91object Object%93&#8243; header_text_shadow_blur_strength_tablet=\u00bb1px\u00bb header_2_text_shadow_horizontal_length=\u00bbheader_2_text_shadow_style,%91object Object%93&#8243; header_2_text_shadow_horizontal_length_tablet=\u00bb0px\u00bb header_2_text_shadow_vertical_length=\u00bbheader_2_text_shadow_style,%91object Object%93&#8243; header_2_text_shadow_vertical_length_tablet=\u00bb0px\u00bb header_2_text_shadow_blur_strength=\u00bbheader_2_text_shadow_style,%91object Object%93&#8243; header_2_text_shadow_blur_strength_tablet=\u00bb1px\u00bb header_3_text_shadow_horizontal_length=\u00bbheader_3_text_shadow_style,%91object Object%93&#8243; header_3_text_shadow_horizontal_length_tablet=\u00bb0px\u00bb header_3_text_shadow_vertical_length=\u00bbheader_3_text_shadow_style,%91object Object%93&#8243; header_3_text_shadow_vertical_length_tablet=\u00bb0px\u00bb header_3_text_shadow_blur_strength=\u00bbheader_3_text_shadow_style,%91object Object%93&#8243; header_3_text_shadow_blur_strength_tablet=\u00bb1px\u00bb header_4_text_shadow_horizontal_length=\u00bbheader_4_text_shadow_style,%91object Object%93&#8243; header_4_text_shadow_horizontal_length_tablet=\u00bb0px\u00bb header_4_text_shadow_vertical_length=\u00bbheader_4_text_shadow_style,%91object Object%93&#8243; header_4_text_shadow_vertical_length_tablet=\u00bb0px\u00bb header_4_text_shadow_blur_strength=\u00bbheader_4_text_shadow_style,%91object Object%93&#8243; header_4_text_shadow_blur_strength_tablet=\u00bb1px\u00bb header_5_text_shadow_horizontal_length=\u00bbheader_5_text_shadow_style,%91object Object%93&#8243; header_5_text_shadow_horizontal_length_tablet=\u00bb0px\u00bb header_5_text_shadow_vertical_length=\u00bbheader_5_text_shadow_style,%91object Object%93&#8243; header_5_text_shadow_vertical_length_tablet=\u00bb0px\u00bb header_5_text_shadow_blur_strength=\u00bbheader_5_text_shadow_style,%91object Object%93&#8243; header_5_text_shadow_blur_strength_tablet=\u00bb1px\u00bb header_6_text_shadow_horizontal_length=\u00bbheader_6_text_shadow_style,%91object Object%93&#8243; header_6_text_shadow_horizontal_length_tablet=\u00bb0px\u00bb header_6_text_shadow_vertical_length=\u00bbheader_6_text_shadow_style,%91object Object%93&#8243; header_6_text_shadow_vertical_length_tablet=\u00bb0px\u00bb header_6_text_shadow_blur_strength=\u00bbheader_6_text_shadow_style,%91object Object%93&#8243; header_6_text_shadow_blur_strength_tablet=\u00bb1px\u00bb box_shadow_horizontal_tablet=\u00bb0px\u00bb box_shadow_vertical_tablet=\u00bb0px\u00bb box_shadow_blur_tablet=\u00bb40px\u00bb box_shadow_spread_tablet=\u00bb0px\u00bb z_index_tablet=\u00bb500&#8243;]<\/p>\n<p><strong>T\u00edtulo del trabajo:<\/strong> Agent-Based Pilot Model for Alternative Primary Airport Slot Allocation with Price-setting Auctions.<\/p>\n<p><strong>Nombre del CONGRESO:<\/strong> Fourth SESAR Innovation Days (SIDs 2014)<\/p>\n<p><strong>Ciudad de celebraci\u00f3n:<\/strong> Technical University of Madrid, Espa\u00f1a<\/p>\n<p><strong>Fecha de celebraci\u00f3n:<\/strong> 25\/11\/2014<\/p>\n<p><strong>Fecha de finalizaci\u00f3n:<\/strong> 27\/11\/2014<\/p>\n<p><strong>Entidad organizadora:<\/strong>\u00a0SESAR &#8211; Single European Sky ATM Research<\/p>\n<p><strong>Autores: <\/strong>Ram\u00edrez-Ferrero, M.; Villaf\u00e1\u00f1ez-Carde\u00f1oso, F.A.; Ara\u00fazo-Ara\u00fazo, A.; L\u00f3pez-Paredes, A.<\/p>\n<p><strong>Disponible en Internet en:<\/strong><\/p>\n<p><a href=\"https:\/\/www.sesarju.eu\/sites\/default\/files\/documents\/sid\/2014\/SID%202014-18.pdf\">https:\/\/www.sesarju.eu\/sites\/default\/files\/documents\/sid\/2014\/SID%202014-18.pdf<\/a><\/p>\n<hr \/>\n<p><strong>\u00a0<\/strong><\/p>\n<p><strong>T\u00edtulo del trabajo:<\/strong> Cooperaci\u00f3n y agregaci\u00f3n social en sociedades cazadoras-recolectoras de Tierra del Fuego.<\/p>\n<p><strong>Nombre del CONGRESO:<\/strong> IX Jornadas de Arqueolog\u00eda de la Patagonia<\/p>\n<p><strong>Ciudad de celebraci\u00f3n:<\/strong> Coyhaique, Chile<\/p>\n<p><strong>Fecha de celebraci\u00f3n:<\/strong> 20\/10\/2014<\/p>\n<p><strong>Fecha de finalizaci\u00f3n:<\/strong> 25\/10\/2014<\/p>\n<p><strong>Entidad organizadora:<\/strong> Centro de Investigaci\u00f3n en Ecosistemas de la Patagonia<\/p>\n<p><strong>Autores: <\/strong>\u00c1lvarez, M.; Gal\u00e1n-Ordax, J.M.; Santos, J.I.; Zurro, D.; Briz-i-Godino, I.; Caro, J.<\/p>\n<hr \/>\n<p><strong>\u00a0<\/strong><\/p>\n<p><strong>T\u00edtulo del trabajo:<\/strong> Corporate sustainability and Systemic Methodologies: a literature review.<\/p>\n<p><strong>Nombre del CONGRESO:<\/strong> 16th International Congress of Cybernetics and Systems of the World Organisation of Systems and Cybernetics (WOSC 2014)<\/p>\n<p><strong>Ciudad de celebraci\u00f3n: <\/strong>Ibagu\u00e9, Colombia<\/p>\n<p><strong>Fecha de celebraci\u00f3n:<\/strong> 15\/10\/2014<\/p>\n<p><strong>Fecha de finalizaci\u00f3n: <\/strong>17\/10\/2014<\/p>\n<p><strong>Entidad organizadora: <\/strong>WOSC &#8211; World Organisation of Systems and Cybernetics<\/p>\n<p><strong>Autores: <\/strong>Catalina-Mart\u00ednez, A.; P\u00e9rez-R\u00edos, J.<\/p>\n<hr \/>\n<p>\u00a0<\/p>\n<p><strong>T\u00edtulo del trabajo:<\/strong> The Application of Organizational Cybernetics and ICT to collective discussion of complex issues.<\/p>\n<p><strong>Nombre del CONGRESO:<\/strong> 16th International Congress of Cybernetics and Systems of the World Organisation of Systems and Cybernetics (WOSC 2014)<\/p>\n<p><strong>Ciudad de celebraci\u00f3n: <\/strong>Ibagu\u00e9, Colombia<\/p>\n<p><strong>Fecha de celebraci\u00f3n:<\/strong> 15\/10\/2014<\/p>\n<p><strong>Fecha de finalizaci\u00f3n: <\/strong>17\/10\/2014<\/p>\n<p><strong>Entidad organizadora: <\/strong>WOSC &#8211; World Organisation of Systems and Cybernetics<\/p>\n<p><strong>Autores:<\/strong> P\u00e9rez-R\u00edos, J.; Velasco-Jim\u00e9nez, I.<\/p>\n<p><strong>Disponible en Internet en:<\/strong><\/p>\n<p><a href=\"https:\/\/www.emeraldinsight.com\/doi\/pdfplus\/10.1108\/K-01-2015-0009\">https:\/\/www.emeraldinsight.com\/doi\/pdfplus\/10.1108\/K-01-2015-0009<\/a><\/p>\n<hr \/>\n<p><strong>\u00a0<\/strong><\/p>\n<p><strong>T\u00edtulo del trabajo:<\/strong> Robustness of cooperation to movement patterns in a Hunter-Fisher-Gatherer model.<\/p>\n<p><strong>Nombre del CONGRESO:<\/strong> Social Simulation Conference, SSC 2014. Simulating the Past to Understand Human History SPUHH<\/p>\n<p><strong>Ciudad de celebraci\u00f3n:<\/strong> Barcelona, Espa\u00f1a<\/p>\n<p><strong>Fecha de celebraci\u00f3n:<\/strong> 01\/09\/2014<\/p>\n<p><strong>Fecha de finalizaci\u00f3n:<\/strong> 05\/09\/2014<\/p>\n<p><strong>Entidad organizadora:<\/strong>\u00a0ESSA &#8211; European Social Simulation Association<\/p>\n<p><strong>Autores: <\/strong>Pereda, M.; Caro, J.; Zurro, D.; \u00c1lvarez, M.; Briz-i-Godino, I.; Gal\u00e1n-Ordax, J.M.; Santos, J.I.<\/p>\n<hr \/>\n<p>\u00a0<\/p>\n<p><strong>T\u00edtulo del trabajo: <\/strong>An empirical network based analysis of the characteristic influence distance among urban business interactions.<\/p>\n<p><strong>Nombre del CONGRESO:<\/strong> 8th International Conference on Industrial Engineering and Industrial Management &#8211; XX International Conference on Industrial Engineering and Operations Management International IIE Conference 2014<\/p>\n<p><strong>Ciudad de celebraci\u00f3n:<\/strong> M\u00e1laga, Espa\u00f1a<\/p>\n<p><strong>Fecha de celebraci\u00f3n:<\/strong> 23\/07\/2014<\/p>\n<p><strong>Fecha de finalizaci\u00f3n:<\/strong> 25\/07\/2014<\/p>\n<p><strong>Entidad organizadora:<\/strong> ADINGOR &amp; ABEPRO<\/p>\n<p><strong>Autores: <\/strong>S\u00e1nchez-Saiz, R.M.; Pereda, M.; Santos, J.I.; Gal\u00e1n-Ordax, J.M.<\/p>\n<hr \/>\n<p>\u00a0<\/p>\n<p><strong>T\u00edtulo del trabajo:<\/strong> From the RCPSP to the DRCMPSP: Methodological Foundations.<\/p>\n<p><strong>Nombre del CONGRESO:<\/strong> The 2014 International Conference on Artificial Intelligence (ICAI&#8217;14)<\/p>\n<p><strong>Ciudad de celebraci\u00f3n:<\/strong> Las Vegas, EE.UU.<\/p>\n<p><strong>Fecha de celebraci\u00f3n:<\/strong> 21\/07\/2014<\/p>\n<p><strong>Fecha de finalizaci\u00f3n:<\/strong> 24\/07\/2014<\/p>\n<p><strong>Entidad organizadora:<\/strong> George Mason University, Harvard University, Massachusetts<\/p>\n<p>Inst. Of Technology (Mit), Texas A&amp;M<\/p>\n<p><strong>Autores: <\/strong>Villaf\u00e1\u00f1ez-Carde\u00f1oso, F.A.; L\u00f3pez-Paredes, A.; Pajares-Guti\u00e9rrez, J.; Alonso de la Fuente-Garc\u00eda, D.<\/p>\n<p><strong>Disponible en Internet en:<\/strong><\/p>\n<p><a href=\"https:\/\/pdfs.semanticscholar.org\/c72b\/eaf0b65af044e172e757f494d35fa2587900.pdf?_ga=2.17028729.1135557031.1534934975-1082123025.1530099947\">https:\/\/pdfs.semanticscholar.org\/c72b\/eaf0b65af044e172e757f494d35fa2587900.pdf?_ga=2.17028729.1135557031.1534934975-1082123025.1530099947<\/a><\/p>\n<hr \/>\n<p>\u00a0<\/p>\n<p><strong>T\u00edtulo del trabajo:<\/strong> Monitorizaci\u00f3n y Control de Proyectos utilizando Metodolog\u00eda de Valor Ganado y Simulaci\u00f3n de Monte Carlo.<\/p>\n<p><strong>Nombre del CONGRESO:<\/strong>\u00a0 18th International Congress on Project Management and Engineering\u00a0\u00a0&#8211; XVIII Congreso Internacional de Direcci\u00f3n e Ingenier\u00eda de Proyectos (CIDIP2014)<\/p>\n<p><strong>Ciudad de celebraci\u00f3n:<\/strong> Alca\u00f1iz (Teruel), Espa\u00f1a<\/p>\n<p><strong>Fecha de celebraci\u00f3n:<\/strong> 16\/07\/2014<\/p>\n<p><strong>Fecha de finalizaci\u00f3n:<\/strong> 18\/07\/2014<\/p>\n<p><strong>Entidad organizadora:<\/strong> AEIPRO &#8211; Asociaci\u00f3n Espa\u00f1ola de Direcci\u00f3n e Ingenier\u00eda de Proyectos<\/p>\n<p><strong>Autores: <\/strong>Acebes-Senovilla, F.; Pajares-Guti\u00e9rrez, J.; Gal\u00e1n-Ordax, J.M.; L\u00f3pez-Paredes, A.<\/p>\n<hr \/>\n<p>\u00a0<\/p>\n<p><strong>T\u00edtulo del trabajo:<\/strong> System of Systems Engineering for the Airport Slot Allocation Problem.<\/p>\n<p><strong>Nombre del CONGRESO:<\/strong> 9th International Conference on System of Systems Engineering (SoSE 2014)<\/p>\n<p><strong>Ciudad de celebraci\u00f3n:<\/strong> Stamford Grand, Adelaide, Australia<\/p>\n<p><strong>Fecha de celebraci\u00f3n:<\/strong> 09\/06\/2014<\/p>\n<p><strong>Fecha de finalizaci\u00f3n:<\/strong> 13\/06\/2014<\/p>\n<p><strong>Entidad organizadora:<\/strong> IEEE &#8211; Institute of Electrical and Electronics Engineers<\/p>\n<p><strong>Autores: <\/strong>Ram\u00edrez-Ferrero, M.; Ara\u00fazo-Ara\u00fazo, J.A.; Villaf\u00e1\u00f1ez-Carde\u00f1oso, F.A.; L\u00f3pez-Paredes, A.<\/p>\n<p><strong>Disponible en Internet en:<\/strong><\/p>\n<p><a href=\"https:\/\/ieeexplore.ieee.org\/stamp\/stamp.jsp?tp=&amp;arnumber=6892488\">https:\/\/ieeexplore.ieee.org\/stamp\/stamp.jsp?tp=&amp;arnumber=6892488<\/a><\/p>\n<hr \/>\n<p>\u00a0<\/p>\n<p><strong>T\u00edtulo del trabajo:<\/strong> Introducing students to entrepreneurship e-Syntegrity as a technique for stimulating ideas.<\/p>\n<p><strong>Nombre del CONGRESO:<\/strong> VI Workshop de la Secci\u00f3n de Estrategia Empresarial de ACEDE<\/p>\n<p><strong>Ciudad de celebraci\u00f3n: <\/strong>Oviedo, Espa\u00f1a<\/p>\n<p><strong>Fecha de celebraci\u00f3n:<\/strong> 13\/02\/2014<\/p>\n<p><strong>Entidad organizadora: <\/strong>ACEDE \u2013 Asociaci\u00f3n Cient\u00edfica de Econom\u00eda y Direcci\u00f3n de la Empresa<\/p>\n<p><strong>Autores: <\/strong>Mart\u00edn-Cruz, N.; G\u00e1mez-Alcalde, C.; P\u00e9rez-R\u00edos, J.; Velasco-Jim\u00e9nez, I.<\/p>\n<p>[\/et_pb_text][\/et_pb_column][et_pb_column type=\u00bb1_3&#8243; _builder_version=\u00bb3.25&#8243; custom_padding=\u00bb|||\u00bb _i=\u00bb1&#8243; _address=\u00bb1.0.1&#8243; custom_padding__hover=\u00bb|||\u00bb][et_pb_text admin_label=\u00bbLogos\u00bb _builder_version=\u00bb3.27.4&#8243; _i=\u00bb0&#8243; _address=\u00bb1.0.1.0&#8243;]<\/p>\n<p><img loading=\"lazy\" decoding=\"async\" class=\"size-medium wp-image-7229 aligncenter\" src=\"https:\/\/www.insisoc.uva.es\/wp-content\/uploads\/2018\/11\/1.sesar2014-212x300.jpg\" alt=\"\" width=\"254\" height=\"359\" srcset=\"https:\/\/www.insisoc.uva.es\/wp-content\/uploads\/2018\/11\/1.sesar2014-212x300.jpg 212w, https:\/\/www.insisoc.uva.es\/wp-content\/uploads\/2018\/11\/1.sesar2014.jpg 300w\" sizes=\"(max-width: 254px) 100vw, 254px\" \/><\/p>\n<p>&nbsp;<\/p>\n<p>&nbsp;<\/p>\n<p><img loading=\"lazy\" decoding=\"async\" class=\"size-medium wp-image-7230 aligncenter\" src=\"https:\/\/www.insisoc.uva.es\/wp-content\/uploads\/2018\/11\/2.patagonia2014.jpg\" alt=\"\" width=\"346\" height=\"201\" \/><\/p>\n<p>&nbsp;<\/p>\n<p>&nbsp;<\/p>\n<p>&nbsp;<\/p>\n<p><img loading=\"lazy\" decoding=\"async\" class=\"size-medium wp-image-7231 aligncenter\" src=\"https:\/\/www.insisoc.uva.es\/wp-content\/uploads\/2018\/11\/3.WOSC2014-300x132.png\" alt=\"\" width=\"334\" height=\"147\" srcset=\"https:\/\/www.insisoc.uva.es\/wp-content\/uploads\/2018\/11\/3.WOSC2014-300x132.png 300w, https:\/\/www.insisoc.uva.es\/wp-content\/uploads\/2018\/11\/3.WOSC2014-768x337.png 768w, https:\/\/www.insisoc.uva.es\/wp-content\/uploads\/2018\/11\/3.WOSC2014.png 838w\" sizes=\"(max-width: 334px) 100vw, 334px\" \/><\/p>\n<p>&nbsp;<\/p>\n<p>&nbsp;<\/p>\n<p>&nbsp;<\/p>\n<p>&nbsp;<\/p>\n<p>&nbsp;<\/p>\n<p>&nbsp;<\/p>\n<p>&nbsp;<\/p>\n<p>&nbsp;<\/p>\n<p>&nbsp;<\/p>\n<p>&nbsp;<\/p>\n<p>&nbsp;<\/p>\n<p>&nbsp;<\/p>\n<p>&nbsp;<\/p>\n<p>&nbsp;<\/p>\n<p>&nbsp;<\/p>\n<p>&nbsp;<\/p>\n<p>&nbsp;<\/p>\n<p>&nbsp;<\/p>\n<p><img loading=\"lazy\" decoding=\"async\" class=\"size-medium wp-image-7232 aligncenter\" src=\"https:\/\/www.insisoc.uva.es\/wp-content\/uploads\/2018\/11\/4.SSC2014-300x41.jpg\" alt=\"\" width=\"356\" height=\"49\" srcset=\"https:\/\/www.insisoc.uva.es\/wp-content\/uploads\/2018\/11\/4.SSC2014-300x41.jpg 300w, https:\/\/www.insisoc.uva.es\/wp-content\/uploads\/2018\/11\/4.SSC2014-768x105.jpg 768w, https:\/\/www.insisoc.uva.es\/wp-content\/uploads\/2018\/11\/4.SSC2014.jpg 1005w\" sizes=\"(max-width: 356px) 100vw, 356px\" \/><\/p>\n<p>&nbsp;<\/p>\n<p>&nbsp;<\/p>\n<p>&nbsp;<\/p>\n<p>&nbsp;<\/p>\n<p>&nbsp;<\/p>\n<p><img loading=\"lazy\" decoding=\"async\" class=\"size-medium wp-image-7233 aligncenter\" src=\"https:\/\/www.insisoc.uva.es\/wp-content\/uploads\/2018\/11\/5.iee2014-300x197.jpg\" alt=\"\" width=\"372\" height=\"244\" srcset=\"https:\/\/www.insisoc.uva.es\/wp-content\/uploads\/2018\/11\/5.iee2014-300x197.jpg 300w, https:\/\/www.insisoc.uva.es\/wp-content\/uploads\/2018\/11\/5.iee2014.jpg 640w\" sizes=\"(max-width: 372px) 100vw, 372px\" \/><\/p>\n<p>&nbsp;<\/p>\n<p>&nbsp;<\/p>\n<p>&nbsp;<\/p>\n<p>&nbsp;<\/p>\n<p>&nbsp;<\/p>\n<p><img loading=\"lazy\" decoding=\"async\" class=\"size-medium wp-image-7234 aligncenter\" src=\"https:\/\/www.insisoc.uva.es\/wp-content\/uploads\/2018\/11\/6.icai2014.gif\" alt=\"\" width=\"219\" height=\"216\" \/><\/p>\n<p>&nbsp;<\/p>\n<p>&nbsp;<\/p>\n<p>&nbsp;<\/p>\n<p>&nbsp;<\/p>\n<p>&nbsp;<\/p>\n<p><img loading=\"lazy\" decoding=\"async\" class=\"size-medium wp-image-7235 aligncenter\" src=\"https:\/\/www.insisoc.uva.es\/wp-content\/uploads\/2018\/11\/7.AEIPRO2014-212x300.png\" alt=\"\" width=\"202\" height=\"286\" srcset=\"https:\/\/www.insisoc.uva.es\/wp-content\/uploads\/2018\/11\/7.AEIPRO2014-212x300.png 212w, https:\/\/www.insisoc.uva.es\/wp-content\/uploads\/2018\/11\/7.AEIPRO2014.png 725w\" sizes=\"(max-width: 202px) 100vw, 202px\" \/><\/p>\n<p>&nbsp;<\/p>\n<p>&nbsp;<\/p>\n<p>&nbsp;<\/p>\n<p><img loading=\"lazy\" decoding=\"async\" class=\"size-medium wp-image-7236 aligncenter\" src=\"https:\/\/www.insisoc.uva.es\/wp-content\/uploads\/2018\/11\/8.SoSE2014-300x248.jpg\" alt=\"\" width=\"336\" height=\"278\" srcset=\"https:\/\/www.insisoc.uva.es\/wp-content\/uploads\/2018\/11\/8.SoSE2014-300x248.jpg 300w, https:\/\/www.insisoc.uva.es\/wp-content\/uploads\/2018\/11\/8.SoSE2014-768x634.jpg 768w, https:\/\/www.insisoc.uva.es\/wp-content\/uploads\/2018\/11\/8.SoSE2014-1024x846.jpg 1024w, https:\/\/www.insisoc.uva.es\/wp-content\/uploads\/2018\/11\/8.SoSE2014-1080x892.jpg 1080w, https:\/\/www.insisoc.uva.es\/wp-content\/uploads\/2018\/11\/8.SoSE2014.jpg 1162w\" sizes=\"(max-width: 336px) 100vw, 336px\" \/><\/p>\n<p>&nbsp;<\/p>\n<p>&nbsp;<\/p>\n<p>&nbsp;<\/p>\n<p>&nbsp;<\/p>\n<p><img loading=\"lazy\" decoding=\"async\" class=\"size-medium wp-image-7237 aligncenter\" src=\"https:\/\/www.insisoc.uva.es\/wp-content\/uploads\/2018\/11\/9.ACEDE2014-300x46.png\" alt=\"\" width=\"365\" height=\"56\" srcset=\"https:\/\/www.insisoc.uva.es\/wp-content\/uploads\/2018\/11\/9.ACEDE2014-300x46.png 300w, https:\/\/www.insisoc.uva.es\/wp-content\/uploads\/2018\/11\/9.ACEDE2014-768x118.png 768w, https:\/\/www.insisoc.uva.es\/wp-content\/uploads\/2018\/11\/9.ACEDE2014.png 980w\" sizes=\"(max-width: 365px) 100vw, 365px\" \/><\/p>\n<p>[\/et_pb_text][\/et_pb_column][\/et_pb_row][\/et_pb_section]<\/p>\n","protected":false},"excerpt":{"rendered":"<p>T\u00edtulo del trabajo: Agent-Based Pilot Model for Alternative Primary Airport Slot Allocation with Price-setting Auctions.Nombre del CONGRESO: Fourth SESAR Innovation Days (SIDs 2014)Ciudad de celebraci\u00f3n: Technical University of Madrid, Espa\u00f1aFecha de celebraci\u00f3n: 25\/11\/2014Fecha de finalizaci\u00f3n: 27\/11\/2014Entidad organizadora:\u00a0SESAR &#8211; Single European Sky ATM ResearchAutores: Ram\u00edrez-Ferrero, M.; Villaf\u00e1\u00f1ez-Carde\u00f1oso, F.A.; Ara\u00fazo-Ara\u00fazo, A.; L\u00f3pez-Paredes, A.Disponible en Internet en:https:\/\/www.sesarju.eu\/sites\/default\/files\/documents\/sid\/2014\/SID%202014-18.pdf\u00a0T\u00edtulo del [&hellip;]<\/p>\n","protected":false},"author":11,"featured_media":0,"parent":0,"menu_order":0,"comment_status":"closed","ping_status":"closed","template":"","meta":{"_et_pb_use_builder":"on","_et_pb_old_content":"","_et_gb_content_width":"","footnotes":""},"class_list":["post-6449","page","type-page","status-publish","hentry"],"_links":{"self":[{"href":"https:\/\/www.insisoc.uva.es\/index.php\/wp-json\/wp\/v2\/pages\/6449","targetHints":{"allow":["GET"]}}],"collection":[{"href":"https:\/\/www.insisoc.uva.es\/index.php\/wp-json\/wp\/v2\/pages"}],"about":[{"href":"https:\/\/www.insisoc.uva.es\/index.php\/wp-json\/wp\/v2\/types\/page"}],"author":[{"embeddable":true,"href":"https:\/\/www.insisoc.uva.es\/index.php\/wp-json\/wp\/v2\/users\/11"}],"replies":[{"embeddable":true,"href":"https:\/\/www.insisoc.uva.es\/index.php\/wp-json\/wp\/v2\/comments?post=6449"}],"version-history":[{"count":0,"href":"https:\/\/www.insisoc.uva.es\/index.php\/wp-json\/wp\/v2\/pages\/6449\/revisions"}],"wp:attachment":[{"href":"https:\/\/www.insisoc.uva.es\/index.php\/wp-json\/wp\/v2\/media?parent=6449"}],"curies":[{"name":"wp","href":"https:\/\/api.w.org\/{rel}","templated":true}]}}