{"id":6453,"date":"2018-10-30T12:44:37","date_gmt":"2018-10-30T12:44:37","guid":{"rendered":"https:\/\/www.insisoc.uva.es\/?page_id=6453"},"modified":"2019-07-23T10:02:39","modified_gmt":"2019-07-23T10:02:39","slug":"ins-conferences-2012","status":"publish","type":"page","link":"https:\/\/www.insisoc.uva.es\/index.php\/ins-conferences-2012\/","title":{"rendered":"Ins-Conferences 2012"},"content":{"rendered":"<p>[et_pb_section fb_built=\u00bb1&#8243; fullwidth=\u00bbon\u00bb _builder_version=\u00bb3.0.47&#8243;][et_pb_fullwidth_header title=\u00bbConferences 2012&#8243; subhead=\u00bbInsisoc has attended the following conferences\u00bb title_font_color=\u00bb#ffffff\u00bb subhead_font_color=\u00bb#ffffff\u00bb admin_label=\u00bbT\u00edtulo Conferences 2012&#8243; _builder_version=\u00bb3.12&#8243; title_text_color=\u00bb#ffffff\u00bb subhead_text_color=\u00bb#ffffff\u00bb subhead_font_size=\u00bb19px\u00bb background_size=\u00bbinitial\u00bb background_position=\u00bbtop_left\u00bb background_repeat=\u00bbrepeat\u00bb text_shadow_style=\u00bbpreset5&#8243;][\/et_pb_fullwidth_header][et_pb_fullwidth_menu menu_id=\u00bb51&#8243; submenu_direction=\u00bbdownwards\u00bb fullwidth_menu=\u00bboff\u00bb active_link_color=\u00bb#b26200&#8243; dropdown_menu_line_color=\u00bb#6c9fc1&#8243; dropdown_menu_text_color=\u00bb#000000&#8243; mobile_menu_text_color=\u00bb#000000&#8243; _builder_version=\u00bb3.12&#8243; menu_font=\u00bb|700|||||||\u00bb menu_text_color=\u00bb#000000&#8243; menu_font_size=\u00bb15px\u00bb background_color=\u00bb#d7eaf4&#8243; text_orientation=\u00bbcenter\u00bb animation_style=\u00bbfade\u00bb animation_duration=\u00bb500ms\u00bb saved_tabs=\u00bball\u00bb][\/et_pb_fullwidth_menu][\/et_pb_section][et_pb_section fb_built=\u00bb1&#8243; _builder_version=\u00bb3.0.47&#8243;][et_pb_row _builder_version=\u00bb3.0.48&#8243; background_size=\u00bbinitial\u00bb background_position=\u00bbtop_left\u00bb background_repeat=\u00bbrepeat\u00bb][et_pb_column type=\u00bb2_3&#8243; _builder_version=\u00bb3.0.47&#8243; parallax=\u00bboff\u00bb parallax_method=\u00bbon\u00bb][et_pb_text _builder_version=\u00bb3.12&#8243;]<\/p>\n<p><strong>T\u00edtulo del trabajo:<\/strong> Wave When a Whale Wave: a model of cooperation based on indirect reciprocity.<\/p>\n<p><strong>Nombre del CONGRESO:<\/strong> IV Workshop Encuentro Nacional de Econosociof\u00edsica<\/p>\n<p><strong>Ciudad de celebraci\u00f3n:<\/strong> Zaragoza, Espa\u00f1a<\/p>\n<p><strong>Fecha de celebraci\u00f3n:<\/strong> 28\/11\/2012<\/p>\n<p><strong>Entidad organizadora: <\/strong>COMSOTEC &#8211; Asociaci\u00f3n para el estudio de Sistemas Complejos Sociotecnol\u00f3gicos, Universidad de Zaragoza<\/p>\n<p><strong>Autores: <\/strong>Santos-Mart\u00edn, J.I.; Gal\u00e1n-Ordax, J.M.; Izquierdo-Mill\u00e1n, L.R.; Briz-i-Godino, I.; \u00c1lvarez, M.; Zurro-Hern\u00e1ndez, D.; Caro-Saiz, J.<\/p>\n<hr \/>\n<p><strong>\u00a0<\/strong><\/p>\n<p><strong>T\u00edtulo del trabajo:<\/strong> Beyond Earned Value Management: A Graphical Framework for Integrated Cost, Schedule and Risk Monitoring.<\/p>\n<p><strong>Nombre del CONGRESO:<\/strong> 26th IPMA World Congress<\/p>\n<p><strong>Ciudad de celebraci\u00f3n:<\/strong> Crete, Grecia<\/p>\n<p><strong>Fecha de celebraci\u00f3n:<\/strong> 29\/10\/2012<\/p>\n<p><strong>Fecha de finalizaci\u00f3n:<\/strong>\u00a031\/10\/2012<\/p>\n<p><strong>Entidad organizadora:<\/strong> IPMA &#8211; International Project Management Association<\/p>\n<p><strong>Autores: <\/strong>Acebes, F.; Pajares, J.; Gal\u00e1n, J.M.; L\u00f3pez-Paredes, A.<\/p>\n<p><strong>Disponible en Internet en:<\/strong><\/p>\n<p><a href=\"https:\/\/www.sciencedirect.com\/science\/article\/pii\/S1877042813004564\/pdf?md5=ecd19883fcdfb60553ce1ebc6c8a30c0&amp;pid=1-s2.0-S1877042813004564-main.pdf\">https:\/\/www.sciencedirect.com\/science\/article\/pii\/S1877042813004564\/pdf?md5=ecd19883fcdfb60553ce1ebc6c8a30c0&amp;pid=1-s2.0-S1877042813004564-main.pdf<\/a><\/p>\n<hr \/>\n<p><strong>\u00a0<\/strong><\/p>\n<p><strong>T\u00edtulo del trabajo:<\/strong> Sensibilidad de la duraci\u00f3n del Proyecto respecto a la duraci\u00f3n de las Actividades.<\/p>\n<p><strong>Nombre del CONGRESO:<\/strong> 3rd International Construction and Engineering Project Management Workshop (CEPMaW\u201912)<\/p>\n<p><strong>Ciudad de celebraci\u00f3n:<\/strong> Valladolid, Espa\u00f1a<\/p>\n<p><strong>Fecha de celebraci\u00f3n:<\/strong> 04\/10\/2012<\/p>\n<p><strong>Fecha de finalizaci\u00f3n:<\/strong> 05\/10\/2012<\/p>\n<p><strong>Entidad organizadora: <\/strong>INSISOC \u2013 Grupo de Ingenier\u00eda de los Sistemas Sociales de la Universidad de Valladolid<\/p>\n<p><strong>Autores: <\/strong>Acebes-Senovilla, F.; Pajares-Guti\u00e9rrez, J.; Gal\u00e1n-Ordax, J.M.; L\u00f3pez-Paredes, A.<\/p>\n<hr \/>\n<p><strong>\u00a0<\/strong><\/p>\n<p><strong>T\u00edtulo del trabajo:<\/strong> La integraci\u00f3n de equipos como herramienta para la definici\u00f3n de requisitos de un proyecto.<\/p>\n<p><strong>Nombre del CONGRESO:<\/strong> 3rd International Construction and Engineering Project Management Workshop (CEPMaW\u201912)<\/p>\n<p><strong>Ciudad de celebraci\u00f3n:<\/strong> Valladolid, Espa\u00f1a<\/p>\n<p><strong>Fecha de celebraci\u00f3n:<\/strong> 04\/10\/2012<\/p>\n<p><strong>Fecha de finalizaci\u00f3n:<\/strong> 05\/10\/2012<\/p>\n<p><strong>Entidad organizadora: <\/strong>INSISOC \u2013 Grupo de Ingenier\u00eda de los Sistemas Sociales de la Universidad de Valladolid<\/p>\n<p><strong>Autores: <\/strong>Velasco-Jim\u00e9nez, I.; P\u00e9rez-R\u00edos, J.; S\u00e1nchez-Mayoral, P.<\/p>\n<p><a href=\"https:\/\/www.sciencedirect.com\/science\/article\/pii\/S1877042813004564\/pdf?md5=ecd19883fcdfb60553ce1ebc6c8a30c0&amp;pid=1-s2.0-S1877042813004564-main.pdf\"><\/a><\/p>\n<hr \/>\n<p>&nbsp;<\/p>\n<p><strong>T\u00edtulo del trabajo:<\/strong> A Model of Cooperation Based on Indirect Reciprocity.<\/p>\n<p><strong>Nombre del CONGRESO:<\/strong> SimulPast 3rd Plenary Workshop<\/p>\n<p><strong>Ciudad de celebraci\u00f3n:<\/strong> Barcelona, Espa\u00f1a<\/p>\n<p><strong>Fecha de celebraci\u00f3n:<\/strong> 27\/09\/2012<\/p>\n<p><strong>Fecha de finalizaci\u00f3n:<\/strong> 28\/09\/2012<\/p>\n<p><strong>Entidad organizadora: <\/strong>SimulPast<\/p>\n<p><strong>Autores: <\/strong>Santos-Mart\u00edn, J.I.; \u00c1lvarez, M.; Briz-i-Godino, I.; Caro-Saiz, J.; Gal\u00e1n-Ordax, J.M.; Izquierdo-Mill\u00e1n, L.R.; Zurro-Hern\u00e1ndez, D.<\/p>\n<hr \/>\n<p><strong>\u00a0<\/strong><\/p>\n<p><strong>T\u00edtulo del trabajo:<\/strong> Duraci\u00f3n del Proyecto e Incertidumbre.<\/p>\n<p><strong>Nombre del CONGRESO:<\/strong> 6th International Conference on Industrial Engineering and Industrial Management &#8211; XVI Congreso de Ingenier\u00eda de Organizaci\u00f3n (CIO 2012)<\/p>\n<p><strong>Ciudad de celebraci\u00f3n:<\/strong> Vigo, Espa\u00f1a<\/p>\n<p><strong>Fecha de celebraci\u00f3n:<\/strong> 18\/07\/2012<\/p>\n<p><strong>Fecha de finalizaci\u00f3n:<\/strong> 20\/07\/2012<\/p>\n<p><strong>Entidad organizadora: <\/strong>ADINGOR &#8211; Asociaci\u00f3n para el Desarrollo de la Ingenier\u00eda de Organizaci\u00f3n<\/p>\n<p><strong>Autores: <\/strong>Acebes-Senovilla, F.; Paz-Calzada, M.; Pajares-Guti\u00e9rrez, J.; L\u00f3pez-Paredes, A.<\/p>\n<p><strong>Disponible en Internet en:<\/strong><\/p>\n<p><a href=\"http:\/\/adingor.es\/congresos\/web\/uploads\/cio\/cio2012\/SP_02_Gestion_de_Operaciones_y_Produccion\/832-839.pdf\">http:\/\/adingor.es\/congresos\/web\/uploads\/cio\/cio2012\/SP_02_Gestion_de_Operaciones_y_Produccion\/832-839.pdf<\/a><\/p>\n<hr \/>\n<p><strong>\u00a0<\/strong><\/p>\n<p><strong>T\u00edtulo del trabajo:<\/strong> Un entorno sist\u00e9mico de aprendizaje sobre complejidad.<\/p>\n<p><strong>Nombre del CONGRESO:<\/strong> 6th International Conference on Industrial Engineering and Industrial Management &#8211; XVI Congreso de Ingenier\u00eda de Organizaci\u00f3n (CIO 2012)<\/p>\n<p><strong>Ciudad de celebraci\u00f3n:<\/strong> Vigo, Espa\u00f1a<\/p>\n<p><strong>Fecha de celebraci\u00f3n:<\/strong> 18\/07\/2012<\/p>\n<p><strong>Fecha de finalizaci\u00f3n: <\/strong>20\/07\/2012<\/p>\n<p><strong>Entidad organizadora: <\/strong>ADINGOR &#8211; Asociaci\u00f3n para el Desarrollo de la Ingenier\u00eda de Organizaci\u00f3n<\/p>\n<p><strong>Autores: <\/strong>S\u00e1nchez-Mayoral, P.; Velasco-Jim\u00e9nez, I.; P\u00e9rez-R\u00edos, J.<\/p>\n<p><strong>Disponible en Internet en:<\/strong><\/p>\n<p><a href=\"http:\/\/adingor.es\/congresos\/web\/uploads\/cio\/cio2012\/SP_05_Innovacion_docente\/\/1296-1303.pdf\"><span>http:\/\/adingor.es\/congresos\/web\/uploads\/cio\/cio2012\/SP_05_Innovacion_docente\/\/1296-1303.pdf<\/span><\/a><\/p>\n<hr \/>\n<p><strong>\u00a0<\/strong><\/p>\n<p><strong>T\u00edtulo del trabajo:<\/strong> Localizaci\u00f3n basada en interacciones entre negocios mediante un algoritmo gen\u00e9tico simple.<\/p>\n<p><strong>Nombre del CONGRESO:<\/strong> 6th International Conference on Industrial Engineering and Industrial Management &#8211; XVI Congreso de Ingenier\u00eda de Organizaci\u00f3n (CIO 2012)<\/p>\n<p><strong>Ciudad de celebraci\u00f3n:<\/strong> Vigo, Espa\u00f1a<\/p>\n<p><strong>Fecha de celebraci\u00f3n:<\/strong> 18\/07\/2012<\/p>\n<p><strong>Fecha de finalizaci\u00f3n:<\/strong> 20\/07\/2012<\/p>\n<p><strong>Entidad organizadora: <\/strong>ADINGOR &#8211; Asociaci\u00f3n para el Desarrollo de la Ingenier\u00eda de Organizaci\u00f3n<\/p>\n<p><strong>Autores: <\/strong>S\u00e1nchez-Saiz, R.M.; Gal\u00e1n-Ordax, J.M.; Santos-Mart\u00edn, J.I.; Izquierdo-Mill\u00e1n, L.R.<\/p>\n<p><strong>Disponible en Internet en:<\/strong><\/p>\n<p><a href=\"http:\/\/adingor.es\/congresos\/web\/uploads\/cio\/cio2012\/SP_02_Gestion_de_Operaciones_y_Produccion\/\/911-918.pdf\"><span>http:\/\/adingor.es\/congresos\/web\/uploads\/cio\/cio2012\/SP_02_Gestion_de_Operaciones_y_Produccion\/\/911-918.pdf<\/span><\/a><\/p>\n<hr \/>\n<p><strong>\u00a0<\/strong><\/p>\n<p><strong>T\u00edtulo del trabajo:<\/strong> Integraci\u00f3n del riesgo estacional a la incertidumbre en los proyectos.<\/p>\n<p><strong>Nombre del CONGRESO:<\/strong>\u00a016th International Congress on Project Management and Engineering\u00a0\u00a0&#8211; XVI Congreso Internacional de Direcci\u00f3n e Ingenier\u00eda de Proyectos (CIDIP2012)<\/p>\n<p><strong>Ciudad de celebraci\u00f3n:<\/strong> Valencia, Espa\u00f1a<\/p>\n<p><strong>Fecha de celebraci\u00f3n:<\/strong> 11\/07\/2012<\/p>\n<p><strong>Fecha de finalizaci\u00f3n:<\/strong> 13\/07\/2012<\/p>\n<p><strong>Entidad organizadora:<\/strong> AEIPRO &#8211; Asociaci\u00f3n Espa\u00f1ola de Direcci\u00f3n e Ingenier\u00eda de Proyectos<\/p>\n<p><strong>Autores: <\/strong>Acebes, F.; Pajares, J.; L\u00f3pez-Paredes, A.<\/p>\n<hr \/>\n<p><strong>\u00a0<\/strong><\/p>\n<p><strong>T\u00edtulo del trabajo:<\/strong> Un Entorno Gr\u00e1fico para el Control de Proyectos con Incertidumbre.<\/p>\n<p><strong>Nombre del CONGRESO:<\/strong> 16th International Congress on Project Management and Engineering\u00a0\u00a0&#8211; XVI Congreso Internacional de Direcci\u00f3n e Ingenier\u00eda de Proyectos (CIDIP2012)<\/p>\n<p><strong>Ciudad de celebraci\u00f3n:<\/strong> Valencia, Espa\u00f1a<\/p>\n<p><strong>Fecha de celebraci\u00f3n:<\/strong> 11\/07\/2012<\/p>\n<p><strong>Fecha de finalizaci\u00f3n:<\/strong> 13\/07\/2012<\/p>\n<p><strong>Entidad organizadora:<\/strong> AEIPRO &#8211; Asociaci\u00f3n Espa\u00f1ola de Direcci\u00f3n e Ingenier\u00eda de Proyectos<\/p>\n<p><strong>Autores: <\/strong>Acebes-Senovilla, F.; Pajares-Guti\u00e9rrez, J.; L\u00f3pez-Paredes, A.<\/p>\n<hr \/>\n<p><strong>\u00a0<\/strong><\/p>\n<p><strong>T\u00edtulo del trabajo:<\/strong> Un modelo de programaci\u00f3n de entornos multi-proyecto basado en la Metodolog\u00eda de la Cadena Cr\u00edtica.<\/p>\n<p><strong>Nombre del CONGRESO:<\/strong> 16th International Congress on Project Management and Engineering\u00a0\u00a0&#8211; XVI Congreso Internacional de Direcci\u00f3n e Ingenier\u00eda de Proyectos (CIDIP2012)<\/p>\n<p><strong>Ciudad de celebraci\u00f3n:<\/strong> Valencia, Espa\u00f1a<\/p>\n<p><strong>Fecha de celebraci\u00f3n:<\/strong> 11\/07\/2012<\/p>\n<p><strong>Fecha de finalizaci\u00f3n:<\/strong> 13\/07\/2012<\/p>\n<p><strong>Entidad organizadora:<\/strong> AEIPRO &#8211; Asociaci\u00f3n Espa\u00f1ola de Direcci\u00f3n e Ingenier\u00eda de Proyectos<\/p>\n<p><strong>Autores: <\/strong>Villaf\u00e1\u00f1ez, F.; Pajares, J.; L\u00f3pez-Paredes, A.<\/p>\n<p><strong>Disponible en Internet en:<\/strong><\/p>\n<p><a href=\"http:\/\/adingor.es\/congresos\/web\/uploads\/cio\/cio2010\/PROJECT_MANAGEMENT\/\/1526-1535.pdf\"><span>http:\/\/adingor.es\/congresos\/web\/uploads\/cio\/cio2010\/PROJECT_MANAGEMENT\/\/1526-1535.pdf<\/span><\/a><\/p>\n<hr \/>\n<p>&nbsp;<\/p>\n<p><strong>T\u00edtulo del trabajo:<\/strong> An Organizational Cybernetics approach to University Urban Planning.<\/p>\n<p><strong>Nombre del CONGRESO:<\/strong> European Meetings on Cybernetics and Systems Research (EMCSR 2012)<\/p>\n<p><strong>Ciudad de celebraci\u00f3n: <\/strong>University of Vienna, Austria<\/p>\n<p><strong>Fecha de celebraci\u00f3n:<\/strong> 10\/04\/2012<\/p>\n<p><strong>Fecha de finalizaci\u00f3n: <\/strong>13\/04\/2012<\/p>\n<p><strong>Entidad organizadora: <\/strong>BCSSS<strong> &#8211; <\/strong>Bertalanffy Center for the Study of Systems Science<\/p>\n<p><strong>Autores: <\/strong>Mart\u00ednez-Su\u00e1rez, X.L.; P\u00e9rez-R\u00edos, J.<\/p>\n<p><strong>Disponible en Internet en:<\/strong><\/p>\n<p><a href=\"https:\/\/link.springer.com\/content\/pdf\/10.1007%2F978-3-319-02996-2_7.pdf\">https:\/\/link.springer.com\/content\/pdf\/10.1007%2F978-3-319-02996-2_7.pdf<\/a><\/p>\n<p>[\/et_pb_text][\/et_pb_column][et_pb_column type=\u00bb1_3&#8243; _builder_version=\u00bb3.0.47&#8243; parallax=\u00bboff\u00bb parallax_method=\u00bbon\u00bb][et_pb_text admin_label=\u00bbLogos\u00bb _builder_version=\u00bb3.12&#8243;]<\/p>\n<p>&nbsp;<\/p>\n<p><img loading=\"lazy\" decoding=\"async\" class=\"size-medium wp-image-7254 aligncenter\" src=\"https:\/\/www.insisoc.uva.es\/wp-content\/uploads\/2018\/11\/1.COMSOTEC2012-300x141.jpg\" alt=\"\" width=\"264\" height=\"124\" \/><\/p>\n<p>&nbsp;<\/p>\n<p>&nbsp;<\/p>\n<p>&nbsp;<\/p>\n<p>&nbsp;<\/p>\n<p>\u00a0<img loading=\"lazy\" decoding=\"async\" class=\"size-medium wp-image-7256 aligncenter\" src=\"https:\/\/www.insisoc.uva.es\/wp-content\/uploads\/2018\/11\/3.1.IPMA2012-300x245.jpg\" alt=\"\" width=\"300\" height=\"245\" srcset=\"https:\/\/www.insisoc.uva.es\/wp-content\/uploads\/2018\/11\/3.1.IPMA2012-300x245.jpg 300w, https:\/\/www.insisoc.uva.es\/wp-content\/uploads\/2018\/11\/3.1.IPMA2012-768x626.jpg 768w, https:\/\/www.insisoc.uva.es\/wp-content\/uploads\/2018\/11\/3.1.IPMA2012.jpg 900w\" sizes=\"(max-width: 300px) 100vw, 300px\" \/><\/p>\n<p>&nbsp;<\/p>\n<p>&nbsp;<\/p>\n<p>&nbsp;<\/p>\n<p>&nbsp;<\/p>\n<p>&nbsp;<\/p>\n<p>&nbsp;<\/p>\n<p><img loading=\"lazy\" decoding=\"async\" class=\"size-medium wp-image-7255 aligncenter\" src=\"https:\/\/www.insisoc.uva.es\/wp-content\/uploads\/2018\/11\/2.cepmaw2012-300x114.png\" alt=\"\" width=\"346\" height=\"132\" srcset=\"https:\/\/www.insisoc.uva.es\/wp-content\/uploads\/2018\/11\/2.cepmaw2012-300x114.png 300w, https:\/\/www.insisoc.uva.es\/wp-content\/uploads\/2018\/11\/2.cepmaw2012.png 530w\" sizes=\"(max-width: 346px) 100vw, 346px\" \/><\/p>\n<p>&nbsp;<\/p>\n<p>&nbsp;<\/p>\n<p>&nbsp;<\/p>\n<p>&nbsp;<\/p>\n<p>&nbsp;<\/p>\n<p>&nbsp;<\/p>\n<p>&nbsp;<\/p>\n<p>&nbsp;<\/p>\n<p>&nbsp;<\/p>\n<p>&nbsp;<\/p>\n<p>&nbsp;<\/p>\n<p>&nbsp;<\/p>\n<p>&nbsp;<\/p>\n<p>&nbsp;<\/p>\n<p>&nbsp;<\/p>\n<p><img loading=\"lazy\" decoding=\"async\" class=\"size-medium wp-image-7258 aligncenter\" src=\"https:\/\/www.insisoc.uva.es\/wp-content\/uploads\/2018\/11\/4.simulpast-300x300.jpg\" alt=\"\" width=\"199\" height=\"199\" srcset=\"https:\/\/www.insisoc.uva.es\/wp-content\/uploads\/2018\/11\/4.simulpast-300x300.jpg 300w, https:\/\/www.insisoc.uva.es\/wp-content\/uploads\/2018\/11\/4.simulpast-150x150.jpg 150w, https:\/\/www.insisoc.uva.es\/wp-content\/uploads\/2018\/11\/4.simulpast-768x768.jpg 768w, https:\/\/www.insisoc.uva.es\/wp-content\/uploads\/2018\/11\/4.simulpast.jpg 900w\" sizes=\"(max-width: 199px) 100vw, 199px\" \/><\/p>\n<p>&nbsp;<\/p>\n<p>&nbsp;<\/p>\n<p>&nbsp;<\/p>\n<p>&nbsp;<\/p>\n<p>&nbsp;<\/p>\n<p>&nbsp;<\/p>\n<p>&nbsp;<\/p>\n<p><img loading=\"lazy\" decoding=\"async\" class=\"size-medium wp-image-7259 aligncenter\" src=\"https:\/\/www.insisoc.uva.es\/wp-content\/uploads\/2018\/11\/5.CIO2012-300x45.gif\" alt=\"\" width=\"407\" height=\"61\" srcset=\"https:\/\/www.insisoc.uva.es\/wp-content\/uploads\/2018\/11\/5.CIO2012-300x45.gif 300w, https:\/\/www.insisoc.uva.es\/wp-content\/uploads\/2018\/11\/5.CIO2012-768x116.gif 768w\" sizes=\"(max-width: 407px) 100vw, 407px\" \/><\/p>\n<p>&nbsp;<\/p>\n<p>&nbsp;<\/p>\n<p>&nbsp;<\/p>\n<p>&nbsp;<\/p>\n<p>&nbsp;<\/p>\n<p>&nbsp;<\/p>\n<p>&nbsp;<\/p>\n<p>&nbsp;<\/p>\n<p>&nbsp;<\/p>\n<p>&nbsp;<\/p>\n<p>&nbsp;<\/p>\n<p>&nbsp;<\/p>\n<p>&nbsp;<\/p>\n<p>&nbsp;<\/p>\n<p>&nbsp;<\/p>\n<p>&nbsp;<\/p>\n<p>&nbsp;<\/p>\n<p>&nbsp;<\/p>\n<p>&nbsp;<\/p>\n<p>&nbsp;<\/p>\n<p>&nbsp;<\/p>\n<p>&nbsp;<\/p>\n<p>&nbsp;<\/p>\n<p>&nbsp;<\/p>\n<p>&nbsp;<\/p>\n<p>&nbsp;<\/p>\n<p>&nbsp;<\/p>\n<p>&nbsp;<\/p>\n<p>&nbsp;<\/p>\n<p>&nbsp;<\/p>\n<p>&nbsp;<\/p>\n<p><img loading=\"lazy\" decoding=\"async\" class=\"size-medium wp-image-7260 aligncenter\" src=\"https:\/\/www.insisoc.uva.es\/wp-content\/uploads\/2018\/11\/6.AEIPRO2012-300x116.png\" alt=\"\" width=\"300\" height=\"116\" srcset=\"https:\/\/www.insisoc.uva.es\/wp-content\/uploads\/2018\/11\/6.AEIPRO2012-300x116.png 300w, https:\/\/www.insisoc.uva.es\/wp-content\/uploads\/2018\/11\/6.AEIPRO2012.png 500w\" sizes=\"(max-width: 300px) 100vw, 300px\" \/><\/p>\n<p>&nbsp;<\/p>\n<p>&nbsp;<\/p>\n<p>&nbsp;<\/p>\n<p>&nbsp;<\/p>\n<p>&nbsp;<\/p>\n<p>&nbsp;<\/p>\n<p>&nbsp;<\/p>\n<p>&nbsp;<\/p>\n<p>&nbsp;<\/p>\n<p>&nbsp;<\/p>\n<p>&nbsp;<\/p>\n<p>&nbsp;<\/p>\n<p>&nbsp;<\/p>\n<p>&nbsp;<\/p>\n<p>&nbsp;<\/p>\n<p>&nbsp;<\/p>\n<p>&nbsp;<\/p>\n<p>&nbsp;<\/p>\n<p>&nbsp;<\/p>\n<p>&nbsp;<\/p>\n<p>&nbsp;<\/p>\n<p>&nbsp;<\/p>\n<p>&nbsp;<\/p>\n<p>&nbsp;<\/p>\n<p>&nbsp;<\/p>\n<p>&nbsp;<\/p>\n<p>&nbsp;<\/p>\n<p><img loading=\"lazy\" decoding=\"async\" class=\"size-medium wp-image-7253 aligncenter\" src=\"https:\/\/www.insisoc.uva.es\/wp-content\/uploads\/2018\/11\/7.emcsr2012-300x62.jpg\" alt=\"\" width=\"368\" height=\"76\" srcset=\"https:\/\/www.insisoc.uva.es\/wp-content\/uploads\/2018\/11\/7.emcsr2012-300x62.jpg 300w, https:\/\/www.insisoc.uva.es\/wp-content\/uploads\/2018\/11\/7.emcsr2012-768x160.jpg 768w, https:\/\/www.insisoc.uva.es\/wp-content\/uploads\/2018\/11\/7.emcsr2012.jpg 1024w\" sizes=\"(max-width: 368px) 100vw, 368px\" \/><\/p>\n<p>[\/et_pb_text][\/et_pb_column][\/et_pb_row][\/et_pb_section]<\/p>\n","protected":false},"excerpt":{"rendered":"<p>T\u00edtulo del trabajo: Wave When a Whale Wave: a model of cooperation based on indirect reciprocity. Nombre del CONGRESO: IV Workshop Encuentro Nacional de Econosociof\u00edsica Ciudad de celebraci\u00f3n: Zaragoza, Espa\u00f1a Fecha de celebraci\u00f3n: 28\/11\/2012 Entidad organizadora: COMSOTEC &#8211; Asociaci\u00f3n para el estudio de Sistemas Complejos Sociotecnol\u00f3gicos, Universidad de Zaragoza Autores: Santos-Mart\u00edn, J.I.; Gal\u00e1n-Ordax, J.M.; Izquierdo-Mill\u00e1n, [&hellip;]<\/p>\n","protected":false},"author":11,"featured_media":0,"parent":0,"menu_order":0,"comment_status":"closed","ping_status":"closed","template":"","meta":{"_et_pb_use_builder":"on","_et_pb_old_content":"","_et_gb_content_width":"","footnotes":""},"class_list":["post-6453","page","type-page","status-publish","hentry"],"_links":{"self":[{"href":"https:\/\/www.insisoc.uva.es\/index.php\/wp-json\/wp\/v2\/pages\/6453","targetHints":{"allow":["GET"]}}],"collection":[{"href":"https:\/\/www.insisoc.uva.es\/index.php\/wp-json\/wp\/v2\/pages"}],"about":[{"href":"https:\/\/www.insisoc.uva.es\/index.php\/wp-json\/wp\/v2\/types\/page"}],"author":[{"embeddable":true,"href":"https:\/\/www.insisoc.uva.es\/index.php\/wp-json\/wp\/v2\/users\/11"}],"replies":[{"embeddable":true,"href":"https:\/\/www.insisoc.uva.es\/index.php\/wp-json\/wp\/v2\/comments?post=6453"}],"version-history":[{"count":0,"href":"https:\/\/www.insisoc.uva.es\/index.php\/wp-json\/wp\/v2\/pages\/6453\/revisions"}],"wp:attachment":[{"href":"https:\/\/www.insisoc.uva.es\/index.php\/wp-json\/wp\/v2\/media?parent=6453"}],"curies":[{"name":"wp","href":"https:\/\/api.w.org\/{rel}","templated":true}]}}