{"id":6456,"date":"2018-10-30T12:48:50","date_gmt":"2018-10-30T12:48:50","guid":{"rendered":"https:\/\/www.insisoc.uva.es\/?page_id=6456"},"modified":"2020-06-24T09:08:52","modified_gmt":"2020-06-24T09:08:52","slug":"ins-conferences-2011","status":"publish","type":"page","link":"https:\/\/www.insisoc.uva.es\/index.php\/ins-conferences-2011\/","title":{"rendered":"Ins-Conferences 2011"},"content":{"rendered":"<p>[et_pb_section bb_built=\u00bb1&#8243; fullwidth=\u00bbon\u00bb _builder_version=\u00bb3.0.47&#8243; inner_width=\u00bb90%\u00bb inner_max_width=\u00bb1200px\u00bb next_background_color=\u00bb#000000&#8243;][et_pb_fullwidth_header admin_label=\u00bbT\u00edtulo Conferences 2011&#8243; title=\u00bbConferences 2011&#8243; subhead=\u00bbInsisoc has attended the following conferences\u00bb title_font_color=\u00bb#ffffff\u00bb subhead_font_color=\u00bb#ffffff\u00bb _builder_version=\u00bb3.12&#8243; title_text_color=\u00bb#ffffff\u00bb subhead_text_color=\u00bb#ffffff\u00bb subhead_font_size=\u00bb19px\u00bb background_size=\u00bbinitial\u00bb background_position=\u00bbtop_left\u00bb background_repeat=\u00bbrepeat\u00bb text_shadow_style=\u00bbpreset5&#8243; button_one_text_size__hover_enabled=\u00bboff\u00bb button_one_text_size__hover=\u00bbnull\u00bb button_two_text_size__hover_enabled=\u00bboff\u00bb button_two_text_size__hover=\u00bbnull\u00bb button_one_text_color__hover_enabled=\u00bboff\u00bb button_one_text_color__hover=\u00bbnull\u00bb button_two_text_color__hover_enabled=\u00bboff\u00bb button_two_text_color__hover=\u00bbnull\u00bb button_one_border_width__hover_enabled=\u00bboff\u00bb button_one_border_width__hover=\u00bbnull\u00bb button_two_border_width__hover_enabled=\u00bboff\u00bb button_two_border_width__hover=\u00bbnull\u00bb button_one_border_color__hover_enabled=\u00bboff\u00bb button_one_border_color__hover=\u00bbnull\u00bb button_two_border_color__hover_enabled=\u00bboff\u00bb button_two_border_color__hover=\u00bbnull\u00bb button_one_border_radius__hover_enabled=\u00bboff\u00bb button_one_border_radius__hover=\u00bbnull\u00bb button_two_border_radius__hover_enabled=\u00bboff\u00bb button_two_border_radius__hover=\u00bbnull\u00bb button_one_letter_spacing__hover_enabled=\u00bboff\u00bb button_one_letter_spacing__hover=\u00bbnull\u00bb button_two_letter_spacing__hover_enabled=\u00bboff\u00bb button_two_letter_spacing__hover=\u00bbnull\u00bb button_one_bg_color__hover_enabled=\u00bboff\u00bb button_one_bg_color__hover=\u00bbnull\u00bb button_two_bg_color__hover_enabled=\u00bboff\u00bb button_two_bg_color__hover=\u00bbnull\u00bb]<\/p>\n<p>[\/et_pb_fullwidth_header][et_pb_fullwidth_menu menu_id=\u00bb51&#8243; submenu_direction=\u00bbdownwards\u00bb fullwidth_menu=\u00bboff\u00bb active_link_color=\u00bb#b26200&#8243; dropdown_menu_line_color=\u00bb#6c9fc1&#8243; dropdown_menu_text_color=\u00bb#000000&#8243; mobile_menu_text_color=\u00bb#000000&#8243; _builder_version=\u00bb3.12&#8243; menu_font=\u00bb|700|||||||\u00bb menu_text_color=\u00bb#000000&#8243; menu_font_size=\u00bb15px\u00bb background_color=\u00bb#d7eaf4&#8243; text_orientation=\u00bbcenter\u00bb animation_style=\u00bbfade\u00bb animation_duration=\u00bb500ms\u00bb saved_tabs=\u00bball\u00bb]<\/p>\n<p>[\/et_pb_fullwidth_menu][\/et_pb_section][et_pb_section bb_built=\u00bb1&#8243; _builder_version=\u00bb3.0.47&#8243; inner_width=\u00bb90%\u00bb inner_max_width=\u00bb1200px\u00bb prev_background_color=\u00bb#000000&#8243;][et_pb_row _builder_version=\u00bb3.0.48&#8243; background_size=\u00bbinitial\u00bb background_position=\u00bbtop_left\u00bb background_repeat=\u00bbrepeat\u00bb width=\u00bb90%\u00bb max_width=\u00bb1200px\u00bb][et_pb_column type=\u00bb2_3&#8243; _builder_version=\u00bb3.0.47&#8243; parallax=\u00bboff\u00bb parallax_method=\u00bbon\u00bb custom_padding__hover=\u00bb|||\u00bb custom_padding=\u00bb|||\u00bb][et_pb_text _builder_version=\u00bb4.0.9&#8243; text_text_shadow_horizontal_length=\u00bbtext_text_shadow_style,%91object Object%93&#8243; text_text_shadow_horizontal_length_tablet=\u00bb0px\u00bb text_text_shadow_vertical_length=\u00bbtext_text_shadow_style,%91object Object%93&#8243; text_text_shadow_vertical_length_tablet=\u00bb0px\u00bb text_text_shadow_blur_strength=\u00bbtext_text_shadow_style,%91object Object%93&#8243; text_text_shadow_blur_strength_tablet=\u00bb1px\u00bb link_text_shadow_horizontal_length=\u00bblink_text_shadow_style,%91object Object%93&#8243; link_text_shadow_horizontal_length_tablet=\u00bb0px\u00bb link_text_shadow_vertical_length=\u00bblink_text_shadow_style,%91object Object%93&#8243; link_text_shadow_vertical_length_tablet=\u00bb0px\u00bb link_text_shadow_blur_strength=\u00bblink_text_shadow_style,%91object Object%93&#8243; link_text_shadow_blur_strength_tablet=\u00bb1px\u00bb ul_text_shadow_horizontal_length=\u00bbul_text_shadow_style,%91object Object%93&#8243; ul_text_shadow_horizontal_length_tablet=\u00bb0px\u00bb ul_text_shadow_vertical_length=\u00bbul_text_shadow_style,%91object Object%93&#8243; ul_text_shadow_vertical_length_tablet=\u00bb0px\u00bb ul_text_shadow_blur_strength=\u00bbul_text_shadow_style,%91object Object%93&#8243; ul_text_shadow_blur_strength_tablet=\u00bb1px\u00bb ol_text_shadow_horizontal_length=\u00bbol_text_shadow_style,%91object Object%93&#8243; ol_text_shadow_horizontal_length_tablet=\u00bb0px\u00bb ol_text_shadow_vertical_length=\u00bbol_text_shadow_style,%91object Object%93&#8243; ol_text_shadow_vertical_length_tablet=\u00bb0px\u00bb ol_text_shadow_blur_strength=\u00bbol_text_shadow_style,%91object Object%93&#8243; ol_text_shadow_blur_strength_tablet=\u00bb1px\u00bb quote_text_shadow_horizontal_length=\u00bbquote_text_shadow_style,%91object Object%93&#8243; quote_text_shadow_horizontal_length_tablet=\u00bb0px\u00bb quote_text_shadow_vertical_length=\u00bbquote_text_shadow_style,%91object Object%93&#8243; quote_text_shadow_vertical_length_tablet=\u00bb0px\u00bb quote_text_shadow_blur_strength=\u00bbquote_text_shadow_style,%91object Object%93&#8243; quote_text_shadow_blur_strength_tablet=\u00bb1px\u00bb header_text_shadow_horizontal_length=\u00bbheader_text_shadow_style,%91object Object%93&#8243; header_text_shadow_horizontal_length_tablet=\u00bb0px\u00bb header_text_shadow_vertical_length=\u00bbheader_text_shadow_style,%91object Object%93&#8243; header_text_shadow_vertical_length_tablet=\u00bb0px\u00bb header_text_shadow_blur_strength=\u00bbheader_text_shadow_style,%91object Object%93&#8243; header_text_shadow_blur_strength_tablet=\u00bb1px\u00bb header_2_text_shadow_horizontal_length=\u00bbheader_2_text_shadow_style,%91object Object%93&#8243; header_2_text_shadow_horizontal_length_tablet=\u00bb0px\u00bb header_2_text_shadow_vertical_length=\u00bbheader_2_text_shadow_style,%91object Object%93&#8243; header_2_text_shadow_vertical_length_tablet=\u00bb0px\u00bb header_2_text_shadow_blur_strength=\u00bbheader_2_text_shadow_style,%91object Object%93&#8243; header_2_text_shadow_blur_strength_tablet=\u00bb1px\u00bb header_3_text_shadow_horizontal_length=\u00bbheader_3_text_shadow_style,%91object Object%93&#8243; header_3_text_shadow_horizontal_length_tablet=\u00bb0px\u00bb header_3_text_shadow_vertical_length=\u00bbheader_3_text_shadow_style,%91object Object%93&#8243; header_3_text_shadow_vertical_length_tablet=\u00bb0px\u00bb header_3_text_shadow_blur_strength=\u00bbheader_3_text_shadow_style,%91object Object%93&#8243; header_3_text_shadow_blur_strength_tablet=\u00bb1px\u00bb header_4_text_shadow_horizontal_length=\u00bbheader_4_text_shadow_style,%91object Object%93&#8243; header_4_text_shadow_horizontal_length_tablet=\u00bb0px\u00bb header_4_text_shadow_vertical_length=\u00bbheader_4_text_shadow_style,%91object Object%93&#8243; header_4_text_shadow_vertical_length_tablet=\u00bb0px\u00bb header_4_text_shadow_blur_strength=\u00bbheader_4_text_shadow_style,%91object Object%93&#8243; header_4_text_shadow_blur_strength_tablet=\u00bb1px\u00bb header_5_text_shadow_horizontal_length=\u00bbheader_5_text_shadow_style,%91object Object%93&#8243; header_5_text_shadow_horizontal_length_tablet=\u00bb0px\u00bb header_5_text_shadow_vertical_length=\u00bbheader_5_text_shadow_style,%91object Object%93&#8243; header_5_text_shadow_vertical_length_tablet=\u00bb0px\u00bb header_5_text_shadow_blur_strength=\u00bbheader_5_text_shadow_style,%91object Object%93&#8243; header_5_text_shadow_blur_strength_tablet=\u00bb1px\u00bb header_6_text_shadow_horizontal_length=\u00bbheader_6_text_shadow_style,%91object Object%93&#8243; header_6_text_shadow_horizontal_length_tablet=\u00bb0px\u00bb header_6_text_shadow_vertical_length=\u00bbheader_6_text_shadow_style,%91object Object%93&#8243; header_6_text_shadow_vertical_length_tablet=\u00bb0px\u00bb header_6_text_shadow_blur_strength=\u00bbheader_6_text_shadow_style,%91object Object%93&#8243; header_6_text_shadow_blur_strength_tablet=\u00bb1px\u00bb box_shadow_horizontal_tablet=\u00bb0px\u00bb box_shadow_vertical_tablet=\u00bb0px\u00bb box_shadow_blur_tablet=\u00bb40px\u00bb box_shadow_spread_tablet=\u00bb0px\u00bb z_index_tablet=\u00bb500&#8243;]<\/p>\n<p><strong>T\u00edtulo del trabajo:<\/strong> Influencia del riesgo estacional en la l\u00ednea base de riesgos del proyecto.<\/p>\n<p><strong>Nombre del CONGRESO:<\/strong> 5th International Conference on Industrial Engineering and Industrial Management &#8211; XV Congreso de Ingenier\u00eda de Organizaci\u00f3n (CIO 2011)<\/p>\n<p><strong>Ciudad de celebraci\u00f3n:<\/strong> Cartagena, Espa\u00f1a<\/p>\n<p><strong>Fecha de celebraci\u00f3n:<\/strong> 07\/09\/2011<\/p>\n<p><strong>Fecha de finalizaci\u00f3n:<\/strong> 09\/09\/2011<\/p>\n<p><strong>Entidad organizadora: <\/strong>ADINGOR &#8211; Asociaci\u00f3n para el Desarrollo de la Ingenier\u00eda de Organizaci\u00f3n<\/p>\n<p><strong>Autores: <\/strong>Acebes, F.; Pajares, J.; L\u00f3pez-Paredes, A.; Hern\u00e1ndez, C.<\/p>\n<p><strong>Disponible en Internet en:<\/strong><\/p>\n<p><a href=\"http:\/\/adingor.es\/congresos\/web\/uploads\/cio\/cio2011\/organizacion_del_trabajo\/933-943.pdf\" target=\"_blank\" rel=\"noopener noreferrer\">http:\/\/adingor.es\/congresos\/web\/uploads\/cio\/cio2011\/organizacion_del_trabajo\/933-943.pdf<\/a><\/p>\n<hr \/>\n<p><strong>\u00a0<\/strong><\/p>\n<p><strong>T\u00edtulo del trabajo:<\/strong> Teaching the mean-field approximation.<\/p>\n<p><strong>Nombre del CONGRESO:<\/strong> 5th International Conference on Industrial Engineering and Industrial Management &#8211; XV Congreso de Ingenier\u00eda de Organizaci\u00f3n (CIO 2011)<\/p>\n<p><strong>Ciudad de celebraci\u00f3n:<\/strong> Cartagena, Espa\u00f1a<\/p>\n<p><strong>Fecha de celebraci\u00f3n:<\/strong> 07\/09\/2011<\/p>\n<p><strong>Fecha de finalizaci\u00f3n:<\/strong> 09\/09\/2011<\/p>\n<p><strong>Entidad organizadora: <\/strong>ADINGOR &#8211; Asociaci\u00f3n para el Desarrollo de la Ingenier\u00eda de Organizaci\u00f3n<\/p>\n<p><strong>Autores: <\/strong>Izquierdo-Mill\u00e1n, L.R.; Izquierdo-Mill\u00e1n, S.S.; Santos-Mart\u00edn, J.I.; Gal\u00e1n-Ordax, J.M.; Del Olmo-Mart\u00ednez, R.<\/p>\n<p><strong>Disponible en Internet en:<\/strong><\/p>\n<p><a href=\"http:\/\/adingor.es\/congresos\/web\/uploads\/cio\/cio2011\/innovacion_docente\/502-506.pdf\" target=\"_blank\" rel=\"noopener noreferrer\">http:\/\/adingor.es\/congresos\/web\/uploads\/cio\/cio2011\/innovacion_docente\/502-506.pdf<\/a><\/p>\n<hr \/>\n<p><strong>\u00a0<\/strong><\/p>\n<p><strong>T\u00edtulo del trabajo<\/strong>: Design and Diagnosis for viable organizations with VSMod.<\/p>\n<p><strong>Nombre del CONGRESO:<\/strong> 15th International Congress of Cybernetics and Systems joint with 2011 IEEE &#8211; International Conference on Grey Systems and Intelligent Services<\/p>\n<p><strong>Ciudad de celebraci\u00f3n: <\/strong>Nanjing, China<\/p>\n<p><strong>Fecha de celebraci\u00f3n:<\/strong> 06\/09\/2011<\/p>\n<p><strong>Fecha de finalizaci\u00f3n: <\/strong>10\/09\/2011<\/p>\n<p><strong>Entidad organizadora: <\/strong>WOSC &#8211;<strong>\u00a0<\/strong>World Organisation of Systems and Cybernetics, Institute for Grey Systems Studies, College of Economics and Management, Nanjing University of Aeronautics and Astronautics, China.<\/p>\n<p><strong>Autores: <\/strong>P\u00e9rez-R\u00edos, J.<\/p>\n<hr \/>\n<p><strong>\u00a0<\/strong><\/p>\n<p><strong>T\u00edtulo del trabajo:<\/strong> Integraci\u00f3n del Riesgo Estacional a la incertidumbre en los proyectos.<\/p>\n<p><strong>Nombre del CONGRESO:<\/strong>\u00a015th International Congress on Project Management and Engineering\u00a0\u00a0&#8211; XV Congreso Internacional de Direcci\u00f3n e Ingenier\u00eda de Proyectos (CIDIP2011)<\/p>\n<p><strong>Ciudad de celebraci\u00f3n:<\/strong> Huesca, Espa\u00f1a<\/p>\n<p><strong>Fecha de celebraci\u00f3n:<\/strong> 06\/07\/2011<\/p>\n<p><strong>Fecha de finalizaci\u00f3n:<\/strong> 09\/07\/2011<\/p>\n<p><strong>Entidad organizadora:<\/strong> AEIPRO &#8211; Asociaci\u00f3n Espa\u00f1ola de Direcci\u00f3n e Ingenier\u00eda de Proyectos<\/p>\n<p><strong>Autores: <\/strong>Acebes-Senovilla, F.; Pajares-Guti\u00e9rrez, J.; L\u00f3pez-Paredes, A.<\/p>\n<hr \/>\n<p><strong>\u00a0<\/strong><\/p>\n<p><strong>T\u00edtulo del trabajo:<\/strong> The SiCoSSyS approach to SoS Engineering.<\/p>\n<p><strong>Nombre del CONGRESO:<\/strong> 6th International Conference on System of Systems Engineering (SoSE 2011)<\/p>\n<p><strong>Ciudad de celebraci\u00f3n:<\/strong> Albuquerque, EE.UU.<\/p>\n<p><strong>Fecha de celebraci\u00f3n:<\/strong> 27\/06\/2011<\/p>\n<p><strong>Fecha de finalizaci\u00f3n:<\/strong> 30\/06\/2011<\/p>\n<p><strong>Entidad organizadora: <\/strong>IEEE &#8211; Institute of Electrical and Electronics Engineers<\/p>\n<p><strong>Autores: <\/strong>Pav\u00f3n, J.; G\u00f3mez-Sanz, J.; L\u00f3pez-Paredes, A.<\/p>\n<p><strong>Disponible en Internet en:<\/strong><\/p>\n<p><a href=\"https:\/\/ieeexplore.ieee.org\/stamp\/stamp.jsp?tp=&amp;arnumber=5966594\" target=\"_blank\" rel=\"noopener noreferrer\">https:\/\/ieeexplore.ieee.org\/stamp\/stamp.jsp?tp=&amp;arnumber=5966594<\/a><\/p>\n<hr \/>\n<p>\u00a0<\/p>\n<p><strong>T\u00edtulo del trabajo:<\/strong> Mathematica como herramienta docente para ilustrar el v\u00ednculo micro-macro.<\/p>\n<p><strong>Nombre del CONGRESO:<\/strong> III Jornadas de Docencia en Econom\u00eda<\/p>\n<p><strong>Ciudad de celebraci\u00f3n:<\/strong> Cartagena, Espa\u00f1a<\/p>\n<p><strong>Fecha de celebraci\u00f3n:<\/strong> 02\/06\/2011<\/p>\n<p><strong>Fecha de finalizaci\u00f3n: <\/strong>03\/06\/2011<\/p>\n<p><strong>Entidad organizadora: <\/strong>AEE \u2013 Asociaci\u00f3n Espa\u00f1ola de Econom\u00eda<\/p>\n<p><strong>Autores: <\/strong>Izquierdo-Mill\u00e1n, L.R.; Izquierdo-Mill\u00e1n, S.S.; Santos-Mart\u00edn, J.I.; Gal\u00e1n-Ordax, J.M.<\/p>\n<hr \/>\n<p><strong>\u00a0<\/strong><\/p>\n<p><strong>T\u00edtulo del trabajo<\/strong>: Professional Systemics in Urban Planning: The case of the University of A Coru\u00f1a.<\/p>\n<p><strong>Nombre del CONGRESO:<\/strong> 7th HSSS National &amp; International Conference \u201cProfessional Systemics in Action\u201d<\/p>\n<p><strong>Ciudad de celebraci\u00f3n: <\/strong>Athens, Grecia<\/p>\n<p><strong>Fecha de celebraci\u00f3n:<\/strong> 04\/05\/2011<\/p>\n<p><strong>Fecha de finalizaci\u00f3n:<\/strong> 07\/05\/2011<\/p>\n<p><strong>Entidad organizadora: <\/strong>HSSS<strong> &#8211; <\/strong>Hellenic Society for Systemic Studies<\/p>\n<p><strong>Autores: <\/strong>P\u00e9rez-R\u00edos, J.; Mart\u00ednez-Su\u00e1rez, X.L.<\/p>\n<hr \/>\n<p><strong>\u00a0<\/strong><\/p>\n<p><strong>T\u00edtulo del trabajo:<\/strong> ABM and GIS integration as a demand forecasting tool.<\/p>\n<p><strong>Nombre del CONGRESO:<\/strong> ComplexEnergy &#8211; Complex Systems for an ICT-enabled Energy System Final Conference<\/p>\n<p><strong>Ciudad de celebraci\u00f3n:<\/strong> Bruselas, B\u00e9lgica<\/p>\n<p><strong>Fecha de celebraci\u00f3n:<\/strong> 22\/02\/2011<\/p>\n<p><strong>Entidad organizadora: <\/strong>ComplexEnergy &#8211; Complex Systems for an ICT-enabled Energy System<\/p>\n<p><strong>Autores: <\/strong>Gal\u00e1n-Ordax, J.M.<\/p>\n<p>[\/et_pb_text][\/et_pb_column][et_pb_column type=\u00bb1_3&#8243; _builder_version=\u00bb3.0.47&#8243; parallax=\u00bboff\u00bb parallax_method=\u00bbon\u00bb custom_padding__hover=\u00bb|||\u00bb custom_padding=\u00bb|||\u00bb][et_pb_text admin_label=\u00bbLogos\u00bb _builder_version=\u00bb3.12&#8243; text_orientation=\u00bbleft\u00bb]<\/p>\n<p>&nbsp;<\/p>\n<p><img loading=\"lazy\" decoding=\"async\" class=\"size-full wp-image-7266 aligncenter\" src=\"https:\/\/www.insisoc.uva.es\/wp-content\/uploads\/2018\/11\/1.cio2011.jpg\" alt=\"\" width=\"192\" height=\"271\" \/><\/p>\n<p>&nbsp;<\/p>\n<p>&nbsp;<\/p>\n<p>&nbsp;<\/p>\n<p>&nbsp;<\/p>\n<p>&nbsp;<\/p>\n<p>&nbsp;<\/p>\n<p>&nbsp;<\/p>\n<p>&nbsp;<\/p>\n<p>&nbsp;<\/p>\n<p>&nbsp;<\/p>\n<p>&nbsp;<\/p>\n<p>&nbsp;<\/p>\n<p>&nbsp;<\/p>\n<p>&nbsp;<\/p>\n<p style=\"text-align: center;\"><img loading=\"lazy\" decoding=\"async\" class=\"size-medium wp-image-7268 aligncenter\" src=\"https:\/\/www.insisoc.uva.es\/wp-content\/uploads\/2018\/11\/2.2.wosc_-300x150.png\" alt=\"\" width=\"300\" height=\"150\" srcset=\"https:\/\/www.insisoc.uva.es\/wp-content\/uploads\/2018\/11\/2.2.wosc_-300x150.png 300w, https:\/\/www.insisoc.uva.es\/wp-content\/uploads\/2018\/11\/2.2.wosc_-768x384.png 768w, https:\/\/www.insisoc.uva.es\/wp-content\/uploads\/2018\/11\/2.2.wosc_-1024x511.png 1024w, https:\/\/www.insisoc.uva.es\/wp-content\/uploads\/2018\/11\/2.2.wosc_-1080x539.png 1080w\" sizes=\"(max-width: 300px) 100vw, 300px\" \/><\/p>\n<p>&nbsp;<\/p>\n<p><img loading=\"lazy\" decoding=\"async\" class=\"size-medium wp-image-7267 aligncenter\" style=\"display: block; margin-left: auto; margin-right: auto;\" src=\"https:\/\/www.insisoc.uva.es\/wp-content\/uploads\/2018\/11\/2.1.IEEE_-300x107.jpg\" alt=\"\" width=\"205\" height=\"73\" srcset=\"https:\/\/www.insisoc.uva.es\/wp-content\/uploads\/2018\/11\/2.1.IEEE_-300x107.jpg 300w, https:\/\/www.insisoc.uva.es\/wp-content\/uploads\/2018\/11\/2.1.IEEE_-768x273.jpg 768w, https:\/\/www.insisoc.uva.es\/wp-content\/uploads\/2018\/11\/2.1.IEEE_-1024x364.jpg 1024w, https:\/\/www.insisoc.uva.es\/wp-content\/uploads\/2018\/11\/2.1.IEEE_-1080x384.jpg 1080w, https:\/\/www.insisoc.uva.es\/wp-content\/uploads\/2018\/11\/2.1.IEEE_.jpg 1200w\" sizes=\"(max-width: 205px) 100vw, 205px\" \/><\/p>\n<p>&nbsp;<\/p>\n<p>&nbsp;<\/p>\n<p>&nbsp;<\/p>\n<p><img loading=\"lazy\" decoding=\"async\" class=\"size-medium wp-image-7260 aligncenter\" src=\"https:\/\/www.insisoc.uva.es\/wp-content\/uploads\/2018\/11\/6.AEIPRO2012-300x116.png\" alt=\"\" width=\"300\" height=\"116\" srcset=\"https:\/\/www.insisoc.uva.es\/wp-content\/uploads\/2018\/11\/6.AEIPRO2012-300x116.png 300w, https:\/\/www.insisoc.uva.es\/wp-content\/uploads\/2018\/11\/6.AEIPRO2012.png 500w\" sizes=\"(max-width: 300px) 100vw, 300px\" \/><\/p>\n<p>&nbsp;<\/p>\n<p>&nbsp;<\/p>\n<p>&nbsp;<\/p>\n<p>&nbsp;<\/p>\n<p>&nbsp;<\/p>\n<p>&nbsp;<\/p>\n<p><img loading=\"lazy\" decoding=\"async\" class=\"size-medium wp-image-7267 aligncenter\" src=\"https:\/\/www.insisoc.uva.es\/wp-content\/uploads\/2018\/11\/2.1.IEEE_-300x107.jpg\" alt=\"\" width=\"269\" height=\"96\" srcset=\"https:\/\/www.insisoc.uva.es\/wp-content\/uploads\/2018\/11\/2.1.IEEE_-300x107.jpg 300w, https:\/\/www.insisoc.uva.es\/wp-content\/uploads\/2018\/11\/2.1.IEEE_-768x273.jpg 768w, https:\/\/www.insisoc.uva.es\/wp-content\/uploads\/2018\/11\/2.1.IEEE_-1024x364.jpg 1024w, https:\/\/www.insisoc.uva.es\/wp-content\/uploads\/2018\/11\/2.1.IEEE_-1080x384.jpg 1080w, https:\/\/www.insisoc.uva.es\/wp-content\/uploads\/2018\/11\/2.1.IEEE_.jpg 1200w\" sizes=\"(max-width: 269px) 100vw, 269px\" \/><\/p>\n<p>&nbsp;<\/p>\n<p>&nbsp;<\/p>\n<p>&nbsp;<\/p>\n<p>&nbsp;<\/p>\n<p>&nbsp;<\/p>\n<p>&nbsp;<\/p>\n<p>&nbsp;<\/p>\n<p><img loading=\"lazy\" decoding=\"async\" class=\"size-medium wp-image-7269 aligncenter\" src=\"https:\/\/www.insisoc.uva.es\/wp-content\/uploads\/2018\/11\/5.aee_.png\" alt=\"\" width=\"200\" height=\"115\" \/><\/p>\n<p>&nbsp;<\/p>\n<p>&nbsp;<\/p>\n<p>&nbsp;<\/p>\n<p>&nbsp;<\/p>\n<p>&nbsp;<\/p>\n<p><img loading=\"lazy\" decoding=\"async\" class=\"size-medium wp-image-7270 aligncenter\" src=\"https:\/\/www.insisoc.uva.es\/wp-content\/uploads\/2018\/11\/6.HSSS2011-300x88.jpg\" alt=\"\" width=\"361\" height=\"106\" srcset=\"https:\/\/www.insisoc.uva.es\/wp-content\/uploads\/2018\/11\/6.HSSS2011-300x88.jpg 300w, https:\/\/www.insisoc.uva.es\/wp-content\/uploads\/2018\/11\/6.HSSS2011-768x225.jpg 768w, https:\/\/www.insisoc.uva.es\/wp-content\/uploads\/2018\/11\/6.HSSS2011.jpg 858w\" sizes=\"(max-width: 361px) 100vw, 361px\" \/><\/p>\n<p>[\/et_pb_text][\/et_pb_column][\/et_pb_row][\/et_pb_section]<\/p>\n","protected":false},"excerpt":{"rendered":"<p>T\u00edtulo del trabajo: Influencia del riesgo estacional en la l\u00ednea base de riesgos del proyecto.Nombre del CONGRESO: 5th International Conference on Industrial Engineering and Industrial Management &#8211; XV Congreso de Ingenier\u00eda de Organizaci\u00f3n (CIO 2011)Ciudad de celebraci\u00f3n: Cartagena, Espa\u00f1aFecha de celebraci\u00f3n: 07\/09\/2011Fecha de finalizaci\u00f3n: 09\/09\/2011Entidad organizadora: ADINGOR &#8211; Asociaci\u00f3n para el Desarrollo de la Ingenier\u00eda [&hellip;]<\/p>\n","protected":false},"author":11,"featured_media":0,"parent":0,"menu_order":0,"comment_status":"closed","ping_status":"closed","template":"","meta":{"_et_pb_use_builder":"on","_et_pb_old_content":"","_et_gb_content_width":"","footnotes":""},"class_list":["post-6456","page","type-page","status-publish","hentry"],"_links":{"self":[{"href":"https:\/\/www.insisoc.uva.es\/index.php\/wp-json\/wp\/v2\/pages\/6456","targetHints":{"allow":["GET"]}}],"collection":[{"href":"https:\/\/www.insisoc.uva.es\/index.php\/wp-json\/wp\/v2\/pages"}],"about":[{"href":"https:\/\/www.insisoc.uva.es\/index.php\/wp-json\/wp\/v2\/types\/page"}],"author":[{"embeddable":true,"href":"https:\/\/www.insisoc.uva.es\/index.php\/wp-json\/wp\/v2\/users\/11"}],"replies":[{"embeddable":true,"href":"https:\/\/www.insisoc.uva.es\/index.php\/wp-json\/wp\/v2\/comments?post=6456"}],"version-history":[{"count":0,"href":"https:\/\/www.insisoc.uva.es\/index.php\/wp-json\/wp\/v2\/pages\/6456\/revisions"}],"wp:attachment":[{"href":"https:\/\/www.insisoc.uva.es\/index.php\/wp-json\/wp\/v2\/media?parent=6456"}],"curies":[{"name":"wp","href":"https:\/\/api.w.org\/{rel}","templated":true}]}}