{"id":6462,"date":"2018-10-30T13:08:05","date_gmt":"2018-10-30T13:08:05","guid":{"rendered":"https:\/\/www.insisoc.uva.es\/?page_id=6462"},"modified":"2019-09-25T08:27:52","modified_gmt":"2019-09-25T08:27:52","slug":"ins-conferences-2008","status":"publish","type":"page","link":"https:\/\/www.insisoc.uva.es\/index.php\/ins-conferences-2008\/","title":{"rendered":"Ins-Conferences 2008"},"content":{"rendered":"<p>[et_pb_section fb_built=\u00bb1&#8243; fullwidth=\u00bbon\u00bb _builder_version=\u00bb3.22&#8243; fb_built=\u00bb1&#8243; _i=\u00bb0&#8243; _address=\u00bb0&#8243;][et_pb_fullwidth_header title=\u00bbConferences 2008&#8243; subhead=\u00bbInsisoc has attended the following conferences\u00bb title_font_color=\u00bb#ffffff\u00bb subhead_font_color=\u00bb#ffffff\u00bb admin_label=\u00bbT\u00edtulo Conferences 2008&#8243; _builder_version=\u00bb3.16&#8243; title_text_color=\u00bb#ffffff\u00bb subhead_text_color=\u00bb#ffffff\u00bb subhead_font_size=\u00bb19px\u00bb background_size=\u00bbinitial\u00bb background_position=\u00bbtop_left\u00bb background_repeat=\u00bbrepeat\u00bb text_shadow_style=\u00bbpreset5&#8243; _i=\u00bb0&#8243; _address=\u00bb0.0&#8243; button_one_text_size__hover_enabled=\u00bboff\u00bb button_two_text_size__hover_enabled=\u00bboff\u00bb button_one_text_color__hover_enabled=\u00bboff\u00bb button_two_text_color__hover_enabled=\u00bboff\u00bb button_one_border_width__hover_enabled=\u00bboff\u00bb button_two_border_width__hover_enabled=\u00bboff\u00bb button_one_border_color__hover_enabled=\u00bboff\u00bb button_two_border_color__hover_enabled=\u00bboff\u00bb button_one_border_radius__hover_enabled=\u00bboff\u00bb button_two_border_radius__hover_enabled=\u00bboff\u00bb button_one_letter_spacing__hover_enabled=\u00bboff\u00bb button_two_letter_spacing__hover_enabled=\u00bboff\u00bb button_one_bg_color__hover_enabled=\u00bboff\u00bb button_two_bg_color__hover_enabled=\u00bboff\u00bb][\/et_pb_fullwidth_header][et_pb_fullwidth_menu menu_id=\u00bb51&#8243; submenu_direction=\u00bbdownwards\u00bb fullwidth_menu=\u00bboff\u00bb active_link_color=\u00bb#b26200&#8243; dropdown_menu_line_color=\u00bb#6c9fc1&#8243; dropdown_menu_text_color=\u00bb#000000&#8243; mobile_menu_text_color=\u00bb#000000&#8243; _builder_version=\u00bb3.12&#8243; menu_font=\u00bb|700|||||||\u00bb menu_text_color=\u00bb#000000&#8243; menu_font_size=\u00bb15px\u00bb background_color=\u00bb#d7eaf4&#8243; text_orientation=\u00bbcenter\u00bb animation_style=\u00bbfade\u00bb animation_duration=\u00bb500ms\u00bb saved_tabs=\u00bball\u00bb _i=\u00bb1&#8243; _address=\u00bb0.1&#8243;][\/et_pb_fullwidth_menu][\/et_pb_section][et_pb_section fb_built=\u00bb1&#8243; _builder_version=\u00bb3.22&#8243; fb_built=\u00bb1&#8243; _i=\u00bb1&#8243; _address=\u00bb1&#8243;][et_pb_row _builder_version=\u00bb3.25&#8243; background_size=\u00bbinitial\u00bb background_position=\u00bbtop_left\u00bb background_repeat=\u00bbrepeat\u00bb _i=\u00bb0&#8243; _address=\u00bb1.0&#8243; column_structure=\u00bb2_3,1_3&#8243;][et_pb_column type=\u00bb2_3&#8243; _builder_version=\u00bb3.25&#8243; custom_padding=\u00bb|||\u00bb _i=\u00bb0&#8243; _address=\u00bb1.0.0&#8243; custom_padding__hover=\u00bb|||\u00bb][et_pb_text _builder_version=\u00bb3.27.4&#8243; _i=\u00bb0&#8243; _address=\u00bb1.0.0.0&#8243;]<\/p>\n<p><strong>T\u00edtulo del trabajo:<\/strong> An Artificial Agents Model in Financial Markets: How to understand statistical facts in real markets.<\/p>\n<p><strong>Nombre del CONGRESO:<\/strong> 7th Ibero-American Workshop in Multi-Agent Systems (IBERAGENTS 2008)<\/p>\n<p><strong>Ciudad de celebraci\u00f3n:<\/strong> Lisboa, Portugal<\/p>\n<p><strong>Fecha de celebraci\u00f3n:<\/strong> 14\/10\/2008<\/p>\n<p><strong>Entidad organizadora: <\/strong>AEPIA \u2013 Asociaci\u00f3n Espa\u00f1ola para la Inteligencia Artificial<\/p>\n<p><strong>Autores: <\/strong>Ara\u00fazo-Ara\u00fazo, J.A.; Gal\u00e1n-Ordax, J.M.; Pajares-Guti\u00e9rrez, J.; L\u00f3pez-Paredes, A.<\/p>\n<hr \/>\n<p><strong>\u00a0<\/strong><\/p>\n<p><strong>T\u00edtulo del trabajo:<\/strong> A multi-Agent Approach for Online Dynamic Scheduling in multi-Project Environments.<\/p>\n<p><strong>Nombre del congreso:<\/strong> Construction and Engineering Project Management International Workshop (CEPMaW&#8217;08)<\/p>\n<p><strong>Ciudad de celebraci\u00f3n: <\/strong>Valladolid, Espa\u00f1a<\/p>\n<p><strong>Fecha de celebraci\u00f3n:<\/strong> 02\/10\/2008<\/p>\n<p><strong>Fecha de finalizaci\u00f3n:<\/strong> 03\/10\/2008<\/p>\n<p><strong>Entidad organizadora: <\/strong>INSISOC \u2013 Grupo de Ingenier\u00eda de los Sistemas Sociales de la Universidad de Valladolid<\/p>\n<p><strong>Autores:<\/strong> Ara\u00fazo-Ara\u00fazo, J.A; Gal\u00e1n-Ordax, J.M.; Pajares-Guti\u00e9rrez, J.; L\u00f3pez-Paredes, A.<\/p>\n<hr \/>\n<p><strong>\u00a0<\/strong><\/p>\n<p><strong>T\u00edtulo del trabajo<\/strong>: Cibern\u00e9tica Organizacional y Direcci\u00f3n de Proyectos.<\/p>\n<p><strong>Nombre del CONGRESO:<\/strong> Construction and Engineering Project Management International Workshop (CEPMaW&#8217;08)<\/p>\n<p><strong>Ciudad de celebraci\u00f3n: <\/strong>Valladolid, Espa\u00f1a<\/p>\n<p><strong>Fecha de celebraci\u00f3n:<\/strong> 02\/10\/2008<\/p>\n<p><strong>Fecha de finalizaci\u00f3n:<\/strong> 03\/10\/2008<\/p>\n<p><strong>Entidad organizadora: <\/strong>INSISOC \u2013 Grupo de Ingenier\u00eda de los Sistemas Sociales de la Universidad de Valladolid<\/p>\n<p><strong>Autores: <\/strong>P\u00e9rez-R\u00edos, J.; S\u00e1nchez-Mayoral, P.; Puche-Regaliza, J.C.<\/p>\n<hr \/>\n<p><strong>\u00a0<\/strong><\/p>\n<p><strong>T\u00edtulo del trabajo<\/strong>: Gesti\u00f3n de un proyecto software basada en el Modelo de Sistemas Viables.<\/p>\n<p><strong>Nombre del CONGRESO:<\/strong> Construction and Engineering Project Management International Workshop (CEPMaW&#8217;08)<\/p>\n<p><strong>Ciudad de celebraci\u00f3n: <\/strong>Valladolid, Espa\u00f1a<\/p>\n<p><strong>Fecha de celebraci\u00f3n:<\/strong> 02\/10\/2008<\/p>\n<p><strong>Fecha de finalizaci\u00f3n:<\/strong> 03\/10\/2008<\/p>\n<p><strong>Entidad organizadora: <\/strong>INSISOC \u2013 Grupo de Ingenier\u00eda de los Sistemas Sociales de la Universidad de Valladolid<\/p>\n<p><strong>Autores: <\/strong>Puche-Regaliza, J.C.; P\u00e9rez-R\u00edos, J.; S\u00e1nchez-Mayoral, P.<\/p>\n<hr \/>\n<p><strong>\u00a0<\/strong><\/p>\n<p><strong>T\u00edtulo del trabajo:<\/strong> Strategic Behaviour, Rationality and Bargaining Power in two Stage Games with Artificial Socially Inspired Agents.<\/p>\n<p><strong>Nombre del CONGRESO:<\/strong> 8th International FLINS Conference on Computational Intelligence in Decision and Control<\/p>\n<p><strong>Ciudad de celebraci\u00f3n:<\/strong> Madrid, Espa\u00f1a<\/p>\n<p><strong>Fecha de celebraci\u00f3n:<\/strong> 21\/09\/2008<\/p>\n<p><strong>Fecha de finalizaci\u00f3n:<\/strong> 24\/09\/2008<\/p>\n<p><strong>Entidad organizadora: <\/strong>FLINS<strong> &#8211; <\/strong>Fuzzy Logic and Intelligent Technologies in Nuclear Science<\/p>\n<p><strong>Autores: <\/strong>L\u00f3pez-Paredes, A.; Hern\u00e1ndez, C.; Posada, M.; Pajares, J.<\/p>\n<hr \/>\n<p><strong>\u00a0<\/strong><\/p>\n<p><strong>T\u00edtulo del trabajo<\/strong>: Sistemas de Informaci\u00f3n y Cibern\u00e9tica Organizacional.<\/p>\n<p><strong>Nombre del CONGRESO:<\/strong> 2nd International Conference on Industrial Engineering and Industrial Management &#8211; XII Congreso de Ingenier\u00eda de Organizaci\u00f3n (CIO 2008)<\/p>\n<p><strong>Ciudad de celebraci\u00f3n: <\/strong>Burgos, Espa\u00f1a<\/p>\n<p><strong>Fecha de celebraci\u00f3n:<\/strong> 03\/09\/2008<\/p>\n<p><strong>Fecha de finalizaci\u00f3n:<\/strong> 05\/09\/2008<\/p>\n<p><strong>Entidad organizadora: <\/strong>ADINGOR &#8211; Asociaci\u00f3n para el Desarrollo de la Ingenier\u00eda de Organizaci\u00f3n<\/p>\n<p><strong>Autores: <\/strong>P\u00e9rez-R\u00edos, J.; S\u00e1nchez-Mayoral, P.; Puche-Regaliza, J.C.<\/p>\n<p><strong>Disponible en Internet en:<\/strong><\/p>\n<p><a href=\"http:\/\/adingor.es\/congresos\/web\/uploads\/cio\/cio2008\/BUSINESS_PROCESS_MODELLING\/\/417-428.pdf\">http:\/\/adingor.es\/congresos\/web\/uploads\/cio\/cio2008\/BUSINESS_PROCESS_MODELLING\/\/417-428.pdf<\/a><\/p>\n<hr \/>\n<p>&nbsp;<\/p>\n<p><strong style=\"font-size: 14px;\">T\u00edtulo del trabajo:<\/strong><span style=\"font-size: 14px;\"> An\u00e1lisis de la difusi\u00f3n de comportamiento en un modelo de consumo de agua dom\u00e9stica mediante simulaci\u00f3n basada en agentes.<\/span><\/p>\n<p><strong>Nombre del CONGRESO:<\/strong> 2nd International Conference on Industrial Engineering and Industrial Management &#8211; XII Congreso de Ingenier\u00eda de Organizaci\u00f3n (CIO 2008)<\/p>\n<p><strong>Ciudad de celebraci\u00f3n:<\/strong> Burgos, Espa\u00f1a<\/p>\n<p><strong>Fecha de celebraci\u00f3n:<\/strong> 03\/09\/2008<\/p>\n<p><strong>Fecha de finalizaci\u00f3n: <\/strong>05\/09\/2008<\/p>\n<p><strong>Entidad organizadora: <\/strong>ADINGOR &#8211; Asociaci\u00f3n para el Desarrollo de la Ingenier\u00eda de Organizaci\u00f3n<\/p>\n<p><strong>Autores: <\/strong>Gal\u00e1n-Ordax, J.M.; P\u00e9rez-Pinto, T.; Del Olmo-Mart\u00ednez, R.; L\u00f3pez-Paredes, A.<\/p>\n<p><strong>Disponible en Internet en:<\/strong><\/p>\n<p><a href=\"http:\/\/adingor.es\/congresos\/web\/uploads\/cio\/cio2008\/AGENT_BASED_MODELLING_AND_MULTIAGENT_SYSTEMS\/\/25-34.pdf\">http:\/\/adingor.es\/congresos\/web\/uploads\/cio\/cio2008\/AGENT_BASED_MODELLING_AND_MULTIAGENT_SYSTEMS\/\/25-34.pdf<\/a><\/p>\n<hr \/>\n<p>&nbsp;<\/p>\n<p><strong style=\"font-size: 14px;\">T\u00edtulo del trabajo:<\/strong><span style=\"font-size: 14px;\"> Socially inspired decision making tool: from the Economy to Management Engineering.<\/span><\/p>\n<p><strong>Nombre del evento:<\/strong> 2nd International Conference on Industrial Engineering and Industrial Management &#8211; XII Congreso de Ingenier\u00eda de Organizaci\u00f3n (CIO 2008)<\/p>\n<p><strong>Ciudad de celebraci\u00f3n:<\/strong> Burgos, Espa\u00f1a<\/p>\n<p><strong>echa de celebraci\u00f3n:<\/strong> 03\/09\/2008<\/p>\n<p><strong>Fecha de finalizaci\u00f3n: <\/strong>05\/09\/2008<\/p>\n<p><strong>Entidad organizadora: <\/strong>ADINGOR &#8211; Asociaci\u00f3n para el Desarrollo de la Ingenier\u00eda de Organizaci\u00f3n<\/p>\n<p><strong>Autores: <\/strong>Hern\u00e1ndez, C.; L\u00f3pez-Paredes, A.; Pajares, J.; Posada, M.<\/p>\n<p><strong>Disponible en Internet en:<\/strong><\/p>\n<p><a href=\"http:\/\/adingor.es\/congresos\/web\/uploads\/cio\/cio2008\/AGENT_BASED_MODELLING_AND_MULTIAGENT_SYSTEMS\/\/57-58.pdf\">http:\/\/adingor.es\/congresos\/web\/uploads\/cio\/cio2008\/AGENT_BASED_MODELLING_AND_MULTIAGENT_SYSTEMS\/\/57-58.pdf<\/a><\/p>\n<hr \/>\n<p><strong>\u00a0<\/strong><\/p>\n<p><strong>T\u00edtulo del trabajo:<\/strong> Simulaci\u00f3n ABM de mecanismos de asignaci\u00f3n alternativos a la planificaci\u00f3n central: aplicaci\u00f3n a la gesti\u00f3n de una cartera de proyectos.<\/p>\n<p><strong>Nombre del CONGRESO:<\/strong> 2nd International Conference on Industrial Engineering and Industrial Management &#8211; XII Congreso de Ingenier\u00eda de Organizaci\u00f3n (CIO 2008)<\/p>\n<p><strong>Ciudad de celebraci\u00f3n:<\/strong> Burgos, Espa\u00f1a<\/p>\n<p><strong>Fecha de celebraci\u00f3n:<\/strong> 03\/09\/2008<\/p>\n<p><strong>Fecha de finalizaci\u00f3n:<\/strong> 05\/09\/2008<\/p>\n<p><strong>Entidad organizadora: <\/strong>ADINGOR &#8211; Asociaci\u00f3n para el Desarrollo de la Ingenier\u00eda de Organizaci\u00f3n<\/p>\n<p><strong>Autores: <\/strong>L\u00f3pez-Paredes, A.; Ara\u00fazo-Ara\u00fazo, A.; Gal\u00e1n-Ordax, J.M.; Pajares-Guti\u00e9rrez, J.<\/p>\n<p><strong>Disponible en Internet en:<\/strong><\/p>\n<p><a href=\"http:\/\/adingor.es\/congresos\/web\/uploads\/cio\/cio2008\/AGENT_BASED_MODELLING_AND_MULTIAGENT_SYSTEMS\/\/55-56.pdf\">http:\/\/adingor.es\/congresos\/web\/uploads\/cio\/cio2008\/AGENT_BASED_MODELLING_AND_MULTIAGENT_SYSTEMS\/\/55-56.pdf<\/a><\/p>\n<hr \/>\n<p><strong>\u00a0<\/strong><\/p>\n<p><strong>T\u00edtulo del trabajo<\/strong>: Definici\u00f3n de un modelo de ecuaciones estructurales para el estudio del \u00e9xito de un proyecto software cibern\u00e9ticamente organizado.<\/p>\n<p><strong>Nombre del CONGRESO:<\/strong> 2nd International Conference on Industrial Engineering and Industrial Management &#8211; XII Congreso de Ingenier\u00eda de Organizaci\u00f3n (CIO 2008)<\/p>\n<p><strong>Ciudad de celebraci\u00f3n: <\/strong>Burgos, Espa\u00f1a<\/p>\n<p><strong>Fecha de celebraci\u00f3n:<\/strong> 03\/09\/2008<\/p>\n<p><strong>Fecha de finalizaci\u00f3n: <\/strong>05\/09\/2008<\/p>\n<p><strong>Entidad organizadora: <\/strong>ADINGOR &#8211; Asociaci\u00f3n para el Desarrollo de la Ingenier\u00eda de Organizaci\u00f3n<\/p>\n<p><strong>Autores: <\/strong>Puche-Regaliza, J.C.; P\u00e9rez-R\u00edos, J.; S\u00e1nchez-Mayoral, P.<\/p>\n<p><strong>Disponible en Internet en:<\/strong><\/p>\n<p><a href=\"http:\/\/adingor.es\/congresos\/web\/uploads\/cio\/cio2008\/BUSINESS_PROCESS_MODELLING\/\/347-356.pdf\">http:\/\/adingor.es\/congresos\/web\/uploads\/cio\/cio2008\/BUSINESS_PROCESS_MODELLING\/\/347-356.pdf<\/a><\/p>\n<hr \/>\n<p><strong>\u00a0<\/strong><\/p>\n<p><strong>T\u00edtulo del trabajo:<\/strong> Laboratorio de Teor\u00eda de Juegos en Internet.<\/p>\n<p><strong>Nombre del CONGRESO:<\/strong> 2nd International Conference on Industrial Engineering and Industrial Management &#8211; XII Congreso de Ingenier\u00eda de Organizaci\u00f3n (CIO 2008)<\/p>\n<p><strong>Ciudad de celebraci\u00f3n:<\/strong> Burgos, Espa\u00f1a<\/p>\n<p><strong>Fecha de celebraci\u00f3n:<\/strong> 03\/09\/2008<\/p>\n<p><strong>Fecha de finalizaci\u00f3n: <\/strong>05\/09\/2008<\/p>\n<p><strong>Entidad organizadora: <\/strong>ADINGOR &#8211; Asociaci\u00f3n para el Desarrollo de la Ingenier\u00eda de Organizaci\u00f3n<\/p>\n<p><strong>Autores: <\/strong>Santos-Mart\u00edn, J.I.; Gal\u00e1n-Ordax, J.M.; Izquierdo-Mill\u00e1n, L.R.; Del Olmo-Mart\u00ednez, R.<\/p>\n<p><strong>Disponible en Internet en:<\/strong><\/p>\n<p><a href=\"http:\/\/adingor.es\/congresos\/web\/uploads\/cio\/cio2008\/ECONOMIC_ENVIRONMENT\/\/553-561.pdf\">http:\/\/adingor.es\/congresos\/web\/uploads\/cio\/cio2008\/ECONOMIC_ENVIRONMENT\/\/553-561.pdf<\/a><\/p>\n<hr \/>\n<p>&nbsp;<\/p>\n<p><strong style=\"font-size: 14px;\">T\u00edtulo del trabajo:<\/strong><span style=\"font-size: 14px;\"> Artificial Socially inspired Agents play strategically a two stage Game to get bargaining power.<\/span><\/p>\n<p><strong style=\"font-size: 14px;\">Nombre del CONGRESO:<\/strong><span style=\"font-size: 14px;\"> 7th International Conference on Autonomous Agents and Multiagent Systems (AAMAS\u201908 MABS)<\/span><\/p>\n<p><strong>Ciudad de celebraci\u00f3n:<\/strong> Estoril, Portugal<\/p>\n<p><strong>Fecha de celebraci\u00f3n:<\/strong> 12\/05\/2008<\/p>\n<p><strong>Fecha de finalizaci\u00f3n:<\/strong> 16\/05\/2008<\/p>\n<p><strong>Entidad organizadora: <\/strong>AAMAS <strong>&#8211; <\/strong>Autonomous Agents and Multiagent Systems<\/p>\n<p><strong>Autores: <\/strong>L\u00f3pez-Paredes, A.; Posada, M.; Hern\u00e1ndez, C.<\/p>\n<p>[\/et_pb_text][\/et_pb_column][et_pb_column type=\u00bb1_3&#8243; _builder_version=\u00bb3.25&#8243; custom_padding=\u00bb|||\u00bb _i=\u00bb1&#8243; _address=\u00bb1.0.1&#8243; custom_padding__hover=\u00bb|||\u00bb][et_pb_text admin_label=\u00bbLogos\u00bb _builder_version=\u00bb3.27.4&#8243; _i=\u00bb0&#8243; _address=\u00bb1.0.1.0&#8243;]<\/p>\n<p>&nbsp;<\/p>\n<p>&nbsp;<\/p>\n<p><img loading=\"lazy\" decoding=\"async\" class=\"size-medium wp-image-7304 aligncenter\" src=\"https:\/\/www.insisoc.uva.es\/wp-content\/uploads\/2018\/11\/1.AEPIA2008-300x56.png\" alt=\"\" width=\"375\" height=\"70\" srcset=\"https:\/\/www.insisoc.uva.es\/wp-content\/uploads\/2018\/11\/1.AEPIA2008-300x56.png 300w, https:\/\/www.insisoc.uva.es\/wp-content\/uploads\/2018\/11\/1.AEPIA2008.png 600w\" sizes=\"(max-width: 375px) 100vw, 375px\" \/><\/p>\n<p>&nbsp;<\/p>\n<p>&nbsp;<\/p>\n<p>&nbsp;<\/p>\n<p>&nbsp;<\/p>\n<p>&nbsp;<\/p>\n<p>&nbsp;<\/p>\n<p><img loading=\"lazy\" decoding=\"async\" class=\"size-medium wp-image-7305 aligncenter\" src=\"https:\/\/www.insisoc.uva.es\/wp-content\/uploads\/2018\/11\/2.CEPMaW08.jpg\" alt=\"\" width=\"290\" height=\"92\" \/><\/p>\n<p>&nbsp;<\/p>\n<p>&nbsp;<\/p>\n<p>&nbsp;<\/p>\n<p>&nbsp;<\/p>\n<p>&nbsp;<\/p>\n<p>&nbsp;<\/p>\n<p>&nbsp;<\/p>\n<p>&nbsp;<\/p>\n<p>&nbsp;<\/p>\n<p>&nbsp;<\/p>\n<p>&nbsp;<\/p>\n<p>&nbsp;<\/p>\n<p>&nbsp;<\/p>\n<p>&nbsp;<\/p>\n<p>&nbsp;<\/p>\n<p>&nbsp;<\/p>\n<p>&nbsp;<\/p>\n<p>&nbsp;<\/p>\n<p>&nbsp;<\/p>\n<p>&nbsp;<\/p>\n<p>&nbsp;<\/p>\n<p>&nbsp;<\/p>\n<p>&nbsp;<\/p>\n<p>&nbsp;<\/p>\n<p>&nbsp;<\/p>\n<p><img loading=\"lazy\" decoding=\"async\" class=\"size-medium wp-image-7306 aligncenter\" src=\"https:\/\/www.insisoc.uva.es\/wp-content\/uploads\/2018\/11\/3.flins2008.jpg\" alt=\"\" width=\"227\" height=\"152\" \/><\/p>\n<p>&nbsp;<\/p>\n<p>&nbsp;<\/p>\n<p>&nbsp;<\/p>\n<p>&nbsp;<\/p>\n<p>&nbsp;<\/p>\n<p><img loading=\"lazy\" decoding=\"async\" class=\"size-medium wp-image-7307 aligncenter\" src=\"https:\/\/www.insisoc.uva.es\/wp-content\/uploads\/2018\/11\/4.CIO2008.jpg\" alt=\"\" width=\"192\" height=\"269\" \/><\/p>\n<p>&nbsp;<\/p>\n<p>&nbsp;<\/p>\n<p>&nbsp;<\/p>\n<p>&nbsp;<\/p>\n<p>&nbsp;<\/p>\n<p>&nbsp;<\/p>\n<p>&nbsp;<\/p>\n<p>&nbsp;<\/p>\n<p>&nbsp;<\/p>\n<p>&nbsp;<\/p>\n<p>&nbsp;<\/p>\n<p>&nbsp;<\/p>\n<p>&nbsp;<\/p>\n<p>&nbsp;<\/p>\n<p>&nbsp;<\/p>\n<p>&nbsp;<\/p>\n<p>&nbsp;<\/p>\n<p>&nbsp;<\/p>\n<p>&nbsp;<\/p>\n<p>&nbsp;<\/p>\n<p>&nbsp;<\/p>\n<p>&nbsp;<\/p>\n<p>&nbsp;<\/p>\n<p>&nbsp;<\/p>\n<p>&nbsp;<\/p>\n<p>&nbsp;<\/p>\n<p>&nbsp;<\/p>\n<p>&nbsp;<\/p>\n<p>&nbsp;<\/p>\n<p>&nbsp;<\/p>\n<p>&nbsp;<\/p>\n<p>&nbsp;<\/p>\n<p>&nbsp;<\/p>\n<p>&nbsp;<\/p>\n<p>&nbsp;<\/p>\n<p>&nbsp;<\/p>\n<p>&nbsp;<\/p>\n<p>&nbsp;<\/p>\n<p>&nbsp;<\/p>\n<p>&nbsp;<\/p>\n<p>&nbsp;<\/p>\n<p>&nbsp;<\/p>\n<p>&nbsp;<\/p>\n<p>&nbsp;<\/p>\n<p>&nbsp;<\/p>\n<p>&nbsp;<\/p>\n<p>&nbsp;<\/p>\n<p>&nbsp;<\/p>\n<p>&nbsp;<\/p>\n<p>&nbsp;<\/p>\n<p>&nbsp;<\/p>\n<p>&nbsp;<\/p>\n<p>&nbsp;<\/p>\n<p>&nbsp;<\/p>\n<p>&nbsp;<\/p>\n<p>&nbsp;<\/p>\n<p>&nbsp;<\/p>\n<p>&nbsp;<\/p>\n<p>&nbsp;<\/p>\n<p>&nbsp;<\/p>\n<p>&nbsp;<\/p>\n<p>&nbsp;<\/p>\n<p>&nbsp;<\/p>\n<p><img loading=\"lazy\" decoding=\"async\" class=\"size-medium wp-image-7308 aligncenter\" src=\"https:\/\/www.insisoc.uva.es\/wp-content\/uploads\/2018\/11\/5.AAMAS08-300x91.jpg\" alt=\"\" width=\"356\" height=\"108\" srcset=\"https:\/\/www.insisoc.uva.es\/wp-content\/uploads\/2018\/11\/5.AAMAS08-300x91.jpg 300w, https:\/\/www.insisoc.uva.es\/wp-content\/uploads\/2018\/11\/5.AAMAS08-768x232.jpg 768w, https:\/\/www.insisoc.uva.es\/wp-content\/uploads\/2018\/11\/5.AAMAS08.jpg 913w\" sizes=\"(max-width: 356px) 100vw, 356px\" \/><\/p>\n<p>[\/et_pb_text][\/et_pb_column][\/et_pb_row][\/et_pb_section]<\/p>\n","protected":false},"excerpt":{"rendered":"<p>T\u00edtulo del trabajo: An Artificial Agents Model in Financial Markets: How to understand statistical facts in real markets. Nombre del CONGRESO: 7th Ibero-American Workshop in Multi-Agent Systems (IBERAGENTS 2008) Ciudad de celebraci\u00f3n: Lisboa, Portugal Fecha de celebraci\u00f3n: 14\/10\/2008 Entidad organizadora: AEPIA \u2013 Asociaci\u00f3n Espa\u00f1ola para la Inteligencia Artificial Autores: Ara\u00fazo-Ara\u00fazo, J.A.; Gal\u00e1n-Ordax, J.M.; Pajares-Guti\u00e9rrez, J.; [&hellip;]<\/p>\n","protected":false},"author":11,"featured_media":0,"parent":0,"menu_order":0,"comment_status":"closed","ping_status":"closed","template":"","meta":{"_et_pb_use_builder":"on","_et_pb_old_content":"","_et_gb_content_width":"","footnotes":""},"class_list":["post-6462","page","type-page","status-publish","hentry"],"_links":{"self":[{"href":"https:\/\/www.insisoc.uva.es\/index.php\/wp-json\/wp\/v2\/pages\/6462","targetHints":{"allow":["GET"]}}],"collection":[{"href":"https:\/\/www.insisoc.uva.es\/index.php\/wp-json\/wp\/v2\/pages"}],"about":[{"href":"https:\/\/www.insisoc.uva.es\/index.php\/wp-json\/wp\/v2\/types\/page"}],"author":[{"embeddable":true,"href":"https:\/\/www.insisoc.uva.es\/index.php\/wp-json\/wp\/v2\/users\/11"}],"replies":[{"embeddable":true,"href":"https:\/\/www.insisoc.uva.es\/index.php\/wp-json\/wp\/v2\/comments?post=6462"}],"version-history":[{"count":0,"href":"https:\/\/www.insisoc.uva.es\/index.php\/wp-json\/wp\/v2\/pages\/6462\/revisions"}],"wp:attachment":[{"href":"https:\/\/www.insisoc.uva.es\/index.php\/wp-json\/wp\/v2\/media?parent=6462"}],"curies":[{"name":"wp","href":"https:\/\/api.w.org\/{rel}","templated":true}]}}