{"id":6468,"date":"2018-10-30T13:41:15","date_gmt":"2018-10-30T13:41:15","guid":{"rendered":"https:\/\/www.insisoc.uva.es\/?page_id=6468"},"modified":"2019-09-25T08:31:19","modified_gmt":"2019-09-25T08:31:19","slug":"ins-conferences-2005","status":"publish","type":"page","link":"https:\/\/www.insisoc.uva.es\/index.php\/ins-conferences-2005\/","title":{"rendered":"Ins-Conferences 2005"},"content":{"rendered":"<p>[et_pb_section fb_built=\u00bb1&#8243; fullwidth=\u00bbon\u00bb _builder_version=\u00bb3.22&#8243; fb_built=\u00bb1&#8243; _i=\u00bb0&#8243; _address=\u00bb0&#8243;][et_pb_fullwidth_header title=\u00bbConferences 2005&#8243; subhead=\u00bbInsisoc has attended the following conferences\u00bb title_font_color=\u00bb#ffffff\u00bb subhead_font_color=\u00bb#ffffff\u00bb admin_label=\u00bbT\u00edtulo Conferences 2005&#8243; _builder_version=\u00bb3.16&#8243; title_text_color=\u00bb#ffffff\u00bb subhead_text_color=\u00bb#ffffff\u00bb subhead_font_size=\u00bb19px\u00bb background_size=\u00bbinitial\u00bb background_position=\u00bbtop_left\u00bb background_repeat=\u00bbrepeat\u00bb text_shadow_style=\u00bbpreset5&#8243; _i=\u00bb0&#8243; _address=\u00bb0.0&#8243; button_one_text_size__hover_enabled=\u00bboff\u00bb button_two_text_size__hover_enabled=\u00bboff\u00bb button_one_text_color__hover_enabled=\u00bboff\u00bb button_two_text_color__hover_enabled=\u00bboff\u00bb button_one_border_width__hover_enabled=\u00bboff\u00bb button_two_border_width__hover_enabled=\u00bboff\u00bb button_one_border_color__hover_enabled=\u00bboff\u00bb button_two_border_color__hover_enabled=\u00bboff\u00bb button_one_border_radius__hover_enabled=\u00bboff\u00bb button_two_border_radius__hover_enabled=\u00bboff\u00bb button_one_letter_spacing__hover_enabled=\u00bboff\u00bb button_two_letter_spacing__hover_enabled=\u00bboff\u00bb button_one_bg_color__hover_enabled=\u00bboff\u00bb button_two_bg_color__hover_enabled=\u00bboff\u00bb][\/et_pb_fullwidth_header][et_pb_fullwidth_menu menu_id=\u00bb51&#8243; submenu_direction=\u00bbdownwards\u00bb fullwidth_menu=\u00bboff\u00bb active_link_color=\u00bb#b26200&#8243; dropdown_menu_line_color=\u00bb#6c9fc1&#8243; dropdown_menu_text_color=\u00bb#000000&#8243; mobile_menu_text_color=\u00bb#000000&#8243; _builder_version=\u00bb3.12&#8243; menu_font=\u00bb|700|||||||\u00bb menu_text_color=\u00bb#000000&#8243; menu_font_size=\u00bb15px\u00bb background_color=\u00bb#d7eaf4&#8243; text_orientation=\u00bbcenter\u00bb animation_style=\u00bbfade\u00bb animation_duration=\u00bb500ms\u00bb saved_tabs=\u00bball\u00bb _i=\u00bb1&#8243; _address=\u00bb0.1&#8243;]&nbsp;<br \/>\n[\/et_pb_fullwidth_menu][\/et_pb_section][et_pb_section fb_built=\u00bb1&#8243; _builder_version=\u00bb3.22&#8243; fb_built=\u00bb1&#8243; _i=\u00bb1&#8243; _address=\u00bb1&#8243;][et_pb_row _builder_version=\u00bb3.25&#8243; background_size=\u00bbinitial\u00bb background_position=\u00bbtop_left\u00bb background_repeat=\u00bbrepeat\u00bb _i=\u00bb0&#8243; _address=\u00bb1.0&#8243; column_structure=\u00bb2_3,1_3&#8243;][et_pb_column type=\u00bb2_3&#8243; _builder_version=\u00bb3.25&#8243; custom_padding=\u00bb|||\u00bb _i=\u00bb0&#8243; _address=\u00bb1.0.0&#8243; custom_padding__hover=\u00bb|||\u00bb][et_pb_text _builder_version=\u00bb3.27.4&#8243; _i=\u00bb0&#8243; _address=\u00bb1.0.0.0&#8243;]<\/p>\n<p><strong>T\u00edtulo del trabajo:<\/strong> Management and organisation of EU universities. The Spanish approach.<\/p>\n<p><strong>Nombre del CONGRESO:<\/strong> System Modernisation of University Management: Problems of Autonomy and Selfmanagement; Computer Information Systems; Electronic and Distance Education<\/p>\n<p><strong>Ciudad de celebraci\u00f3n:<\/strong> Dnipropetrovsk, Ucrania<\/p>\n<p><strong>Fecha de celebraci\u00f3n:<\/strong> 17\/11\/2005<\/p>\n<p><strong>Entidad organizadora: <\/strong>ECESIS<\/p>\n<p><strong>Autores: <\/strong>Pajares-Guti\u00e9rrez, J.; L\u00f3pez-Paredes, A.<\/p>\n<hr \/>\n<p><strong>\u00a0<\/strong><\/p>\n<p><strong>T\u00edtulo del trabajo<\/strong>: La web Grupo Tordesillas. Un sistema de comunicaci\u00f3n e informaci\u00f3n.<\/p>\n<p><strong>Nombre del CONGRESO:<\/strong> VI Encontro de Reitores. Universidades do Brasil, Espanha e Portugal<\/p>\n<p><strong>Ciudad de celebraci\u00f3n: <\/strong>Lisboa, Portugal<\/p>\n<p><strong>Fecha de celebraci\u00f3n:<\/strong> 24\/10\/2005<\/p>\n<p><strong>Fecha de finalizaci\u00f3n: <\/strong>25\/10\/2005<\/p>\n<p><strong>Entidad organizadora: <\/strong>Grupo Tordesillas<\/p>\n<p><strong>Autores: <\/strong>P\u00e9rez-R\u00edos, J.<\/p>\n<hr \/>\n<p>&nbsp;<\/p>\n<p><strong>T\u00edtulo del trabajo:<\/strong> Simulating complex adaptive social systems with agents: domestic water management.<\/p>\n<p><strong>Nombre del CONGRESO:<\/strong> 4th International Workshop on Practical Applications of Agents and Multiagent Systems (IWPAAMS&#8217;05)<\/p>\n<p><strong>Ciudad de celebraci\u00f3n:<\/strong> Le\u00f3n, Espa\u00f1a<\/p>\n<p><strong>Fecha de celebraci\u00f3n:<\/strong> 20\/10\/2005<\/p>\n<p><strong>Entidad organizadora: <\/strong>Universidad de Le\u00f3n<\/p>\n<p><strong>Autores: <\/strong>Gal\u00e1n-Ordax, J.M.; Santos-Mart\u00edn, J.I.; Izquierdo, S.; Del Olmo-Mart\u00ednez, R.; L\u00f3pez-Paredes, A.<\/p>\n<hr \/>\n<p><strong>\u00a0<\/strong><\/p>\n<p><strong>T\u00edtulo del trabajo:<\/strong> Market Failure Caused by Quality Uncertainty.<\/p>\n<p><strong>Nombre del CONGRESO:<\/strong> Artificial Economics. A Symposium in Agent-based Computational Methods in Finance, Game Theory and their applications<\/p>\n<p><strong>Ciudad de celebraci\u00f3n:<\/strong> Lille, Francia<\/p>\n<p><strong>Fecha de celebraci\u00f3n:<\/strong> 15\/09\/2005<\/p>\n<p><strong>Fecha de finalizaci\u00f3n:<\/strong> 16\/09\/2005<\/p>\n<p><strong>Entidad organizadora: <\/strong>University Lille 1 (Sciences and Technologies)<\/p>\n<p><strong>Autores: <\/strong>Izquierdo, S.S.; Izquierdo-Mill\u00e1n, L.R.; Gal\u00e1n-Ordax, J.M.; Hern\u00e1ndez, C.<\/p>\n<p><strong>Disponible en Internet en:<\/strong><\/p>\n<p><a href=\"https:\/\/www.researchgate.net\/profile\/Luis_Izquierdo2\/publication\/226853435_Market_Failure_Caused_by_Quality_Uncertainty\/links\/02e7e519ecf2354318000000\/Market-Failure-Caused-by-Quality-Uncertainty.pdf?origin=publication_detail\">https:\/\/www.researchgate.net\/profile\/Luis_Izquierdo2\/publication\/226853435_Market_Failure_Caused_by_Quality_Uncertainty\/links\/02e7e519ecf2354318000000\/Market-Failure-Caused-by-Quality-Uncertainty.pdf?origin=publication_detail<\/a><\/p>\n<hr \/>\n<p>&nbsp;<\/p>\n<p><strong>T\u00edtulo del trabajo:<\/strong> Propuesta de un sistema de programaci\u00f3n y control distribuido para sistemas de fabricaci\u00f3n tipo Job Shop.<\/p>\n<p><strong>Nombre del CONGRESO:<\/strong> IX Congreso de Ingenier\u00eda de Organizaci\u00f3n (CIO 2005)<\/p>\n<p><strong>Ciudad de celebraci\u00f3n:<\/strong> Gij\u00f3n, Espa\u00f1a<\/p>\n<p><strong>Fecha de celebraci\u00f3n:<\/strong> 08\/09\/2005<\/p>\n<p><strong>Fecha de finalizaci\u00f3n: <\/strong>09\/09\/2005<\/p>\n<p><strong>Entidad organizadora: <\/strong>ADINGOR &#8211; Asociaci\u00f3n para el Desarrollo de la Ingenier\u00eda de Organizaci\u00f3n<\/p>\n<p><strong>Autores: <\/strong>Ara\u00fazo-Ara\u00fazo, J.A.; De Benito-Mart\u00edn, J.J.; Sanz-Angulo, P.; Del Olmo-Mart\u00ednez, R.<\/p>\n<p><strong>Disponible en Internet en:<\/strong><\/p>\n<p><a href=\"http:\/\/www.adingor.es\/congresos\/web\/uploads\/cio\/cio2005\/prod_gest_operaciones\/\/174.pdf\"><span>http:\/\/www.adingor.es\/congresos\/web\/uploads\/cio\/cio2005\/prod_gest_operaciones\/\/174.pdf<\/span><\/a><\/p>\n<hr \/>\n<p>&nbsp;<\/p>\n<p><strong>T\u00edtulo del trabajo:<\/strong> Simulaci\u00f3n basada en agentes en Teor\u00eda de Juegos Evolutiva: \u00bfpueden las metanormas evitar el colapso de una norma social?<\/p>\n<p><strong>Nombre del CONGRESO:<\/strong> IX Congreso de Ingenier\u00eda de Organizaci\u00f3n (CIO 2005)<\/p>\n<p><strong>Ciudad de celebraci\u00f3n:<\/strong> Gij\u00f3n, Espa\u00f1a<\/p>\n<p><strong>Fecha de celebraci\u00f3n:<\/strong> 08\/09\/2005<\/p>\n<p><strong>Fecha de finalizaci\u00f3n: <\/strong>09\/09\/2005<\/p>\n<p><strong>Entidad organizadora: <\/strong>ADINGOR &#8211; Asociaci\u00f3n para el Desarrollo de la Ingenier\u00eda de Organizaci\u00f3n<\/p>\n<p><strong>Autores: <\/strong>Gal\u00e1n-Ordax, J.M.; L\u00f3pez-Paredes, A.; Del Olmo-Mart\u00ednez, R.<\/p>\n<p><strong>Disponible en Internet en:<\/strong><\/p>\n<p><a href=\"http:\/\/www.adingor.es\/congresos\/web\/uploads\/cio\/cio2005\/economia\/\/94.pdf\"><span>http:\/\/www.adingor.es\/congresos\/web\/uploads\/cio\/cio2005\/economia\/\/94.pdf<\/span><\/a><\/p>\n<hr \/>\n<p>&nbsp;<\/p>\n<p><strong>T\u00edtulo del trabajo:<\/strong> M\u00e9todos de subespacios: una aproximaci\u00f3n intuitiva.<\/p>\n<p><strong>Nombre del CONGRESO:<\/strong> IX Congreso de Ingenier\u00eda de Organizaci\u00f3n (CIO 2005)<\/p>\n<p><strong>Ciudad de celebraci\u00f3n:<\/strong> GIj\u00f3n, Espa\u00f1a<\/p>\n<p><strong>Fecha de celebraci\u00f3n:<\/strong> 08\/09\/2005<\/p>\n<p><strong>Fecha de finalizaci\u00f3n: <\/strong>09\/09\/2005<\/p>\n<p><strong>Entidad organizadora: <\/strong>ADINGOR &#8211; Asociaci\u00f3n para el Desarrollo de la Ingenier\u00eda de Organizaci\u00f3n<\/p>\n<p><strong>Autores: <\/strong>Izquierdo, S.; Pajares, J.; Hern\u00e1ndez, C.<\/p>\n<p><strong>Disponible en Internet en:<\/strong><\/p>\n<p><a href=\"http:\/\/www.adingor.es\/congresos\/web\/uploads\/cio\/cio2005\/metodos_cuantitativos\/\/21.pdf\"><span>http:\/\/www.adingor.es\/congresos\/web\/uploads\/cio\/cio2005\/metodos_cuantitativos\/\/21.pdf<\/span><\/a><\/p>\n<hr \/>\n<p>&nbsp;<\/p>\n<p><strong>T\u00edtulo del trabajo:<\/strong> El Papel de la aversi\u00f3n al riesgo y del an\u00e1lisis t\u00e9cnico en el comportamiento de los mercados financieros.<\/p>\n<p><strong>Nombre del CONGRESO:<\/strong> IX Congreso de Ingenier\u00eda de Organizaci\u00f3n (CIO 2005)<\/p>\n<p><strong>Ciudad de celebraci\u00f3n:<\/strong> Gij\u00f3n, Espa\u00f1a<\/p>\n<p><strong>Fecha de celebraci\u00f3n:<\/strong> 08\/09\/2005<\/p>\n<p><strong>Fecha de finalizaci\u00f3n: <\/strong>09\/09\/2005<\/p>\n<p><strong>Entidad organizadora: <\/strong>ADINGOR &#8211; Asociaci\u00f3n para el Desarrollo de la Ingenier\u00eda de Organizaci\u00f3n<\/p>\n<p><strong>Autores: <\/strong>Pascual, J.A.; Pajares-Guti\u00e9rrez, J.; L\u00f3pez-Paredes, A.<\/p>\n<p><strong>Disponible en Internet en:<\/strong><\/p>\n<p><a href=\"http:\/\/www.adingor.es\/congresos\/web\/uploads\/cio\/cio2005\/cont_finanzas\/\/79.pdf\"><span>http:\/\/www.adingor.es\/congresos\/web\/uploads\/cio\/cio2005\/cont_finanzas\/\/79.pdf<\/span><\/a><\/p>\n<hr \/>\n<p><strong>\u00a0<\/strong><\/p>\n<p><strong>T\u00edtulo del trabajo<\/strong>: Proyectos software desde una perspectiva cibern\u00e9tica.<\/p>\n<p><strong>Nombre del CONGRESO:<\/strong> IX Congreso de Ingenier\u00eda de Organizaci\u00f3n (CIO 2005)<\/p>\n<p><strong>Ciudad de celebraci\u00f3n: <\/strong>Gij\u00f3n, Espa\u00f1a<\/p>\n<p><strong>Fecha de celebraci\u00f3n:<\/strong> 08\/09\/2005<\/p>\n<p><strong>Fecha de finalizaci\u00f3n: <\/strong>09\/09\/2005<\/p>\n<p><strong>Entidad organizadora: <\/strong>ADINGOR &#8211; Asociaci\u00f3n para el Desarrollo de la Ingenier\u00eda de Organizaci\u00f3n<\/p>\n<p><strong>Autores: <\/strong>Puche-Regaliza, J.C.; P\u00e9rez-R\u00edos, J.; S\u00e1nchez-Mayoral, P.<\/p>\n<p><strong>Disponible en Internet en:<\/strong><\/p>\n<p><a href=\"http:\/\/www.adingor.es\/congresos\/web\/uploads\/cio\/cio2005\/prod_gest_operaciones\/\/128.pdf\"><span>http:\/\/www.adingor.es\/congresos\/web\/uploads\/cio\/cio2005\/prod_gest_operaciones\/\/128.pdf<\/span><\/a><\/p>\n<hr \/>\n<p><strong>\u00a0<\/strong><\/p>\n<p><strong>T\u00edtulo del trabajo:<\/strong> Fen\u00f3menos de difusi\u00f3n de conocimiento y dimensi\u00f3n geogr\u00e1fica de la innovaci\u00f3n, una aproximaci\u00f3n multi-agente.<\/p>\n<p><strong>Nombre del CONGRESO:<\/strong> IX Congreso de Ingenier\u00eda de Organizaci\u00f3n (CIO 2005)<\/p>\n<p><strong>Ciudad de celebraci\u00f3n:<\/strong> Gij\u00f3n, Espa\u00f1a<\/p>\n<p><strong>Fecha de celebraci\u00f3n:<\/strong> 08\/09\/2005<\/p>\n<p><strong>Fecha de finalizaci\u00f3n: <\/strong>09\/09\/2005<\/p>\n<p><strong>Entidad organizadora: <\/strong>ADINGOR &#8211; Asociaci\u00f3n para el Desarrollo de la Ingenier\u00eda de Organizaci\u00f3n<\/p>\n<p><strong>Autores: <\/strong>Santos, J.I.; Del Olmo, R.; Pajares, J.<\/p>\n<p><strong>Disponible en Internet en:<\/strong><\/p>\n<p><a href=\"http:\/\/www.adingor.es\/congresos\/web\/uploads\/cio\/cio2005\/economia\/\/121.pdf\"><span>http:\/\/www.adingor.es\/congresos\/web\/uploads\/cio\/cio2005\/economia\/\/121.pdf<\/span><\/a><\/p>\n<hr \/>\n<p>&nbsp;<\/p>\n<p><strong>T\u00edtulo del trabajo:<\/strong> Nuevas estrategias de ense\u00f1anza: experiencia con Weblogs.<\/p>\n<p><strong>Nombre del CONGRESO:<\/strong> IX Congreso de Ingenier\u00eda de Organizaci\u00f3n (CIO 2005)<\/p>\n<p><strong>Ciudad de celebraci\u00f3n:<\/strong> Gij\u00f3n, Espa\u00f1a<\/p>\n<p><strong>Fecha de celebraci\u00f3n:<\/strong> 08\/09\/2005<\/p>\n<p><strong>Fecha de finalizaci\u00f3n: <\/strong>09\/09\/2005<\/p>\n<p><strong>Entidad organizadora: <\/strong>ADINGOR &#8211; Asociaci\u00f3n para el Desarrollo de la Ingenier\u00eda de Organizaci\u00f3n<\/p>\n<p><strong>Autores: <\/strong>Santos-Mart\u00edn, J.I.; Gal\u00e1n-Ordax, J.M.; Del Olmo-Mart\u00ednez, R.<\/p>\n<p><strong>Disponible en Internet en:<\/strong><\/p>\n<p><a href=\"http:\/\/www.adingor.es\/congresos\/web\/uploads\/cio\/cio2005\/inno_docente\/\/120.pdf\"><span>http:\/\/www.adingor.es\/congresos\/web\/uploads\/cio\/cio2005\/inno_docente\/\/120.pdf<\/span><\/a><\/p>\n<hr \/>\n<p>&nbsp;<\/p>\n<p><strong>T\u00edtulo del trabajo:<\/strong> The role of risk aversion and technical trading in the behaviour of financial markets.<\/p>\n<p><strong>Nombre del CONGRESO:<\/strong> 3rd Conference of the European Social Simulation Association (ESSA 2005)<\/p>\n<p><strong>Ciudad de celebraci\u00f3n:<\/strong> Koblenz, Alemania<\/p>\n<p><strong>Fecha de celebraci\u00f3n:<\/strong> 05\/09\/2005<\/p>\n<p><strong>Fecha de finalizaci\u00f3n: <\/strong>09\/09\/2005<\/p>\n<p><strong>Entidad organizadora: <\/strong>ESSA &#8211; European Social Simulation Association<\/p>\n<p><strong>Autores: <\/strong>Pascual, J.A.; Pajares, J.<\/p>\n<hr \/>\n<p><strong>\u00a0<\/strong><\/p>\n<p><strong>T\u00edtulo del trabajo<\/strong>: Information and Communication Technologies for Viable Organizations.<\/p>\n<p><strong>Nombre del CONGRESO:<\/strong> 13th International Congress of Cybernetics and Systems and the 6th International Conference of Sociocybernetics<\/p>\n<p><strong>Ciudad de celebraci\u00f3n: <\/strong>Maribor, Eslovenia<\/p>\n<p><strong>Fecha de celebraci\u00f3n:<\/strong> 06\/07\/2005<\/p>\n<p><strong>Fecha de finalizaci\u00f3n:<\/strong> 10\/07\/2005<\/p>\n<p><strong>Entidad organizadora: <\/strong>WOSC &#8211; World Organisation of Systems and Cybernetics<\/p>\n<p><strong>Autores: <\/strong>P\u00e9rez-R\u00edos, J.<\/p>\n<p>[\/et_pb_text][\/et_pb_column][et_pb_column type=\u00bb1_3&#8243; _builder_version=\u00bb3.25&#8243; custom_padding=\u00bb|||\u00bb _i=\u00bb1&#8243; _address=\u00bb1.0.1&#8243; custom_padding__hover=\u00bb|||\u00bb][et_pb_text admin_label=\u00bbLogos\u00bb _builder_version=\u00bb3.27.4&#8243; _i=\u00bb0&#8243; _address=\u00bb1.0.1.0&#8243;]&nbsp;<\/p>\n<p>&nbsp;<\/p>\n<p>&nbsp;<\/p>\n<p>&nbsp;<\/p>\n<p>&nbsp;<\/p>\n<p>&nbsp;<\/p>\n<p>&nbsp;<\/p>\n<p>&nbsp;<\/p>\n<p>&nbsp;<\/p>\n<p><img loading=\"lazy\" decoding=\"async\" class=\"size-medium wp-image-7450 aligncenter\" src=\"https:\/\/www.insisoc.uva.es\/wp-content\/uploads\/2018\/11\/1.Grupo-tordesillas-300x102.png\" alt=\"\" width=\"300\" height=\"102\" srcset=\"https:\/\/www.insisoc.uva.es\/wp-content\/uploads\/2018\/11\/1.Grupo-tordesillas-300x102.png 300w, https:\/\/www.insisoc.uva.es\/wp-content\/uploads\/2018\/11\/1.Grupo-tordesillas-350x120.png 350w, https:\/\/www.insisoc.uva.es\/wp-content\/uploads\/2018\/11\/1.Grupo-tordesillas.png 385w\" sizes=\"(max-width: 300px) 100vw, 300px\" \/><\/p>\n<p>&nbsp;<\/p>\n<p>&nbsp;<\/p>\n<p>&nbsp;<\/p>\n<p>&nbsp;<\/p>\n<p>&nbsp;<\/p>\n<p><img loading=\"lazy\" decoding=\"async\" class=\"size-medium wp-image-7451 aligncenter\" src=\"https:\/\/www.insisoc.uva.es\/wp-content\/uploads\/2018\/11\/2.Universidad-de-Le\u00f3n-300x164.jpg\" alt=\"\" width=\"300\" height=\"164\" srcset=\"https:\/\/www.insisoc.uva.es\/wp-content\/uploads\/2018\/11\/2.Universidad-de-Le\u00f3n-300x164.jpg 300w, https:\/\/www.insisoc.uva.es\/wp-content\/uploads\/2018\/11\/2.Universidad-de-Le\u00f3n-768x419.jpg 768w, https:\/\/www.insisoc.uva.es\/wp-content\/uploads\/2018\/11\/2.Universidad-de-Le\u00f3n-1024x559.jpg 1024w, https:\/\/www.insisoc.uva.es\/wp-content\/uploads\/2018\/11\/2.Universidad-de-Le\u00f3n-1080x589.jpg 1080w, https:\/\/www.insisoc.uva.es\/wp-content\/uploads\/2018\/11\/2.Universidad-de-Le\u00f3n.jpg 1299w\" sizes=\"(max-width: 300px) 100vw, 300px\" \/><\/p>\n<p>&nbsp;<\/p>\n<p>&nbsp;<\/p>\n<p>&nbsp;<\/p>\n<p>&nbsp;<\/p>\n<p>&nbsp;<\/p>\n<p><img loading=\"lazy\" decoding=\"async\" class=\"size-medium wp-image-7452 aligncenter\" src=\"https:\/\/www.insisoc.uva.es\/wp-content\/uploads\/2018\/11\/3.Universit\u00e9-de-Lille-300x130.png\" alt=\"\" width=\"300\" height=\"130\" srcset=\"https:\/\/www.insisoc.uva.es\/wp-content\/uploads\/2018\/11\/3.Universit\u00e9-de-Lille-300x130.png 300w, https:\/\/www.insisoc.uva.es\/wp-content\/uploads\/2018\/11\/3.Universit\u00e9-de-Lille.png 465w\" sizes=\"(max-width: 300px) 100vw, 300px\" \/><\/p>\n<p>&nbsp;<\/p>\n<p>&nbsp;<\/p>\n<p>&nbsp;<\/p>\n<p>&nbsp;<\/p>\n<p>&nbsp;<\/p>\n<p>&nbsp;<\/p>\n<p><img loading=\"lazy\" decoding=\"async\" class=\"size-medium wp-image-7453 aligncenter\" src=\"https:\/\/www.insisoc.uva.es\/wp-content\/uploads\/2018\/11\/4.CIO2005.jpg\" alt=\"\" width=\"200\" height=\"283\" \/><\/p>\n<p>&nbsp;<\/p>\n<p>&nbsp;<\/p>\n<p>&nbsp;<\/p>\n<p>&nbsp;<\/p>\n<p>&nbsp;<\/p>\n<p>&nbsp;<\/p>\n<p>&nbsp;<\/p>\n<p>&nbsp;<\/p>\n<p>&nbsp;<\/p>\n<p>&nbsp;<\/p>\n<p>&nbsp;<\/p>\n<p>&nbsp;<\/p>\n<p>&nbsp;<\/p>\n<p>&nbsp;<\/p>\n<p>&nbsp;<\/p>\n<p>&nbsp;<\/p>\n<p>&nbsp;<\/p>\n<p>&nbsp;<\/p>\n<p>&nbsp;<\/p>\n<p>&nbsp;<\/p>\n<p>&nbsp;<\/p>\n<p>&nbsp;<\/p>\n<p>&nbsp;<\/p>\n<p>&nbsp;<\/p>\n<p>&nbsp;<\/p>\n<p>&nbsp;<\/p>\n<p>&nbsp;<\/p>\n<p>&nbsp;<\/p>\n<p>&nbsp;<\/p>\n<p>&nbsp;<\/p>\n<p>&nbsp;<\/p>\n<p>&nbsp;<\/p>\n<p>&nbsp;<\/p>\n<p>&nbsp;<\/p>\n<p>&nbsp;<\/p>\n<p>&nbsp;<\/p>\n<p>&nbsp;<\/p>\n<p>&nbsp;<\/p>\n<p>&nbsp;<\/p>\n<p>&nbsp;<\/p>\n<p>&nbsp;<\/p>\n<p>&nbsp;<\/p>\n<p>&nbsp;<\/p>\n<p>&nbsp;<\/p>\n<p>&nbsp;<\/p>\n<p>&nbsp;<\/p>\n<p>&nbsp;<\/p>\n<p>&nbsp;<\/p>\n<p>&nbsp;<\/p>\n<p>&nbsp;<\/p>\n<p>&nbsp;<\/p>\n<p>&nbsp;<\/p>\n<p>&nbsp;<\/p>\n<p>&nbsp;<\/p>\n<p>&nbsp;<\/p>\n<p>&nbsp;<\/p>\n<p>&nbsp;<\/p>\n<p>&nbsp;<\/p>\n<p>&nbsp;<\/p>\n<p>&nbsp;<\/p>\n<p>&nbsp;<\/p>\n<p>&nbsp;<\/p>\n<p>&nbsp;<\/p>\n<p>&nbsp;<\/p>\n<p>&nbsp;<\/p>\n<p>&nbsp;<\/p>\n<p>&nbsp;<\/p>\n<p>&nbsp;<\/p>\n<p>&nbsp;<\/p>\n<p><img loading=\"lazy\" decoding=\"async\" class=\"size-medium wp-image-7454 aligncenter\" src=\"https:\/\/www.insisoc.uva.es\/wp-content\/uploads\/2018\/11\/5.ESSA_.png\" alt=\"\" width=\"166\" height=\"120\" \/><\/p>\n<p>&nbsp;<\/p>\n<p>&nbsp;<\/p>\n<p>&nbsp;<\/p>\n<p>&nbsp;<\/p>\n<p>&nbsp;<\/p>\n<p><img loading=\"lazy\" decoding=\"async\" class=\"size-medium wp-image-7455 aligncenter\" src=\"https:\/\/www.insisoc.uva.es\/wp-content\/uploads\/2018\/11\/6.WOSC_-300x96.png\" alt=\"\" width=\"300\" height=\"96\" srcset=\"https:\/\/www.insisoc.uva.es\/wp-content\/uploads\/2018\/11\/6.WOSC_-300x96.png 300w, https:\/\/www.insisoc.uva.es\/wp-content\/uploads\/2018\/11\/6.WOSC_-768x246.png 768w, https:\/\/www.insisoc.uva.es\/wp-content\/uploads\/2018\/11\/6.WOSC_.png 899w\" sizes=\"(max-width: 300px) 100vw, 300px\" \/><br \/>\n[\/et_pb_text][\/et_pb_column][\/et_pb_row][\/et_pb_section]<\/p>\n","protected":false},"excerpt":{"rendered":"<p>&nbsp; T\u00edtulo del trabajo: Management and organisation of EU universities. The Spanish approach. Nombre del CONGRESO: System Modernisation of University Management: Problems of Autonomy and Selfmanagement; Computer Information Systems; Electronic and Distance Education Ciudad de celebraci\u00f3n: Dnipropetrovsk, Ucrania Fecha de celebraci\u00f3n: 17\/11\/2005 Entidad organizadora: ECESIS Autores: Pajares-Guti\u00e9rrez, J.; L\u00f3pez-Paredes, A. \u00a0 T\u00edtulo del trabajo: La [&hellip;]<\/p>\n","protected":false},"author":11,"featured_media":0,"parent":0,"menu_order":0,"comment_status":"closed","ping_status":"closed","template":"","meta":{"_et_pb_use_builder":"on","_et_pb_old_content":"","_et_gb_content_width":"","footnotes":""},"class_list":["post-6468","page","type-page","status-publish","hentry"],"_links":{"self":[{"href":"https:\/\/www.insisoc.uva.es\/index.php\/wp-json\/wp\/v2\/pages\/6468","targetHints":{"allow":["GET"]}}],"collection":[{"href":"https:\/\/www.insisoc.uva.es\/index.php\/wp-json\/wp\/v2\/pages"}],"about":[{"href":"https:\/\/www.insisoc.uva.es\/index.php\/wp-json\/wp\/v2\/types\/page"}],"author":[{"embeddable":true,"href":"https:\/\/www.insisoc.uva.es\/index.php\/wp-json\/wp\/v2\/users\/11"}],"replies":[{"embeddable":true,"href":"https:\/\/www.insisoc.uva.es\/index.php\/wp-json\/wp\/v2\/comments?post=6468"}],"version-history":[{"count":0,"href":"https:\/\/www.insisoc.uva.es\/index.php\/wp-json\/wp\/v2\/pages\/6468\/revisions"}],"wp:attachment":[{"href":"https:\/\/www.insisoc.uva.es\/index.php\/wp-json\/wp\/v2\/media?parent=6468"}],"curies":[{"name":"wp","href":"https:\/\/api.w.org\/{rel}","templated":true}]}}