{"id":6726,"date":"2018-11-09T09:59:11","date_gmt":"2018-11-09T09:59:11","guid":{"rendered":"https:\/\/www.insisoc.uva.es\/?page_id=6726"},"modified":"2020-05-22T14:00:50","modified_gmt":"2020-05-22T14:00:50","slug":"ins-agent-based-modelling-in-natural-resource-management","status":"publish","type":"page","link":"https:\/\/www.insisoc.uva.es\/index.php\/ins-agent-based-modelling-in-natural-resource-management\/","title":{"rendered":"Ins-Agent Based Modelling in Natural Resource Management"},"content":{"rendered":"<p>[et_pb_section bb_built=\u00bb1&#8243; inner_width=\u00bb90%\u00bb inner_max_width=\u00bb1200px\u00bb][et_pb_row][et_pb_column type=\u00bb1_3&#8243; custom_padding__hover=\u00bb|||\u00bb custom_padding=\u00bb|||\u00bb][et_pb_image _builder_version=\u00bb4.0.9&#8243; src=\u00bbhttps:\/\/www.insisoc.uva.es\/wp-content\/uploads\/2018\/10\/Agent-Based-Modelling-in-Natural-Resource-Management.jpg\u00bb align_last_edited=\u00bbon|desktop\u00bb align_tablet=\u00bbcenter\u00bb align=\u00bbcenter\u00bb width=\u00bb86%\u00bb box_shadow_horizontal_tablet=\u00bb0px\u00bb box_shadow_vertical_tablet=\u00bb0px\u00bb box_shadow_blur_tablet=\u00bb40px\u00bb box_shadow_spread_tablet=\u00bb0px\u00bb z_index_tablet=\u00bb500&#8243; \/][\/et_pb_column][et_pb_column type=\u00bb2_3&#8243; custom_padding__hover=\u00bb|||\u00bb custom_padding=\u00bb|||\u00bb][et_pb_text _builder_version=\u00bb4.0.9&#8243; text_text_shadow_horizontal_length=\u00bbtext_text_shadow_style,%91object Object%93&#8243; text_text_shadow_horizontal_length_tablet=\u00bb0px\u00bb text_text_shadow_vertical_length=\u00bbtext_text_shadow_style,%91object Object%93&#8243; text_text_shadow_vertical_length_tablet=\u00bb0px\u00bb text_text_shadow_blur_strength=\u00bbtext_text_shadow_style,%91object Object%93&#8243; text_text_shadow_blur_strength_tablet=\u00bb1px\u00bb link_text_shadow_horizontal_length=\u00bblink_text_shadow_style,%91object Object%93&#8243; link_text_shadow_horizontal_length_tablet=\u00bb0px\u00bb link_text_shadow_vertical_length=\u00bblink_text_shadow_style,%91object Object%93&#8243; link_text_shadow_vertical_length_tablet=\u00bb0px\u00bb link_text_shadow_blur_strength=\u00bblink_text_shadow_style,%91object Object%93&#8243; link_text_shadow_blur_strength_tablet=\u00bb1px\u00bb ul_text_shadow_horizontal_length=\u00bbul_text_shadow_style,%91object Object%93&#8243; ul_text_shadow_horizontal_length_tablet=\u00bb0px\u00bb ul_text_shadow_vertical_length=\u00bbul_text_shadow_style,%91object Object%93&#8243; ul_text_shadow_vertical_length_tablet=\u00bb0px\u00bb ul_text_shadow_blur_strength=\u00bbul_text_shadow_style,%91object Object%93&#8243; ul_text_shadow_blur_strength_tablet=\u00bb1px\u00bb ol_text_shadow_horizontal_length=\u00bbol_text_shadow_style,%91object Object%93&#8243; ol_text_shadow_horizontal_length_tablet=\u00bb0px\u00bb ol_text_shadow_vertical_length=\u00bbol_text_shadow_style,%91object Object%93&#8243; ol_text_shadow_vertical_length_tablet=\u00bb0px\u00bb ol_text_shadow_blur_strength=\u00bbol_text_shadow_style,%91object Object%93&#8243; ol_text_shadow_blur_strength_tablet=\u00bb1px\u00bb quote_text_shadow_horizontal_length=\u00bbquote_text_shadow_style,%91object Object%93&#8243; quote_text_shadow_horizontal_length_tablet=\u00bb0px\u00bb quote_text_shadow_vertical_length=\u00bbquote_text_shadow_style,%91object Object%93&#8243; quote_text_shadow_vertical_length_tablet=\u00bb0px\u00bb quote_text_shadow_blur_strength=\u00bbquote_text_shadow_style,%91object Object%93&#8243; quote_text_shadow_blur_strength_tablet=\u00bb1px\u00bb header_text_shadow_horizontal_length=\u00bbheader_text_shadow_style,%91object Object%93&#8243; header_text_shadow_horizontal_length_tablet=\u00bb0px\u00bb header_text_shadow_vertical_length=\u00bbheader_text_shadow_style,%91object Object%93&#8243; header_text_shadow_vertical_length_tablet=\u00bb0px\u00bb header_text_shadow_blur_strength=\u00bbheader_text_shadow_style,%91object Object%93&#8243; header_text_shadow_blur_strength_tablet=\u00bb1px\u00bb header_2_text_shadow_horizontal_length=\u00bbheader_2_text_shadow_style,%91object Object%93&#8243; header_2_text_shadow_horizontal_length_tablet=\u00bb0px\u00bb header_2_text_shadow_vertical_length=\u00bbheader_2_text_shadow_style,%91object Object%93&#8243; header_2_text_shadow_vertical_length_tablet=\u00bb0px\u00bb header_2_text_shadow_blur_strength=\u00bbheader_2_text_shadow_style,%91object Object%93&#8243; header_2_text_shadow_blur_strength_tablet=\u00bb1px\u00bb header_3_text_shadow_horizontal_length=\u00bbheader_3_text_shadow_style,%91object Object%93&#8243; header_3_text_shadow_horizontal_length_tablet=\u00bb0px\u00bb header_3_text_shadow_vertical_length=\u00bbheader_3_text_shadow_style,%91object Object%93&#8243; header_3_text_shadow_vertical_length_tablet=\u00bb0px\u00bb header_3_text_shadow_blur_strength=\u00bbheader_3_text_shadow_style,%91object Object%93&#8243; header_3_text_shadow_blur_strength_tablet=\u00bb1px\u00bb header_4_text_shadow_horizontal_length=\u00bbheader_4_text_shadow_style,%91object Object%93&#8243; header_4_text_shadow_horizontal_length_tablet=\u00bb0px\u00bb header_4_text_shadow_vertical_length=\u00bbheader_4_text_shadow_style,%91object Object%93&#8243; header_4_text_shadow_vertical_length_tablet=\u00bb0px\u00bb header_4_text_shadow_blur_strength=\u00bbheader_4_text_shadow_style,%91object Object%93&#8243; header_4_text_shadow_blur_strength_tablet=\u00bb1px\u00bb header_5_text_shadow_horizontal_length=\u00bbheader_5_text_shadow_style,%91object Object%93&#8243; header_5_text_shadow_horizontal_length_tablet=\u00bb0px\u00bb header_5_text_shadow_vertical_length=\u00bbheader_5_text_shadow_style,%91object Object%93&#8243; header_5_text_shadow_vertical_length_tablet=\u00bb0px\u00bb header_5_text_shadow_blur_strength=\u00bbheader_5_text_shadow_style,%91object Object%93&#8243; header_5_text_shadow_blur_strength_tablet=\u00bb1px\u00bb header_6_text_shadow_horizontal_length=\u00bbheader_6_text_shadow_style,%91object Object%93&#8243; header_6_text_shadow_horizontal_length_tablet=\u00bb0px\u00bb header_6_text_shadow_vertical_length=\u00bbheader_6_text_shadow_style,%91object Object%93&#8243; header_6_text_shadow_vertical_length_tablet=\u00bb0px\u00bb header_6_text_shadow_blur_strength=\u00bbheader_6_text_shadow_style,%91object Object%93&#8243; header_6_text_shadow_blur_strength_tablet=\u00bb1px\u00bb box_shadow_horizontal_tablet=\u00bb0px\u00bb box_shadow_vertical_tablet=\u00bb0px\u00bb box_shadow_blur_tablet=\u00bb40px\u00bb box_shadow_spread_tablet=\u00bb0px\u00bb z_index_tablet=\u00bb500&#8243;]<\/p>\n<h3><strong>Agent Based Modelling in Natural Resource Management<\/strong><\/h3>\n<p>\u00a0<\/p>\n<p>Edited by: <a href=\"https:\/\/www.insisoc.uva.es\/index.php\/adolfo-lopez-paredes\/\" target=\"_blank\" rel=\"noopener noreferrer\">Adolfo L\u00f3pez-Paredes<\/a>; <a href=\"https:\/\/www.insisoc.uva.es\/index.php\/cesareo-hernandez-iglesias\/\" target=\"_blank\" rel=\"noopener noreferrer\">Ces\u00e1reo Hern\u00e1ndez Iglesias<\/a><br \/>Publisher: INSISOC, Spain<br \/>Publication date: March 2008<br \/>ISBN: 978-84-205-4560-8<\/p>\n<p>[\/et_pb_text][et_pb_testimonial _builder_version=\u00bb3.12&#8243; quote_icon_background_color=\u00bb#f5f5f5&#8243;]<\/p>\n<p style=\"text-align: justify;\">\u00abAgent based simulations provide a new and exciting avenue for natural resource planning and management. Researches and advisers can compare and explore alternative scenarios and institutional arrangements to evaluate the consequences of policy actions in terms of economic, social and ecological impacts. But as a new field it demands from the modellers a great deal of creativeness, expertise and \u201cwise choice\u201d, as the papers collected in this book show.\u00bb<\/p>\n<p>[\/et_pb_testimonial][\/et_pb_column][\/et_pb_row][et_pb_row][et_pb_column type=\u00bb4_4&#8243; custom_padding__hover=\u00bb|||\u00bb custom_padding=\u00bb|||\u00bb][et_pb_text _builder_version=\u00bb4.0.9&#8243; text_text_shadow_horizontal_length=\u00bbtext_text_shadow_style,%91object Object%93&#8243; text_text_shadow_horizontal_length_tablet=\u00bb0px\u00bb text_text_shadow_vertical_length=\u00bbtext_text_shadow_style,%91object Object%93&#8243; text_text_shadow_vertical_length_tablet=\u00bb0px\u00bb text_text_shadow_blur_strength=\u00bbtext_text_shadow_style,%91object Object%93&#8243; text_text_shadow_blur_strength_tablet=\u00bb1px\u00bb link_text_shadow_horizontal_length=\u00bblink_text_shadow_style,%91object Object%93&#8243; link_text_shadow_horizontal_length_tablet=\u00bb0px\u00bb link_text_shadow_vertical_length=\u00bblink_text_shadow_style,%91object Object%93&#8243; link_text_shadow_vertical_length_tablet=\u00bb0px\u00bb link_text_shadow_blur_strength=\u00bblink_text_shadow_style,%91object Object%93&#8243; link_text_shadow_blur_strength_tablet=\u00bb1px\u00bb ul_text_shadow_horizontal_length=\u00bbul_text_shadow_style,%91object Object%93&#8243; ul_text_shadow_horizontal_length_tablet=\u00bb0px\u00bb ul_text_shadow_vertical_length=\u00bbul_text_shadow_style,%91object Object%93&#8243; ul_text_shadow_vertical_length_tablet=\u00bb0px\u00bb ul_text_shadow_blur_strength=\u00bbul_text_shadow_style,%91object Object%93&#8243; ul_text_shadow_blur_strength_tablet=\u00bb1px\u00bb ol_text_shadow_horizontal_length=\u00bbol_text_shadow_style,%91object Object%93&#8243; ol_text_shadow_horizontal_length_tablet=\u00bb0px\u00bb ol_text_shadow_vertical_length=\u00bbol_text_shadow_style,%91object Object%93&#8243; ol_text_shadow_vertical_length_tablet=\u00bb0px\u00bb ol_text_shadow_blur_strength=\u00bbol_text_shadow_style,%91object Object%93&#8243; ol_text_shadow_blur_strength_tablet=\u00bb1px\u00bb quote_text_shadow_horizontal_length=\u00bbquote_text_shadow_style,%91object Object%93&#8243; quote_text_shadow_horizontal_length_tablet=\u00bb0px\u00bb quote_text_shadow_vertical_length=\u00bbquote_text_shadow_style,%91object Object%93&#8243; quote_text_shadow_vertical_length_tablet=\u00bb0px\u00bb quote_text_shadow_blur_strength=\u00bbquote_text_shadow_style,%91object Object%93&#8243; quote_text_shadow_blur_strength_tablet=\u00bb1px\u00bb header_text_shadow_horizontal_length=\u00bbheader_text_shadow_style,%91object Object%93&#8243; header_text_shadow_horizontal_length_tablet=\u00bb0px\u00bb header_text_shadow_vertical_length=\u00bbheader_text_shadow_style,%91object Object%93&#8243; header_text_shadow_vertical_length_tablet=\u00bb0px\u00bb header_text_shadow_blur_strength=\u00bbheader_text_shadow_style,%91object Object%93&#8243; header_text_shadow_blur_strength_tablet=\u00bb1px\u00bb header_2_text_shadow_horizontal_length=\u00bbheader_2_text_shadow_style,%91object Object%93&#8243; header_2_text_shadow_horizontal_length_tablet=\u00bb0px\u00bb header_2_text_shadow_vertical_length=\u00bbheader_2_text_shadow_style,%91object Object%93&#8243; header_2_text_shadow_vertical_length_tablet=\u00bb0px\u00bb header_2_text_shadow_blur_strength=\u00bbheader_2_text_shadow_style,%91object Object%93&#8243; header_2_text_shadow_blur_strength_tablet=\u00bb1px\u00bb header_3_text_shadow_horizontal_length=\u00bbheader_3_text_shadow_style,%91object Object%93&#8243; header_3_text_shadow_horizontal_length_tablet=\u00bb0px\u00bb header_3_text_shadow_vertical_length=\u00bbheader_3_text_shadow_style,%91object Object%93&#8243; header_3_text_shadow_vertical_length_tablet=\u00bb0px\u00bb header_3_text_shadow_blur_strength=\u00bbheader_3_text_shadow_style,%91object Object%93&#8243; header_3_text_shadow_blur_strength_tablet=\u00bb1px\u00bb header_4_text_shadow_horizontal_length=\u00bbheader_4_text_shadow_style,%91object Object%93&#8243; header_4_text_shadow_horizontal_length_tablet=\u00bb0px\u00bb header_4_text_shadow_vertical_length=\u00bbheader_4_text_shadow_style,%91object Object%93&#8243; header_4_text_shadow_vertical_length_tablet=\u00bb0px\u00bb header_4_text_shadow_blur_strength=\u00bbheader_4_text_shadow_style,%91object Object%93&#8243; header_4_text_shadow_blur_strength_tablet=\u00bb1px\u00bb header_5_text_shadow_horizontal_length=\u00bbheader_5_text_shadow_style,%91object Object%93&#8243; header_5_text_shadow_horizontal_length_tablet=\u00bb0px\u00bb header_5_text_shadow_vertical_length=\u00bbheader_5_text_shadow_style,%91object Object%93&#8243; header_5_text_shadow_vertical_length_tablet=\u00bb0px\u00bb header_5_text_shadow_blur_strength=\u00bbheader_5_text_shadow_style,%91object Object%93&#8243; header_5_text_shadow_blur_strength_tablet=\u00bb1px\u00bb header_6_text_shadow_horizontal_length=\u00bbheader_6_text_shadow_style,%91object Object%93&#8243; header_6_text_shadow_horizontal_length_tablet=\u00bb0px\u00bb header_6_text_shadow_vertical_length=\u00bbheader_6_text_shadow_style,%91object Object%93&#8243; header_6_text_shadow_vertical_length_tablet=\u00bb0px\u00bb header_6_text_shadow_blur_strength=\u00bbheader_6_text_shadow_style,%91object Object%93&#8243; header_6_text_shadow_blur_strength_tablet=\u00bb1px\u00bb box_shadow_horizontal_tablet=\u00bb0px\u00bb box_shadow_vertical_tablet=\u00bb0px\u00bb box_shadow_blur_tablet=\u00bb40px\u00bb box_shadow_spread_tablet=\u00bb0px\u00bb z_index_tablet=\u00bb500&#8243;]<\/p>\n<h4 style=\"text-align: justify;\" align=\"justify\"><span style=\"color: #000000;\"><b>Table of contents<\/b><\/span><\/h4>\n<p>&nbsp;<\/p>\n<p style=\"text-align: justify;\"><b>Part I State of the art<\/b><\/p>\n<p style=\"padding-left: 30px; text-align: justify;\">1. <a href=\"https:\/\/www.insisoc.uva.es\/INSISOC\/INSISOC_archivos\/ABMbook\/chapter1.pdf\" target=\"_blank\" rel=\"noopener noreferrer\">Further towards a taxonomy of agent-based simulation models in environmental management.<\/a><br \/><em>M. Hare and P.Deadman<\/em><\/p>\n<p style=\"padding-left: 30px; text-align: justify;\">2. Illustrating a new \u201cconceptual design pattern\u201d for agent-based models of land use via five case studies\u2014the MR POTATOHEAD framework.<br \/><em>Dawn C. Parker, Daniel G. Brown, J. Gary Polhill, Peter J. Deadman, and Steven M. Manson<\/em><\/p>\n<p style=\"text-align: justify;\"><b>Part II Cases and applications<\/b><\/p>\n<p style=\"padding-left: 30px; text-align: justify;\">3. <a href=\"https:\/\/www.insisoc.uva.es\/INSISOC\/INSISOC_archivos\/ABMbook\/chapter3.pdf\" target=\"_blank\" rel=\"noopener noreferrer\">An agent based model of agri-environmental measure diffusion: What for ?<\/a><br \/><em>Guillaume Deffuant, Sylvie Huet and Sarah Skerratt<\/em><\/p>\n<p style=\"padding-left: 30px; text-align: justify;\">4. <a href=\"https:\/\/www.insisoc.uva.es\/INSISOC\/INSISOC_archivos\/ABMbook\/chapter4.pdf\" target=\"_blank\" rel=\"noopener noreferrer\">Water demand Policies.<\/a><br \/><em>Olivier Barth\u00e9l\u00e9my<\/em><\/p>\n<p style=\"padding-left: 30px; text-align: justify;\">5. Agent-Based Modelling in Domestic Water Management: Barcelona and Valladolid case studies.<br \/><em><a href=\"https:\/\/www.insisoc.uva.es\/index.php\/jose-manuel-galan-ordax\/\" target=\"_blank\" rel=\"noopener noreferrer\">Jos\u00e9 M. Gal\u00e1n<\/a>, Jos\u00e9 I. Santos, Segismundo S. Izquierdo, Jos\u00e9 A. Pascual, <a href=\"https:\/\/www.insisoc.uva.es\/index.php\/rs-ricardo-del-olmo-martinez\/\" target=\"_blank\" rel=\"noopener noreferrer\">Ricardo del Olmo<\/a> and <a href=\"https:\/\/www.insisoc.uva.es\/index.php\/adolfo-lopez-paredes\/\" target=\"_blank\" rel=\"noopener noreferrer\">Adolfo L\u00f3pez-Paredes<\/a><\/em><\/p>\n<p style=\"padding-left: 30px; text-align: justify;\">6. Emissions Permits Auctions for Climate Policy.<br \/><em>Marta Posada and <a href=\"https:\/\/www.insisoc.uva.es\/index.php\/javier-pajares-gutierrez\/\" target=\"_blank\" rel=\"noopener noreferrer\">Javier Pajares<\/a><\/em><\/p>\n<p style=\"padding-left: 30px; text-align: justify;\">7. Marshall\u2019s \u201cTrees\u201d and the Global \u201cForest\u201d \u2013 An Agent Based Model of Firm\u2019s Birth, Evolution and Extinction.<br \/><em>Alexandre P\u00e9rez Casares, <a href=\"https:\/\/www.insisoc.uva.es\/index.php\/cesareo-hernandez-iglesias\/\" target=\"_blank\" rel=\"noopener noreferrer\">Ces\u00e1reo Hern\u00e1ndez<\/a> Iglesias and <a href=\"https:\/\/www.insisoc.uva.es\/index.php\/rs-jose-manuel-perez-rios\/\" target=\"_blank\" rel=\"noopener noreferrer\">Jos\u00e9 P\u00e9rez R\u00edos<\/a><\/em><\/p>\n<p style=\"text-align: justify;\"><b>Part III Methodology<\/b><\/p>\n<p style=\"padding-left: 30px; text-align: justify;\">8. Using INGENIAS for Visual Modeling of Complex Agent Based Simulation Systems.<br \/><em>Juan Pav\u00f3n and Candelaria Sansores<\/em><\/p>\n<p style=\"padding-left: 30px; text-align: justify;\">9. <a href=\"https:\/\/www.insisoc.uva.es\/INSISOC\/INSISOC_archivos\/ABMbook\/chapter9.pdf\" target=\"_blank\" rel=\"noopener noreferrer\">The Role of Emotions in Environmental Decision Making: A formal modeling framework.<\/a><br \/><em>Antonio Aguilera-Ontiveros\u00a0and\u00a0Julio Cesar Contreras-Manrique<\/em><\/p>\n<p>[\/et_pb_text][\/et_pb_column][\/et_pb_row][\/et_pb_section]<\/p>\n","protected":false},"excerpt":{"rendered":"<p><div class=\"et_pb_row et_pb_row_0 et_pb_row_empty\">\n\t\t\t\t\n\t\t\t\t\n\t\t\t\t\n\t\t\t\t\n\t\t\t\t\n\t\t\t<\/div> Agent Based Modelling in Natural Resource Management\u00a0Edited by: Adolfo L\u00f3pez-Paredes; Ces\u00e1reo Hern\u00e1ndez IglesiasPublisher: INSISOC, SpainPublication date: March 2008ISBN: 978-84-205-4560-8 \u00abAgent based simulations provide a new and exciting avenue for natural resource planning and management. Researches and advisers can compare and explore alternative scenarios and institutional arrangements to evaluate the consequences of policy actions in [&hellip;]<\/p>\n","protected":false},"author":11,"featured_media":0,"parent":0,"menu_order":0,"comment_status":"closed","ping_status":"closed","template":"","meta":{"_et_pb_use_builder":"on","_et_pb_old_content":"","_et_gb_content_width":"","footnotes":""},"class_list":["post-6726","page","type-page","status-publish","hentry"],"_links":{"self":[{"href":"https:\/\/www.insisoc.uva.es\/index.php\/wp-json\/wp\/v2\/pages\/6726","targetHints":{"allow":["GET"]}}],"collection":[{"href":"https:\/\/www.insisoc.uva.es\/index.php\/wp-json\/wp\/v2\/pages"}],"about":[{"href":"https:\/\/www.insisoc.uva.es\/index.php\/wp-json\/wp\/v2\/types\/page"}],"author":[{"embeddable":true,"href":"https:\/\/www.insisoc.uva.es\/index.php\/wp-json\/wp\/v2\/users\/11"}],"replies":[{"embeddable":true,"href":"https:\/\/www.insisoc.uva.es\/index.php\/wp-json\/wp\/v2\/comments?post=6726"}],"version-history":[{"count":0,"href":"https:\/\/www.insisoc.uva.es\/index.php\/wp-json\/wp\/v2\/pages\/6726\/revisions"}],"wp:attachment":[{"href":"https:\/\/www.insisoc.uva.es\/index.php\/wp-json\/wp\/v2\/media?parent=6726"}],"curies":[{"name":"wp","href":"https:\/\/api.w.org\/{rel}","templated":true}]}}