{"id":7827,"date":"2018-12-09T00:30:24","date_gmt":"2018-12-09T00:30:24","guid":{"rendered":"https:\/\/www.insisoc.uva.es\/?page_id=7827"},"modified":"2020-07-08T09:38:18","modified_gmt":"2020-07-08T09:38:18","slug":"ins-iceri","status":"publish","type":"page","link":"https:\/\/www.insisoc.uva.es\/index.php\/ins-iceri\/","title":{"rendered":"Ins-ICERI"},"content":{"rendered":"<p>[et_pb_section bb_built=\u00bb1&#8243; fullwidth=\u00bbon\u00bb _builder_version=\u00bb3.0.47&#8243; next_background_color=\u00bb#000000&#8243; inner_width=\u00bb90%\u00bb inner_max_width=\u00bb1200px\u00bb][et_pb_fullwidth_header admin_label=\u00bbT\u00edtulo Insisoc in the ICERI\u00bb title=\u00bbInsisoc in the ICERI &#8211; International Conference of Education, Research and Innovation\u00bb subhead=\u00bbInsisoc participated in this conference with the following works\u00bb title_font_color=\u00bb#ffffff\u00bb subhead_font_color=\u00bb#ffffff\u00bb _builder_version=\u00bb3.12&#8243; title_font=\u00bb||||||||\u00bb title_text_color=\u00bb#ffffff\u00bb title_font_size=\u00bb27px\u00bb subhead_text_color=\u00bb#ffffff\u00bb subhead_font_size=\u00bb19px\u00bb background_layout=\u00bblight\u00bb max_width_tablet=\u00bb50px\u00bb text_shadow_style=\u00bbpreset5&#8243; button_one_text_size__hover_enabled=\u00bboff\u00bb button_one_text_size__hover=\u00bbnull\u00bb button_two_text_size__hover_enabled=\u00bboff\u00bb button_two_text_size__hover=\u00bbnull\u00bb button_one_text_color__hover_enabled=\u00bboff\u00bb button_one_text_color__hover=\u00bbnull\u00bb button_two_text_color__hover_enabled=\u00bboff\u00bb button_two_text_color__hover=\u00bbnull\u00bb button_one_border_width__hover_enabled=\u00bboff\u00bb button_one_border_width__hover=\u00bbnull\u00bb button_two_border_width__hover_enabled=\u00bboff\u00bb button_two_border_width__hover=\u00bbnull\u00bb button_one_border_color__hover_enabled=\u00bboff\u00bb button_one_border_color__hover=\u00bbnull\u00bb button_two_border_color__hover_enabled=\u00bboff\u00bb button_two_border_color__hover=\u00bbnull\u00bb button_one_border_radius__hover_enabled=\u00bboff\u00bb button_one_border_radius__hover=\u00bbnull\u00bb button_two_border_radius__hover_enabled=\u00bboff\u00bb button_two_border_radius__hover=\u00bbnull\u00bb button_one_letter_spacing__hover_enabled=\u00bboff\u00bb button_one_letter_spacing__hover=\u00bbnull\u00bb button_two_letter_spacing__hover_enabled=\u00bboff\u00bb button_two_letter_spacing__hover=\u00bbnull\u00bb button_one_bg_color__hover_enabled=\u00bboff\u00bb button_one_bg_color__hover=\u00bbnull\u00bb button_two_bg_color__hover_enabled=\u00bboff\u00bb button_two_bg_color__hover=\u00bbnull\u00bb]<\/p>\n<p>\n&nbsp;<\/p>\n<p>[\/et_pb_fullwidth_header][et_pb_fullwidth_menu menu_id=\u00bb51&#8243; submenu_direction=\u00bbdownwards\u00bb fullwidth_menu=\u00bboff\u00bb active_link_color=\u00bb#b26200&#8243; dropdown_menu_line_color=\u00bb#6c9fc1&#8243; dropdown_menu_text_color=\u00bb#000000&#8243; mobile_menu_text_color=\u00bb#000000&#8243; disabled_on=\u00bbon|on|on\u00bb _builder_version=\u00bb3.12&#8243; menu_font=\u00bb|700|||||||\u00bb menu_text_color=\u00bb#000000&#8243; menu_font_size=\u00bb16px\u00bb background_color=\u00bb#d7eaf4&#8243; text_orientation=\u00bbcenter\u00bb animation_style=\u00bbfade\u00bb animation_duration=\u00bb500ms\u00bb disabled=\u00bbon\u00bb saved_tabs=\u00bball\u00bb]<\/p>\n<p>\n&nbsp;<\/p>\n<p>[\/et_pb_fullwidth_menu][\/et_pb_section][et_pb_section bb_built=\u00bb1&#8243; _builder_version=\u00bb3.0.47&#8243; prev_background_color=\u00bb#000000&#8243; inner_width=\u00bb90%\u00bb inner_max_width=\u00bb1200px\u00bb][et_pb_row make_fullwidth=\u00bbon\u00bb _builder_version=\u00bb3.12&#8243; background_color=\u00bb#cecece\u00bb use_background_color_gradient=\u00bbon\u00bb background_color_gradient_start=\u00bb#81a7c1&#8243; background_color_gradient_end=\u00bb#ededed\u00bb border_radii=\u00bb|25px|25px|25px|25px\u00bb module_class=\u00bb et_pb_row_fullwidth\u00bb width=\u00bb89%\u00bb width_tablet=\u00bb80%\u00bb width_last_edited=\u00bbon|desktop\u00bb max_width=\u00bb89%\u00bb max_width_tablet=\u00bb80%\u00bb max_width_last_edited=\u00bbon|desktop\u00bb][et_pb_column type=\u00bb1_2&#8243; custom_padding__hover=\u00bb|||\u00bb custom_padding=\u00bb|||\u00bb][et_pb_text admin_label=\u00bbImagen ICERI\u00bb _builder_version=\u00bb3.12&#8243; border_radii=\u00bb|10px|10px|10px|10px\u00bb text_orientation=\u00bbcenter\u00bb]<\/p>\n<p>\n&nbsp;<\/p>\n<p><a href=\"https:\/\/iated.org\/iceri\/\" target=\"_blank\" rel=\"noopener noreferrer\"><img loading=\"lazy\" decoding=\"async\" class=\"size-medium wp-image-7394 aligncenter\" src=\"https:\/\/www.insisoc.uva.es\/wp-content\/uploads\/2018\/11\/18.1.ICERI_-300x91.png\" alt=\"\" width=\"300\" height=\"91\" srcset=\"https:\/\/www.insisoc.uva.es\/wp-content\/uploads\/2018\/11\/18.1.ICERI_-300x91.png 300w, https:\/\/www.insisoc.uva.es\/wp-content\/uploads\/2018\/11\/18.1.ICERI_.png 358w\" sizes=\"(max-width: 300px) 100vw, 300px\" \/><\/a><\/p>\n<p>[\/et_pb_text][\/et_pb_column][et_pb_column type=\u00bb1_2&#8243; custom_padding__hover=\u00bb|||\u00bb custom_padding=\u00bb|||\u00bb][et_pb_text admin_label=\u00bbImagen iated\u00bb _builder_version=\u00bb3.12&#8243; text_orientation=\u00bbleft\u00bb]<\/p>\n<p>\n<a href=\"https:\/\/iated.org\/\" target=\"_blank\" rel=\"noopener noreferrer\"><img loading=\"lazy\" decoding=\"async\" class=\"size-full wp-image-7828 aligncenter\" src=\"https:\/\/www.insisoc.uva.es\/wp-content\/uploads\/2018\/12\/iated.jpg\" alt=\"\" width=\"191\" height=\"151\" \/><\/a><\/p>\n<p>[\/et_pb_text][\/et_pb_column][\/et_pb_row][et_pb_row disabled_on=\u00bboff|off|off\u00bb _builder_version=\u00bb3.0.47&#8243; background_size=\u00bbinitial\u00bb background_position=\u00bbtop_left\u00bb background_repeat=\u00bbrepeat\u00bb width=\u00bb90%\u00bb max_width=\u00bb1200px\u00bb][et_pb_column type=\u00bb4_4&#8243; custom_padding__hover=\u00bb|||\u00bb custom_padding=\u00bb|||\u00bb][et_pb_toggle admin_label=\u00bbConmutador 2018&#8243; title=\u00bb2018&#8243; open=\u00bbon\u00bb _builder_version=\u00bb3.12&#8243; title_font=\u00bb|700|||||||\u00bb]<\/p>\n<p>\n<strong>T\u00edtulo del trabajo:<\/strong> Implementation of Economic Models for Undergraduate Students with GeoGebra.<\/p>\n<p><strong>Nombre del CONGRESO:<\/strong> 11th International Conference of Education, Research and Innovation (ICERI 2018)<\/p>\n<p><strong>Ciudad de celebraci\u00f3n:<\/strong> Sevilla, Espa\u00f1a<\/p>\n<p><strong>Fecha de celebraci\u00f3n:<\/strong> 12\/11\/2018<\/p>\n<p><strong>Fecha de finalizaci\u00f3n:<\/strong> 14\/11\/2018<\/p>\n<p><strong>Entidad organizadora:<\/strong> IATED &#8211; International Academy of Technology, Education and Development<\/p>\n<p><strong>Autores:<\/strong> Galicia, M.A.; Poza, D.; Pajares, J.; L\u00f3pez-Paredes, A.<\/p>\n<p>[\/et_pb_toggle][et_pb_toggle admin_label=\u00bbConmutador 2013&#8243; title=\u00bb2013&#8243; _builder_version=\u00bb4.0.9&#8243; title_font=\u00bb|700|||||||\u00bb text_shadow_horizontal_length=\u00bbtext_shadow_style,%91object Object%93&#8243; text_shadow_horizontal_length_tablet=\u00bb0px\u00bb text_shadow_vertical_length=\u00bbtext_shadow_style,%91object Object%93&#8243; text_shadow_vertical_length_tablet=\u00bb0px\u00bb text_shadow_blur_strength=\u00bbtext_shadow_style,%91object Object%93&#8243; text_shadow_blur_strength_tablet=\u00bb1px\u00bb title_text_shadow_horizontal_length=\u00bbtitle_text_shadow_style,%91object Object%93&#8243; title_text_shadow_horizontal_length_tablet=\u00bb0px\u00bb title_text_shadow_vertical_length=\u00bbtitle_text_shadow_style,%91object Object%93&#8243; title_text_shadow_vertical_length_tablet=\u00bb0px\u00bb title_text_shadow_blur_strength=\u00bbtitle_text_shadow_style,%91object Object%93&#8243; title_text_shadow_blur_strength_tablet=\u00bb1px\u00bb closed_title_text_shadow_horizontal_length=\u00bbclosed_title_text_shadow_style,%91object Object%93&#8243; closed_title_text_shadow_horizontal_length_tablet=\u00bb0px\u00bb closed_title_text_shadow_vertical_length=\u00bbclosed_title_text_shadow_style,%91object Object%93&#8243; closed_title_text_shadow_vertical_length_tablet=\u00bb0px\u00bb closed_title_text_shadow_blur_strength=\u00bbclosed_title_text_shadow_style,%91object Object%93&#8243; closed_title_text_shadow_blur_strength_tablet=\u00bb1px\u00bb body_text_shadow_horizontal_length=\u00bbbody_text_shadow_style,%91object Object%93&#8243; body_text_shadow_horizontal_length_tablet=\u00bb0px\u00bb body_text_shadow_vertical_length=\u00bbbody_text_shadow_style,%91object Object%93&#8243; body_text_shadow_vertical_length_tablet=\u00bb0px\u00bb body_text_shadow_blur_strength=\u00bbbody_text_shadow_style,%91object Object%93&#8243; body_text_shadow_blur_strength_tablet=\u00bb1px\u00bb body_link_text_shadow_horizontal_length=\u00bbbody_link_text_shadow_style,%91object Object%93&#8243; body_link_text_shadow_horizontal_length_tablet=\u00bb0px\u00bb body_link_text_shadow_vertical_length=\u00bbbody_link_text_shadow_style,%91object Object%93&#8243; body_link_text_shadow_vertical_length_tablet=\u00bb0px\u00bb body_link_text_shadow_blur_strength=\u00bbbody_link_text_shadow_style,%91object Object%93&#8243; body_link_text_shadow_blur_strength_tablet=\u00bb1px\u00bb body_ul_text_shadow_horizontal_length=\u00bbbody_ul_text_shadow_style,%91object Object%93&#8243; body_ul_text_shadow_horizontal_length_tablet=\u00bb0px\u00bb body_ul_text_shadow_vertical_length=\u00bbbody_ul_text_shadow_style,%91object Object%93&#8243; body_ul_text_shadow_vertical_length_tablet=\u00bb0px\u00bb body_ul_text_shadow_blur_strength=\u00bbbody_ul_text_shadow_style,%91object Object%93&#8243; body_ul_text_shadow_blur_strength_tablet=\u00bb1px\u00bb body_ol_text_shadow_horizontal_length=\u00bbbody_ol_text_shadow_style,%91object Object%93&#8243; body_ol_text_shadow_horizontal_length_tablet=\u00bb0px\u00bb body_ol_text_shadow_vertical_length=\u00bbbody_ol_text_shadow_style,%91object Object%93&#8243; body_ol_text_shadow_vertical_length_tablet=\u00bb0px\u00bb body_ol_text_shadow_blur_strength=\u00bbbody_ol_text_shadow_style,%91object Object%93&#8243; body_ol_text_shadow_blur_strength_tablet=\u00bb1px\u00bb body_quote_text_shadow_horizontal_length=\u00bbbody_quote_text_shadow_style,%91object Object%93&#8243; body_quote_text_shadow_horizontal_length_tablet=\u00bb0px\u00bb body_quote_text_shadow_vertical_length=\u00bbbody_quote_text_shadow_style,%91object Object%93&#8243; body_quote_text_shadow_vertical_length_tablet=\u00bb0px\u00bb body_quote_text_shadow_blur_strength=\u00bbbody_quote_text_shadow_style,%91object Object%93&#8243; body_quote_text_shadow_blur_strength_tablet=\u00bb1px\u00bb box_shadow_horizontal_tablet=\u00bb0px\u00bb box_shadow_vertical_tablet=\u00bb0px\u00bb box_shadow_blur_tablet=\u00bb40px\u00bb box_shadow_spread_tablet=\u00bb0px\u00bb z_index_tablet=\u00bb500&#8243;]<\/p>\n<p><strong>T\u00edtulo del trabajo:<\/strong> Competence-Based Learning and Evaluation for Project Management Students.<\/p>\n<p><strong>Nombre del CONGRESO:<\/strong> 6th International Conference of Education, Research and Innovation (ICERI 2013)<\/p>\n<p><strong>Ciudad de celebraci\u00f3n:<\/strong> Sevilla (Espa\u00f1a)<\/p>\n<p><strong>Fecha de celebraci\u00f3n:<\/strong> 18\/11\/2013<\/p>\n<p><strong>Fecha de finalizaci\u00f3n:<\/strong> 20\/11\/2013<\/p>\n<p><strong>Entidad organizadora: <\/strong>IATED &#8211; International Academy of Technology, Education and Development<\/p>\n<p><strong>Autores: <\/strong>Poza, D.; Ram\u00edrez, M.; Acebes, F.; Pajares, J.; L\u00f3pez-Paredes, A.<\/p>\n<p>[\/et_pb_toggle][et_pb_toggle admin_label=\u00bbConmutador 2009&#8243; title=\u00bb2009&#8243; _builder_version=\u00bb3.12&#8243; title_font=\u00bb|700|||||||\u00bb]<\/p>\n<p>\n<strong>T\u00edtulo del trabajo:<\/strong> A Survey of University-Industry Relationships in Castilla y Leon (Spain).<\/p>\n<p><strong>Nombre del evento:<\/strong> 2nd International Conference of Education, Research and Innovation (ICERI 2009)<\/p>\n<p><strong>Ciudad de celebraci\u00f3n:<\/strong> Madrid, Espa\u00f1a<\/p>\n<p><strong>Fecha de celebraci\u00f3n:<\/strong> 16\/11\/2009<\/p>\n<p><strong>Fecha de finalizaci\u00f3n: <\/strong>18\/11\/2009<\/p>\n<p><strong>Entidad organizadora: <\/strong>IATED <strong>&#8211; <\/strong>International Academy of Technology, Education and Development<\/p>\n<p><strong>Autores: <\/strong>L\u00f3pez-Paredes, A.; Pajares-Guti\u00e9rrez, J.; Calvo, Y.<\/p>\n<hr \/>\n<p><strong>\u00a0<\/strong><\/p>\n<p><strong>T\u00edtulo del trabajo:<\/strong> Education in Project Management: Training and Evaluation of Managerial Skills.<\/p>\n<p><strong>Nombre del evento:<\/strong> 2nd International Conference of Education, Research and Innovation (ICERI 2009)<\/p>\n<p><strong>Ciudad de celebraci\u00f3n:<\/strong> Madrid, Espa\u00f1a<\/p>\n<p><strong>Fecha de celebraci\u00f3n:<\/strong> 16\/11\/2009<\/p>\n<p><strong>Fecha de finalizaci\u00f3n: <\/strong>18\/11\/2009<\/p>\n<p><strong>Entidad organizadora: <\/strong>IATED <strong>&#8211; <\/strong>International Academy of Technology, Education and Development<\/p>\n<p><strong>Autores: <\/strong>L\u00f3pez Paredes, A.; Pajares<strong>&#8211;<\/strong>Guti\u00e9rrez, J.; Gal\u00e1n-Ordax, J.M.<\/p>\n<p>[\/et_pb_toggle][\/et_pb_column][\/et_pb_row][\/et_pb_section]<\/p>\n","protected":false},"excerpt":{"rendered":"<p>&nbsp; &nbsp; &nbsp; T\u00edtulo del trabajo: Implementation of Economic Models for Undergraduate Students with GeoGebra. Nombre del CONGRESO: 11th International Conference of Education, Research and Innovation (ICERI 2018) Ciudad de celebraci\u00f3n: Sevilla, Espa\u00f1a Fecha de celebraci\u00f3n: 12\/11\/2018 Fecha de finalizaci\u00f3n: 14\/11\/2018 Entidad organizadora: IATED &#8211; International Academy of Technology, Education and Development Autores: Galicia, M.A.; [&hellip;]<\/p>\n","protected":false},"author":11,"featured_media":0,"parent":0,"menu_order":0,"comment_status":"closed","ping_status":"closed","template":"","meta":{"_et_pb_use_builder":"on","_et_pb_old_content":"","_et_gb_content_width":"","footnotes":""},"class_list":["post-7827","page","type-page","status-publish","hentry"],"_links":{"self":[{"href":"https:\/\/www.insisoc.uva.es\/index.php\/wp-json\/wp\/v2\/pages\/7827","targetHints":{"allow":["GET"]}}],"collection":[{"href":"https:\/\/www.insisoc.uva.es\/index.php\/wp-json\/wp\/v2\/pages"}],"about":[{"href":"https:\/\/www.insisoc.uva.es\/index.php\/wp-json\/wp\/v2\/types\/page"}],"author":[{"embeddable":true,"href":"https:\/\/www.insisoc.uva.es\/index.php\/wp-json\/wp\/v2\/users\/11"}],"replies":[{"embeddable":true,"href":"https:\/\/www.insisoc.uva.es\/index.php\/wp-json\/wp\/v2\/comments?post=7827"}],"version-history":[{"count":0,"href":"https:\/\/www.insisoc.uva.es\/index.php\/wp-json\/wp\/v2\/pages\/7827\/revisions"}],"wp:attachment":[{"href":"https:\/\/www.insisoc.uva.es\/index.php\/wp-json\/wp\/v2\/media?parent=7827"}],"curies":[{"name":"wp","href":"https:\/\/api.w.org\/{rel}","templated":true}]}}