{"id":7840,"date":"2018-12-09T01:54:33","date_gmt":"2018-12-09T01:54:33","guid":{"rendered":"https:\/\/www.insisoc.uva.es\/?page_id=7840"},"modified":"2020-03-27T14:20:04","modified_gmt":"2020-03-27T14:20:04","slug":"ins-paams","status":"publish","type":"page","link":"https:\/\/www.insisoc.uva.es\/index.php\/ins-paams\/","title":{"rendered":"Ins-PAAMS"},"content":{"rendered":"<p>[et_pb_section bb_built=\u00bb1&#8243; fullwidth=\u00bbon\u00bb _builder_version=\u00bb3.0.47&#8243; inner_width=\u00bb90%\u00bb inner_max_width=\u00bb1200px\u00bb next_background_color=\u00bb#000000&#8243;][et_pb_fullwidth_header admin_label=\u00bbT\u00edtulo Insisoc in the PAAMS\u00bb title=\u00bbInsisoc in the PAAMS &#8211; International Conference on Practical Applications of Agents and Multi-Agent Systems\u00bb subhead=\u00bbInsisoc participated in this conference with the following works\u00bb title_font_color=\u00bb#ffffff\u00bb subhead_font_color=\u00bb#ffffff\u00bb _builder_version=\u00bb3.12&#8243; title_font=\u00bb||||||||\u00bb title_text_color=\u00bb#ffffff\u00bb title_font_size=\u00bb27px\u00bb subhead_text_color=\u00bb#ffffff\u00bb subhead_font_size=\u00bb19px\u00bb background_layout=\u00bblight\u00bb max_width_tablet=\u00bb50px\u00bb text_shadow_style=\u00bbpreset5&#8243; button_one_text_size__hover_enabled=\u00bboff\u00bb button_one_text_size__hover=\u00bbnull\u00bb button_two_text_size__hover_enabled=\u00bboff\u00bb button_two_text_size__hover=\u00bbnull\u00bb button_one_text_color__hover_enabled=\u00bboff\u00bb button_one_text_color__hover=\u00bbnull\u00bb button_two_text_color__hover_enabled=\u00bboff\u00bb button_two_text_color__hover=\u00bbnull\u00bb button_one_border_width__hover_enabled=\u00bboff\u00bb button_one_border_width__hover=\u00bbnull\u00bb button_two_border_width__hover_enabled=\u00bboff\u00bb button_two_border_width__hover=\u00bbnull\u00bb button_one_border_color__hover_enabled=\u00bboff\u00bb button_one_border_color__hover=\u00bbnull\u00bb button_two_border_color__hover_enabled=\u00bboff\u00bb button_two_border_color__hover=\u00bbnull\u00bb button_one_border_radius__hover_enabled=\u00bboff\u00bb button_one_border_radius__hover=\u00bbnull\u00bb button_two_border_radius__hover_enabled=\u00bboff\u00bb button_two_border_radius__hover=\u00bbnull\u00bb button_one_letter_spacing__hover_enabled=\u00bboff\u00bb button_one_letter_spacing__hover=\u00bbnull\u00bb button_two_letter_spacing__hover_enabled=\u00bboff\u00bb button_two_letter_spacing__hover=\u00bbnull\u00bb button_one_bg_color__hover_enabled=\u00bboff\u00bb button_one_bg_color__hover=\u00bbnull\u00bb button_two_bg_color__hover_enabled=\u00bboff\u00bb button_two_bg_color__hover=\u00bbnull\u00bb]<\/p>\n<p><\/p>\n<p>[\/et_pb_fullwidth_header][et_pb_fullwidth_menu menu_id=\u00bb51&#8243; submenu_direction=\u00bbdownwards\u00bb fullwidth_menu=\u00bboff\u00bb active_link_color=\u00bb#b26200&#8243; dropdown_menu_line_color=\u00bb#6c9fc1&#8243; dropdown_menu_text_color=\u00bb#000000&#8243; mobile_menu_text_color=\u00bb#000000&#8243; disabled_on=\u00bbon|on|on\u00bb _builder_version=\u00bb3.12&#8243; menu_font=\u00bb|700|||||||\u00bb menu_text_color=\u00bb#000000&#8243; menu_font_size=\u00bb16px\u00bb background_color=\u00bb#d7eaf4&#8243; text_orientation=\u00bbcenter\u00bb animation_style=\u00bbfade\u00bb animation_duration=\u00bb500ms\u00bb disabled=\u00bbon\u00bb saved_tabs=\u00bball\u00bb]<\/p>\n<p><\/p>\n<p>[\/et_pb_fullwidth_menu][\/et_pb_section][et_pb_section bb_built=\u00bb1&#8243; _builder_version=\u00bb3.0.47&#8243; inner_width=\u00bb90%\u00bb inner_max_width=\u00bb1200px\u00bb prev_background_color=\u00bb#000000&#8243;][et_pb_row make_fullwidth=\u00bbon\u00bb _builder_version=\u00bb3.12&#8243; background_color=\u00bb#cecece\u00bb use_background_color_gradient=\u00bbon\u00bb background_color_gradient_start=\u00bb#81a7c1&#8243; background_color_gradient_end=\u00bb#ededed\u00bb border_radii=\u00bb|25px|25px|25px|25px\u00bb module_class=\u00bb et_pb_row_fullwidth\u00bb width=\u00bb89%\u00bb width_tablet=\u00bb80%\u00bb width_last_edited=\u00bbon|desktop\u00bb max_width=\u00bb89%\u00bb max_width_tablet=\u00bb80%\u00bb max_width_last_edited=\u00bbon|desktop\u00bb][et_pb_column type=\u00bb4_4&#8243; _builder_version=\u00bb3.0.47&#8243; parallax=\u00bboff\u00bb parallax_method=\u00bbon\u00bb custom_padding__hover=\u00bb|||\u00bb custom_padding=\u00bb|||\u00bb][et_pb_image admin_label=\u00bbImagen PAAMS\u00bb src=\u00bbhttps:\/\/www.insisoc.uva.es\/wp-content\/uploads\/2018\/11\/18.7.PAAMS_.png\u00bb url=\u00bbhttps:\/\/www.paams.net\/\u00bb url_new_window=\u00bbon\u00bb align=\u00bbcenter\u00bb _builder_version=\u00bb3.12&#8243; align_last_edited=\u00bbon|desktop\u00bb align_tablet=\u00bbcenter\u00bb]<\/p>\n<p><\/p>\n<p>[\/et_pb_image][\/et_pb_column][\/et_pb_row][et_pb_row disabled_on=\u00bboff|off|off\u00bb _builder_version=\u00bb3.0.47&#8243; background_size=\u00bbinitial\u00bb background_position=\u00bbtop_left\u00bb background_repeat=\u00bbrepeat\u00bb width=\u00bb90%\u00bb max_width=\u00bb1200px\u00bb][et_pb_column type=\u00bb4_4&#8243; _builder_version=\u00bb3.0.47&#8243; parallax=\u00bboff\u00bb parallax_method=\u00bbon\u00bb custom_padding__hover=\u00bb|||\u00bb custom_padding=\u00bb|||\u00bb][et_pb_toggle admin_label=\u00bbConmutador 2018&#8243; title=\u00bb2018&#8243; open=\u00bbon\u00bb _builder_version=\u00bb4.0.9&#8243; title_font=\u00bb|700|||||||\u00bb text_shadow_horizontal_length=\u00bbtext_shadow_style,%91object Object%93&#8243; text_shadow_horizontal_length_tablet=\u00bb0px\u00bb text_shadow_vertical_length=\u00bbtext_shadow_style,%91object Object%93&#8243; text_shadow_vertical_length_tablet=\u00bb0px\u00bb text_shadow_blur_strength=\u00bbtext_shadow_style,%91object Object%93&#8243; text_shadow_blur_strength_tablet=\u00bb1px\u00bb title_text_shadow_horizontal_length=\u00bbtitle_text_shadow_style,%91object Object%93&#8243; title_text_shadow_horizontal_length_tablet=\u00bb0px\u00bb title_text_shadow_vertical_length=\u00bbtitle_text_shadow_style,%91object Object%93&#8243; title_text_shadow_vertical_length_tablet=\u00bb0px\u00bb title_text_shadow_blur_strength=\u00bbtitle_text_shadow_style,%91object Object%93&#8243; title_text_shadow_blur_strength_tablet=\u00bb1px\u00bb closed_title_text_shadow_horizontal_length=\u00bbclosed_title_text_shadow_style,%91object Object%93&#8243; closed_title_text_shadow_horizontal_length_tablet=\u00bb0px\u00bb closed_title_text_shadow_vertical_length=\u00bbclosed_title_text_shadow_style,%91object Object%93&#8243; closed_title_text_shadow_vertical_length_tablet=\u00bb0px\u00bb closed_title_text_shadow_blur_strength=\u00bbclosed_title_text_shadow_style,%91object Object%93&#8243; closed_title_text_shadow_blur_strength_tablet=\u00bb1px\u00bb body_text_shadow_horizontal_length=\u00bbbody_text_shadow_style,%91object Object%93&#8243; body_text_shadow_horizontal_length_tablet=\u00bb0px\u00bb body_text_shadow_vertical_length=\u00bbbody_text_shadow_style,%91object Object%93&#8243; body_text_shadow_vertical_length_tablet=\u00bb0px\u00bb body_text_shadow_blur_strength=\u00bbbody_text_shadow_style,%91object Object%93&#8243; body_text_shadow_blur_strength_tablet=\u00bb1px\u00bb body_link_text_shadow_horizontal_length=\u00bbbody_link_text_shadow_style,%91object Object%93&#8243; body_link_text_shadow_horizontal_length_tablet=\u00bb0px\u00bb body_link_text_shadow_vertical_length=\u00bbbody_link_text_shadow_style,%91object Object%93&#8243; body_link_text_shadow_vertical_length_tablet=\u00bb0px\u00bb body_link_text_shadow_blur_strength=\u00bbbody_link_text_shadow_style,%91object Object%93&#8243; body_link_text_shadow_blur_strength_tablet=\u00bb1px\u00bb body_ul_text_shadow_horizontal_length=\u00bbbody_ul_text_shadow_style,%91object Object%93&#8243; body_ul_text_shadow_horizontal_length_tablet=\u00bb0px\u00bb body_ul_text_shadow_vertical_length=\u00bbbody_ul_text_shadow_style,%91object Object%93&#8243; body_ul_text_shadow_vertical_length_tablet=\u00bb0px\u00bb body_ul_text_shadow_blur_strength=\u00bbbody_ul_text_shadow_style,%91object Object%93&#8243; body_ul_text_shadow_blur_strength_tablet=\u00bb1px\u00bb body_ol_text_shadow_horizontal_length=\u00bbbody_ol_text_shadow_style,%91object Object%93&#8243; body_ol_text_shadow_horizontal_length_tablet=\u00bb0px\u00bb body_ol_text_shadow_vertical_length=\u00bbbody_ol_text_shadow_style,%91object Object%93&#8243; body_ol_text_shadow_vertical_length_tablet=\u00bb0px\u00bb body_ol_text_shadow_blur_strength=\u00bbbody_ol_text_shadow_style,%91object Object%93&#8243; body_ol_text_shadow_blur_strength_tablet=\u00bb1px\u00bb body_quote_text_shadow_horizontal_length=\u00bbbody_quote_text_shadow_style,%91object Object%93&#8243; body_quote_text_shadow_horizontal_length_tablet=\u00bb0px\u00bb body_quote_text_shadow_vertical_length=\u00bbbody_quote_text_shadow_style,%91object Object%93&#8243; body_quote_text_shadow_vertical_length_tablet=\u00bb0px\u00bb body_quote_text_shadow_blur_strength=\u00bbbody_quote_text_shadow_style,%91object Object%93&#8243; body_quote_text_shadow_blur_strength_tablet=\u00bb1px\u00bb box_shadow_horizontal_tablet=\u00bb0px\u00bb box_shadow_vertical_tablet=\u00bb0px\u00bb box_shadow_blur_tablet=\u00bb40px\u00bb box_shadow_spread_tablet=\u00bb0px\u00bb z_index_tablet=\u00bb500&#8243;]<\/p>\n<p><strong>T\u00edtulo del trabajo:<\/strong> Agent Based Modelling and Simulation of an Auction Market for Airport Slots Allocation.<\/p>\n<p><strong>Nombre del CONGRESO:<\/strong> 16th International Conference on Practical Applications of Agents and\u00a0Multi-Agent Systems (PAAMS\u201918)<\/p>\n<p><strong>Ciudad de celebraci\u00f3n: <\/strong>Toledo, Espa\u00f1a<\/p>\n<p><strong>Fecha de celebraci\u00f3n:<\/strong> 20\/06\/2018<\/p>\n<p><strong>Fecha de finalizaci\u00f3n:<\/strong> 22\/06\/2018<\/p>\n<p><strong>Entidad organizadora:<\/strong> Universidad de Castilla-La Mancha<\/p>\n<p><strong>Autores:<\/strong> Arauzo, J.A.; Villaf\u00e1\u00f1ez, F.A.; Garc\u00eda, D.P.; Pajares J.; Pav\u00f3n, J.<\/p>\n<p><strong>Disponible en Internet en:<\/strong><\/p>\n<p><a href=\"https:\/\/link.springer.com\/content\/pdf\/10.1007%2F978-3-319-94779-2_39.pdf\" target=\"_blank\" rel=\"noopener noreferrer\">https:\/\/link.springer.com\/content\/pdf\/10.1007%2F978-3-319-94779-2_39.pdf<\/a><\/p>\n<p>[\/et_pb_toggle][et_pb_toggle admin_label=\u00bbConmutador 2010&#8243; title=\u00bb2010&#8243; _builder_version=\u00bb4.0.9&#8243; title_font=\u00bb|700|||||||\u00bb text_shadow_horizontal_length=\u00bbtext_shadow_style,%91object Object%93&#8243; text_shadow_horizontal_length_tablet=\u00bb0px\u00bb text_shadow_vertical_length=\u00bbtext_shadow_style,%91object Object%93&#8243; text_shadow_vertical_length_tablet=\u00bb0px\u00bb text_shadow_blur_strength=\u00bbtext_shadow_style,%91object Object%93&#8243; text_shadow_blur_strength_tablet=\u00bb1px\u00bb title_text_shadow_horizontal_length=\u00bbtitle_text_shadow_style,%91object Object%93&#8243; title_text_shadow_horizontal_length_tablet=\u00bb0px\u00bb title_text_shadow_vertical_length=\u00bbtitle_text_shadow_style,%91object Object%93&#8243; title_text_shadow_vertical_length_tablet=\u00bb0px\u00bb title_text_shadow_blur_strength=\u00bbtitle_text_shadow_style,%91object Object%93&#8243; title_text_shadow_blur_strength_tablet=\u00bb1px\u00bb closed_title_text_shadow_horizontal_length=\u00bbclosed_title_text_shadow_style,%91object Object%93&#8243; closed_title_text_shadow_horizontal_length_tablet=\u00bb0px\u00bb closed_title_text_shadow_vertical_length=\u00bbclosed_title_text_shadow_style,%91object Object%93&#8243; closed_title_text_shadow_vertical_length_tablet=\u00bb0px\u00bb closed_title_text_shadow_blur_strength=\u00bbclosed_title_text_shadow_style,%91object Object%93&#8243; closed_title_text_shadow_blur_strength_tablet=\u00bb1px\u00bb body_text_shadow_horizontal_length=\u00bbbody_text_shadow_style,%91object Object%93&#8243; body_text_shadow_horizontal_length_tablet=\u00bb0px\u00bb body_text_shadow_vertical_length=\u00bbbody_text_shadow_style,%91object Object%93&#8243; body_text_shadow_vertical_length_tablet=\u00bb0px\u00bb body_text_shadow_blur_strength=\u00bbbody_text_shadow_style,%91object Object%93&#8243; body_text_shadow_blur_strength_tablet=\u00bb1px\u00bb body_link_text_shadow_horizontal_length=\u00bbbody_link_text_shadow_style,%91object Object%93&#8243; body_link_text_shadow_horizontal_length_tablet=\u00bb0px\u00bb body_link_text_shadow_vertical_length=\u00bbbody_link_text_shadow_style,%91object Object%93&#8243; body_link_text_shadow_vertical_length_tablet=\u00bb0px\u00bb body_link_text_shadow_blur_strength=\u00bbbody_link_text_shadow_style,%91object Object%93&#8243; body_link_text_shadow_blur_strength_tablet=\u00bb1px\u00bb body_ul_text_shadow_horizontal_length=\u00bbbody_ul_text_shadow_style,%91object Object%93&#8243; body_ul_text_shadow_horizontal_length_tablet=\u00bb0px\u00bb body_ul_text_shadow_vertical_length=\u00bbbody_ul_text_shadow_style,%91object Object%93&#8243; body_ul_text_shadow_vertical_length_tablet=\u00bb0px\u00bb body_ul_text_shadow_blur_strength=\u00bbbody_ul_text_shadow_style,%91object Object%93&#8243; body_ul_text_shadow_blur_strength_tablet=\u00bb1px\u00bb body_ol_text_shadow_horizontal_length=\u00bbbody_ol_text_shadow_style,%91object Object%93&#8243; body_ol_text_shadow_horizontal_length_tablet=\u00bb0px\u00bb body_ol_text_shadow_vertical_length=\u00bbbody_ol_text_shadow_style,%91object Object%93&#8243; body_ol_text_shadow_vertical_length_tablet=\u00bb0px\u00bb body_ol_text_shadow_blur_strength=\u00bbbody_ol_text_shadow_style,%91object Object%93&#8243; body_ol_text_shadow_blur_strength_tablet=\u00bb1px\u00bb body_quote_text_shadow_horizontal_length=\u00bbbody_quote_text_shadow_style,%91object Object%93&#8243; body_quote_text_shadow_horizontal_length_tablet=\u00bb0px\u00bb body_quote_text_shadow_vertical_length=\u00bbbody_quote_text_shadow_style,%91object Object%93&#8243; body_quote_text_shadow_vertical_length_tablet=\u00bb0px\u00bb body_quote_text_shadow_blur_strength=\u00bbbody_quote_text_shadow_style,%91object Object%93&#8243; body_quote_text_shadow_blur_strength_tablet=\u00bb1px\u00bb box_shadow_horizontal_tablet=\u00bb0px\u00bb box_shadow_vertical_tablet=\u00bb0px\u00bb box_shadow_blur_tablet=\u00bb40px\u00bb box_shadow_spread_tablet=\u00bb0px\u00bb z_index_tablet=\u00bb500&#8243;]<\/p>\n<p><strong>T\u00edtulo del trabajo:<\/strong> Application of Model Driven Techniques for Agent-Based Simulation.<\/p>\n<p><strong>Nombre del CONGRESO:<\/strong> 8th International Conference on Practical Applications of Agents and Multi-Agent Systems (PAAMS\u201910)<\/p>\n<p><strong>Ciudad de celebraci\u00f3n:<\/strong> Salamanca, Espa\u00f1a<\/p>\n<p><strong>Fecha de celebraci\u00f3n:<\/strong> 26\/04\/2010<\/p>\n<p><strong>Fecha de finalizaci\u00f3n:<\/strong> 28\/04\/2010<\/p>\n<p><strong>Entidad organizadora: <\/strong>Fundaci\u00f3n General de la Universidad de Salamanca<\/p>\n<p><strong>Autores: <\/strong>Fuentes-Fern\u00e1ndez, R.; Gal\u00e1n-Ordax, J.M.; Hassan, S.; L\u00f3pez-Paredes, A.; Pav\u00f3n, J.<\/p>\n<p><strong>Disponible en Internet en:<\/strong><\/p>\n<p><a href=\"https:\/\/link.springer.com\/content\/pdf\/10.1007%2F978-3-642-12384-9_11.pdf\" target=\"_blank\" rel=\"noopener noreferrer\">https:\/\/link.springer.com\/content\/pdf\/10.1007%2F978-3-642-12384-9_11.pdf<\/a><\/p>\n<hr \/>\n<p>\u00a0<\/p>\n<p><strong>T\u00edtulo del trabajo:<\/strong> Price Updating in Combinatorial Auctions for Coordination of Manufacturing Multiagent Systems.<\/p>\n<p><strong>Nombre del CONGRESO:<\/strong> 8th International Conference on Practical Applications of Agents and Multi-Agent Systems (PAAMS\u201910)<\/p>\n<p><strong>Ciudad de celebraci\u00f3n:<\/strong> Salamanca, Espa\u00f1a<\/p>\n<p><strong>Fecha de celebraci\u00f3n:<\/strong> 26\/04\/2010<\/p>\n<p><strong>Fecha de finalizaci\u00f3n:<\/strong> 28\/04\/2010<\/p>\n<p><strong>Entidad organizadora: <\/strong>Fundaci\u00f3n General de la Universidad de Salamanca<\/p>\n<p><strong>Autores: <\/strong>Lavios-Villahoz, J.J.; Del Olmo-Mart\u00ednez, R.; Arauzo-Arauzo, J.A.; Gal\u00e1n-Ordax, J.M.<\/p>\n<p><strong>Disponible en Internet en: <\/strong><\/p>\n<p><a href=\"https:\/\/link.springer.com\/content\/pdf\/10.1007%2F978-3-642-12433-4_24.pdf\" target=\"_blank\" rel=\"noopener noreferrer\">https:\/\/link.springer.com\/content\/pdf\/10.1007%2F978-3-642-12433-4_24.pdf<\/a><\/p>\n<p>[\/et_pb_toggle][et_pb_toggle admin_label=\u00bbConmutador 2009&#8243; title=\u00bb2009&#8243; _builder_version=\u00bb4.0.9&#8243; title_font=\u00bb|700|||||||\u00bb text_shadow_horizontal_length=\u00bbtext_shadow_style,%91object Object%93&#8243; text_shadow_horizontal_length_tablet=\u00bb0px\u00bb text_shadow_vertical_length=\u00bbtext_shadow_style,%91object Object%93&#8243; text_shadow_vertical_length_tablet=\u00bb0px\u00bb text_shadow_blur_strength=\u00bbtext_shadow_style,%91object Object%93&#8243; text_shadow_blur_strength_tablet=\u00bb1px\u00bb title_text_shadow_horizontal_length=\u00bbtitle_text_shadow_style,%91object Object%93&#8243; title_text_shadow_horizontal_length_tablet=\u00bb0px\u00bb title_text_shadow_vertical_length=\u00bbtitle_text_shadow_style,%91object Object%93&#8243; title_text_shadow_vertical_length_tablet=\u00bb0px\u00bb title_text_shadow_blur_strength=\u00bbtitle_text_shadow_style,%91object Object%93&#8243; title_text_shadow_blur_strength_tablet=\u00bb1px\u00bb closed_title_text_shadow_horizontal_length=\u00bbclosed_title_text_shadow_style,%91object Object%93&#8243; closed_title_text_shadow_horizontal_length_tablet=\u00bb0px\u00bb closed_title_text_shadow_vertical_length=\u00bbclosed_title_text_shadow_style,%91object Object%93&#8243; closed_title_text_shadow_vertical_length_tablet=\u00bb0px\u00bb closed_title_text_shadow_blur_strength=\u00bbclosed_title_text_shadow_style,%91object Object%93&#8243; closed_title_text_shadow_blur_strength_tablet=\u00bb1px\u00bb body_text_shadow_horizontal_length=\u00bbbody_text_shadow_style,%91object Object%93&#8243; body_text_shadow_horizontal_length_tablet=\u00bb0px\u00bb body_text_shadow_vertical_length=\u00bbbody_text_shadow_style,%91object Object%93&#8243; body_text_shadow_vertical_length_tablet=\u00bb0px\u00bb body_text_shadow_blur_strength=\u00bbbody_text_shadow_style,%91object Object%93&#8243; body_text_shadow_blur_strength_tablet=\u00bb1px\u00bb body_link_text_shadow_horizontal_length=\u00bbbody_link_text_shadow_style,%91object Object%93&#8243; body_link_text_shadow_horizontal_length_tablet=\u00bb0px\u00bb body_link_text_shadow_vertical_length=\u00bbbody_link_text_shadow_style,%91object Object%93&#8243; body_link_text_shadow_vertical_length_tablet=\u00bb0px\u00bb body_link_text_shadow_blur_strength=\u00bbbody_link_text_shadow_style,%91object Object%93&#8243; body_link_text_shadow_blur_strength_tablet=\u00bb1px\u00bb body_ul_text_shadow_horizontal_length=\u00bbbody_ul_text_shadow_style,%91object Object%93&#8243; body_ul_text_shadow_horizontal_length_tablet=\u00bb0px\u00bb body_ul_text_shadow_vertical_length=\u00bbbody_ul_text_shadow_style,%91object Object%93&#8243; body_ul_text_shadow_vertical_length_tablet=\u00bb0px\u00bb body_ul_text_shadow_blur_strength=\u00bbbody_ul_text_shadow_style,%91object Object%93&#8243; body_ul_text_shadow_blur_strength_tablet=\u00bb1px\u00bb body_ol_text_shadow_horizontal_length=\u00bbbody_ol_text_shadow_style,%91object Object%93&#8243; body_ol_text_shadow_horizontal_length_tablet=\u00bb0px\u00bb body_ol_text_shadow_vertical_length=\u00bbbody_ol_text_shadow_style,%91object Object%93&#8243; body_ol_text_shadow_vertical_length_tablet=\u00bb0px\u00bb body_ol_text_shadow_blur_strength=\u00bbbody_ol_text_shadow_style,%91object Object%93&#8243; body_ol_text_shadow_blur_strength_tablet=\u00bb1px\u00bb body_quote_text_shadow_horizontal_length=\u00bbbody_quote_text_shadow_style,%91object Object%93&#8243; body_quote_text_shadow_horizontal_length_tablet=\u00bb0px\u00bb body_quote_text_shadow_vertical_length=\u00bbbody_quote_text_shadow_style,%91object Object%93&#8243; body_quote_text_shadow_vertical_length_tablet=\u00bb0px\u00bb body_quote_text_shadow_blur_strength=\u00bbbody_quote_text_shadow_style,%91object Object%93&#8243; body_quote_text_shadow_blur_strength_tablet=\u00bb1px\u00bb box_shadow_horizontal_tablet=\u00bb0px\u00bb box_shadow_vertical_tablet=\u00bb0px\u00bb box_shadow_blur_tablet=\u00bb40px\u00bb box_shadow_spread_tablet=\u00bb0px\u00bb z_index_tablet=\u00bb500&#8243;]<\/p>\n<p><strong>T\u00edtulo del trabajo:<\/strong> Online scheduling in multi-project environments. A multi-agent approach.<\/p>\n<p><strong>Nombre del CONGRESO:<\/strong> 7th International Conference on Practical Applications of Agents and Multi-Agent Systems (PAAMS&#8217;09)<\/p>\n<p><strong>Ciudad de celebraci\u00f3n:<\/strong> Salamanca, Espa\u00f1a<\/p>\n<p><strong>Fecha de celebraci\u00f3n:<\/strong> 25\/03\/2009<\/p>\n<p><strong>Fecha de finalizaci\u00f3n:<\/strong> 27\/03\/2009<\/p>\n<p><strong>Entidad organizadora: <\/strong>Fundaci\u00f3n General de la Universidad de Salamanca<\/p>\n<p><strong>Autores: <\/strong>Arauzo-Arauzo, J.A.; Gal\u00e1n-Ordax, J.M.; Pajares-Guti\u00e9rrez, J.; L\u00f3pez-Paredes, A.<\/p>\n<p><strong>Disponible en Internet en:<\/strong><\/p>\n<p><a href=\"https:\/\/link.springer.com\/content\/pdf\/10.1007%2F978-3-642-00487-2_31.pdf\" target=\"_blank\" rel=\"noopener noreferrer\">https:\/\/link.springer.com\/content\/pdf\/10.1007%2F978-3-642-00487-2_31.pdf<\/a><\/p>\n<p>[\/et_pb_toggle][et_pb_toggle admin_label=\u00bbConmutador 2007&#8243; title=\u00bb2007&#8243; _builder_version=\u00bb3.12&#8243; title_font=\u00bb|700|||||||\u00bb]<\/p>\n<p><strong>T\u00edtulo del trabajo:<\/strong> Efecto de la difusi\u00f3n tecnol\u00f3gica de medidas de conservaci\u00f3n de agua en un modelo integrado ABM-GIS.<\/p>\n<p><strong>Nombre del CONGRESO:<\/strong> 6th International Workshop on Practical Applications of Agents and Multiagent Systems (IWPAAMS&#8217;07)<\/p>\n<p><strong>Ciudad de celebraci\u00f3n:<\/strong> Salamanca, Espa\u00f1a<\/p>\n<p><strong>Fecha de celebraci\u00f3n:<\/strong> 12\/11\/2007<\/p>\n<p><strong>Fecha de finalizaci\u00f3n: <\/strong>13\/11\/2007<\/p>\n<p><strong>Entidad organizadora: <\/strong>Universidad de Salamanca<\/p>\n<p><strong>Autores: <\/strong>Gal\u00e1n-Ordax, J.M.; Del Olmo-Mart\u00ednez, R.; L\u00f3pez-Paredes, A.<\/p>\n<p>[\/et_pb_toggle][et_pb_toggle admin_label=\u00bbConmutador 2006&#8243; title=\u00bb2006&#8243; _builder_version=\u00bb3.12&#8243; title_font=\u00bb|700|||||||\u00bb]<\/p>\n<p><strong>T\u00edtulo del trabajo:<\/strong> Could TAC be a laboratory for economists?.<\/p>\n<p><strong>Nombre del CONGRESO:<\/strong> 5th International Workshop on Practical Applications of Agents and Multiagent Systems (IWPAAMS&#8217;06)<\/p>\n<p><strong>Ciudad de celebraci\u00f3n:<\/strong> Segovia, Espa\u00f1a<\/p>\n<p><strong>Fecha de celebraci\u00f3n:<\/strong> 19\/10\/2006<\/p>\n<p><strong>Entidad organizadora: <\/strong>Universidad de Valladolid<\/p>\n<p><strong>Autores: <\/strong>Lavios-Villahoz, J.J.; Gal\u00e1n-Ordax, J.M.; Santos-Mart\u00edn, J.I.; Del Olmo-Mart\u00ednez, R.<\/p>\n<p>[\/et_pb_toggle][et_pb_toggle admin_label=\u00bbConmutador 2005&#8243; title=\u00bb2005&#8243; _builder_version=\u00bb3.12&#8243; title_font=\u00bb|700|||||||\u00bb]<\/p>\n<p><strong>T\u00edtulo del trabajo:<\/strong> Simulating complex adaptive social systems with agents: domestic water management.<\/p>\n<p><strong>Nombre del CONGRESO:<\/strong> 4th International Workshop on Practical Applications of Agents and Multiagent Systems (IWPAAMS&#8217;05)<\/p>\n<p><strong>Ciudad de celebraci\u00f3n:<\/strong> Le\u00f3n, Espa\u00f1a<\/p>\n<p><strong>Fecha de celebraci\u00f3n:<\/strong> 20\/10\/2005<\/p>\n<p><strong>Entidad organizadora: <\/strong>Universidad de Le\u00f3n<\/p>\n<p><strong>Autores: <\/strong>Gal\u00e1n-Ordax, J.M.; Santos-Mart\u00edn, J.I.; Izquierdo, S.; Del Olmo-Mart\u00ednez, R.; L\u00f3pez-Paredes, A.<\/p>\n<p>[\/et_pb_toggle][\/et_pb_column][\/et_pb_row][\/et_pb_section]<\/p>\n","protected":false},"excerpt":{"rendered":"<p>T\u00edtulo del trabajo: Agent Based Modelling and Simulation of an Auction Market for Airport Slots Allocation.Nombre del CONGRESO: 16th International Conference on Practical Applications of Agents and\u00a0Multi-Agent Systems (PAAMS\u201918)Ciudad de celebraci\u00f3n: Toledo, Espa\u00f1aFecha de celebraci\u00f3n: 20\/06\/2018Fecha de finalizaci\u00f3n: 22\/06\/2018Entidad organizadora: Universidad de Castilla-La ManchaAutores: Arauzo, J.A.; Villaf\u00e1\u00f1ez, F.A.; Garc\u00eda, D.P.; Pajares J.; Pav\u00f3n, J.Disponible en [&hellip;]<\/p>\n","protected":false},"author":11,"featured_media":0,"parent":0,"menu_order":0,"comment_status":"closed","ping_status":"closed","template":"","meta":{"_et_pb_use_builder":"on","_et_pb_old_content":"","_et_gb_content_width":"","footnotes":""},"class_list":["post-7840","page","type-page","status-publish","hentry"],"_links":{"self":[{"href":"https:\/\/www.insisoc.uva.es\/index.php\/wp-json\/wp\/v2\/pages\/7840","targetHints":{"allow":["GET"]}}],"collection":[{"href":"https:\/\/www.insisoc.uva.es\/index.php\/wp-json\/wp\/v2\/pages"}],"about":[{"href":"https:\/\/www.insisoc.uva.es\/index.php\/wp-json\/wp\/v2\/types\/page"}],"author":[{"embeddable":true,"href":"https:\/\/www.insisoc.uva.es\/index.php\/wp-json\/wp\/v2\/users\/11"}],"replies":[{"embeddable":true,"href":"https:\/\/www.insisoc.uva.es\/index.php\/wp-json\/wp\/v2\/comments?post=7840"}],"version-history":[{"count":0,"href":"https:\/\/www.insisoc.uva.es\/index.php\/wp-json\/wp\/v2\/pages\/7840\/revisions"}],"wp:attachment":[{"href":"https:\/\/www.insisoc.uva.es\/index.php\/wp-json\/wp\/v2\/media?parent=7840"}],"curies":[{"name":"wp","href":"https:\/\/api.w.org\/{rel}","templated":true}]}}