{"id":7847,"date":"2018-12-09T15:45:33","date_gmt":"2018-12-09T15:45:33","guid":{"rendered":"https:\/\/www.insisoc.uva.es\/?page_id=7847"},"modified":"2019-02-08T11:03:55","modified_gmt":"2019-02-08T11:03:55","slug":"ins-hsss-conferences","status":"publish","type":"page","link":"https:\/\/www.insisoc.uva.es\/index.php\/ins-hsss-conferences\/","title":{"rendered":"Ins-HSSS Conferences"},"content":{"rendered":"<p>[et_pb_section fb_built=\u00bb1&#8243; fullwidth=\u00bbon\u00bb _builder_version=\u00bb3.0.47&#8243;][et_pb_fullwidth_header title=\u00bbHSSS &#8211; National &#038; International Conference\u00bb subhead=\u00bbInsisoc participated in this conference with the following works\u00bb title_font_color=\u00bb#ffffff\u00bb subhead_font_color=\u00bb#ffffff\u00bb admin_label=\u00bbT\u00edtulo Insisoc in the HSSS\u00bb _builder_version=\u00bb3.12&#8243; title_font=\u00bb||||||||\u00bb title_text_color=\u00bb#ffffff\u00bb title_font_size=\u00bb27px\u00bb subhead_text_color=\u00bb#ffffff\u00bb subhead_font_size=\u00bb19px\u00bb background_layout=\u00bblight\u00bb max_width_tablet=\u00bb50px\u00bb text_shadow_style=\u00bbpreset5&#8243;][\/et_pb_fullwidth_header][et_pb_fullwidth_menu menu_id=\u00bb51&#8243; submenu_direction=\u00bbdownwards\u00bb fullwidth_menu=\u00bboff\u00bb active_link_color=\u00bb#b26200&#8243; dropdown_menu_line_color=\u00bb#6c9fc1&#8243; dropdown_menu_text_color=\u00bb#000000&#8243; mobile_menu_text_color=\u00bb#000000&#8243; disabled_on=\u00bbon|on|on\u00bb _builder_version=\u00bb3.12&#8243; menu_font=\u00bb|700|||||||\u00bb menu_text_color=\u00bb#000000&#8243; menu_font_size=\u00bb16px\u00bb background_color=\u00bb#d7eaf4&#8243; text_orientation=\u00bbcenter\u00bb animation_style=\u00bbfade\u00bb animation_duration=\u00bb500ms\u00bb disabled=\u00bbon\u00bb saved_tabs=\u00bball\u00bb][\/et_pb_fullwidth_menu][\/et_pb_section][et_pb_section fb_built=\u00bb1&#8243; _builder_version=\u00bb3.0.47&#8243;][et_pb_row make_fullwidth=\u00bbon\u00bb _builder_version=\u00bb3.12&#8243; background_color=\u00bb#cecece\u00bb use_background_color_gradient=\u00bbon\u00bb background_color_gradient_start=\u00bb#81a7c1&#8243; background_color_gradient_end=\u00bb#ededed\u00bb border_radii=\u00bb|25px|25px|25px|25px\u00bb][et_pb_column type=\u00bb4_4&#8243; _builder_version=\u00bb3.0.47&#8243; parallax=\u00bboff\u00bb parallax_method=\u00bbon\u00bb][et_pb_image src=\u00bbhttps:\/\/www.insisoc.uva.es\/wp-content\/uploads\/2018\/11\/20.HSSS_.png\u00bb url=\u00bbhttp:\/\/www.hsss.gr\/eng\/index.html\u00bb url_new_window=\u00bbon\u00bb align=\u00bbcenter\u00bb admin_label=\u00bbImagen HSSS\u00bb _builder_version=\u00bb3.12&#8243; max_width=\u00bb20%\u00bb][\/et_pb_image][\/et_pb_column][\/et_pb_row][et_pb_row disabled_on=\u00bboff|off|off\u00bb _builder_version=\u00bb3.0.47&#8243; background_size=\u00bbinitial\u00bb background_position=\u00bbtop_left\u00bb background_repeat=\u00bbrepeat\u00bb][et_pb_column type=\u00bb4_4&#8243; _builder_version=\u00bb3.0.47&#8243; parallax=\u00bboff\u00bb parallax_method=\u00bbon\u00bb][et_pb_toggle title=\u00bb2017&#8243; open=\u00bbon\u00bb admin_label=\u00bbConmutador 2017&#8243; _builder_version=\u00bb3.12&#8243; title_font=\u00bb|700|||||||\u00bb]<strong>T\u00edtulo del trabajo:<\/strong> Complexity, Systems Thinking and ICTs.<\/p>\n<p><strong>Nombre del CONGRESO:<\/strong> 13th HSSS National &amp; International Conference \u201cSystemic Organizational Excellence\u201d<\/p>\n<p><strong>Ciudad de celebraci\u00f3n:<\/strong> Sparta, Grecia<\/p>\n<p><strong>Fecha de celebraci\u00f3n:<\/strong> 02\/06\/2017<\/p>\n<p><strong>Fecha de finalizaci\u00f3n: <\/strong>03\/06\/2017<\/p>\n<p><strong>Entidad organizadora: <\/strong>HSSS &#8211; Hellenic Society for Systemic Studies<\/p>\n<p><strong>Autores: <\/strong>P\u00e9rez-R\u00edos, J.<br \/>\n[\/et_pb_toggle][et_pb_toggle title=\u00bb2015&#8243; admin_label=\u00bbConmutador 2015&#8243; _builder_version=\u00bb3.12&#8243; title_font=\u00bb|700|||||||\u00bb]<strong>T\u00edtulo del trabajo:<\/strong> An Organizational Cybernetics and ICT based approach to facilitate collective discussion of complex issues.<\/p>\n<p><strong>Nombre del CONGRESO:<\/strong> 11th HSSS National &amp; International Conference \u201cSystemics and Health Care\u201d<\/p>\n<p><strong>Ciudad de celebraci\u00f3n: <\/strong>Athens, Grecia<\/p>\n<p><strong>Fecha de celebraci\u00f3n:<\/strong> 10\/07\/2015<\/p>\n<p><strong>Fecha de finalizaci\u00f3n: <\/strong>11\/07\/2015<\/p>\n<p><strong>Entidad organizadora: <\/strong>HSSS &#8211; Hellenic Society for Systemic Studies<\/p>\n<p><strong>Autores: <\/strong>P\u00e9rez-R\u00edos, J.<br \/>\n[\/et_pb_toggle][et_pb_toggle title=\u00bb2013&#8243; admin_label=\u00bbConmutador 2013&#8243; _builder_version=\u00bb3.12&#8243; title_font=\u00bb|700|||||||\u00bb]<strong>T\u00edtulo del trabajo<\/strong>: Diagnosing organizations for viability. Some organizational pathologies.<\/p>\n<p><strong>Nombre del CONGRESO:<\/strong> 9th HSSS National &amp; International Conference \u201cSystemics for Process Cohesion\u201d<\/p>\n<p><strong>Ciudad de celebraci\u00f3n: <\/strong>Volos, Grecia<\/p>\n<p><strong>Fecha de celebraci\u00f3n:<\/strong> 11\/07\/2013<\/p>\n<p><strong>Fecha de finalizaci\u00f3n:<\/strong> 13\/07\/2013<\/p>\n<p><strong>Entidad organizadora: <\/strong>HSSS &#8211; Hellenic Society for Systemic Studies<\/p>\n<p><strong>Autores: <\/strong>P\u00e9rez-R\u00edos, J.<br \/>\n[\/et_pb_toggle][et_pb_toggle title=\u00bb2011&#8243; admin_label=\u00bbConmutador 2011&#8243; _builder_version=\u00bb3.12&#8243; title_font=\u00bb|700|||||||\u00bb]<\/p>\n<p><strong>T\u00edtulo del trabajo<\/strong>: Professional Systemics in Urban Planning: The case of the University of A Coru\u00f1a.<\/p>\n<p><strong>Nombre del CONGRESO:<\/strong> 7th HSSS National &amp; International Conference \u201cProfessional Systemics in Action\u201d<\/p>\n<p><strong>Ciudad de celebraci\u00f3n: <\/strong>Athens, Grecia<\/p>\n<p><strong>Fecha de celebraci\u00f3n:<\/strong> 04\/05\/2011<\/p>\n<p><strong>Fecha de finalizaci\u00f3n:<\/strong> 07\/05\/2011<\/p>\n<p><strong>Entidad organizadora: <\/strong>HSSS<strong> &#8211; <\/strong>Hellenic Society for Systemic Studies<\/p>\n<p><strong>Autores: <\/strong>P\u00e9rez-R\u00edos, J.; Mart\u00ednez-Su\u00e1rez, X.L.<\/p>\n<p>[\/et_pb_toggle][et_pb_toggle title=\u00bb2010&#8243; admin_label=\u00bbConmutador 2010&#8243; _builder_version=\u00bb3.12&#8243; title_font=\u00bb|700|||||||\u00bb]<strong>T\u00edtulo del trabajo<\/strong>: Narrowing the gap between theory and practice: An Organizational Cybernetics conceptual framework for diagnosing and designing organizations.<\/p>\n<p><strong>Nombre del CONGRESO:<\/strong> 6th HSSS National &amp; International Conference \u201cSystemic Approaches in Social Structures\u201d<\/p>\n<p><strong>Ciudad de celebraci\u00f3n: <\/strong>Lesvos, Grecia<\/p>\n<p><strong>Fecha de celebraci\u00f3n:<\/strong> 23\/06\/2010<\/p>\n<p><strong>Fecha de finalizaci\u00f3n: <\/strong>26\/06\/2010<\/p>\n<p><strong>Entidad organizadora: <\/strong>HSSS &#8211; Hellenic Society for Systemic Studies<\/p>\n<p><strong>Autores: <\/strong>P\u00e9rez-R\u00edos, J.<br \/>\n[\/et_pb_toggle][et_pb_toggle title=\u00bb2007&#8243; admin_label=\u00bbConmutador 2007&#8243; _builder_version=\u00bb3.12&#8243; title_font=\u00bb|700|||||||\u00bb]<strong>T\u00edtulo del trabajo<\/strong>: Modeling Organizations for Viability.<\/p>\n<p><strong>Nombre del CONGRESO:<\/strong> 3rd National Conference of the Hellenic Society for Systemic Studies<\/p>\n<p><strong>Ciudad de celebraci\u00f3n: <\/strong>Piraeus, Atenas, Grecia<\/p>\n<p><strong>Fecha de celebraci\u00f3n:<\/strong> 26\/05\/2007<\/p>\n<p><strong>Fecha de finalizaci\u00f3n:<\/strong> 28\/05\/2007<\/p>\n<p><strong>Entidad organizadora: <\/strong>HSSS &#8211; Hellenic Society for Systemic Studies<\/p>\n<p><strong>Autores: <\/strong>P\u00e9rez-R\u00edos, J.<br \/>\n[\/et_pb_toggle][\/et_pb_column][\/et_pb_row][\/et_pb_section]<\/p>\n","protected":false},"excerpt":{"rendered":"<p>T\u00edtulo del trabajo: Complexity, Systems Thinking and ICTs. Nombre del CONGRESO: 13th HSSS National &amp; International Conference \u201cSystemic Organizational Excellence\u201d Ciudad de celebraci\u00f3n: Sparta, Grecia Fecha de celebraci\u00f3n: 02\/06\/2017 Fecha de finalizaci\u00f3n: 03\/06\/2017 Entidad organizadora: HSSS &#8211; Hellenic Society for Systemic Studies Autores: P\u00e9rez-R\u00edos, J. T\u00edtulo del trabajo: An Organizational Cybernetics and ICT based approach [&hellip;]<\/p>\n","protected":false},"author":11,"featured_media":0,"parent":0,"menu_order":0,"comment_status":"closed","ping_status":"closed","template":"","meta":{"_et_pb_use_builder":"on","_et_pb_old_content":"","_et_gb_content_width":"","footnotes":""},"class_list":["post-7847","page","type-page","status-publish","hentry"],"_links":{"self":[{"href":"https:\/\/www.insisoc.uva.es\/index.php\/wp-json\/wp\/v2\/pages\/7847","targetHints":{"allow":["GET"]}}],"collection":[{"href":"https:\/\/www.insisoc.uva.es\/index.php\/wp-json\/wp\/v2\/pages"}],"about":[{"href":"https:\/\/www.insisoc.uva.es\/index.php\/wp-json\/wp\/v2\/types\/page"}],"author":[{"embeddable":true,"href":"https:\/\/www.insisoc.uva.es\/index.php\/wp-json\/wp\/v2\/users\/11"}],"replies":[{"embeddable":true,"href":"https:\/\/www.insisoc.uva.es\/index.php\/wp-json\/wp\/v2\/comments?post=7847"}],"version-history":[{"count":0,"href":"https:\/\/www.insisoc.uva.es\/index.php\/wp-json\/wp\/v2\/pages\/7847\/revisions"}],"wp:attachment":[{"href":"https:\/\/www.insisoc.uva.es\/index.php\/wp-json\/wp\/v2\/media?parent=7847"}],"curies":[{"name":"wp","href":"https:\/\/api.w.org\/{rel}","templated":true}]}}