{"id":7856,"date":"2018-12-09T18:39:51","date_gmt":"2018-12-09T18:39:51","guid":{"rendered":"https:\/\/www.insisoc.uva.es\/?page_id=7856"},"modified":"2020-03-27T14:13:49","modified_gmt":"2020-03-27T14:13:49","slug":"ins-ijcieom","status":"publish","type":"page","link":"https:\/\/www.insisoc.uva.es\/index.php\/ins-ijcieom\/","title":{"rendered":"Ins-IJCIEOM"},"content":{"rendered":"<p>[et_pb_section bb_built=\u00bb1&#8243; fullwidth=\u00bbon\u00bb _builder_version=\u00bb3.0.47&#8243; inner_width=\u00bb90%\u00bb inner_max_width=\u00bb1200px\u00bb next_background_color=\u00bb#000000&#8243;][et_pb_fullwidth_header admin_label=\u00bbT\u00edtulo Insisoc in the IJCIEOM\u00bb title=\u00bbInsisoc in the IJCIEOM &#8211; International Joint Conference on Industrial Engineering and Operations Management\u00bb subhead=\u00bbInsisoc participated in this conference with the following works\u00bb title_font_color=\u00bb#ffffff\u00bb subhead_font_color=\u00bb#ffffff\u00bb _builder_version=\u00bb3.12&#8243; title_font=\u00bb||||||||\u00bb title_text_color=\u00bb#ffffff\u00bb title_font_size=\u00bb27px\u00bb subhead_text_color=\u00bb#ffffff\u00bb subhead_font_size=\u00bb19px\u00bb background_layout=\u00bblight\u00bb max_width_tablet=\u00bb50px\u00bb text_shadow_style=\u00bbpreset5&#8243; button_one_text_size__hover_enabled=\u00bboff\u00bb button_one_text_size__hover=\u00bbnull\u00bb button_two_text_size__hover_enabled=\u00bboff\u00bb button_two_text_size__hover=\u00bbnull\u00bb button_one_text_color__hover_enabled=\u00bboff\u00bb button_one_text_color__hover=\u00bbnull\u00bb button_two_text_color__hover_enabled=\u00bboff\u00bb button_two_text_color__hover=\u00bbnull\u00bb button_one_border_width__hover_enabled=\u00bboff\u00bb button_one_border_width__hover=\u00bbnull\u00bb button_two_border_width__hover_enabled=\u00bboff\u00bb button_two_border_width__hover=\u00bbnull\u00bb button_one_border_color__hover_enabled=\u00bboff\u00bb button_one_border_color__hover=\u00bbnull\u00bb button_two_border_color__hover_enabled=\u00bboff\u00bb button_two_border_color__hover=\u00bbnull\u00bb button_one_border_radius__hover_enabled=\u00bboff\u00bb button_one_border_radius__hover=\u00bbnull\u00bb button_two_border_radius__hover_enabled=\u00bboff\u00bb button_two_border_radius__hover=\u00bbnull\u00bb button_one_letter_spacing__hover_enabled=\u00bboff\u00bb button_one_letter_spacing__hover=\u00bbnull\u00bb button_two_letter_spacing__hover_enabled=\u00bboff\u00bb button_two_letter_spacing__hover=\u00bbnull\u00bb button_one_bg_color__hover_enabled=\u00bboff\u00bb button_one_bg_color__hover=\u00bbnull\u00bb button_two_bg_color__hover_enabled=\u00bboff\u00bb button_two_bg_color__hover=\u00bbnull\u00bb]<\/p>\n<p><\/p>\n<p>[\/et_pb_fullwidth_header][et_pb_fullwidth_menu menu_id=\u00bb51&#8243; submenu_direction=\u00bbdownwards\u00bb fullwidth_menu=\u00bboff\u00bb active_link_color=\u00bb#b26200&#8243; dropdown_menu_line_color=\u00bb#6c9fc1&#8243; dropdown_menu_text_color=\u00bb#000000&#8243; mobile_menu_text_color=\u00bb#000000&#8243; disabled_on=\u00bbon|on|on\u00bb _builder_version=\u00bb3.12&#8243; menu_font=\u00bb|700|||||||\u00bb menu_text_color=\u00bb#000000&#8243; menu_font_size=\u00bb16px\u00bb background_color=\u00bb#d7eaf4&#8243; text_orientation=\u00bbcenter\u00bb animation_style=\u00bbfade\u00bb animation_duration=\u00bb500ms\u00bb disabled=\u00bbon\u00bb saved_tabs=\u00bball\u00bb]<\/p>\n<p><\/p>\n<p>[\/et_pb_fullwidth_menu][\/et_pb_section][et_pb_section bb_built=\u00bb1&#8243; _builder_version=\u00bb3.12&#8243; inner_width=\u00bb90%\u00bb inner_max_width=\u00bb1200px\u00bb prev_background_color=\u00bb#000000&#8243;][et_pb_row make_fullwidth=\u00bbon\u00bb _builder_version=\u00bb3.12&#8243; background_color=\u00bb#cecece\u00bb use_background_color_gradient=\u00bbon\u00bb background_color_gradient_start=\u00bb#81a7c1&#8243; background_color_gradient_end=\u00bb#ededed\u00bb border_radii=\u00bb|25px|25px|25px|25px\u00bb module_class=\u00bb et_pb_row_fullwidth\u00bb width=\u00bb89%\u00bb width_tablet=\u00bb80%\u00bb width_last_edited=\u00bbon|desktop\u00bb max_width=\u00bb89%\u00bb max_width_tablet=\u00bb80%\u00bb max_width_last_edited=\u00bbon|desktop\u00bb][et_pb_column type=\u00bb4_4&#8243; _builder_version=\u00bb3.0.47&#8243; parallax=\u00bboff\u00bb parallax_method=\u00bbon\u00bb custom_padding__hover=\u00bb|||\u00bb custom_padding=\u00bb|||\u00bb][et_pb_text admin_label=\u00bbImagen IJCIEOM\u00bb _builder_version=\u00bb3.12&#8243; text_orientation=\u00bbleft\u00bb]<\/p>\n<p><a href=\"http:\/\/www.icieom.org\/\" target=\"_blank\" rel=\"noopener noreferrer\"><img loading=\"lazy\" decoding=\"async\" class=\" wp-image-7409 aligncenter\" src=\"https:\/\/www.insisoc.uva.es\/wp-content\/uploads\/2018\/11\/logo_ijcieom-300x220.png\" alt=\"\" width=\"228\" height=\"167\" srcset=\"https:\/\/www.insisoc.uva.es\/wp-content\/uploads\/2018\/11\/logo_ijcieom-300x220.png 300w, https:\/\/www.insisoc.uva.es\/wp-content\/uploads\/2018\/11\/logo_ijcieom.png 678w\" sizes=\"(max-width: 228px) 100vw, 228px\" \/><\/a><\/p>\n<p>[\/et_pb_text][\/et_pb_column][\/et_pb_row][et_pb_row disabled_on=\u00bboff|off|off\u00bb _builder_version=\u00bb3.0.47&#8243; background_size=\u00bbinitial\u00bb background_position=\u00bbtop_left\u00bb background_repeat=\u00bbrepeat\u00bb width=\u00bb90%\u00bb max_width=\u00bb1200px\u00bb][et_pb_column type=\u00bb4_4&#8243; _builder_version=\u00bb3.0.47&#8243; parallax=\u00bboff\u00bb parallax_method=\u00bbon\u00bb custom_padding__hover=\u00bb|||\u00bb custom_padding=\u00bb|||\u00bb][et_pb_toggle admin_label=\u00bbConmutador 2016&#8243; title=\u00bb2016&#8243; open=\u00bbon\u00bb _builder_version=\u00bb4.0.9&#8243; title_font=\u00bb|700|||||||\u00bb]<\/p>\n<p><strong>T\u00edtulo del trabajo:<\/strong> Organizational Resilience in Practice: the Viable System Model.<\/p>\n<p><strong>Nombre del CONGRESO:<\/strong> International Joint Conference-CIO-ICIEOM-IIE-AIM (IJC2016)<\/p>\n<p><strong>Ciudad de celebraci\u00f3n:<\/strong> San Sebasti\u00e1n, Espa\u00f1a<\/p>\n<p><strong>Fecha de celebraci\u00f3n:<\/strong> 13\/07\/2016<\/p>\n<p><strong>Fecha de finalizaci\u00f3n:<\/strong> 15\/07\/2016<\/p>\n<p><strong>Entidad organizadora:<\/strong> TECNUN, ADINGOR, ABEPRO, IISE, AIM<\/p>\n<p><strong>Autores: <\/strong>Ruiz-Mart\u00edn, C.; Wainer, G.; P\u00e9rez-R\u00edos, J.M.; Pajares-Guti\u00e9rrez, J.; Hern\u00e1ndez-Iglesias, C.; L\u00f3pez-Paredes, A.<\/p>\n<p>[\/et_pb_toggle][et_pb_toggle admin_label=\u00bbConmutador 2013&#8243; title=\u00bb2013&#8243; _builder_version=\u00bb4.0.9&#8243; title_font=\u00bb|700|||||||\u00bb text_shadow_horizontal_length=\u00bbtext_shadow_style,%91object Object%93&#8243; text_shadow_horizontal_length_tablet=\u00bb0px\u00bb text_shadow_vertical_length=\u00bbtext_shadow_style,%91object Object%93&#8243; text_shadow_vertical_length_tablet=\u00bb0px\u00bb text_shadow_blur_strength=\u00bbtext_shadow_style,%91object Object%93&#8243; text_shadow_blur_strength_tablet=\u00bb1px\u00bb title_text_shadow_horizontal_length=\u00bbtitle_text_shadow_style,%91object Object%93&#8243; title_text_shadow_horizontal_length_tablet=\u00bb0px\u00bb title_text_shadow_vertical_length=\u00bbtitle_text_shadow_style,%91object Object%93&#8243; title_text_shadow_vertical_length_tablet=\u00bb0px\u00bb title_text_shadow_blur_strength=\u00bbtitle_text_shadow_style,%91object Object%93&#8243; title_text_shadow_blur_strength_tablet=\u00bb1px\u00bb closed_title_text_shadow_horizontal_length=\u00bbclosed_title_text_shadow_style,%91object Object%93&#8243; closed_title_text_shadow_horizontal_length_tablet=\u00bb0px\u00bb closed_title_text_shadow_vertical_length=\u00bbclosed_title_text_shadow_style,%91object Object%93&#8243; closed_title_text_shadow_vertical_length_tablet=\u00bb0px\u00bb closed_title_text_shadow_blur_strength=\u00bbclosed_title_text_shadow_style,%91object Object%93&#8243; closed_title_text_shadow_blur_strength_tablet=\u00bb1px\u00bb body_text_shadow_horizontal_length=\u00bbbody_text_shadow_style,%91object Object%93&#8243; body_text_shadow_horizontal_length_tablet=\u00bb0px\u00bb body_text_shadow_vertical_length=\u00bbbody_text_shadow_style,%91object Object%93&#8243; body_text_shadow_vertical_length_tablet=\u00bb0px\u00bb body_text_shadow_blur_strength=\u00bbbody_text_shadow_style,%91object Object%93&#8243; body_text_shadow_blur_strength_tablet=\u00bb1px\u00bb body_link_text_shadow_horizontal_length=\u00bbbody_link_text_shadow_style,%91object Object%93&#8243; body_link_text_shadow_horizontal_length_tablet=\u00bb0px\u00bb body_link_text_shadow_vertical_length=\u00bbbody_link_text_shadow_style,%91object Object%93&#8243; body_link_text_shadow_vertical_length_tablet=\u00bb0px\u00bb body_link_text_shadow_blur_strength=\u00bbbody_link_text_shadow_style,%91object Object%93&#8243; body_link_text_shadow_blur_strength_tablet=\u00bb1px\u00bb body_ul_text_shadow_horizontal_length=\u00bbbody_ul_text_shadow_style,%91object Object%93&#8243; body_ul_text_shadow_horizontal_length_tablet=\u00bb0px\u00bb body_ul_text_shadow_vertical_length=\u00bbbody_ul_text_shadow_style,%91object Object%93&#8243; body_ul_text_shadow_vertical_length_tablet=\u00bb0px\u00bb body_ul_text_shadow_blur_strength=\u00bbbody_ul_text_shadow_style,%91object Object%93&#8243; body_ul_text_shadow_blur_strength_tablet=\u00bb1px\u00bb body_ol_text_shadow_horizontal_length=\u00bbbody_ol_text_shadow_style,%91object Object%93&#8243; body_ol_text_shadow_horizontal_length_tablet=\u00bb0px\u00bb body_ol_text_shadow_vertical_length=\u00bbbody_ol_text_shadow_style,%91object Object%93&#8243; body_ol_text_shadow_vertical_length_tablet=\u00bb0px\u00bb body_ol_text_shadow_blur_strength=\u00bbbody_ol_text_shadow_style,%91object Object%93&#8243; body_ol_text_shadow_blur_strength_tablet=\u00bb1px\u00bb body_quote_text_shadow_horizontal_length=\u00bbbody_quote_text_shadow_style,%91object Object%93&#8243; body_quote_text_shadow_horizontal_length_tablet=\u00bb0px\u00bb body_quote_text_shadow_vertical_length=\u00bbbody_quote_text_shadow_style,%91object Object%93&#8243; body_quote_text_shadow_vertical_length_tablet=\u00bb0px\u00bb body_quote_text_shadow_blur_strength=\u00bbbody_quote_text_shadow_style,%91object Object%93&#8243; body_quote_text_shadow_blur_strength_tablet=\u00bb1px\u00bb box_shadow_horizontal_tablet=\u00bb0px\u00bb box_shadow_vertical_tablet=\u00bb0px\u00bb box_shadow_blur_tablet=\u00bb40px\u00bb box_shadow_spread_tablet=\u00bb0px\u00bb z_index_tablet=\u00bb500&#8243;]<\/p>\n<p><strong>T\u00edtulo del trabajo:<\/strong> Gaia Analysis and Design of a Multi-agent-based Shop Floor Control System.<\/p>\n<p><strong>Nombre del CONGRESO:<\/strong> 7th International Conference on Industrial Engineering and Industrial Management &#8211; XVII Congreso de Ingenier\u00eda de Organizaci\u00f3n (CIO 2013) &#8211; XIX International Conference on Industrial Engineering and Operations Management (ICIEOM 2013)<\/p>\n<p><strong>Ciudad de celebraci\u00f3n: <\/strong>Valladolid, Espa\u00f1a<\/p>\n<p><strong>Fecha de celebraci\u00f3n:<\/strong> 10\/07\/2013<\/p>\n<p><strong>Fecha de finalizaci\u00f3n: <\/strong>12\/07\/2013<\/p>\n<p><strong>Entidad organizadora: <\/strong>ADINGOR, ABEPRO<\/p>\n<p><strong>Autores: <\/strong>Arauzo, J.A.; Del Olmo-Mart\u00ednez, R.; Lavios-Villahoz, J.J.<\/p>\n<p><strong>Disponible en Internet en:<\/strong><\/p>\n<p><a href=\"http:\/\/www.revistadyo.com\/index.php\/dyo\/article\/download\/457\/478\" target=\"_blank\" rel=\"noopener noreferrer\">http:\/\/www.revistadyo.com\/index.php\/dyo\/article\/download\/457\/478<\/a><\/p>\n<hr \/>\n<p>\u00a0<\/p>\n<p><strong>T\u00edtulo del trabajo:<\/strong>\u00a0Towards Strategic Project Management.<\/p>\n<p><strong>Nombre del CONGRESO:<\/strong> 7th International Conference on Industrial Engineering and Industrial Management &#8211; XVII Congreso de Ingenier\u00eda de Organizaci\u00f3n (CIO 2013) &#8211; XIX International Conference on Industrial Engineering and Operations Management (ICIEOM 2013)<\/p>\n<p><strong>Ciudad de celebraci\u00f3n: <\/strong>Valladolid, Espa\u00f1a<\/p>\n<p><strong>Fecha de celebraci\u00f3n:<\/strong> 10\/07\/2013<\/p>\n<p><strong>Fecha de finalizaci\u00f3n: <\/strong>12\/07\/2013<\/p>\n<p><strong>Entidad organizadora: <\/strong>ADINGOR, ABEPRO<\/p>\n<p><strong>Autores: <\/strong>Hermano, V.; Mart\u00edn-Cruz, N.<\/p>\n<p><strong>Disponible en Internet en:<\/strong><\/p>\n<p><a href=\"https:\/\/link.springer.com\/content\/pdf\/10.1007%2F978-3-319-04705-8_3.pdf\" target=\"_blank\" rel=\"noopener noreferrer\">https:\/\/link.springer.com\/content\/pdf\/10.1007%2F978-3-319-04705-8_3.pdf<\/a><\/p>\n<hr \/>\n<p>\u00a0<\/p>\n<p><strong>T\u00edtulo del trabajo:<\/strong> Applications of the Lagrangian Relaxation Method to Operations Scheduling.<\/p>\n<p><strong>Nombre del CONGRESO:<\/strong> 7th International Conference on Industrial Engineering and Industrial Management &#8211; XVII Congreso de Ingenier\u00eda de Organizaci\u00f3n (CIO 2013) &#8211; XIX International Conference on Industrial Engineering and Operations Management (ICIEOM 2013)<\/p>\n<p><strong>Ciudad de celebraci\u00f3n: <\/strong>Valladolid, Espa\u00f1a<\/p>\n<p><strong>Fecha de celebraci\u00f3n:<\/strong> 10\/07\/2013<\/p>\n<p><strong>Fecha de finalizaci\u00f3n: <\/strong>12\/07\/2013<\/p>\n<p><strong>Entidad organizadora: <\/strong>ADINGOR, ABEPRO<\/p>\n<p><strong>Autores: <\/strong>Lavios-Villahoz, J.J.; Arauzo, J.A.; Del Olmo-Mart\u00ednez, R.; Manzanedo-Del Campo, M.A.<\/p>\n<p><strong>Disponible en Internet en:<\/strong><\/p>\n<p><a href=\"https:\/\/link.springer.com\/content\/pdf\/10.1007%2F978-3-319-04705-8_17.pdf\" target=\"_blank\" rel=\"noopener noreferrer\">https:\/\/link.springer.com\/content\/pdf\/10.1007%2F978-3-319-04705-8_17.pdf<\/a><\/p>\n<hr \/>\n<p>\u00a0<\/p>\n<p><strong>T\u00edtulo del trabajo:<\/strong> New Technologies and Entrepreneurial Intention.<\/p>\n<p><strong>Nombre del CONGRESO:<\/strong> 7th International Conference on Industrial Engineering and Industrial Management &#8211; XVII Congreso de Ingenier\u00eda de Organizaci\u00f3n (CIO 2013) &#8211; XIX International Conference on Industrial Engineering and Operations Management (ICIEOM 2013)<\/p>\n<p><strong>Ciudad de celebraci\u00f3n: <\/strong>Valladolid, Espa\u00f1a<\/p>\n<p><strong>Fecha de celebraci\u00f3n:<\/strong> 10\/07\/2013<\/p>\n<p><strong>Fecha de finalizaci\u00f3n: <\/strong>12\/07\/2013<\/p>\n<p><strong>Entidad organizadora: <\/strong>ADINGOR, ABEPRO<\/p>\n<p><strong>Autores: <\/strong>Mart\u00edn-Cruz, N.; Rodr\u00edguez-Escudero, A.I.<\/p>\n<p><strong>Disponible en Internet en:<\/strong><\/p>\n<p><a href=\"https:\/\/link.springer.com\/content\/pdf\/10.1007%2F978-3-319-04705-8_6.pdf\" target=\"_blank\" rel=\"noopener noreferrer\">https:\/\/link.springer.com\/content\/pdf\/10.1007%2F978-3-319-04705-8_6.pdf<\/a><\/p>\n<hr \/>\n<p>\u00a0<\/p>\n<p><strong>T\u00edtulo del trabajo:<\/strong> How Organizational Cybernetics can help to organize debates on complex issues.<\/p>\n<p><strong>Nombre del CONGRESO:<\/strong> 7th International Conference on Industrial Engineering and Industrial Management &#8211; XVII Congreso de Ingenier\u00eda de Organizaci\u00f3n (CIO 2013) &#8211; XIX International Conference on Industrial Engineering and Operations Management (ICIEOM 2013)<\/p>\n<p><strong>Ciudad de celebraci\u00f3n: <\/strong>Valladolid, Espa\u00f1a<\/p>\n<p><strong>Fecha de celebraci\u00f3n:<\/strong> 10\/07\/2013<\/p>\n<p><strong>Fecha de finalizaci\u00f3n: <\/strong>12\/07\/2013<\/p>\n<p><strong>Entidad organizadora: <\/strong>ADINGOR, ABEPRO<\/p>\n<p><strong>Autores: <\/strong>P\u00e9rez-R\u00edos, J.; Velasco-Jim\u00e9nez, I.; S\u00e1nchez-Mayoral, P.<\/p>\n<p><strong>Disponible en Internet en:<\/strong><\/p>\n<p><a href=\"https:\/\/link.springer.com\/content\/pdf\/10.1007%2F978-3-319-04705-8_35.pdf\" target=\"_blank\" rel=\"noopener noreferrer\">https:\/\/link.springer.com\/content\/pdf\/10.1007%2F978-3-319-04705-8_35.pdf<\/a><\/p>\n<hr \/>\n<p>\u00a0<\/p>\n<p><strong>T\u00edtulo del trabajo:<\/strong> Agent-Based Modelling and Archaeological Complexity.<\/p>\n<p><strong>Nombre del CONGRESO:<\/strong> 7th International Conference on Industrial Engineering and Industrial Management &#8211; XVII Congreso de Ingenier\u00eda de Organizaci\u00f3n (CIO 2013) &#8211; XIX International Conference on Industrial Engineering and Operations Management (ICIEOM 2013)<\/p>\n<p><strong>Ciudad de celebraci\u00f3n:<\/strong> Valladolid, Espa\u00f1a<\/p>\n<p><strong>Fecha de celebraci\u00f3n:<\/strong> 10\/07\/2013<\/p>\n<p><strong>Fecha de finalizaci\u00f3n: <\/strong>12\/07\/2013<\/p>\n<p><strong>Entidad organizadora:<\/strong> ADINGOR, ABEPRO<\/p>\n<p><strong>Autores: <\/strong>Poza, D.; Del Olmo, R.<\/p>\n<p><strong>Disponible en Internet en:<\/strong><\/p>\n<p><a href=\"https:\/\/link.springer.com\/content\/pdf\/10.1007%2F978-3-319-04705-8_36.pdf\" target=\"_blank\" rel=\"noopener noreferrer\">https:\/\/link.springer.com\/content\/pdf\/10.1007%2F978-3-319-04705-8_36.pdf<\/a><\/p>\n<hr \/>\n<p>\u00a0<\/p>\n<p><strong>T\u00edtulo del trabajo:<\/strong> Complex Networks Applied to Communication Management in Emergency Crisis.<\/p>\n<p><strong>Nombre del CONGRESO:<\/strong> 7th International Conference on Industrial Engineering and Industrial Management &#8211; XVII Congreso de Ingenier\u00eda de Organizaci\u00f3n (CIO 2013) &#8211; XIX International Conference on Industrial Engineering and Operations Management (ICIEOM 2013)<\/p>\n<p><strong>Ciudad de celebraci\u00f3n:<\/strong> Valladolid, Espa\u00f1a<\/p>\n<p><strong>Fecha de celebraci\u00f3n:<\/strong> 10\/07\/2013<\/p>\n<p><strong>Fecha de finalizaci\u00f3n: <\/strong>12\/07\/2013<\/p>\n<p><strong>Entidad organizadora:<\/strong> ADINGOR, ABEPRO<\/p>\n<p><strong>Autores: <\/strong>Ruiz-Mart\u00edn, C.; Ram\u00edrez-Ferrero, M.; Gonz\u00e1lez-\u00c1lvarez, J.L.; Poza-Garc\u00eda, D.J.<\/p>\n<p><strong>Disponible en Internet en:<\/strong><\/p>\n<p><a href=\"https:\/\/link.springer.com\/content\/pdf\/10.1007%2F978-3-319-04705-8_37.pdf\" target=\"_blank\" rel=\"noopener noreferrer\">https:\/\/link.springer.com\/content\/pdf\/10.1007%2F978-3-319-04705-8_37.pdf<\/a><\/p>\n<hr \/>\n<p>\u00a0<\/p>\n<p><strong>T\u00edtulo del trabajo:<\/strong> Predisposition of Workers to Share Knowledge: an Empirical Study.<\/p>\n<p><strong>Nombre del CONGRESO:<\/strong> 7th International Conference on Industrial Engineering and Industrial Management &#8211; XVII Congreso de Ingenier\u00eda de Organizaci\u00f3n (CIO 2013) &#8211; XIX International Conference on Industrial Engineering and Operations Management (ICIEOM 2013)<\/p>\n<p><strong>Ciudad de celebraci\u00f3n: <\/strong>Valladolid, Espa\u00f1a<\/p>\n<p><strong>Fecha de celebraci\u00f3n:<\/strong> 10\/07\/2013<\/p>\n<p><strong>Fecha de finalizaci\u00f3n: <\/strong>12\/07\/2013<\/p>\n<p><strong>Entidad organizadora: <\/strong>ADINGOR, ABEPRO<\/p>\n<p><strong>Autores: <\/strong>S\u00e1iz, L.; D\u00edez, J.I.; Manzanedo, M.A.; Del Olmo, R.<\/p>\n<p><strong>Disponible en Internet en:<\/strong><\/p>\n<p><a href=\"https:\/\/link.springer.com\/content\/pdf\/10.1007%2F978-3-319-04705-8_9.pdf\" target=\"_blank\" rel=\"noopener noreferrer\">https:\/\/link.springer.com\/content\/pdf\/10.1007%2F978-3-319-04705-8_9.pdf<\/a><\/p>\n<hr \/>\n<p>\u00a0<\/p>\n<p><strong>T\u00edtulo del trabajo:<\/strong> Localization based on business interactions through a simulated annealing algorithm.<\/p>\n<p><strong>Nombre del CONGRESO:<\/strong> 7th International Conference on Industrial Engineering and Industrial Management &#8211; XVII Congreso de Ingenier\u00eda de Organizaci\u00f3n (CIO 2013) &#8211; XIX International Conference on Industrial Engineering and Operations Management (ICIEOM 2013)<\/p>\n<p><strong>Ciudad de celebraci\u00f3n:<\/strong> Valladolid, Espa\u00f1a<\/p>\n<p><strong>Fecha de celebraci\u00f3n:<\/strong> 10\/07\/2013<\/p>\n<p><strong>Fecha de finalizaci\u00f3n: <\/strong>12\/07\/2013<\/p>\n<p><strong>Entidad organizadora:<\/strong> ADINGOR, ABEPRO<\/p>\n<p><strong>Autores: <\/strong>S\u00e1nchez-Saiz, R.M.; Gal\u00e1n-Ordax, J.M.; Santos-Mart\u00edn, J.I.<\/p>\n<p><strong>Disponible en Internet en:<\/strong><\/p>\n<p><a href=\"https:\/\/link.springer.com\/content\/pdf\/10.1007%2F978-3-319-04705-8_38.pdf\" target=\"_blank\" rel=\"noopener noreferrer\">https:\/\/link.springer.com\/content\/pdf\/10.1007%2F978-3-319-04705-8_38.pdf<\/a><\/p>\n<p>[\/et_pb_toggle][\/et_pb_column][\/et_pb_row][\/et_pb_section]<\/p>\n","protected":false},"excerpt":{"rendered":"<p>T\u00edtulo del trabajo: Organizational Resilience in Practice: the Viable System Model. Nombre del CONGRESO: International Joint Conference-CIO-ICIEOM-IIE-AIM (IJC2016) Ciudad de celebraci\u00f3n: San Sebasti\u00e1n, Espa\u00f1a Fecha de celebraci\u00f3n: 13\/07\/2016 Fecha de finalizaci\u00f3n: 15\/07\/2016 Entidad organizadora: TECNUN, ADINGOR, ABEPRO, IISE, AIM Autores: Ruiz-Mart\u00edn, C.; Wainer, G.; P\u00e9rez-R\u00edos, J.M.; Pajares-Guti\u00e9rrez, J.; Hern\u00e1ndez-Iglesias, C.; L\u00f3pez-Paredes, A. T\u00edtulo del trabajo: [&hellip;]<\/p>\n","protected":false},"author":11,"featured_media":0,"parent":0,"menu_order":0,"comment_status":"closed","ping_status":"closed","template":"","meta":{"_et_pb_use_builder":"on","_et_pb_old_content":"","_et_gb_content_width":"","footnotes":""},"class_list":["post-7856","page","type-page","status-publish","hentry"],"_links":{"self":[{"href":"https:\/\/www.insisoc.uva.es\/index.php\/wp-json\/wp\/v2\/pages\/7856","targetHints":{"allow":["GET"]}}],"collection":[{"href":"https:\/\/www.insisoc.uva.es\/index.php\/wp-json\/wp\/v2\/pages"}],"about":[{"href":"https:\/\/www.insisoc.uva.es\/index.php\/wp-json\/wp\/v2\/types\/page"}],"author":[{"embeddable":true,"href":"https:\/\/www.insisoc.uva.es\/index.php\/wp-json\/wp\/v2\/users\/11"}],"replies":[{"embeddable":true,"href":"https:\/\/www.insisoc.uva.es\/index.php\/wp-json\/wp\/v2\/comments?post=7856"}],"version-history":[{"count":0,"href":"https:\/\/www.insisoc.uva.es\/index.php\/wp-json\/wp\/v2\/pages\/7856\/revisions"}],"wp:attachment":[{"href":"https:\/\/www.insisoc.uva.es\/index.php\/wp-json\/wp\/v2\/media?parent=7856"}],"curies":[{"name":"wp","href":"https:\/\/api.w.org\/{rel}","templated":true}]}}