{"id":8430,"date":"2019-02-06T09:16:33","date_gmt":"2019-02-06T09:16:33","guid":{"rendered":"https:\/\/www.insisoc.uva.es\/?page_id=8430"},"modified":"2019-05-22T12:11:01","modified_gmt":"2019-05-22T12:11:01","slug":"ins-galeria-de-fotos-y-videos-seminario-de-investigacion-17-dic-2018","status":"publish","type":"page","link":"https:\/\/www.insisoc.uva.es\/index.php\/ins-galeria-de-fotos-y-videos-seminario-de-investigacion-17-dic-2018\/","title":{"rendered":"Ins-Galer\u00eda de fotos y v\u00eddeos Seminario de Investigaci\u00f3n 17 dic 2018"},"content":{"rendered":"<p>[et_pb_section bb_built=\u00bb1&#8243; _builder_version=\u00bb3.12&#8243;][et_pb_row][et_pb_column type=\u00bb4_4&#8243;][et_pb_text admin_label=\u00bbT\u00edtulo Seminario de Investigaci\u00f3n\u00bb _builder_version=\u00bb3.12&#8243;]<\/p>\n<h1 style=\"text-align: center;\"><span style=\"color: #993366;\"><strong>Seminario de Investigaci\u00f3n del GIR Insisoc<\/strong><\/span><\/h1>\n<h1 style=\"text-align: center;\"><span style=\"color: #993366;\"><strong> Universidad de Valladolid<\/strong><\/span><\/h1>\n<h3 style=\"text-align: center;\"><span style=\"color: #003366;\"><strong>17 de diciembre de 2018<\/strong><\/span><\/h3>\n<p>&nbsp;<\/p>\n<p>[\/et_pb_text][et_pb_image admin_label=\u00bbImagen panor\u00e1mica\u00bb _builder_version=\u00bb3.12&#8243; src=\u00bbhttps:\/\/www.insisoc.uva.es\/wp-content\/uploads\/2018\/11\/Seminario-17dic2018-6-e1545662558315.jpg\u00bb show_in_lightbox=\u00bbon\u00bb align=\u00bbcenter\u00bb force_fullwidth=\u00bbon\u00bb \/][et_pb_divider _builder_version=\u00bb3.12&#8243; show_divider=\u00bboff\u00bb height=\u00bb50px\u00bb \/][et_pb_text admin_label=\u00bbT\u00edtulo GALER\u00cdA DE FOTOS\u00bb _builder_version=\u00bb3.12&#8243;]<\/p>\n<h3 style=\"text-align: center;\"><span style=\"color: #b26200;\"><strong>GALER\u00cdA DE FOTOS<\/strong><\/span><\/h3>\n<p>[\/et_pb_text][et_pb_gallery admin_label=\u00bbGaler\u00eda de fotos Seminario 17 dic 2018&#8243; _builder_version=\u00bb3.12&#8243; gallery_ids=\u00bb8895,8034,8035,8072,8036,8073,8090,8942,8038,8040,8943,8042,8944,8100,8091,8089,8074,8075,8045,8936,8047,8048,8076,8049,8937,8051,8938,8053,8092,8087,8055,8093,8103,8056,8939,8095,8058,8094,8059,8060,8077,8096,8078,8940,8064,8099,8098,8079,8097,8080,8066,8067,8068,8081,8069,8101,8070,8102,8941&#8243; posts_number=\u00bb1&#8243; fullwidth=\u00bbon\u00bb zoom_icon_color=\u00bb#1f4e79&#8243; hover_overlay_color=\u00bbrgba(255,255,255,0.9)\u00bb auto=\u00bbon\u00bb border_radii=\u00bbon|10px|10px|10px|10px\u00bb auto_speed=\u00bb3000&#8243; module_alignment=\u00bbcenter\u00bb max_width=\u00bb70%\u00bb \/][et_pb_divider _builder_version=\u00bb3.12&#8243; show_divider=\u00bboff\u00bb height=\u00bb50px\u00bb \/][et_pb_text admin_label=\u00bbT\u00edtulo GALER\u00cdA DE V\u00cdDEOS\u00bb _builder_version=\u00bb3.12&#8243;]<\/p>\n<h3 style=\"text-align: center;\"><span style=\"color: #b26200;\"><strong>GALER\u00cdA DE V\u00cdDEOS<\/strong><\/span><\/h3>\n<p>[\/et_pb_text][et_pb_video_slider _builder_version=\u00bb3.12&#8243; controls_color=\u00bblight\u00bb max_width=\u00bb70%\u00bb module_alignment=\u00bbcenter\u00bb][et_pb_video_slider_item _builder_version=\u00bb3.12&#8243; src=\u00bbhttps:\/\/www.youtube.com\/watch?v=MtfyGeIwfqA\u00bb admin_title=\u00bbV\u00eddeo Eduardo\u00bb background_layout=\u00bbdark\u00bb \/][et_pb_video_slider_item _builder_version=\u00bb3.12&#8243; src=\u00bbhttps:\/\/www.youtube.com\/watch?v=2YF7-uOBov8&#8243; admin_title=\u00bbV\u00eddeo Adolfo LONJA3D\u00bb background_layout=\u00bbdark\u00bb \/][et_pb_video_slider_item _builder_version=\u00bb3.12&#8243; src=\u00bbhttps:\/\/www.youtube.com\/watch?v=jlARWEslN8I\u00bb admin_title=\u00bbV\u00eddeo Salva\u00bb background_layout=\u00bbdark\u00bb \/][et_pb_video_slider_item _builder_version=\u00bb3.12&#8243; src=\u00bbhttps:\/\/www.youtube.com\/watch?v=k8hOLrbIw-s\u00bb admin_title=\u00bbV\u00eddeo Adolfo EDI2ECI\u00bb background_layout=\u00bbdark\u00bb \/][et_pb_video_slider_item _builder_version=\u00bb3.12&#8243; src=\u00bbhttps:\/\/www.youtube.com\/watch?v=RJmGwfndQQ8&#8243; admin_title=\u00bbV\u00eddeo Dani\u00bb background_layout=\u00bbdark\u00bb \/][et_pb_video_slider_item _builder_version=\u00bb3.12&#8243; src=\u00bbhttps:\/\/www.youtube.com\/watch?v=lHPVU1rJqJU\u00bb admin_title=\u00bbV\u00eddeo Josema\u00bb background_layout=\u00bbdark\u00bb \/][et_pb_video_slider_item _builder_version=\u00bb3.12&#8243; src=\u00bbhttps:\/\/www.youtube.com\/watch?v=wdqZTQ_PG1M\u00bb admin_title=\u00bbV\u00eddeo Pajares\u00bb background_layout=\u00bbdark\u00bb \/][et_pb_video_slider_item _builder_version=\u00bb3.12&#8243; src=\u00bbhttps:\/\/www.youtube.com\/watch?v=pjUbKSpGTWE\u00bb admin_title=\u00bbV\u00eddeo Seminario completo\u00bb background_layout=\u00bbdark\u00bb \/][\/et_pb_video_slider][\/et_pb_column][\/et_pb_row][\/et_pb_section]<\/p>\n","protected":false},"excerpt":{"rendered":"<p><div class=\"et_pb_row et_pb_row_0 et_pb_row_empty\">\n\t\t\t\t\n\t\t\t\t\n\t\t\t\t\n\t\t\t\t\n\t\t\t\t\n\t\t\t<\/div> Seminario de Investigaci\u00f3n del GIR Insisoc Universidad de Valladolid 17 de diciembre de 2018 &nbsp; GALER\u00cdA DE FOTOS GALER\u00cdA DE V\u00cdDEOS<\/p>\n","protected":false},"author":11,"featured_media":0,"parent":0,"menu_order":0,"comment_status":"closed","ping_status":"closed","template":"","meta":{"_et_pb_use_builder":"on","_et_pb_old_content":"","_et_gb_content_width":"","footnotes":""},"class_list":["post-8430","page","type-page","status-publish","hentry"],"_links":{"self":[{"href":"https:\/\/www.insisoc.uva.es\/index.php\/wp-json\/wp\/v2\/pages\/8430","targetHints":{"allow":["GET"]}}],"collection":[{"href":"https:\/\/www.insisoc.uva.es\/index.php\/wp-json\/wp\/v2\/pages"}],"about":[{"href":"https:\/\/www.insisoc.uva.es\/index.php\/wp-json\/wp\/v2\/types\/page"}],"author":[{"embeddable":true,"href":"https:\/\/www.insisoc.uva.es\/index.php\/wp-json\/wp\/v2\/users\/11"}],"replies":[{"embeddable":true,"href":"https:\/\/www.insisoc.uva.es\/index.php\/wp-json\/wp\/v2\/comments?post=8430"}],"version-history":[{"count":0,"href":"https:\/\/www.insisoc.uva.es\/index.php\/wp-json\/wp\/v2\/pages\/8430\/revisions"}],"wp:attachment":[{"href":"https:\/\/www.insisoc.uva.es\/index.php\/wp-json\/wp\/v2\/media?parent=8430"}],"curies":[{"name":"wp","href":"https:\/\/api.w.org\/{rel}","templated":true}]}}