{"id":9653,"date":"2019-07-18T10:29:54","date_gmt":"2019-07-18T10:29:54","guid":{"rendered":"https:\/\/www.insisoc.uva.es\/?page_id=9653"},"modified":"2020-05-11T07:54:39","modified_gmt":"2020-05-11T07:54:39","slug":"ins-projects-giava","status":"publish","type":"page","link":"https:\/\/www.insisoc.uva.es\/index.php\/ins-projects-giava\/","title":{"rendered":"Ins-Projects-GIAVA"},"content":{"rendered":"<p>[et_pb_section bb_built=\u00bb1&#8243; fullwidth=\u00bbon\u00bb specialty=\u00bboff\u00bb next_background_color=\u00bb#000000&#8243; inner_width=\u00bb90%\u00bb inner_max_width=\u00bb1200px\u00bb][et_pb_fullwidth_header admin_label=\u00bbT\u00edtulo GIAVA (rojo)\u00bb _builder_version=\u00bb3.12&#8243; title=\u00bbGIAVA\u00bb subhead=\u00bbAgent-Based Modeling in Domestic Water Management: Barcelona and Valladolid case studies (2004-2005)\u00bb background_color=\u00bb#cc3300&#8243; subhead_font_size=\u00bb17px\u00bb button_one_text_size__hover_enabled=\u00bboff\u00bb button_one_text_size__hover=\u00bbnull\u00bb button_two_text_size__hover_enabled=\u00bboff\u00bb button_two_text_size__hover=\u00bbnull\u00bb button_one_text_color__hover_enabled=\u00bboff\u00bb button_one_text_color__hover=\u00bbnull\u00bb button_two_text_color__hover_enabled=\u00bboff\u00bb button_two_text_color__hover=\u00bbnull\u00bb button_one_border_width__hover_enabled=\u00bboff\u00bb button_one_border_width__hover=\u00bbnull\u00bb button_two_border_width__hover_enabled=\u00bboff\u00bb button_two_border_width__hover=\u00bbnull\u00bb button_one_border_color__hover_enabled=\u00bboff\u00bb button_one_border_color__hover=\u00bbnull\u00bb button_two_border_color__hover_enabled=\u00bboff\u00bb button_two_border_color__hover=\u00bbnull\u00bb button_one_border_radius__hover_enabled=\u00bboff\u00bb button_one_border_radius__hover=\u00bbnull\u00bb button_two_border_radius__hover_enabled=\u00bboff\u00bb button_two_border_radius__hover=\u00bbnull\u00bb button_one_letter_spacing__hover_enabled=\u00bboff\u00bb button_one_letter_spacing__hover=\u00bbnull\u00bb button_two_letter_spacing__hover_enabled=\u00bboff\u00bb button_two_letter_spacing__hover=\u00bbnull\u00bb button_one_bg_color__hover_enabled=\u00bboff\u00bb button_one_bg_color__hover=\u00bbnull\u00bb button_two_bg_color__hover_enabled=\u00bboff\u00bb button_two_bg_color__hover=\u00bbnull\u00bb \/][et_pb_fullwidth_menu _builder_version=\u00bb3.12&#8243; menu_id=\u00bb53&#8243; submenu_direction=\u00bbdownwards\u00bb fullwidth_menu=\u00bboff\u00bb background_color=\u00bb#d7eaf4&#8243; dropdown_menu_text_color=\u00bb#000000&#8243; mobile_menu_text_color=\u00bb#000000&#8243; text_orientation=\u00bbcenter\u00bb dropdown_menu_line_color=\u00bb#6c9fc1&#8243; menu_font=\u00bb|700|||||||\u00bb menu_font_size=\u00bb16px\u00bb saved_tabs=\u00bball\u00bb menu_text_color=\u00bb#000000&#8243; active_link_color=\u00bb#b26200&#8243; disabled_on=\u00bbon|on|on\u00bb disabled=\u00bbon\u00bb \/][\/et_pb_section][et_pb_section bb_built=\u00bb1&#8243; fullwidth=\u00bboff\u00bb specialty=\u00bboff\u00bb prev_background_color=\u00bb#000000&#8243; next_background_color=\u00bb#1f4e79&#8243; inner_width=\u00bb90%\u00bb inner_max_width=\u00bb1200px\u00bb][et_pb_row _builder_version=\u00bb4.0.9&#8243; box_shadow_horizontal_tablet=\u00bb0px\u00bb box_shadow_vertical_tablet=\u00bb0px\u00bb box_shadow_blur_tablet=\u00bb40px\u00bb box_shadow_spread_tablet=\u00bb0px\u00bb z_index_tablet=\u00bb500&#8243;][et_pb_column type=\u00bb4_4&#8243; custom_padding__hover=\u00bb|||\u00bb custom_padding=\u00bb|||\u00bb][et_pb_text _builder_version=\u00bb3.12&#8243; text_orientation=\u00bbleft\u00bb]<\/p>\n<p style=\"text-align: justify;\">The aim of this project was to justify and to illustrate with two case studies the use of <strong>agent-based modeling<\/strong> (ABM) as a modeling tool for domestic water management in metropolitan regions.<\/p>\n<p style=\"text-align: justify;\">As opposed to traditional water planning models, which are usually based in consumption projections and supply-side policies, there is a growing agreement on the need to include a higher diversity of factors in the models, especially socioeconomic aspects, and to study natural resource models in an integrated fashion.<\/p>\n<p style=\"text-align: justify;\">From a theoretical point of view, agent-based modeling offers a set of features that make it an especially <strong>suitable methodology<\/strong> to be used in this domain. This work revises the main advantages of this methodology and illustrates its practical application through <strong>two real cases<\/strong>: <strong>the FIRMABAR<\/strong> model (L\u00f3pez-Paredes, A., Saur\u00ed, D., &amp; Gal\u00e1n, J. M. 2005), designed to study domestic water management in the <strong>Barcelona Metropolitan Region<\/strong>, and the planned adaptation process of this model to the <strong>Valladolid Metropolitan Region<\/strong>, which is currently being carried out.<\/p>\n<p style=\"text-align: justify;\">In this project we have underlined the practical importance and relevance of a <strong>spreading field of research<\/strong>: agent based modeling and simulation. In our opinion, using this methodology instead of other traditional modeling methods is justified by its realistic and intuitive computational representation of social phenomena, based on the direct correspondence between the entities we observe and the model we are studying. This approach permits building small computational laboratories to get a deeper understanding of the studied real systems.<\/p>\n<p style=\"text-align: justify;\">This modeling approach facilitates <strong>a detailed representation of the individual participants<\/strong> in the system, capturing their heterogeneity and representing social processes with realism; it also allows the explicit representation of the space and the local interactions between agents. However, modelers have to pay a price for this series of advantages: agent based models are often analytically intractable and it is necessary to turn to simulation to study their behavior.<\/p>\n<p>[\/et_pb_text][et_pb_divider _builder_version=\u00bb3.12&#8243; show_divider=\u00bboff\u00bb disabled_on=\u00bboff|off|off\u00bb disabled=\u00bboff\u00bb \/][et_pb_image admin_label=\u00bbImagen esquema\u00bb _builder_version=\u00bb4.0.9&#8243; src=\u00bbhttps:\/\/www.insisoc.uva.es\/wp-content\/uploads\/2019\/07\/Esquema-gr\u00e1fico-imagen-GIAVA.png\u00bb show_in_lightbox=\u00bbon\u00bb module_alignment=\u00bbcenter\u00bb align=\u00bbcenter\u00bb max_width=\u00bb70%\u00bb align_last_edited=\u00bbon|desktop\u00bb align_tablet=\u00bbcenter\u00bb max_width_phone=\u00bb100%\u00bb max_width_last_edited=\u00bbon|phone\u00bb box_shadow_horizontal_tablet=\u00bb0px\u00bb box_shadow_vertical_tablet=\u00bb0px\u00bb box_shadow_blur_tablet=\u00bb40px\u00bb box_shadow_spread_tablet=\u00bb0px\u00bb z_index_tablet=\u00bb500&#8243; \/][et_pb_text _builder_version=\u00bb3.12&#8243; text_orientation=\u00bbleft\u00bb]<\/p>\n<p style=\"text-align: justify;\">We have also underlined the possibilities of ABM to allow an interdisciplinary approach to model development and to integrate participatory processes with stakeholders. These two features, together with the current scientific agreement on the need of an integrated study of environmental issues (incorporating the human dimension to the physical and technological ones) make ABM especially suitable to be used as a modeling tool for water management.<\/p>\n<p style=\"text-align: justify;\">We have presented a concise outline of two agent based models for urban water management. The first one was developed for the Barcelona Metropolitan Area and is made up of two linked sub-models, the territorial and the social model, implemented with Java-Swarm over cellular automata.<\/p>\n<p style=\"text-align: justify;\">The second model substitutes a coarse grain abstraction of the region by a VisualMap GIS integrated with RePast libraries. <strong>GIS\/ABM coupled techniques<\/strong> have a huge potential not only for exploring individual behaviors and their associated environments but for support assisting policy makers tools.<\/p>\n<p>[\/et_pb_text][et_pb_button admin_label=\u00bbBot\u00f3n a Web Proyecto (rojo)\u00bb _builder_version=\u00bb3.12&#8243; custom_button=\u00bbon\u00bb button_text_color=\u00bb#ffffff\u00bb button_bg_color=\u00bb#cc3300&#8243; button_icon=\u00bb%%28%%\u00bb button_text_color_hover=\u00bb#ffffff\u00bb button_bg_color_hover=\u00bbrgba(204,51,0,0.64)\u00bb button_text_size=\u00bb18&#8243; button_border_width=\u00bb4&#8243; button_border_radius=\u00bb10&#8243; button_font=\u00bbABeeZee|700|||||||\u00bb button_border_color=\u00bb#cc3300&#8243; button_border_color_hover=\u00bbrgba(204,51,0,0.64)\u00bb box_shadow_style=\u00bbpreset3&#8243; url_new_window=\u00bbon\u00bb button_alignment=\u00bbcenter\u00bb background_layout=\u00bbdark\u00bb disabled_on=\u00bbon|on|on\u00bb disabled=\u00bbon\u00bb button_text_size__hover_enabled=\u00bboff\u00bb button_text_size__hover=\u00bbnull\u00bb button_one_text_size__hover_enabled=\u00bboff\u00bb button_one_text_size__hover=\u00bbnull\u00bb button_two_text_size__hover_enabled=\u00bboff\u00bb button_two_text_size__hover=\u00bbnull\u00bb button_text_color__hover_enabled=\u00bbon\u00bb button_text_color__hover=\u00bb#ffffff\u00bb button_one_text_color__hover_enabled=\u00bboff\u00bb button_one_text_color__hover=\u00bbnull\u00bb button_two_text_color__hover_enabled=\u00bboff\u00bb button_two_text_color__hover=\u00bbnull\u00bb button_border_width__hover_enabled=\u00bboff\u00bb button_border_width__hover=\u00bbnull\u00bb button_one_border_width__hover_enabled=\u00bboff\u00bb button_one_border_width__hover=\u00bbnull\u00bb button_two_border_width__hover_enabled=\u00bboff\u00bb button_two_border_width__hover=\u00bbnull\u00bb button_border_color__hover_enabled=\u00bbon\u00bb button_border_color__hover=\u00bbrgba(204,51,0,0.64)\u00bb button_one_border_color__hover_enabled=\u00bboff\u00bb button_one_border_color__hover=\u00bbnull\u00bb button_two_border_color__hover_enabled=\u00bboff\u00bb button_two_border_color__hover=\u00bbnull\u00bb button_border_radius__hover_enabled=\u00bboff\u00bb button_border_radius__hover=\u00bbnull\u00bb button_one_border_radius__hover_enabled=\u00bboff\u00bb button_one_border_radius__hover=\u00bbnull\u00bb button_two_border_radius__hover_enabled=\u00bboff\u00bb button_two_border_radius__hover=\u00bbnull\u00bb button_letter_spacing__hover_enabled=\u00bboff\u00bb button_letter_spacing__hover=\u00bbnull\u00bb button_one_letter_spacing__hover_enabled=\u00bboff\u00bb button_one_letter_spacing__hover=\u00bbnull\u00bb button_two_letter_spacing__hover_enabled=\u00bboff\u00bb button_two_letter_spacing__hover=\u00bbnull\u00bb button_bg_color__hover_enabled=\u00bbon\u00bb button_bg_color__hover=\u00bbrgba(204,51,0,0.64)\u00bb button_one_bg_color__hover_enabled=\u00bboff\u00bb button_one_bg_color__hover=\u00bbnull\u00bb button_two_bg_color__hover_enabled=\u00bboff\u00bb button_two_bg_color__hover=\u00bbnull\u00bb \/][\/et_pb_column][\/et_pb_row][\/et_pb_section][et_pb_section bb_built=\u00bb1&#8243; specialty=\u00bboff\u00bb _builder_version=\u00bb3.12&#8243; background_color=\u00bb#1f4e79&#8243; prev_background_color=\u00bb#ffffff\u00bb inner_width=\u00bb90%\u00bb inner_max_width=\u00bb1200px\u00bb][et_pb_row][et_pb_column type=\u00bb2_3&#8243; custom_padding__hover=\u00bb|||\u00bb custom_padding=\u00bb|||\u00bb][et_pb_text _builder_version=\u00bb3.12&#8243; text_text_color=\u00bb#ffffff\u00bb header_6_font=\u00bbABeeZee||||||||\u00bb header_6_text_color=\u00bb#ffffff\u00bb header_6_font_size=\u00bb16px\u00bb text_orientation=\u00bbleft\u00bb]<\/p>\n<h6 style=\"text-align: left;\"><strong>INSISOC<br \/>\n<\/strong><\/h6>\n<hr \/>\n<p style=\"text-align: left;\">Grupo de Investigaci\u00f3n Reconocido de la Universidad de Valladolid<br \/>\nPaseo de Bel\u00e9n, 11. Edificio UVainnova. Campus Miguel Delibes. 47011 Valladolid<br \/>\ninnovacion@insisoc.uva.es<br \/>\n983 18 47 03<\/p>\n<p>[\/et_pb_text][\/et_pb_column][et_pb_column type=\u00bb1_3&#8243; custom_padding__hover=\u00bb|||\u00bb custom_padding=\u00bb|||\u00bb][et_pb_image admin_label=\u00bbLogo Insisoc\u00bb _builder_version=\u00bb3.12&#8243; src=\u00bbhttps:\/\/www.insisoc.uva.es\/wp-content\/uploads\/2018\/11\/dorado-esquinas-transp.png\u00bb url=\u00bbhttps:\/\/www.insisoc.uva.es\u00bb url_new_window=\u00bbon\u00bb custom_margin=\u00bb30px|||\u00bb align_last_edited=\u00bbon|desktop\u00bb align_tablet=\u00bbcenter\u00bb \/][\/et_pb_column][\/et_pb_row][\/et_pb_section]<\/p>\n","protected":false},"excerpt":{"rendered":"<p>The aim of this project was to justify and to illustrate with two case studies the use of agent-based modeling (ABM) as a modeling tool for domestic water management in metropolitan regions. As opposed to traditional water planning models, which are usually based in consumption projections and supply-side policies, there is a growing agreement on [&hellip;]<\/p>\n","protected":false},"author":11,"featured_media":0,"parent":0,"menu_order":0,"comment_status":"closed","ping_status":"closed","template":"","meta":{"_et_pb_use_builder":"on","_et_pb_old_content":"","_et_gb_content_width":"","footnotes":""},"class_list":["post-9653","page","type-page","status-publish","hentry"],"_links":{"self":[{"href":"https:\/\/www.insisoc.uva.es\/index.php\/wp-json\/wp\/v2\/pages\/9653","targetHints":{"allow":["GET"]}}],"collection":[{"href":"https:\/\/www.insisoc.uva.es\/index.php\/wp-json\/wp\/v2\/pages"}],"about":[{"href":"https:\/\/www.insisoc.uva.es\/index.php\/wp-json\/wp\/v2\/types\/page"}],"author":[{"embeddable":true,"href":"https:\/\/www.insisoc.uva.es\/index.php\/wp-json\/wp\/v2\/users\/11"}],"replies":[{"embeddable":true,"href":"https:\/\/www.insisoc.uva.es\/index.php\/wp-json\/wp\/v2\/comments?post=9653"}],"version-history":[{"count":0,"href":"https:\/\/www.insisoc.uva.es\/index.php\/wp-json\/wp\/v2\/pages\/9653\/revisions"}],"wp:attachment":[{"href":"https:\/\/www.insisoc.uva.es\/index.php\/wp-json\/wp\/v2\/media?parent=9653"}],"curies":[{"name":"wp","href":"https:\/\/api.w.org\/{rel}","templated":true}]}}